{"id":1759,"date":"2021-03-12T17:52:38","date_gmt":"2021-03-12T17:52:38","guid":{"rendered":"http:\/\/www.validant.com\/schwerpunkte\/"},"modified":"2021-04-14T20:11:08","modified_gmt":"2021-04-14T20:11:08","slug":"schwerpunkte","status":"publish","type":"page","link":"https:\/\/www.validant.com\/de\/schwerpunkte\/","title":{"rendered":"Schwerpunkte"},"content":{"rendered":"\n<section class=\"wp-block-mkl-section-block\"><div class=\"section-bg bg__stretched\" style=\"background-image:url(https:\/\/www.validant.com\/wp-content\/uploads\/2020\/07\/focus-areas-header-img.jpg);opacity:1\"><\/div>\n<div class=\"wp-block-mkl-section-block container pt-xl\">\n<p><\/p>\n<\/div>\n<\/section>\n\n<section class=\"wp-block-mkl-section-block transparent z1\">\n<div class=\"wp-block-mkl-section-block has-white-background-color container panel pb-s ot-l bb\">\n<div class=\"wp-block-columns is-layout-flex wp-container-core-columns-is-layout-9d6595d7 wp-block-columns-is-layout-flex\">\n<div class=\"wp-block-column pr-s is-layout-flow wp-block-column-is-layout-flow\" style=\"flex-basis:65%\">\n<p class=\"has-text-align-left large has-olive-color has-text-color\"><strong>Schwerpunktbereiche<\/strong><\/p>\n\n\n\n<h1 class=\"wp-block-heading\">Gew\u00e4hrleistung von zuverl\u00e4ssigem Zugang zu <strong><span class=\"has-inline-color has-green-color\">Gesundheitsprodukten weltweit<\/span><\/strong><\/h1>\n\n\n\n<p class=\"large pt-xxs\"><strong>Entwickler und Hersteller von Pharmazeutika, Biologika, Medizinprodukten und Diagnostika aller Gr\u00f6\u00dfen <strong>entscheiden sich f\u00fcr Validant als ihren einzigen Partner f\u00fcr regulatorische, Compliance- und Qualit\u00e4tsanforderungen jeden Umfangs<\/strong>.<\/strong><\/p>\n\n\n\n<p>Der Grund? Weil \u00e4u\u00dferst komplexe Regelungen und Standards \u00e4u\u00dferst spezialisierte GxP-Fachkompetenz erfordern. Diese liefert Validant \u00fcber unser h\u00f6chst erfahrenes Team aus ehemaligen Vertretern von Regulierungsbeh\u00f6rden und Branchenf\u00fchrern sowie unser ausgedehntes weltweites Netzwerk aus vielseitig qualifizierten Beratern.<\/p>\n\n\n\n<p>Unsere Wissensbasis ist so einzigartig wie Ihre Anforderungen, sodass wir die richtige Kombination aus strategischer Beratung, Ausf\u00fchrungsdienstleistungen und kontinuierlicher Unterst\u00fctzung weltweit bereitstellen k\u00f6nnen, wo und wann diese ben\u00f6tigt werden.<\/p>\n\n\n\n<p><\/p>\n<\/div>\n\n\n\n<div class=\"wp-block-column is-layout-flow wp-block-column-is-layout-flow\" style=\"flex-basis:35%\">\n<div class=\"wp-block-mkl-section-block panel-small bg-greengrad\">\n<h4 class=\"has-text-align-center mb-xxs wp-block-heading\"><strong><span class=\"has-inline-color has-olive-color\">Unsere Schwerpunkte erkunden<\/span><\/strong><\/h4>\n\n\n\n<p><\/p>\n\n\n\n<ul class=\"strategy-list wp-block-list\"><li><a href=\"http:\/\/www.validant.com\/de\/pharmazeutika\/\"><\/a><a href=\"http:\/\/www.validant.com\/de\/pharmazeutika\/\"><span class=\"has-inline-color has-white-color\">Pharmazeutika<\/span><\/a><\/li><li><a href=\"http:\/\/www.validant.com\/de\/biologika\/\" rel=\"nofollow\"><span class=\"has-inline-color has-white-color\">Biologika<\/span><\/a><\/li><li><a href=\"http:\/\/www.validant.com\/de\/medizinprodukte\/\" rel=\"nofollow\"><span class=\"has-inline-color has-white-color\">Medizinprodukte<\/span><\/a><\/li><li><a href=\"http:\/\/www.validant.com\/de\/diagnostika-und-ivd\/\" rel=\"nofollow\"><span class=\"has-inline-color has-white-color\">Diagnostika und IVD<\/span><\/a><\/li><li><a href=\"http:\/\/www.validant.com\/de\/gen-und-zelltherapien\/\" rel=\"nofollow\"><span class=\"has-inline-color has-white-color\">Gen- und Zelltherapien<\/span><\/a><\/li><li><a href=\"http:\/\/www.validant.com\/de\/eu-mdr-ivdr-compliance\/\" rel=\"nofollow\"><span class=\"has-inline-color has-white-color\">EU-MDR\/IVDR<\/span><\/a><\/li><li><a href=\"http:\/\/www.validant.com\/de\/antwort-auf-die-covid-19-pandemie\/\" rel=\"nofollow\"><span class=\"has-inline-color has-white-color\">Antwort auf die COVID-19-Pandemie<\/span><\/a><\/li><\/ul><\/div>\n<\/div>\n<\/div>\n<\/div>\n<\/section>\n\n<section class=\"wp-block-mkl-section-block has-grey-background-color\"><div class=\"section-bg bg__stretched\" style=\"background-image:url(https:\/\/www.validant.com\/wp-content\/uploads\/2020\/07\/bg-cta-wide.svg);opacity:1\"><\/div>\n<div class=\"wp-block-mkl-section-block container\">\n<h2 class=\"has-text-align-center wp-block-heading\">Wir sind bereit, <strong><span class=\"has-inline-color has-olive-color\">Ihnen zu helfen.<\/span><\/strong><\/h2>\n\n\n\n<p class=\"has-text-align-center maxc800\">Dank unserem flexiblem Modell k\u00f6nnen Sie <strong>in k\u00fcrzester Zeit dringende Compliance-Verst\u00f6\u00dfe angehen und w\u00e4hlen, auf welche Weise Sie sich von unseren kompetenten Fachleuten bei der proaktiven Qualit\u00e4tsverbesserung unterst\u00fctzen lassen<\/strong> und Ihre Kosten dabei im Zaum halten. Begn\u00fcgen Sie sich nicht mit einer allgemeinen L\u00f6sung f\u00fcr spezifische, komplexe Herausforderungen: Entscheiden Sie sich stattdessen f\u00fcr Validant.<\/p>\n\n\n\n<p class=\"has-text-align-center btn\"><a href=\"http:\/\/www.validant.com\/de\/beratung-anfragen\/\">Beratungstermin planen, um zu beginnen<\/a><\/p>\n<\/div>\n<\/section>\n","protected":false},"excerpt":{"rendered":"","protected":false},"author":3,"featured_media":0,"parent":0,"menu_order":0,"comment_status":"closed","ping_status":"closed","template":"","meta":{"_acf_changed":false,"footnotes":""},"class_list":["post-1759","page","type-page","status-publish","hentry"],"acf":[],"yoast_head":"<!-- This site is optimized with the Yoast SEO plugin v27.3 - https:\/\/yoast.com\/product\/yoast-seo-wordpress\/ -->\n<title>Beratungspartner f\u00fcr Hersteller von Pharmazeutika, Biologika, Medizin- und Diagnostikprodukten<\/title>\n<meta name=\"description\" content=\"Entwickler und Hersteller von Pharmazeutika, Biologika, Medizinprodukten und Diagnostika aller Gr\u00f6\u00dfen entscheiden sich f\u00fcr Validant als ihren einzigen Partner f\u00fcr regulatorische, Compliance- und Qualit\u00e4tsanforderungen jeden Umfangs.\" \/>\n<meta name=\"robots\" content=\"index, follow, max-snippet:-1, max-image-preview:large, max-video-preview:-1\" \/>\n<link rel=\"canonical\" href=\"https:\/\/www.validant.com\/de\/schwerpunkte\/\" \/>\n<meta property=\"og:locale\" content=\"de_DE\" \/>\n<meta property=\"og:type\" content=\"article\" \/>\n<meta property=\"og:title\" content=\"Beratungspartner f\u00fcr Hersteller von Pharmazeutika, Biologika, Medizin- und Diagnostikprodukten\" \/>\n<meta property=\"og:description\" content=\"Entwickler und Hersteller von Pharmazeutika, Biologika, Medizinprodukten und Diagnostika aller Gr\u00f6\u00dfen entscheiden sich f\u00fcr Validant als ihren einzigen Partner f\u00fcr regulatorische, Compliance- und Qualit\u00e4tsanforderungen jeden Umfangs.\" \/>\n<meta property=\"og:url\" content=\"https:\/\/www.validant.com\/de\/schwerpunkte\/\" \/>\n<meta property=\"og:site_name\" content=\"Validant\" \/>\n<meta property=\"article:modified_time\" content=\"2021-04-14T20:11:08+00:00\" \/>\n<meta name=\"twitter:card\" content=\"summary_large_image\" \/>\n<meta name=\"twitter:label1\" content=\"Gesch\u00e4tzte Lesezeit\" \/>\n\t<meta name=\"twitter:data1\" content=\"1 Minute\" \/>\n<script type=\"application\/ld+json\" class=\"yoast-schema-graph\">{\"@context\":\"https:\\\/\\\/schema.org\",\"@graph\":[{\"@type\":\"WebPage\",\"@id\":\"https:\\\/\\\/www.validant.com\\\/de\\\/schwerpunkte\\\/\",\"url\":\"https:\\\/\\\/www.validant.com\\\/de\\\/schwerpunkte\\\/\",\"name\":\"Beratungspartner f\u00fcr Hersteller von Pharmazeutika, Biologika, Medizin- und Diagnostikprodukten\",\"isPartOf\":{\"@id\":\"https:\\\/\\\/www.validant.com\\\/de\\\/#website\"},\"datePublished\":\"2021-03-12T17:52:38+00:00\",\"dateModified\":\"2021-04-14T20:11:08+00:00\",\"description\":\"Entwickler und Hersteller von Pharmazeutika, Biologika, Medizinprodukten und Diagnostika aller Gr\u00f6\u00dfen entscheiden sich f\u00fcr Validant als ihren einzigen Partner f\u00fcr regulatorische, Compliance- und Qualit\u00e4tsanforderungen jeden Umfangs.\",\"breadcrumb\":{\"@id\":\"https:\\\/\\\/www.validant.com\\\/de\\\/schwerpunkte\\\/#breadcrumb\"},\"inLanguage\":\"de-DE\",\"potentialAction\":[{\"@type\":\"ReadAction\",\"target\":[\"https:\\\/\\\/www.validant.com\\\/de\\\/schwerpunkte\\\/\"]}]},{\"@type\":\"BreadcrumbList\",\"@id\":\"https:\\\/\\\/www.validant.com\\\/de\\\/schwerpunkte\\\/#breadcrumb\",\"itemListElement\":[{\"@type\":\"ListItem\",\"position\":1,\"name\":\"Home\",\"item\":\"https:\\\/\\\/www.validant.com\\\/de\\\/\"},{\"@type\":\"ListItem\",\"position\":2,\"name\":\"Schwerpunkte\"}]},{\"@type\":\"WebSite\",\"@id\":\"https:\\\/\\\/www.validant.com\\\/de\\\/#website\",\"url\":\"https:\\\/\\\/www.validant.com\\\/de\\\/\",\"name\":\"Validant\",\"description\":\"Your Full-Service Global Regulatory, Compliance &amp; Quality Consultancy\",\"potentialAction\":[{\"@type\":\"SearchAction\",\"target\":{\"@type\":\"EntryPoint\",\"urlTemplate\":\"https:\\\/\\\/www.validant.com\\\/de\\\/?s={search_term_string}\"},\"query-input\":{\"@type\":\"PropertyValueSpecification\",\"valueRequired\":true,\"valueName\":\"search_term_string\"}}],\"inLanguage\":\"de-DE\"}]}<\/script>\n<!-- \/ Yoast SEO plugin. -->","yoast_head_json":{"title":"Beratungspartner f\u00fcr Hersteller von Pharmazeutika, Biologika, Medizin- und Diagnostikprodukten","description":"Entwickler und Hersteller von Pharmazeutika, Biologika, Medizinprodukten und Diagnostika aller Gr\u00f6\u00dfen entscheiden sich f\u00fcr Validant als ihren einzigen Partner f\u00fcr regulatorische, Compliance- und Qualit\u00e4tsanforderungen jeden Umfangs.","robots":{"index":"index","follow":"follow","max-snippet":"max-snippet:-1","max-image-preview":"max-image-preview:large","max-video-preview":"max-video-preview:-1"},"canonical":"https:\/\/www.validant.com\/de\/schwerpunkte\/","og_locale":"de_DE","og_type":"article","og_title":"Beratungspartner f\u00fcr Hersteller von Pharmazeutika, Biologika, Medizin- und Diagnostikprodukten","og_description":"Entwickler und Hersteller von Pharmazeutika, Biologika, Medizinprodukten und Diagnostika aller Gr\u00f6\u00dfen entscheiden sich f\u00fcr Validant als ihren einzigen Partner f\u00fcr regulatorische, Compliance- und Qualit\u00e4tsanforderungen jeden Umfangs.","og_url":"https:\/\/www.validant.com\/de\/schwerpunkte\/","og_site_name":"Validant","article_modified_time":"2021-04-14T20:11:08+00:00","twitter_card":"summary_large_image","twitter_misc":{"Gesch\u00e4tzte Lesezeit":"1 Minute"},"schema":{"@context":"https:\/\/schema.org","@graph":[{"@type":"WebPage","@id":"https:\/\/www.validant.com\/de\/schwerpunkte\/","url":"https:\/\/www.validant.com\/de\/schwerpunkte\/","name":"Beratungspartner f\u00fcr Hersteller von Pharmazeutika, Biologika, Medizin- und Diagnostikprodukten","isPartOf":{"@id":"https:\/\/www.validant.com\/de\/#website"},"datePublished":"2021-03-12T17:52:38+00:00","dateModified":"2021-04-14T20:11:08+00:00","description":"Entwickler und Hersteller von Pharmazeutika, Biologika, Medizinprodukten und Diagnostika aller Gr\u00f6\u00dfen entscheiden sich f\u00fcr Validant als ihren einzigen Partner f\u00fcr regulatorische, Compliance- und Qualit\u00e4tsanforderungen jeden Umfangs.","breadcrumb":{"@id":"https:\/\/www.validant.com\/de\/schwerpunkte\/#breadcrumb"},"inLanguage":"de-DE","potentialAction":[{"@type":"ReadAction","target":["https:\/\/www.validant.com\/de\/schwerpunkte\/"]}]},{"@type":"BreadcrumbList","@id":"https:\/\/www.validant.com\/de\/schwerpunkte\/#breadcrumb","itemListElement":[{"@type":"ListItem","position":1,"name":"Home","item":"https:\/\/www.validant.com\/de\/"},{"@type":"ListItem","position":2,"name":"Schwerpunkte"}]},{"@type":"WebSite","@id":"https:\/\/www.validant.com\/de\/#website","url":"https:\/\/www.validant.com\/de\/","name":"Validant","description":"Your Full-Service Global Regulatory, Compliance &amp; Quality Consultancy","potentialAction":[{"@type":"SearchAction","target":{"@type":"EntryPoint","urlTemplate":"https:\/\/www.validant.com\/de\/?s={search_term_string}"},"query-input":{"@type":"PropertyValueSpecification","valueRequired":true,"valueName":"search_term_string"}}],"inLanguage":"de-DE"}]}},"_links":{"self":[{"href":"https:\/\/www.validant.com\/de\/wp-json\/wp\/v2\/pages\/1759","targetHints":{"allow":["GET"]}}],"collection":[{"href":"https:\/\/www.validant.com\/de\/wp-json\/wp\/v2\/pages"}],"about":[{"href":"https:\/\/www.validant.com\/de\/wp-json\/wp\/v2\/types\/page"}],"author":[{"embeddable":true,"href":"https:\/\/www.validant.com\/de\/wp-json\/wp\/v2\/users\/3"}],"replies":[{"embeddable":true,"href":"https:\/\/www.validant.com\/de\/wp-json\/wp\/v2\/comments?post=1759"}],"version-history":[{"count":0,"href":"https:\/\/www.validant.com\/de\/wp-json\/wp\/v2\/pages\/1759\/revisions"}],"wp:attachment":[{"href":"https:\/\/www.validant.com\/de\/wp-json\/wp\/v2\/media?parent=1759"}],"curies":[{"name":"wp","href":"https:\/\/api.w.org\/{rel}","templated":true}]}}