{"id":1749,"date":"2021-03-12T17:51:03","date_gmt":"2021-03-12T17:51:03","guid":{"rendered":"http:\/\/www.validant.com\/vertrieb\/"},"modified":"2021-04-14T20:09:59","modified_gmt":"2021-04-14T20:09:59","slug":"vertrieb","status":"publish","type":"page","link":"https:\/\/www.validant.com\/de\/vertrieb\/","title":{"rendered":"Vertrieb"},"content":{"rendered":"\n<section class=\"wp-block-mkl-section-block\"><div class=\"section-bg bg__stretched\" style=\"background-image:url(https:\/\/www.validant.com\/wp-content\/uploads\/2020\/07\/distribution-header-img.jpg);opacity:1\"><\/div>\n<div class=\"wp-block-mkl-section-block container pt-xl\">\n<p><\/p>\n<\/div>\n<\/section>\n\n<section class=\"wp-block-mkl-section-block transparent\">\n<div class=\"wp-block-mkl-section-block has-white-background-color container panel pb-s ot-l\">\n<div class=\"wp-block-columns is-layout-flex wp-container-core-columns-is-layout-9d6595d7 wp-block-columns-is-layout-flex\">\n<div class=\"wp-block-column pr-s is-layout-flow wp-block-column-is-layout-flow\" style=\"flex-basis:65%\">\n<p class=\"has-text-align-left large has-olive-color has-text-color\"><strong>GDP-Beratung<\/strong><\/p>\n\n\n\n<h1 class=\"wp-block-heading\">Gew\u00e4hrleistung der <strong><span class=\"has-inline-color has-green-color\">guten Vertriebspraxis<\/span><\/strong><\/h1>\n\n\n\n<p class=\"large pt-xxs\"><strong>Seit vielen Jahren unterst\u00fctzt Validant Unternehmen aus dem Life-Sciences-Sektor\u00a0\u2013 von Pharma- und Biotech-Unternehmen bis hin zu Herstellern von Medizinprodukten und Diagnostika\u00a0\u2013 dabei, die weltweiten regulatorischen, Compliance- und Qualit\u00e4tsanforderungen f\u00fcr den Vertrieb zu verstehen und sich daran anzupassen.<\/strong><\/p>\n\n\n\n<p>Die Gew\u00e4hrleistung der guten Vertriebspraxis (GDP) ist unerl\u00e4sslich, um die Produktsicherheit und -qualit\u00e4t von Arzneimitteln und Medizinprodukten bei der Lieferung von der Produktionsanlage zum Endbenutzer aufrechtzuerhalten. Validant kann Sie dabei unterst\u00fctzen, geschickt durch die regulatorischen Anforderungen hinsichtlich der \u00dcberwachung nach der Markteinf\u00fchrung zu navigieren, die Einrichtung eines robusten Qualit\u00e4tsmanagementsystems, das Ihre Lieferkette von Anfang bis Ende abdeckt, sicherzustellen und das Vertrauen in die Qualit\u00e4t Ihrer Marke auf dem Markt zu st\u00e4rken.<\/p>\n\n\n\n<p class=\"has-green-color has-text-color\"><strong>Wir unterst\u00fctzen die Qualit\u00e4t und Compliance w\u00e4hrend des Vertriebsprozesse durch folgende Leistungen:<\/strong><\/p>\n\n\n\n<div class=\"wp-block-columns is-layout-flex wp-container-core-columns-is-layout-9d6595d7 wp-block-columns-is-layout-flex\">\n<div class=\"wp-block-column is-layout-flow wp-block-column-is-layout-flow\">\n<ul class=\"wp-block-list\"><li>Entwicklung von Qualit\u00e4tssystemen<\/li><li>Qualit\u00e4ts-IT-Systeme<\/li><li>Laborkontrollen und Datenintegrit\u00e4t<\/li><li>Informationsaustausch mit der FDA\/EMA\/Gesundheitsbeh\u00f6rde<\/li><li>Schnelle Reaktion auf Inspektionen<\/li><li>Unterst\u00fctzung bei Korrekturma\u00dfnahmen<\/li><li>Fehlerbehebung vor Ort<\/li><\/ul><\/div>\n\n\n\n<div class=\"wp-block-column is-layout-flow wp-block-column-is-layout-flow\">\n<ul class=\"wp-block-list\"><li>Anerkenntnisurteile und Korrekturstrategie\u00a0nach Warnschreiben<\/li><li>Organisatorische Bewertung<\/li><li>Interne Audits<\/li><li>Antwort an Beh\u00f6rden<\/li><li>Mitarbeiterschulung<\/li><li>Unterst\u00fctzung bei der Umsetzung neuer\/ge\u00e4nderter Standards und Richtlinien<\/li><\/ul><\/div>\n<\/div>\n<\/div>\n\n\n\n<div class=\"wp-block-column is-layout-flow wp-block-column-is-layout-flow\" style=\"flex-basis:35%\">\n<div class=\"wp-block-mkl-section-block panel-small bg-greengrad mb-xs\">\n<ul class=\"strategy-list wp-block-list\"><li><strong>\u00dcberwachung nach der Markteinf\u00fchrung<\/strong><\/li><li><strong>Beseitigung von Qualit\u00e4tsm\u00e4ngeln<\/strong><\/li><li><strong>Qualit\u00e4tsziele und -kennzahlen<\/strong><\/li><li><strong>Wirksamkeitsbewertungen<\/strong><\/li><li><strong>Support von Qualit\u00e4tssicherungsvorg\u00e4ngen<\/strong><\/li><li><strong>Managementbewertung<\/strong><\/li><li><strong>Validierung und Qualifizierung<\/strong><\/li><li><strong>Risikomanagement<\/strong><\/li><li><strong>Laborkontrollen<\/strong><\/li><\/ul><\/div>\n\n\n\n<div class=\"wp-block-mkl-section-block has-grey-background-color panel-small mb-xs\">\n<figure class=\"wp-block-image size-large banner\"><img loading=\"lazy\" decoding=\"async\" width=\"350\" height=\"177\" src=\"http:\/\/www.validant.com\/wp-content\/uploads\/2020\/06\/brochure-validant-at-a-glance.jpg\" alt=\"Validant-Brosch&#xFC;re im &#xDC;berblick\" class=\"wp-image-1215\" srcset=\"https:\/\/www.validant.com\/wp-content\/uploads\/2020\/06\/brochure-validant-at-a-glance.jpg 350w, https:\/\/www.validant.com\/wp-content\/uploads\/2020\/06\/brochure-validant-at-a-glance-300x152.jpg 300w\" sizes=\"auto, (max-width: 350px) 100vw, 350px\" \/><\/figure>\n\n\n<p class=\"mb-z\"><strong><span class=\"has-inline-color has-olive-color\">Brosch\u00fcre<\/span><\/strong><\/p>\n\n\n\n<h3 class=\"wp-block-heading\">Validant im \u00dcberblick<\/h3>\n\n\n\n<p class=\"more\"><a href=\"\/wp-content\/uploads\/2020\/10\/Validant-CorporateBrochure-100720.pdf\" target=\"_blank\" rel=\"noreferrer noopener\">Jetzt herunterladen<\/a><\/p>\n<\/div>\n<\/div>\n<\/div>\n<\/div>\n<\/section>\n\n<section class=\"wp-block-mkl-section-block cta-panel mb-m\">\n<div class=\"wp-block-mkl-section-block container panel bg-greengrad\">\n<div class=\"wp-block-mkl-section-block has-green-background-color bg-greengrad panel\">\n<p><\/p>\n<\/div>\n\n\n\n<div class=\"wp-block-columns relative is-layout-flex wp-container-core-columns-is-layout-9d6595d7 wp-block-columns-is-layout-flex\">\n<div class=\"wp-block-column is-layout-flow wp-block-column-is-layout-flow\" style=\"flex-basis:45%\">\n<h2 class=\"has-white-color has-text-color wp-block-heading\">Wie k\u00f6nnen <strong><span class=\"has-inline-color has-lightblue-color\">wir Ihnen behilflich sein?<\/span><\/strong><\/h2>\n<\/div>\n\n\n\n<div class=\"wp-block-column pl-xs is-layout-flow wp-block-column-is-layout-flow\" style=\"flex-basis:66.66%\">\n<p class=\"large has-white-color has-text-color\">Erz\u00e4hlen Sie uns, was Sie erreichen m\u00f6chten.<br\/><strong>Wir erarbeiten basierend auf unserer Erfahrung eine L\u00f6sung f\u00fcr Ihr spezifisches Problem.<\/strong><\/p>\n\n\n\n<p class=\"btn white\"><a href=\"http:\/\/www.validant.com\/de\/beratung-anfragen\/\">Hier beginnen<\/a><\/p>\n<\/div>\n<\/div>\n<\/div>\n<\/section>\n","protected":false},"excerpt":{"rendered":"","protected":false},"author":3,"featured_media":0,"parent":0,"menu_order":0,"comment_status":"closed","ping_status":"closed","template":"","meta":{"_acf_changed":false,"footnotes":""},"class_list":["post-1749","page","type-page","status-publish","hentry"],"acf":[],"yoast_head":"<!-- This site is optimized with the Yoast SEO plugin v27.3 - https:\/\/yoast.com\/product\/yoast-seo-wordpress\/ -->\n<title>GDP-Beratung | Langfristige Gew\u00e4hrleistung der guten Vertriebspraxis<\/title>\n<meta name=\"description\" content=\"Validant hilft Ihnen, geschickt durch die Regulierungsanforderungen f\u00fcr gute Vertriebspraxis (GDP) und die \u00dcberwachung nach der Markteinf\u00fchrung zu navigieren.\" \/>\n<meta name=\"robots\" content=\"index, follow, max-snippet:-1, max-image-preview:large, max-video-preview:-1\" \/>\n<link rel=\"canonical\" href=\"https:\/\/www.validant.com\/de\/vertrieb\/\" \/>\n<meta property=\"og:locale\" content=\"de_DE\" \/>\n<meta property=\"og:type\" content=\"article\" \/>\n<meta property=\"og:title\" content=\"GDP-Beratung | Langfristige Gew\u00e4hrleistung der guten Vertriebspraxis\" \/>\n<meta property=\"og:description\" content=\"Validant hilft Ihnen, geschickt durch die Regulierungsanforderungen f\u00fcr gute Vertriebspraxis (GDP) und die \u00dcberwachung nach der Markteinf\u00fchrung zu navigieren.\" \/>\n<meta property=\"og:url\" content=\"https:\/\/www.validant.com\/de\/vertrieb\/\" \/>\n<meta property=\"og:site_name\" content=\"Validant\" \/>\n<meta property=\"article:modified_time\" content=\"2021-04-14T20:09:59+00:00\" \/>\n<meta property=\"og:image\" content=\"http:\/\/www.validant.com\/wp-content\/uploads\/2020\/06\/brochure-validant-at-a-glance.jpg\" \/>\n<meta name=\"twitter:card\" content=\"summary_large_image\" \/>\n<meta name=\"twitter:label1\" content=\"Gesch\u00e4tzte Lesezeit\" \/>\n\t<meta name=\"twitter:data1\" content=\"1 Minute\" \/>\n<script type=\"application\/ld+json\" class=\"yoast-schema-graph\">{\"@context\":\"https:\\\/\\\/schema.org\",\"@graph\":[{\"@type\":\"WebPage\",\"@id\":\"https:\\\/\\\/www.validant.com\\\/de\\\/vertrieb\\\/\",\"url\":\"https:\\\/\\\/www.validant.com\\\/de\\\/vertrieb\\\/\",\"name\":\"GDP-Beratung | Langfristige Gew\u00e4hrleistung der guten Vertriebspraxis\",\"isPartOf\":{\"@id\":\"https:\\\/\\\/www.validant.com\\\/de\\\/#website\"},\"primaryImageOfPage\":{\"@id\":\"https:\\\/\\\/www.validant.com\\\/de\\\/vertrieb\\\/#primaryimage\"},\"image\":{\"@id\":\"https:\\\/\\\/www.validant.com\\\/de\\\/vertrieb\\\/#primaryimage\"},\"thumbnailUrl\":\"http:\\\/\\\/www.validant.com\\\/wp-content\\\/uploads\\\/2020\\\/06\\\/brochure-validant-at-a-glance.jpg\",\"datePublished\":\"2021-03-12T17:51:03+00:00\",\"dateModified\":\"2021-04-14T20:09:59+00:00\",\"description\":\"Validant hilft Ihnen, geschickt durch die Regulierungsanforderungen f\u00fcr gute Vertriebspraxis (GDP) und die \u00dcberwachung nach der Markteinf\u00fchrung zu navigieren.\",\"breadcrumb\":{\"@id\":\"https:\\\/\\\/www.validant.com\\\/de\\\/vertrieb\\\/#breadcrumb\"},\"inLanguage\":\"de-DE\",\"potentialAction\":[{\"@type\":\"ReadAction\",\"target\":[\"https:\\\/\\\/www.validant.com\\\/de\\\/vertrieb\\\/\"]}]},{\"@type\":\"ImageObject\",\"inLanguage\":\"de-DE\",\"@id\":\"https:\\\/\\\/www.validant.com\\\/de\\\/vertrieb\\\/#primaryimage\",\"url\":\"http:\\\/\\\/www.validant.com\\\/wp-content\\\/uploads\\\/2020\\\/06\\\/brochure-validant-at-a-glance.jpg\",\"contentUrl\":\"http:\\\/\\\/www.validant.com\\\/wp-content\\\/uploads\\\/2020\\\/06\\\/brochure-validant-at-a-glance.jpg\"},{\"@type\":\"BreadcrumbList\",\"@id\":\"https:\\\/\\\/www.validant.com\\\/de\\\/vertrieb\\\/#breadcrumb\",\"itemListElement\":[{\"@type\":\"ListItem\",\"position\":1,\"name\":\"Home\",\"item\":\"https:\\\/\\\/www.validant.com\\\/de\\\/\"},{\"@type\":\"ListItem\",\"position\":2,\"name\":\"Vertrieb\"}]},{\"@type\":\"WebSite\",\"@id\":\"https:\\\/\\\/www.validant.com\\\/de\\\/#website\",\"url\":\"https:\\\/\\\/www.validant.com\\\/de\\\/\",\"name\":\"Validant\",\"description\":\"Your Full-Service Global Regulatory, Compliance &amp; Quality Consultancy\",\"potentialAction\":[{\"@type\":\"SearchAction\",\"target\":{\"@type\":\"EntryPoint\",\"urlTemplate\":\"https:\\\/\\\/www.validant.com\\\/de\\\/?s={search_term_string}\"},\"query-input\":{\"@type\":\"PropertyValueSpecification\",\"valueRequired\":true,\"valueName\":\"search_term_string\"}}],\"inLanguage\":\"de-DE\"}]}<\/script>\n<!-- \/ Yoast SEO plugin. -->","yoast_head_json":{"title":"GDP-Beratung | Langfristige Gew\u00e4hrleistung der guten Vertriebspraxis","description":"Validant hilft Ihnen, geschickt durch die Regulierungsanforderungen f\u00fcr gute Vertriebspraxis (GDP) und die \u00dcberwachung nach der Markteinf\u00fchrung zu navigieren.","robots":{"index":"index","follow":"follow","max-snippet":"max-snippet:-1","max-image-preview":"max-image-preview:large","max-video-preview":"max-video-preview:-1"},"canonical":"https:\/\/www.validant.com\/de\/vertrieb\/","og_locale":"de_DE","og_type":"article","og_title":"GDP-Beratung | Langfristige Gew\u00e4hrleistung der guten Vertriebspraxis","og_description":"Validant hilft Ihnen, geschickt durch die Regulierungsanforderungen f\u00fcr gute Vertriebspraxis (GDP) und die \u00dcberwachung nach der Markteinf\u00fchrung zu navigieren.","og_url":"https:\/\/www.validant.com\/de\/vertrieb\/","og_site_name":"Validant","article_modified_time":"2021-04-14T20:09:59+00:00","og_image":[{"url":"http:\/\/www.validant.com\/wp-content\/uploads\/2020\/06\/brochure-validant-at-a-glance.jpg","type":"","width":"","height":""}],"twitter_card":"summary_large_image","twitter_misc":{"Gesch\u00e4tzte Lesezeit":"1 Minute"},"schema":{"@context":"https:\/\/schema.org","@graph":[{"@type":"WebPage","@id":"https:\/\/www.validant.com\/de\/vertrieb\/","url":"https:\/\/www.validant.com\/de\/vertrieb\/","name":"GDP-Beratung | Langfristige Gew\u00e4hrleistung der guten Vertriebspraxis","isPartOf":{"@id":"https:\/\/www.validant.com\/de\/#website"},"primaryImageOfPage":{"@id":"https:\/\/www.validant.com\/de\/vertrieb\/#primaryimage"},"image":{"@id":"https:\/\/www.validant.com\/de\/vertrieb\/#primaryimage"},"thumbnailUrl":"http:\/\/www.validant.com\/wp-content\/uploads\/2020\/06\/brochure-validant-at-a-glance.jpg","datePublished":"2021-03-12T17:51:03+00:00","dateModified":"2021-04-14T20:09:59+00:00","description":"Validant hilft Ihnen, geschickt durch die Regulierungsanforderungen f\u00fcr gute Vertriebspraxis (GDP) und die \u00dcberwachung nach der Markteinf\u00fchrung zu navigieren.","breadcrumb":{"@id":"https:\/\/www.validant.com\/de\/vertrieb\/#breadcrumb"},"inLanguage":"de-DE","potentialAction":[{"@type":"ReadAction","target":["https:\/\/www.validant.com\/de\/vertrieb\/"]}]},{"@type":"ImageObject","inLanguage":"de-DE","@id":"https:\/\/www.validant.com\/de\/vertrieb\/#primaryimage","url":"http:\/\/www.validant.com\/wp-content\/uploads\/2020\/06\/brochure-validant-at-a-glance.jpg","contentUrl":"http:\/\/www.validant.com\/wp-content\/uploads\/2020\/06\/brochure-validant-at-a-glance.jpg"},{"@type":"BreadcrumbList","@id":"https:\/\/www.validant.com\/de\/vertrieb\/#breadcrumb","itemListElement":[{"@type":"ListItem","position":1,"name":"Home","item":"https:\/\/www.validant.com\/de\/"},{"@type":"ListItem","position":2,"name":"Vertrieb"}]},{"@type":"WebSite","@id":"https:\/\/www.validant.com\/de\/#website","url":"https:\/\/www.validant.com\/de\/","name":"Validant","description":"Your Full-Service Global Regulatory, Compliance &amp; Quality Consultancy","potentialAction":[{"@type":"SearchAction","target":{"@type":"EntryPoint","urlTemplate":"https:\/\/www.validant.com\/de\/?s={search_term_string}"},"query-input":{"@type":"PropertyValueSpecification","valueRequired":true,"valueName":"search_term_string"}}],"inLanguage":"de-DE"}]}},"_links":{"self":[{"href":"https:\/\/www.validant.com\/de\/wp-json\/wp\/v2\/pages\/1749","targetHints":{"allow":["GET"]}}],"collection":[{"href":"https:\/\/www.validant.com\/de\/wp-json\/wp\/v2\/pages"}],"about":[{"href":"https:\/\/www.validant.com\/de\/wp-json\/wp\/v2\/types\/page"}],"author":[{"embeddable":true,"href":"https:\/\/www.validant.com\/de\/wp-json\/wp\/v2\/users\/3"}],"replies":[{"embeddable":true,"href":"https:\/\/www.validant.com\/de\/wp-json\/wp\/v2\/comments?post=1749"}],"version-history":[{"count":0,"href":"https:\/\/www.validant.com\/de\/wp-json\/wp\/v2\/pages\/1749\/revisions"}],"wp:attachment":[{"href":"https:\/\/www.validant.com\/de\/wp-json\/wp\/v2\/media?parent=1749"}],"curies":[{"name":"wp","href":"https:\/\/api.w.org\/{rel}","templated":true}]}}