{"id":1746,"date":"2021-03-12T17:50:51","date_gmt":"2021-03-12T17:50:51","guid":{"rendered":"http:\/\/www.validant.com\/medizinprodukte\/"},"modified":"2021-04-14T20:09:57","modified_gmt":"2021-04-14T20:09:57","slug":"medizinprodukte","status":"publish","type":"page","link":"https:\/\/www.validant.com\/de\/medizinprodukte\/","title":{"rendered":"Medizinprodukte"},"content":{"rendered":"\n<section class=\"wp-block-mkl-section-block\"><div class=\"section-bg bg__stretched\" style=\"background-image:url(https:\/\/www.validant.com\/wp-content\/uploads\/2020\/07\/medical-device-header-img.jpg);opacity:1\"><\/div>\n<div class=\"wp-block-mkl-section-block container pt-xl\">\n<p><\/p>\n<\/div>\n<\/section>\n\n<section class=\"wp-block-mkl-section-block transparent\">\n<div class=\"wp-block-mkl-section-block has-white-background-color container panel ot-l\">\n<h1 class=\"has-text-align-center pt-xxs wp-block-heading\">Beratungsleistungen f\u00fcr <strong><span class=\"has-inline-color has-green-color\">Medizinprodukte<\/span><\/strong><\/h1>\n\n\n\n<p class=\"has-text-align-center maxc1000 pt-xxs\">Angesichts der raschen Zunahme von Neuerungen in der Medizinprodukte-Branche ist es unerl\u00e4sslich, eine robuste Produktentwicklungs- und Kommerzialisierungsstrategie zu verfolgen, die konform und praxisbezogen ist und die anhaltende Produktqualit\u00e4t f\u00f6rdert. <strong>Warum Validant?<\/strong><\/p>\n<\/div>\n<\/section>\n\n<section class=\"wp-block-mkl-section-block\">\n<div class=\"wp-block-mkl-section-block container pt-xxs pb-xxs\">\n<div class=\"wp-block-columns is-layout-flex wp-container-core-columns-is-layout-9d6595d7 wp-block-columns-is-layout-flex\">\n<div class=\"wp-block-column is-layout-flow wp-block-column-is-layout-flow\">\n<figure class=\"wp-block-image size-large\"><img loading=\"lazy\" decoding=\"async\" width=\"500\" height=\"300\" src=\"http:\/\/www.validant.com\/wp-content\/uploads\/2020\/07\/medical-devices-quality-compliance.jpg\" alt=\"Beratungsleistungen f&#xFC;r Medizinprodukte\" class=\"wp-image-1560\" srcset=\"https:\/\/www.validant.com\/wp-content\/uploads\/2020\/07\/medical-devices-quality-compliance.jpg 500w, https:\/\/www.validant.com\/wp-content\/uploads\/2020\/07\/medical-devices-quality-compliance-300x180.jpg 300w\" sizes=\"auto, (max-width: 500px) 100vw, 500px\" \/><\/figure>\n\n\n<div class=\"wp-block-group has-white-background-color has-background pt-xs ot-s z1 mr-m\"><div class=\"wp-block-group__inner-container is-layout-flow wp-block-group-is-layout-flow\">\n<h3 class=\"has-green-color has-text-color icon icon-lifecycle mb-z wp-block-heading\"><strong>Unterst\u00fctzung im gesamten Lebenszyklus von einem einzigen Partner<\/strong><\/h3>\n\n\n\n<p class=\"max500\">Validant bietet End-to-End-Dienstleistungen in den Bereichen Strategieentwicklung, Ausf\u00fchrung und Unterst\u00fctzung, um Medizinprodukte der Klassen I, II und III auf den Markt zu bringen und einen sicheren, zuverl\u00e4ssigen Zugang zu ihnen zu gew\u00e4hrleisten. Dazu geh\u00f6ren:<\/p>\n\n\n\n<ul class=\"wp-block-list\"><li>Regulierungsstrategie<\/li><li>Einreichungen an die Beh\u00f6rden<\/li><li>Inspektionsbereitschaft und Support<\/li><li>Registrierungen und Auflistungen<\/li><li>Qualit\u00e4tsmanagementsysteme<\/li><li>GMP und Compliance<\/li><li>\u00dcberwachung nach der Markteinf\u00fchrung<\/li><li>Antwort auf die Ma\u00dfnahmen von Gesundheitsbeh\u00f6rden und Korrektur<\/li><\/ul><\/div><\/div>\n<\/div>\n\n\n\n<div class=\"wp-block-column is-layout-flow wp-block-column-is-layout-flow\">\n<figure class=\"wp-block-image size-large\"><img loading=\"lazy\" decoding=\"async\" width=\"500\" height=\"300\" src=\"http:\/\/www.validant.com\/wp-content\/uploads\/2020\/07\/medical-device-end-to-end-consulting.jpg\" alt=\"End-to-End-Beratung f&#xFC;r Medizinprodukte\" class=\"wp-image-1562\" srcset=\"https:\/\/www.validant.com\/wp-content\/uploads\/2020\/07\/medical-device-end-to-end-consulting.jpg 500w, https:\/\/www.validant.com\/wp-content\/uploads\/2020\/07\/medical-device-end-to-end-consulting-300x180.jpg 300w\" sizes=\"auto, (max-width: 500px) 100vw, 500px\" \/><\/figure>\n\n\n<div class=\"wp-block-group has-white-background-color has-background pt-xs ot-s z1 mr-m\"><div class=\"wp-block-group__inner-container is-layout-flow wp-block-group-is-layout-flow\">\n<h3 class=\"has-green-color has-text-color icon icon-specialty mb-z wp-block-heading\"><strong><strong>Optimierung von Qualit\u00e4tsmanagement und Compliance<\/strong><\/strong><\/h3>\n\n\n\n<p class=\"max500\">Validant verf\u00fcgt \u00fcber ein umfassendes Fachwissen hinsichtlich der nuancierten Regelungen f\u00fcr Entwickler und Hersteller von Medizinprodukten und bietet praxisbezogene Unterst\u00fctzung und Beratung, um Sie bei der Orientierung in folgenden Aspekten zu unterst\u00fctzen:<\/p>\n\n\n\n<ul class=\"wp-block-list\"><li>Einreichungen an die Beh\u00f6rden: 510(k), PMA, De Novo<\/li><li>Einreichungen vor der Zulassung: IDE, HDE, HUD, Master-Dateien<\/li><li>ISO 13485<\/li><li>ISO 14971<\/li><li>21 CFR Part 820<\/li><li>EU-MDR\/IVDR<\/li><\/ul><\/div><\/div>\n<\/div>\n<\/div>\n<\/div>\n<\/section>\n\n<section class=\"wp-block-mkl-section-block cta-panel mt-z mb-m\">\n<div class=\"wp-block-mkl-section-block container panel bg-greengrad\">\n<div class=\"wp-block-mkl-section-block has-green-background-color bg-greengrad panel\">\n<p><\/p>\n<\/div>\n\n\n\n<div class=\"wp-block-columns relative is-layout-flex wp-container-core-columns-is-layout-9d6595d7 wp-block-columns-is-layout-flex\">\n<div class=\"wp-block-column is-layout-flow wp-block-column-is-layout-flow\" style=\"flex-basis:33.33%\">\n<h2 class=\"has-white-color has-text-color wp-block-heading\">Wie k\u00f6nnen <strong><span class=\"has-inline-color has-lightblue-color\">wir<br\/>Ihnen behilflich sein?<\/span><\/strong><\/h2>\n<\/div>\n\n\n\n<div class=\"wp-block-column is-layout-flow wp-block-column-is-layout-flow\" style=\"flex-basis:66.66%\">\n<p class=\"has-text-color has-white-color large\">Erz\u00e4hlen Sie uns, was Sie erreichen m\u00f6chten.<br\/><strong>Wir erarbeiten basierend auf unserer Erfahrung eine L\u00f6sung f\u00fcr Ihr spezifisches Problem.<\/strong><\/p>\n\n\n\n<p class=\"btn white\"><a href=\"http:\/\/www.validant.com\/de\/beratung-anfragen\/\">Hier beginnen<\/a><\/p>\n<\/div>\n<\/div>\n<\/div>\n<\/section>\n","protected":false},"excerpt":{"rendered":"","protected":false},"author":3,"featured_media":0,"parent":0,"menu_order":0,"comment_status":"closed","ping_status":"closed","template":"","meta":{"_acf_changed":false,"footnotes":""},"class_list":["post-1746","page","type-page","status-publish","hentry"],"acf":[],"yoast_head":"<!-- This site is optimized with the Yoast SEO plugin v27.3 - https:\/\/yoast.com\/product\/yoast-seo-wordpress\/ -->\n<title>Beratungsleistungen f\u00fcr Medizinprodukte | Entwicklung und Kommerzialisierung<\/title>\n<meta name=\"description\" content=\"Unser Team besteht aus ehemaligen F\u00fchrungskr\u00e4ften von Pharma- und Biotech-Unternehmen, die Vork\u00e4mpfer f\u00fcr die Weiterentwicklung biologischer Produkte sind, sowie fr\u00fcheren Vertretern des Center for Biologics Evaluation and Research (CBER, Zentrum f\u00fcr Bewertung und Forschung von Biologika) der FDA.\" \/>\n<meta name=\"robots\" content=\"index, follow, max-snippet:-1, max-image-preview:large, max-video-preview:-1\" \/>\n<link rel=\"canonical\" href=\"https:\/\/www.validant.com\/de\/medizinprodukte\/\" \/>\n<meta property=\"og:locale\" content=\"de_DE\" \/>\n<meta property=\"og:type\" content=\"article\" \/>\n<meta property=\"og:title\" content=\"Beratungsleistungen f\u00fcr Medizinprodukte | Entwicklung und Kommerzialisierung\" \/>\n<meta property=\"og:description\" content=\"Unser Team besteht aus ehemaligen F\u00fchrungskr\u00e4ften von Pharma- und Biotech-Unternehmen, die Vork\u00e4mpfer f\u00fcr die Weiterentwicklung biologischer Produkte sind, sowie fr\u00fcheren Vertretern des Center for Biologics Evaluation and Research (CBER, Zentrum f\u00fcr Bewertung und Forschung von Biologika) der FDA.\" \/>\n<meta property=\"og:url\" content=\"https:\/\/www.validant.com\/de\/medizinprodukte\/\" \/>\n<meta property=\"og:site_name\" content=\"Validant\" \/>\n<meta property=\"article:modified_time\" content=\"2021-04-14T20:09:57+00:00\" \/>\n<meta property=\"og:image\" content=\"http:\/\/www.validant.com\/wp-content\/uploads\/2020\/07\/medical-devices-quality-compliance.jpg\" \/>\n<meta name=\"twitter:card\" content=\"summary_large_image\" \/>\n<meta name=\"twitter:label1\" content=\"Gesch\u00e4tzte Lesezeit\" \/>\n\t<meta name=\"twitter:data1\" content=\"1 Minute\" \/>\n<script type=\"application\/ld+json\" class=\"yoast-schema-graph\">{\"@context\":\"https:\\\/\\\/schema.org\",\"@graph\":[{\"@type\":\"WebPage\",\"@id\":\"https:\\\/\\\/www.validant.com\\\/de\\\/medizinprodukte\\\/\",\"url\":\"https:\\\/\\\/www.validant.com\\\/de\\\/medizinprodukte\\\/\",\"name\":\"Beratungsleistungen f\u00fcr Medizinprodukte | Entwicklung und Kommerzialisierung\",\"isPartOf\":{\"@id\":\"https:\\\/\\\/www.validant.com\\\/de\\\/#website\"},\"primaryImageOfPage\":{\"@id\":\"https:\\\/\\\/www.validant.com\\\/de\\\/medizinprodukte\\\/#primaryimage\"},\"image\":{\"@id\":\"https:\\\/\\\/www.validant.com\\\/de\\\/medizinprodukte\\\/#primaryimage\"},\"thumbnailUrl\":\"http:\\\/\\\/www.validant.com\\\/wp-content\\\/uploads\\\/2020\\\/07\\\/medical-devices-quality-compliance.jpg\",\"datePublished\":\"2021-03-12T17:50:51+00:00\",\"dateModified\":\"2021-04-14T20:09:57+00:00\",\"description\":\"Unser Team besteht aus ehemaligen F\u00fchrungskr\u00e4ften von Pharma- und Biotech-Unternehmen, die Vork\u00e4mpfer f\u00fcr die Weiterentwicklung biologischer Produkte sind, sowie fr\u00fcheren Vertretern des Center for Biologics Evaluation and Research (CBER, Zentrum f\u00fcr Bewertung und Forschung von Biologika) der FDA.\",\"breadcrumb\":{\"@id\":\"https:\\\/\\\/www.validant.com\\\/de\\\/medizinprodukte\\\/#breadcrumb\"},\"inLanguage\":\"de-DE\",\"potentialAction\":[{\"@type\":\"ReadAction\",\"target\":[\"https:\\\/\\\/www.validant.com\\\/de\\\/medizinprodukte\\\/\"]}]},{\"@type\":\"ImageObject\",\"inLanguage\":\"de-DE\",\"@id\":\"https:\\\/\\\/www.validant.com\\\/de\\\/medizinprodukte\\\/#primaryimage\",\"url\":\"http:\\\/\\\/www.validant.com\\\/wp-content\\\/uploads\\\/2020\\\/07\\\/medical-devices-quality-compliance.jpg\",\"contentUrl\":\"http:\\\/\\\/www.validant.com\\\/wp-content\\\/uploads\\\/2020\\\/07\\\/medical-devices-quality-compliance.jpg\"},{\"@type\":\"BreadcrumbList\",\"@id\":\"https:\\\/\\\/www.validant.com\\\/de\\\/medizinprodukte\\\/#breadcrumb\",\"itemListElement\":[{\"@type\":\"ListItem\",\"position\":1,\"name\":\"Home\",\"item\":\"https:\\\/\\\/www.validant.com\\\/de\\\/\"},{\"@type\":\"ListItem\",\"position\":2,\"name\":\"Medizinprodukte\"}]},{\"@type\":\"WebSite\",\"@id\":\"https:\\\/\\\/www.validant.com\\\/de\\\/#website\",\"url\":\"https:\\\/\\\/www.validant.com\\\/de\\\/\",\"name\":\"Validant\",\"description\":\"Your Full-Service Global Regulatory, Compliance &amp; Quality Consultancy\",\"potentialAction\":[{\"@type\":\"SearchAction\",\"target\":{\"@type\":\"EntryPoint\",\"urlTemplate\":\"https:\\\/\\\/www.validant.com\\\/de\\\/?s={search_term_string}\"},\"query-input\":{\"@type\":\"PropertyValueSpecification\",\"valueRequired\":true,\"valueName\":\"search_term_string\"}}],\"inLanguage\":\"de-DE\"}]}<\/script>\n<!-- \/ Yoast SEO plugin. -->","yoast_head_json":{"title":"Beratungsleistungen f\u00fcr Medizinprodukte | Entwicklung und Kommerzialisierung","description":"Unser Team besteht aus ehemaligen F\u00fchrungskr\u00e4ften von Pharma- und Biotech-Unternehmen, die Vork\u00e4mpfer f\u00fcr die Weiterentwicklung biologischer Produkte sind, sowie fr\u00fcheren Vertretern des Center for Biologics Evaluation and Research (CBER, Zentrum f\u00fcr Bewertung und Forschung von Biologika) der FDA.","robots":{"index":"index","follow":"follow","max-snippet":"max-snippet:-1","max-image-preview":"max-image-preview:large","max-video-preview":"max-video-preview:-1"},"canonical":"https:\/\/www.validant.com\/de\/medizinprodukte\/","og_locale":"de_DE","og_type":"article","og_title":"Beratungsleistungen f\u00fcr Medizinprodukte | Entwicklung und Kommerzialisierung","og_description":"Unser Team besteht aus ehemaligen F\u00fchrungskr\u00e4ften von Pharma- und Biotech-Unternehmen, die Vork\u00e4mpfer f\u00fcr die Weiterentwicklung biologischer Produkte sind, sowie fr\u00fcheren Vertretern des Center for Biologics Evaluation and Research (CBER, Zentrum f\u00fcr Bewertung und Forschung von Biologika) der FDA.","og_url":"https:\/\/www.validant.com\/de\/medizinprodukte\/","og_site_name":"Validant","article_modified_time":"2021-04-14T20:09:57+00:00","og_image":[{"url":"http:\/\/www.validant.com\/wp-content\/uploads\/2020\/07\/medical-devices-quality-compliance.jpg","type":"","width":"","height":""}],"twitter_card":"summary_large_image","twitter_misc":{"Gesch\u00e4tzte Lesezeit":"1 Minute"},"schema":{"@context":"https:\/\/schema.org","@graph":[{"@type":"WebPage","@id":"https:\/\/www.validant.com\/de\/medizinprodukte\/","url":"https:\/\/www.validant.com\/de\/medizinprodukte\/","name":"Beratungsleistungen f\u00fcr Medizinprodukte | Entwicklung und Kommerzialisierung","isPartOf":{"@id":"https:\/\/www.validant.com\/de\/#website"},"primaryImageOfPage":{"@id":"https:\/\/www.validant.com\/de\/medizinprodukte\/#primaryimage"},"image":{"@id":"https:\/\/www.validant.com\/de\/medizinprodukte\/#primaryimage"},"thumbnailUrl":"http:\/\/www.validant.com\/wp-content\/uploads\/2020\/07\/medical-devices-quality-compliance.jpg","datePublished":"2021-03-12T17:50:51+00:00","dateModified":"2021-04-14T20:09:57+00:00","description":"Unser Team besteht aus ehemaligen F\u00fchrungskr\u00e4ften von Pharma- und Biotech-Unternehmen, die Vork\u00e4mpfer f\u00fcr die Weiterentwicklung biologischer Produkte sind, sowie fr\u00fcheren Vertretern des Center for Biologics Evaluation and Research (CBER, Zentrum f\u00fcr Bewertung und Forschung von Biologika) der FDA.","breadcrumb":{"@id":"https:\/\/www.validant.com\/de\/medizinprodukte\/#breadcrumb"},"inLanguage":"de-DE","potentialAction":[{"@type":"ReadAction","target":["https:\/\/www.validant.com\/de\/medizinprodukte\/"]}]},{"@type":"ImageObject","inLanguage":"de-DE","@id":"https:\/\/www.validant.com\/de\/medizinprodukte\/#primaryimage","url":"http:\/\/www.validant.com\/wp-content\/uploads\/2020\/07\/medical-devices-quality-compliance.jpg","contentUrl":"http:\/\/www.validant.com\/wp-content\/uploads\/2020\/07\/medical-devices-quality-compliance.jpg"},{"@type":"BreadcrumbList","@id":"https:\/\/www.validant.com\/de\/medizinprodukte\/#breadcrumb","itemListElement":[{"@type":"ListItem","position":1,"name":"Home","item":"https:\/\/www.validant.com\/de\/"},{"@type":"ListItem","position":2,"name":"Medizinprodukte"}]},{"@type":"WebSite","@id":"https:\/\/www.validant.com\/de\/#website","url":"https:\/\/www.validant.com\/de\/","name":"Validant","description":"Your Full-Service Global Regulatory, Compliance &amp; Quality Consultancy","potentialAction":[{"@type":"SearchAction","target":{"@type":"EntryPoint","urlTemplate":"https:\/\/www.validant.com\/de\/?s={search_term_string}"},"query-input":{"@type":"PropertyValueSpecification","valueRequired":true,"valueName":"search_term_string"}}],"inLanguage":"de-DE"}]}},"_links":{"self":[{"href":"https:\/\/www.validant.com\/de\/wp-json\/wp\/v2\/pages\/1746","targetHints":{"allow":["GET"]}}],"collection":[{"href":"https:\/\/www.validant.com\/de\/wp-json\/wp\/v2\/pages"}],"about":[{"href":"https:\/\/www.validant.com\/de\/wp-json\/wp\/v2\/types\/page"}],"author":[{"embeddable":true,"href":"https:\/\/www.validant.com\/de\/wp-json\/wp\/v2\/users\/3"}],"replies":[{"embeddable":true,"href":"https:\/\/www.validant.com\/de\/wp-json\/wp\/v2\/comments?post=1746"}],"version-history":[{"count":0,"href":"https:\/\/www.validant.com\/de\/wp-json\/wp\/v2\/pages\/1746\/revisions"}],"wp:attachment":[{"href":"https:\/\/www.validant.com\/de\/wp-json\/wp\/v2\/media?parent=1746"}],"curies":[{"name":"wp","href":"https:\/\/api.w.org\/{rel}","templated":true}]}}