{"id":1745,"date":"2021-03-12T17:50:48","date_gmt":"2021-03-12T17:50:48","guid":{"rendered":"http:\/\/www.validant.com\/diagnostika-und-ivd\/"},"modified":"2021-04-14T20:09:57","modified_gmt":"2021-04-14T20:09:57","slug":"diagnostika-und-ivd","status":"publish","type":"page","link":"https:\/\/www.validant.com\/de\/diagnostika-und-ivd\/","title":{"rendered":"Diagnostika und IVD"},"content":{"rendered":"\n<section class=\"wp-block-mkl-section-block\"><div class=\"section-bg bg__stretched\" style=\"background-image:url(https:\/\/www.validant.com\/wp-content\/uploads\/2020\/07\/diagnostics-ivd-header-img.jpg);opacity:1\"><\/div>\n<div class=\"wp-block-mkl-section-block container pt-xl\">\n<p><\/p>\n<\/div>\n\n\n\n<p><\/p>\n<\/section>\n\n<section class=\"wp-block-mkl-section-block transparent\">\n<div class=\"wp-block-mkl-section-block has-white-background-color container panel ot-l\">\n<h1 class=\"has-text-align-center pt-xxs wp-block-heading\">Beratungsleistungen f\u00fcr <strong><span class=\"has-inline-color has-green-color\">Diagnostika und IVD<\/span><\/strong><\/h1>\n\n\n\n<p class=\"has-text-align-center maxc1000 pt-xxs\">Diagnostische Hilfsmittel bilden die Basis f\u00fcr Behandlungsentscheidungen und m\u00fcssen daher die strengen regulatorischen, Compliance- und Qualit\u00e4tsstandards erf\u00fcllen, um ihre Genauigkeit und Zuverl\u00e4ssigkeit sicherzustellen. Um die effektive Einhaltung dieser Anforderungen zu gew\u00e4hrleisten, sollten Sie <strong>sich f\u00fcr Validant entscheiden<\/strong>.<\/p>\n<\/div>\n<\/section>\n\n<section class=\"wp-block-mkl-section-block\">\n<div class=\"wp-block-mkl-section-block container pt-xxs pb-xxs\">\n<div class=\"wp-block-columns is-layout-flex wp-container-core-columns-is-layout-9d6595d7 wp-block-columns-is-layout-flex\">\n<div class=\"wp-block-column is-layout-flow wp-block-column-is-layout-flow\">\n<figure class=\"wp-block-image size-large\"><img loading=\"lazy\" decoding=\"async\" width=\"500\" height=\"300\" src=\"http:\/\/www.validant.com\/wp-content\/uploads\/2020\/07\/diagnostics-ivd-expertise.jpg\" alt=\"Reagenzr&#xF6;hrchen werden in die Halterung eines Analyseautomaten gesetzt\" class=\"wp-image-1554\" srcset=\"https:\/\/www.validant.com\/wp-content\/uploads\/2020\/07\/diagnostics-ivd-expertise.jpg 500w, https:\/\/www.validant.com\/wp-content\/uploads\/2020\/07\/diagnostics-ivd-expertise-300x180.jpg 300w\" sizes=\"auto, (max-width: 500px) 100vw, 500px\" \/><\/figure>\n\n\n<div class=\"wp-block-group has-white-background-color has-background pt-xs ot-s z1 mr-m\"><div class=\"wp-block-group__inner-container is-layout-flow wp-block-group-is-layout-flow\">\n<h3 class=\"has-green-color has-text-color icon icon-ivd mb-z wp-block-heading\"><strong>Spezialisten f\u00fcr In-vitro-Diagnostika<\/strong><\/h3>\n\n\n\n<p class=\"max500\">Validants Fachkompetenz in Bezug auf die weltweiten regulatorischen, Compliance- und Qualit\u00e4tsanforderungen f\u00fcr In-vitro-Diagnostika (IVD) erstreckt sich auf:<\/p>\n\n\n\n<ul class=\"wp-block-list\"><li>Molekulardiagnostik<\/li><li>Immunoassays<\/li><li>Labortests<\/li><li>Therapiebegleitende Diagnostika<\/li><li>Patientennahe Labortests<\/li><li>Genomik und Proteomik<\/li><li>Tests f\u00fcr zu Hause<\/li><\/ul>\n\n\n<p>Wir haben bereits zahlreichen Kunden dabei geholfen, sich f\u00fcr die bevorstehenden \u00c4nderungen der neuen EU-Verordnung f\u00fcr In-vitro-Diagnostika (IVDR) vorzubereiten. Erfahren Sie, wie wir Sie dabei unterst\u00fctzen k\u00f6nnen, <a href=\"http:\/\/www.validant.com\/de\/eu-mdr-ivdr-compliance\/\">einen reibungslosen \u00dcbergang sicherzustellen<\/a> und die Konformit\u00e4t Ihrer Produkte und ihre Eignung f\u00fcr den europ\u00e4ischen Markt zu bewahren.<\/p>\n<\/div><\/div>\n<\/div>\n\n\n\n<div class=\"wp-block-column is-layout-flow wp-block-column-is-layout-flow\">\n<figure class=\"wp-block-image size-large\"><img loading=\"lazy\" decoding=\"async\" width=\"500\" height=\"300\" src=\"http:\/\/www.validant.com\/wp-content\/uploads\/2020\/07\/diagnostic-tools-expertise.jpg\" alt=\"regulatorische Compliance f&#xFC;r diagnostische Hilfsmittel\" class=\"wp-image-1556\" srcset=\"https:\/\/www.validant.com\/wp-content\/uploads\/2020\/07\/diagnostic-tools-expertise.jpg 500w, https:\/\/www.validant.com\/wp-content\/uploads\/2020\/07\/diagnostic-tools-expertise-300x180.jpg 300w\" sizes=\"auto, (max-width: 500px) 100vw, 500px\" \/><\/figure>\n\n\n<div class=\"wp-block-group has-white-background-color has-background pt-xs ot-s z1 mr-m\"><div class=\"wp-block-group__inner-container is-layout-flow wp-block-group-is-layout-flow\">\n<h3 class=\"has-green-color has-text-color icon icon-diagnostics mb-z wp-block-heading\"><strong>Vielf\u00e4ltige Kompetenz f\u00fcr diagnostische Hilfsmittel<\/strong><\/h3>\n\n\n\n<p class=\"max500\">Unser Team hat gemeinsam mit diversen Entwicklern und Herstellern an der Entwicklung innovativer Hilfsmittel gearbeitet, darunter:<\/p>\n\n\n\n<ul class=\"wp-block-list\"><li>Medizinische Diagnoseger\u00e4te<\/li><li>Gewebesysteme und Technologien<\/li><li>Bildgebende Zelldiagnostik<\/li><li>Molekularanalyse-Tools<\/li><li>Robotik\/Fl\u00fcssigkeitsbehandlungsanlage<\/li><li>Sequenzer und Mikroarrays<\/li><\/ul>\n\n\n<p>Ob Sie die Einf\u00fchrung einer neuen Plattform unterst\u00fctzen, eine geeignete Kommerzialisierungsstrategie f\u00fcr innovative neue Ausr\u00fcstung definieren oder eine R\u00fcckrufkrise bew\u00e4ltigen m\u00f6chten: Validant bietet praxisnahe, anwendungsbezogene Beratung in jeder Phase des Produktlebenszyklus.<\/p>\n<\/div><\/div>\n<\/div>\n<\/div>\n<\/div>\n<\/section>\n\n<section class=\"wp-block-mkl-section-block cta-panel mt-z mb-m\">\n<div class=\"wp-block-mkl-section-block container panel bg-greengrad\">\n<div class=\"wp-block-mkl-section-block has-green-background-color bg-greengrad panel\">\n<p><\/p>\n<\/div>\n\n\n\n<div class=\"wp-block-columns relative is-layout-flex wp-container-core-columns-is-layout-9d6595d7 wp-block-columns-is-layout-flex\">\n<div class=\"wp-block-column is-layout-flow wp-block-column-is-layout-flow\" style=\"flex-basis:33.33%\">\n<h2 class=\"has-white-color has-text-color wp-block-heading\">Wie k\u00f6nnen <strong><span class=\"has-inline-color has-lightblue-color\">wir<br\/>Ihnen behilflich sein?<\/span><\/strong><\/h2>\n<\/div>\n\n\n\n<div class=\"wp-block-column is-layout-flow wp-block-column-is-layout-flow\" style=\"flex-basis:66.66%\">\n<p class=\"has-text-color has-white-color large\">Erz\u00e4hlen Sie uns, was Sie erreichen m\u00f6chten.<br\/><strong>Wir erarbeiten basierend auf unserer Erfahrung eine L\u00f6sung f\u00fcr Ihr spezifisches Problem.<\/strong><\/p>\n\n\n\n<p class=\"btn white\"><a href=\"http:\/\/www.validant.com\/de\/beratung-anfragen\/\">Hier beginnen<\/a><\/p>\n<\/div>\n<\/div>\n<\/div>\n<\/section>\n","protected":false},"excerpt":{"rendered":"","protected":false},"author":3,"featured_media":0,"parent":0,"menu_order":0,"comment_status":"closed","ping_status":"closed","template":"","meta":{"_acf_changed":false,"footnotes":""},"class_list":["post-1745","page","type-page","status-publish","hentry"],"acf":[],"yoast_head":"<!-- This site is optimized with the Yoast SEO plugin v27.6 - https:\/\/yoast.com\/product\/yoast-seo-wordpress\/ -->\n<title>Beratungsleistungen f\u00fcr Diagnostika und IVD | Alle Phasen des Produktlebenszyklus<\/title>\n<meta name=\"description\" content=\"Validant unterst\u00fctzt Entwickler und Hersteller von Diagnostika dabei, die Einhaltung der weltweiten regulatorischen, Compliance- und Qualit\u00e4tsanforderungen zu gew\u00e4hrleisten.\" \/>\n<meta name=\"robots\" content=\"index, follow, max-snippet:-1, max-image-preview:large, max-video-preview:-1\" \/>\n<link rel=\"canonical\" href=\"https:\/\/www.validant.com\/de\/diagnostika-und-ivd\/\" \/>\n<meta property=\"og:locale\" content=\"de_DE\" \/>\n<meta property=\"og:type\" content=\"article\" \/>\n<meta property=\"og:title\" content=\"Beratungsleistungen f\u00fcr Diagnostika und IVD | Alle Phasen des Produktlebenszyklus\" \/>\n<meta property=\"og:description\" content=\"Validant unterst\u00fctzt Entwickler und Hersteller von Diagnostika dabei, die Einhaltung der weltweiten regulatorischen, Compliance- und Qualit\u00e4tsanforderungen zu gew\u00e4hrleisten.\" \/>\n<meta property=\"og:url\" content=\"https:\/\/www.validant.com\/de\/diagnostika-und-ivd\/\" \/>\n<meta property=\"og:site_name\" content=\"Validant\" \/>\n<meta property=\"article:modified_time\" content=\"2021-04-14T20:09:57+00:00\" \/>\n<meta property=\"og:image\" content=\"http:\/\/www.validant.com\/wp-content\/uploads\/2020\/07\/diagnostics-ivd-expertise.jpg\" \/>\n<meta name=\"twitter:card\" content=\"summary_large_image\" \/>\n<meta name=\"twitter:label1\" content=\"Gesch\u00e4tzte Lesezeit\" \/>\n\t<meta name=\"twitter:data1\" content=\"1 Minute\" \/>\n<script type=\"application\/ld+json\" class=\"yoast-schema-graph\">{\"@context\":\"https:\\\/\\\/schema.org\",\"@graph\":[{\"@type\":\"WebPage\",\"@id\":\"https:\\\/\\\/www.validant.com\\\/de\\\/diagnostika-und-ivd\\\/\",\"url\":\"https:\\\/\\\/www.validant.com\\\/de\\\/diagnostika-und-ivd\\\/\",\"name\":\"Beratungsleistungen f\u00fcr Diagnostika und IVD | Alle Phasen des Produktlebenszyklus\",\"isPartOf\":{\"@id\":\"https:\\\/\\\/www.validant.com\\\/de\\\/#website\"},\"primaryImageOfPage\":{\"@id\":\"https:\\\/\\\/www.validant.com\\\/de\\\/diagnostika-und-ivd\\\/#primaryimage\"},\"image\":{\"@id\":\"https:\\\/\\\/www.validant.com\\\/de\\\/diagnostika-und-ivd\\\/#primaryimage\"},\"thumbnailUrl\":\"http:\\\/\\\/www.validant.com\\\/wp-content\\\/uploads\\\/2020\\\/07\\\/diagnostics-ivd-expertise.jpg\",\"datePublished\":\"2021-03-12T17:50:48+00:00\",\"dateModified\":\"2021-04-14T20:09:57+00:00\",\"description\":\"Validant unterst\u00fctzt Entwickler und Hersteller von Diagnostika dabei, die Einhaltung der weltweiten regulatorischen, Compliance- und Qualit\u00e4tsanforderungen zu gew\u00e4hrleisten.\",\"breadcrumb\":{\"@id\":\"https:\\\/\\\/www.validant.com\\\/de\\\/diagnostika-und-ivd\\\/#breadcrumb\"},\"inLanguage\":\"de-DE\",\"potentialAction\":[{\"@type\":\"ReadAction\",\"target\":[\"https:\\\/\\\/www.validant.com\\\/de\\\/diagnostika-und-ivd\\\/\"]}]},{\"@type\":\"ImageObject\",\"inLanguage\":\"de-DE\",\"@id\":\"https:\\\/\\\/www.validant.com\\\/de\\\/diagnostika-und-ivd\\\/#primaryimage\",\"url\":\"http:\\\/\\\/www.validant.com\\\/wp-content\\\/uploads\\\/2020\\\/07\\\/diagnostics-ivd-expertise.jpg\",\"contentUrl\":\"http:\\\/\\\/www.validant.com\\\/wp-content\\\/uploads\\\/2020\\\/07\\\/diagnostics-ivd-expertise.jpg\"},{\"@type\":\"BreadcrumbList\",\"@id\":\"https:\\\/\\\/www.validant.com\\\/de\\\/diagnostika-und-ivd\\\/#breadcrumb\",\"itemListElement\":[{\"@type\":\"ListItem\",\"position\":1,\"name\":\"Home\",\"item\":\"https:\\\/\\\/www.validant.com\\\/de\\\/\"},{\"@type\":\"ListItem\",\"position\":2,\"name\":\"Diagnostika und IVD\"}]},{\"@type\":\"WebSite\",\"@id\":\"https:\\\/\\\/www.validant.com\\\/de\\\/#website\",\"url\":\"https:\\\/\\\/www.validant.com\\\/de\\\/\",\"name\":\"Validant\",\"description\":\"Your Full-Service Global Regulatory, Compliance &amp; Quality Consultancy\",\"potentialAction\":[{\"@type\":\"SearchAction\",\"target\":{\"@type\":\"EntryPoint\",\"urlTemplate\":\"https:\\\/\\\/www.validant.com\\\/de\\\/?s={search_term_string}\"},\"query-input\":{\"@type\":\"PropertyValueSpecification\",\"valueRequired\":true,\"valueName\":\"search_term_string\"}}],\"inLanguage\":\"de-DE\"}]}<\/script>\n<!-- \/ Yoast SEO plugin. -->","yoast_head_json":{"title":"Beratungsleistungen f\u00fcr Diagnostika und IVD | Alle Phasen des Produktlebenszyklus","description":"Validant unterst\u00fctzt Entwickler und Hersteller von Diagnostika dabei, die Einhaltung der weltweiten regulatorischen, Compliance- und Qualit\u00e4tsanforderungen zu gew\u00e4hrleisten.","robots":{"index":"index","follow":"follow","max-snippet":"max-snippet:-1","max-image-preview":"max-image-preview:large","max-video-preview":"max-video-preview:-1"},"canonical":"https:\/\/www.validant.com\/de\/diagnostika-und-ivd\/","og_locale":"de_DE","og_type":"article","og_title":"Beratungsleistungen f\u00fcr Diagnostika und IVD | Alle Phasen des Produktlebenszyklus","og_description":"Validant unterst\u00fctzt Entwickler und Hersteller von Diagnostika dabei, die Einhaltung der weltweiten regulatorischen, Compliance- und Qualit\u00e4tsanforderungen zu gew\u00e4hrleisten.","og_url":"https:\/\/www.validant.com\/de\/diagnostika-und-ivd\/","og_site_name":"Validant","article_modified_time":"2021-04-14T20:09:57+00:00","og_image":[{"url":"http:\/\/www.validant.com\/wp-content\/uploads\/2020\/07\/diagnostics-ivd-expertise.jpg","type":"","width":"","height":""}],"twitter_card":"summary_large_image","twitter_misc":{"Gesch\u00e4tzte Lesezeit":"1 Minute"},"schema":{"@context":"https:\/\/schema.org","@graph":[{"@type":"WebPage","@id":"https:\/\/www.validant.com\/de\/diagnostika-und-ivd\/","url":"https:\/\/www.validant.com\/de\/diagnostika-und-ivd\/","name":"Beratungsleistungen f\u00fcr Diagnostika und IVD | Alle Phasen des Produktlebenszyklus","isPartOf":{"@id":"https:\/\/www.validant.com\/de\/#website"},"primaryImageOfPage":{"@id":"https:\/\/www.validant.com\/de\/diagnostika-und-ivd\/#primaryimage"},"image":{"@id":"https:\/\/www.validant.com\/de\/diagnostika-und-ivd\/#primaryimage"},"thumbnailUrl":"http:\/\/www.validant.com\/wp-content\/uploads\/2020\/07\/diagnostics-ivd-expertise.jpg","datePublished":"2021-03-12T17:50:48+00:00","dateModified":"2021-04-14T20:09:57+00:00","description":"Validant unterst\u00fctzt Entwickler und Hersteller von Diagnostika dabei, die Einhaltung der weltweiten regulatorischen, Compliance- und Qualit\u00e4tsanforderungen zu gew\u00e4hrleisten.","breadcrumb":{"@id":"https:\/\/www.validant.com\/de\/diagnostika-und-ivd\/#breadcrumb"},"inLanguage":"de-DE","potentialAction":[{"@type":"ReadAction","target":["https:\/\/www.validant.com\/de\/diagnostika-und-ivd\/"]}]},{"@type":"ImageObject","inLanguage":"de-DE","@id":"https:\/\/www.validant.com\/de\/diagnostika-und-ivd\/#primaryimage","url":"http:\/\/www.validant.com\/wp-content\/uploads\/2020\/07\/diagnostics-ivd-expertise.jpg","contentUrl":"http:\/\/www.validant.com\/wp-content\/uploads\/2020\/07\/diagnostics-ivd-expertise.jpg"},{"@type":"BreadcrumbList","@id":"https:\/\/www.validant.com\/de\/diagnostika-und-ivd\/#breadcrumb","itemListElement":[{"@type":"ListItem","position":1,"name":"Home","item":"https:\/\/www.validant.com\/de\/"},{"@type":"ListItem","position":2,"name":"Diagnostika und IVD"}]},{"@type":"WebSite","@id":"https:\/\/www.validant.com\/de\/#website","url":"https:\/\/www.validant.com\/de\/","name":"Validant","description":"Your Full-Service Global Regulatory, Compliance &amp; Quality Consultancy","potentialAction":[{"@type":"SearchAction","target":{"@type":"EntryPoint","urlTemplate":"https:\/\/www.validant.com\/de\/?s={search_term_string}"},"query-input":{"@type":"PropertyValueSpecification","valueRequired":true,"valueName":"search_term_string"}}],"inLanguage":"de-DE"}]}},"_links":{"self":[{"href":"https:\/\/www.validant.com\/de\/wp-json\/wp\/v2\/pages\/1745","targetHints":{"allow":["GET"]}}],"collection":[{"href":"https:\/\/www.validant.com\/de\/wp-json\/wp\/v2\/pages"}],"about":[{"href":"https:\/\/www.validant.com\/de\/wp-json\/wp\/v2\/types\/page"}],"author":[{"embeddable":true,"href":"https:\/\/www.validant.com\/de\/wp-json\/wp\/v2\/users\/3"}],"replies":[{"embeddable":true,"href":"https:\/\/www.validant.com\/de\/wp-json\/wp\/v2\/comments?post=1745"}],"version-history":[{"count":0,"href":"https:\/\/www.validant.com\/de\/wp-json\/wp\/v2\/pages\/1745\/revisions"}],"wp:attachment":[{"href":"https:\/\/www.validant.com\/de\/wp-json\/wp\/v2\/media?parent=1745"}],"curies":[{"name":"wp","href":"https:\/\/api.w.org\/{rel}","templated":true}]}}