{"id":1744,"date":"2021-03-12T17:49:36","date_gmt":"2021-03-12T17:49:36","guid":{"rendered":"http:\/\/www.validant.com\/pharmazeutika\/"},"modified":"2021-04-14T19:24:44","modified_gmt":"2021-04-14T19:24:44","slug":"pharmazeutika","status":"publish","type":"page","link":"https:\/\/www.validant.com\/de\/pharmazeutika\/","title":{"rendered":"Pharmazeutika"},"content":{"rendered":"\n<section class=\"wp-block-mkl-section-block\"><div class=\"section-bg bg__stretched\" style=\"background-image:url(https:\/\/www.validant.com\/wp-content\/uploads\/2020\/07\/pharmaceuticals-header.jpg);opacity:1\"><\/div>\n<div class=\"wp-block-mkl-section-block container pt-xl\">\n<p><\/p>\n<\/div>\n<\/section>\n\n<section class=\"wp-block-mkl-section-block transparent\">\n<div class=\"wp-block-mkl-section-block has-white-background-color container panel ot-l\">\n<h1 class=\"has-text-align-center pt-xxs wp-block-heading\"><strong><span class=\"has-inline-color has-green-color\">Pharmazeutische <\/span><\/strong>Beratungsleistungen<\/h1>\n\n\n\n<p class=\"has-text-align-center maxc1000 pt-xxs\">M\u00f6chten Sie die Entwicklung eines neues Arzneimittels einleiten, Ihre Markteinf\u00fchrungszeit beschleunigen, sich auf eine Inspektion vor der Zulassung vorbereiten, Ihre Qualit\u00e4tssysteme pr\u00fcfen und verbessern, neue Herstellungsstandorte oder Partner aufnehmen oder die Pharmakovigilanz optimieren? Wenn Sie sich nach einem einzigen Beratungspartner umschauen, der Sie dabei unterst\u00fctzt, den sicheren und zuverl\u00e4ssigen Zugang zu Ihren dringend ben\u00f6tigten pharmazeutischen Produkten zu gew\u00e4hrleisten, <strong>dann ist Validant die richtige Wahl<\/strong>.<\/p>\n<\/div>\n<\/section>\n\n<section class=\"wp-block-mkl-section-block\">\n<div class=\"wp-block-mkl-section-block container pt-xxs pb-xxs\">\n<div class=\"wp-block-columns is-layout-flex wp-container-core-columns-is-layout-9d6595d7 wp-block-columns-is-layout-flex\">\n<div class=\"wp-block-column is-layout-flow wp-block-column-is-layout-flow\">\n<figure class=\"wp-block-image size-large\"><img loading=\"lazy\" decoding=\"async\" width=\"550\" height=\"300\" src=\"http:\/\/www.validant.com\/wp-content\/uploads\/2020\/07\/pharmaceuticals-lifecycle-support.jpg\" alt=\"umfassende Erfahrung in der pharmazeutischen Beratung\" class=\"wp-image-1475\" srcset=\"https:\/\/www.validant.com\/wp-content\/uploads\/2020\/07\/pharmaceuticals-lifecycle-support.jpg 550w, https:\/\/www.validant.com\/wp-content\/uploads\/2020\/07\/pharmaceuticals-lifecycle-support-300x164.jpg 300w\" sizes=\"auto, (max-width: 550px) 100vw, 550px\" \/><\/figure>\n\n\n<div class=\"wp-block-group has-white-background-color has-background pt-xs ot-s z1 mr-m\"><div class=\"wp-block-group__inner-container is-layout-flow wp-block-group-is-layout-flow\">\n<h3 class=\"has-green-color has-text-color icon icon-strategy mb-z wp-block-heading\"><strong>Tief verwurzelte Erfahrung im Pharmabereich<\/strong><\/h3>\n\n\n\n<p class=\"max500\">Validants Partner bringen durchschnittlich 30\u00a0Jahre Erfahrung in der Pharmaindustrie mit und hatten F\u00fchrungspositionen bei den wichtigsten Pharmaunternehmen weltweit inne. Zudem haben sie Hunderte von Beratungsauftr\u00e4gen bei sowohl schnell wachsenden als auch gro\u00dfen, multinationalen Pharmakunden betreut.<\/p>\n\n\n\n<p>Des Weiteren sind die Gesch\u00e4ftsf\u00fchrer unseres Partnerunternehmens, <a href=\"http:\/\/www.data-revive.com\/\" target=\"_blank\" aria-label=\"undefined (opens in a new tab)\" rel=\"noreferrer noopener\">DataRevive<\/a>, ehemalige Beh\u00f6rdenvertreter des Center for Drug Evaluation and Research (CDER, Zentrum f\u00fcr Arzneimittelbewertung und -forschung) der FDA und Experten hinsichtlich der Optimierung von Zulassungsverfahren f\u00fcr die pharmazeutische Entwicklung.<\/p>\n\n\n\n<p>Ganz gleich, worin Ihre Anforderungen bez\u00fcglich Regulierung, Compliance und Qualit\u00e4t bestehen, unser Team hat Herausforderungen wie die Ihrigen bereits erfolgreich gel\u00f6st und verf\u00fcgt \u00fcber die Perspektive, die Hilfsmittel und die hart erk\u00e4mpfte Erfahrung, um Ihnen beim Voranbringen Ihrer Produkte zu helfen.<\/p>\n<\/div><\/div>\n<\/div>\n\n\n\n<div class=\"wp-block-column is-layout-flow wp-block-column-is-layout-flow\">\n<figure class=\"wp-block-image size-large\"><img loading=\"lazy\" decoding=\"async\" width=\"550\" height=\"300\" src=\"http:\/\/www.validant.com\/wp-content\/uploads\/2020\/07\/pharmaceuticals-deep-experience.jpg\" alt=\"Lebenszyklus-Unterst&#xFC;tzung f&#xFC;r pharmazeutische Entwicklung\" class=\"wp-image-1477\" srcset=\"https:\/\/www.validant.com\/wp-content\/uploads\/2020\/07\/pharmaceuticals-deep-experience.jpg 550w, https:\/\/www.validant.com\/wp-content\/uploads\/2020\/07\/pharmaceuticals-deep-experience-300x164.jpg 300w\" sizes=\"auto, (max-width: 550px) 100vw, 550px\" \/><\/figure>\n\n\n<div class=\"wp-block-group has-white-background-color has-background pt-xs ot-s z1 mr-m\"><div class=\"wp-block-group__inner-container is-layout-flow wp-block-group-is-layout-flow\">\n<h3 class=\"has-green-color has-text-color icon icon-partner mb-z wp-block-heading\"><strong>Ein einziger Partner zur Unterst\u00fctzung im gesamten Lebenszyklus<\/strong><\/h3>\n\n\n\n<p class=\"max500\">Durch die Zusammenarbeit mit Validant erhalten Sie Zugang zu der GxP-Expertise, die Sie ben\u00f6tigen, um Ihre Arzneimittel regelkonform von der vorklinischen Phase bis zur Kommerzialisierung und zum Vertrieb zu bringen. Wir k\u00f6nnen Ihr Ansprechpartner bei folgenden Fragen sein:<\/p>\n\n\n\n<ul class=\"wp-block-list\"><li>Regulatorische Angelegenheiten\u00a0(vor und nach der Markteinf\u00fchrung)<\/li><li>Regulierungsstrategie<\/li><li>Vorklinische und klinische Strategien<\/li><li>Bewertungen der IT und Datenintegrit\u00e4t und Ausf\u00fchrung<\/li><li>Entscheidung f\u00fcr Vertrags- oder betriebseigene Herstellung (CDMO, CMO usw.)<\/li><li>Qualit\u00e4tsmanagementsysteme<\/li><li>Interne Audits und Bereitschaft zur Inspektion<\/li><li>Pharmakovigilanz<\/li><\/ul><\/div><\/div>\n\n\n\n<p><\/p>\n<\/div>\n<\/div>\n\n\n\n<p><\/p>\n<\/div>\n<\/section>\n\n<section class=\"wp-block-mkl-section-block cta-panel mt-z mb-m\">\n<div class=\"wp-block-mkl-section-block container panel bg-greengrad\">\n<div class=\"wp-block-mkl-section-block has-green-background-color bg-greengrad panel\">\n<p><\/p>\n<\/div>\n\n\n\n<div class=\"wp-block-columns relative is-layout-flex wp-container-core-columns-is-layout-9d6595d7 wp-block-columns-is-layout-flex\">\n<div class=\"wp-block-column is-layout-flow wp-block-column-is-layout-flow\" style=\"flex-basis:33.33%\">\n<h2 class=\"has-white-color has-text-color wp-block-heading\">Wie k\u00f6nnen <strong><span class=\"has-inline-color has-lightblue-color\">wir<br\/>Ihnen behilflich sein?<\/span><\/strong><\/h2>\n<\/div>\n\n\n\n<div class=\"wp-block-column is-layout-flow wp-block-column-is-layout-flow\" style=\"flex-basis:66.66%\">\n<p class=\"has-text-color has-white-color large\">Erz\u00e4hlen Sie uns, was Sie erreichen m\u00f6chten.<br\/><strong>Wir erarbeiten basierend auf unserer Erfahrung eine L\u00f6sung f\u00fcr Ihr spezifisches Problem.<\/strong><\/p>\n\n\n\n<p class=\"btn white\"><a href=\"http:\/\/www.validant.com\/de\/beratung-anfragen\/\">Hier beginnen<\/a><\/p>\n<\/div>\n<\/div>\n<\/div>\n<\/section>\n","protected":false},"excerpt":{"rendered":"","protected":false},"author":3,"featured_media":0,"parent":0,"menu_order":0,"comment_status":"closed","ping_status":"closed","template":"","meta":{"_acf_changed":false,"footnotes":""},"class_list":["post-1744","page","type-page","status-publish","hentry"],"acf":[],"yoast_head":"<!-- This site is optimized with the Yoast SEO plugin v27.3 - https:\/\/yoast.com\/product\/yoast-seo-wordpress\/ -->\n<title>Pharmazeutische Beratungsleistungen | GCP-, GLP-, GMP- und GDP-Expertise<\/title>\n<meta name=\"description\" content=\"Wenn Sie sich nach einem einzigen Beratungspartner umschauen, der Sie dabei unterst\u00fctzt, den sicheren und zuverl\u00e4ssigen Zugang zu Ihren dringend ben\u00f6tigten pharmazeutischen Produkten zu gew\u00e4hrleisten, dann ist Validant die richtige Wahl.\" \/>\n<meta name=\"robots\" content=\"index, follow, max-snippet:-1, max-image-preview:large, max-video-preview:-1\" \/>\n<link rel=\"canonical\" href=\"https:\/\/www.validant.com\/de\/pharmazeutika\/\" \/>\n<meta property=\"og:locale\" content=\"de_DE\" \/>\n<meta property=\"og:type\" content=\"article\" \/>\n<meta property=\"og:title\" content=\"Pharmazeutische Beratungsleistungen | GCP-, GLP-, GMP- und GDP-Expertise\" \/>\n<meta property=\"og:description\" content=\"Wenn Sie sich nach einem einzigen Beratungspartner umschauen, der Sie dabei unterst\u00fctzt, den sicheren und zuverl\u00e4ssigen Zugang zu Ihren dringend ben\u00f6tigten pharmazeutischen Produkten zu gew\u00e4hrleisten, dann ist Validant die richtige Wahl.\" \/>\n<meta property=\"og:url\" content=\"https:\/\/www.validant.com\/de\/pharmazeutika\/\" \/>\n<meta property=\"og:site_name\" content=\"Validant\" \/>\n<meta property=\"article:modified_time\" content=\"2021-04-14T19:24:44+00:00\" \/>\n<meta property=\"og:image\" content=\"http:\/\/www.validant.com\/wp-content\/uploads\/2020\/07\/pharmaceuticals-lifecycle-support.jpg\" \/>\n<meta name=\"twitter:card\" content=\"summary_large_image\" \/>\n<meta name=\"twitter:label1\" content=\"Gesch\u00e4tzte Lesezeit\" \/>\n\t<meta name=\"twitter:data1\" content=\"2 Minuten\" \/>\n<script type=\"application\/ld+json\" class=\"yoast-schema-graph\">{\"@context\":\"https:\\\/\\\/schema.org\",\"@graph\":[{\"@type\":\"WebPage\",\"@id\":\"https:\\\/\\\/www.validant.com\\\/de\\\/pharmazeutika\\\/\",\"url\":\"https:\\\/\\\/www.validant.com\\\/de\\\/pharmazeutika\\\/\",\"name\":\"Pharmazeutische Beratungsleistungen | GCP-, GLP-, GMP- und GDP-Expertise\",\"isPartOf\":{\"@id\":\"https:\\\/\\\/www.validant.com\\\/de\\\/#website\"},\"primaryImageOfPage\":{\"@id\":\"https:\\\/\\\/www.validant.com\\\/de\\\/pharmazeutika\\\/#primaryimage\"},\"image\":{\"@id\":\"https:\\\/\\\/www.validant.com\\\/de\\\/pharmazeutika\\\/#primaryimage\"},\"thumbnailUrl\":\"http:\\\/\\\/www.validant.com\\\/wp-content\\\/uploads\\\/2020\\\/07\\\/pharmaceuticals-lifecycle-support.jpg\",\"datePublished\":\"2021-03-12T17:49:36+00:00\",\"dateModified\":\"2021-04-14T19:24:44+00:00\",\"description\":\"Wenn Sie sich nach einem einzigen Beratungspartner umschauen, der Sie dabei unterst\u00fctzt, den sicheren und zuverl\u00e4ssigen Zugang zu Ihren dringend ben\u00f6tigten pharmazeutischen Produkten zu gew\u00e4hrleisten, dann ist Validant die richtige Wahl.\",\"breadcrumb\":{\"@id\":\"https:\\\/\\\/www.validant.com\\\/de\\\/pharmazeutika\\\/#breadcrumb\"},\"inLanguage\":\"de-DE\",\"potentialAction\":[{\"@type\":\"ReadAction\",\"target\":[\"https:\\\/\\\/www.validant.com\\\/de\\\/pharmazeutika\\\/\"]}]},{\"@type\":\"ImageObject\",\"inLanguage\":\"de-DE\",\"@id\":\"https:\\\/\\\/www.validant.com\\\/de\\\/pharmazeutika\\\/#primaryimage\",\"url\":\"http:\\\/\\\/www.validant.com\\\/wp-content\\\/uploads\\\/2020\\\/07\\\/pharmaceuticals-lifecycle-support.jpg\",\"contentUrl\":\"http:\\\/\\\/www.validant.com\\\/wp-content\\\/uploads\\\/2020\\\/07\\\/pharmaceuticals-lifecycle-support.jpg\"},{\"@type\":\"BreadcrumbList\",\"@id\":\"https:\\\/\\\/www.validant.com\\\/de\\\/pharmazeutika\\\/#breadcrumb\",\"itemListElement\":[{\"@type\":\"ListItem\",\"position\":1,\"name\":\"Home\",\"item\":\"https:\\\/\\\/www.validant.com\\\/de\\\/\"},{\"@type\":\"ListItem\",\"position\":2,\"name\":\"Pharmazeutika\"}]},{\"@type\":\"WebSite\",\"@id\":\"https:\\\/\\\/www.validant.com\\\/de\\\/#website\",\"url\":\"https:\\\/\\\/www.validant.com\\\/de\\\/\",\"name\":\"Validant\",\"description\":\"Your Full-Service Global Regulatory, Compliance &amp; Quality Consultancy\",\"potentialAction\":[{\"@type\":\"SearchAction\",\"target\":{\"@type\":\"EntryPoint\",\"urlTemplate\":\"https:\\\/\\\/www.validant.com\\\/de\\\/?s={search_term_string}\"},\"query-input\":{\"@type\":\"PropertyValueSpecification\",\"valueRequired\":true,\"valueName\":\"search_term_string\"}}],\"inLanguage\":\"de-DE\"}]}<\/script>\n<!-- \/ Yoast SEO plugin. -->","yoast_head_json":{"title":"Pharmazeutische Beratungsleistungen | GCP-, GLP-, GMP- und GDP-Expertise","description":"Wenn Sie sich nach einem einzigen Beratungspartner umschauen, der Sie dabei unterst\u00fctzt, den sicheren und zuverl\u00e4ssigen Zugang zu Ihren dringend ben\u00f6tigten pharmazeutischen Produkten zu gew\u00e4hrleisten, dann ist Validant die richtige Wahl.","robots":{"index":"index","follow":"follow","max-snippet":"max-snippet:-1","max-image-preview":"max-image-preview:large","max-video-preview":"max-video-preview:-1"},"canonical":"https:\/\/www.validant.com\/de\/pharmazeutika\/","og_locale":"de_DE","og_type":"article","og_title":"Pharmazeutische Beratungsleistungen | GCP-, GLP-, GMP- und GDP-Expertise","og_description":"Wenn Sie sich nach einem einzigen Beratungspartner umschauen, der Sie dabei unterst\u00fctzt, den sicheren und zuverl\u00e4ssigen Zugang zu Ihren dringend ben\u00f6tigten pharmazeutischen Produkten zu gew\u00e4hrleisten, dann ist Validant die richtige Wahl.","og_url":"https:\/\/www.validant.com\/de\/pharmazeutika\/","og_site_name":"Validant","article_modified_time":"2021-04-14T19:24:44+00:00","og_image":[{"url":"http:\/\/www.validant.com\/wp-content\/uploads\/2020\/07\/pharmaceuticals-lifecycle-support.jpg","type":"","width":"","height":""}],"twitter_card":"summary_large_image","twitter_misc":{"Gesch\u00e4tzte Lesezeit":"2 Minuten"},"schema":{"@context":"https:\/\/schema.org","@graph":[{"@type":"WebPage","@id":"https:\/\/www.validant.com\/de\/pharmazeutika\/","url":"https:\/\/www.validant.com\/de\/pharmazeutika\/","name":"Pharmazeutische Beratungsleistungen | GCP-, GLP-, GMP- und GDP-Expertise","isPartOf":{"@id":"https:\/\/www.validant.com\/de\/#website"},"primaryImageOfPage":{"@id":"https:\/\/www.validant.com\/de\/pharmazeutika\/#primaryimage"},"image":{"@id":"https:\/\/www.validant.com\/de\/pharmazeutika\/#primaryimage"},"thumbnailUrl":"http:\/\/www.validant.com\/wp-content\/uploads\/2020\/07\/pharmaceuticals-lifecycle-support.jpg","datePublished":"2021-03-12T17:49:36+00:00","dateModified":"2021-04-14T19:24:44+00:00","description":"Wenn Sie sich nach einem einzigen Beratungspartner umschauen, der Sie dabei unterst\u00fctzt, den sicheren und zuverl\u00e4ssigen Zugang zu Ihren dringend ben\u00f6tigten pharmazeutischen Produkten zu gew\u00e4hrleisten, dann ist Validant die richtige Wahl.","breadcrumb":{"@id":"https:\/\/www.validant.com\/de\/pharmazeutika\/#breadcrumb"},"inLanguage":"de-DE","potentialAction":[{"@type":"ReadAction","target":["https:\/\/www.validant.com\/de\/pharmazeutika\/"]}]},{"@type":"ImageObject","inLanguage":"de-DE","@id":"https:\/\/www.validant.com\/de\/pharmazeutika\/#primaryimage","url":"http:\/\/www.validant.com\/wp-content\/uploads\/2020\/07\/pharmaceuticals-lifecycle-support.jpg","contentUrl":"http:\/\/www.validant.com\/wp-content\/uploads\/2020\/07\/pharmaceuticals-lifecycle-support.jpg"},{"@type":"BreadcrumbList","@id":"https:\/\/www.validant.com\/de\/pharmazeutika\/#breadcrumb","itemListElement":[{"@type":"ListItem","position":1,"name":"Home","item":"https:\/\/www.validant.com\/de\/"},{"@type":"ListItem","position":2,"name":"Pharmazeutika"}]},{"@type":"WebSite","@id":"https:\/\/www.validant.com\/de\/#website","url":"https:\/\/www.validant.com\/de\/","name":"Validant","description":"Your Full-Service Global Regulatory, Compliance &amp; Quality Consultancy","potentialAction":[{"@type":"SearchAction","target":{"@type":"EntryPoint","urlTemplate":"https:\/\/www.validant.com\/de\/?s={search_term_string}"},"query-input":{"@type":"PropertyValueSpecification","valueRequired":true,"valueName":"search_term_string"}}],"inLanguage":"de-DE"}]}},"_links":{"self":[{"href":"https:\/\/www.validant.com\/de\/wp-json\/wp\/v2\/pages\/1744","targetHints":{"allow":["GET"]}}],"collection":[{"href":"https:\/\/www.validant.com\/de\/wp-json\/wp\/v2\/pages"}],"about":[{"href":"https:\/\/www.validant.com\/de\/wp-json\/wp\/v2\/types\/page"}],"author":[{"embeddable":true,"href":"https:\/\/www.validant.com\/de\/wp-json\/wp\/v2\/users\/3"}],"replies":[{"embeddable":true,"href":"https:\/\/www.validant.com\/de\/wp-json\/wp\/v2\/comments?post=1744"}],"version-history":[{"count":0,"href":"https:\/\/www.validant.com\/de\/wp-json\/wp\/v2\/pages\/1744\/revisions"}],"wp:attachment":[{"href":"https:\/\/www.validant.com\/de\/wp-json\/wp\/v2\/media?parent=1744"}],"curies":[{"name":"wp","href":"https:\/\/api.w.org\/{rel}","templated":true}]}}