{"id":1741,"date":"2021-03-12T17:49:23","date_gmt":"2021-03-12T17:49:23","guid":{"rendered":"http:\/\/www.validant.com\/fallstudie-abschluss-von-warnschreiben\/"},"modified":"2021-04-14T20:10:00","modified_gmt":"2021-04-14T20:10:00","slug":"fallstudie-abschluss-von-warnschreiben","status":"publish","type":"page","link":"https:\/\/www.validant.com\/de\/fallstudie-abschluss-von-warnschreiben\/","title":{"rendered":"Fallstudie: Abschluss von Warnschreiben"},"content":{"rendered":"\n<section class=\"wp-block-mkl-section-block\"><div class=\"section-bg bg__stretched\" style=\"background-image:url(https:\/\/www.validant.com\/wp-content\/uploads\/2020\/11\/case-study-warning-letter-closure.jpg);opacity:1\"><\/div>\n<div class=\"wp-block-mkl-section-block container pt-xl\">\n<p><\/p>\n<\/div>\n<\/section>\n\n<section class=\"wp-block-mkl-section-block transparent\">\n<div class=\"wp-block-mkl-section-block has-white-background-color container panel pb-l\">\n<p class=\"large\"><strong><span class=\"has-inline-color has-olive-color\">Validant-Fallstudie<\/span><\/strong><\/p>\n\n\n\n<h1 class=\"mt-z mb-xs wp-block-heading\">Schneller Abschluss von <strong><span class=\"has-inline-color has-green-color\">Warnschreiben<\/span><\/strong><\/h1>\n\n\n\n<div class=\"wp-block-columns is-layout-flex wp-container-core-columns-is-layout-9d6595d7 wp-block-columns-is-layout-flex\">\n<div class=\"wp-block-column is-layout-flow wp-block-column-is-layout-flow\" style=\"flex-basis:65%\">\n<h6 class=\"has-white-color has-text-color bg-lightblue wp-block-heading\">Herausforderung<\/h6>\n\n\n\n<p class=\"large mb-xs\">Als ein europ\u00e4ischer Hersteller von Kosmetikprodukten <strong>ein Warnschreiben bez\u00fcglich seines Sonnenschutzmittels erhielt, das weniger als 2\u00a0% seiner Herstellungsmenge betrug,<\/strong> war sich das Unternehmen bewusst, dass die Installation eines GMP-Systems nicht die wirtschaftlichste L\u00f6sung darstellte. Daher war eine Auslagerung notwendig und der Kunde wandte sich an Validant um Hilfe.<\/p>\n\n\n\n<h6 class=\"has-white-color has-text-color bg-green wp-block-heading\">L\u00f6sung<\/h6>\n\n\n\n<p class=\"large\">Validant setzte ein Team mit lokalen Sprachkenntnissen ein, um:<\/p>\n\n\n\n<ul class=\"bullet-green wp-block-list\"><li><strong>eine ganzheitliche Bewertung des Qualit\u00e4tssystem durchzuf\u00fchren,<\/strong> einschlie\u00dflich f\u00fcr Ermittlungen, OOS und Beschwerden<\/li><li>die Auslagerung des Produkts zu <strong>leiten<\/strong><\/li><li><strong>einen vorl\u00e4ufigen Kontrollplan<\/strong> f\u00fcr bis zur Auslagerung produzierte Chargen einzurichten<\/li><li><strong>ein Qualit\u00e4tssystem aufzubauen<\/strong>, das dem neuen Outsourcing-Modell entspricht<\/li><\/ul><\/div>\n\n\n\n<div class=\"wp-block-column panel-small bg-grey is-layout-flow wp-block-column-is-layout-flow\" style=\"flex-basis:35%\">\n<h6 class=\"has-white-color has-text-color bg-olive wp-block-heading\">Ergebnis<\/h6>\n\n\n\n<p class=\"large\">Dank Validants praxisbezogener Betreuung und mithilfe der vor Ort eingesetzten Fachkr\u00e4fte konnte der europ\u00e4ische Hersteller rezeptfreier Arzneimittel<\/p>\n\n\n\n<ul class=\"bullet-olive wp-block-list\"><li>umfassende standortweite Korrekturma\u00dfnahmen vermeiden und <strong>\u00fcber 5\u00a0Mio.\u00a0USD Kosten einsparen<\/strong><\/li><li>schnell CMO\/CLO bestimmen und gleichzeitig <strong>Kundenressourcen minimieren<\/strong><\/li><li>zwischenzeitlich operative Kontrolle demonstrieren und <strong>den Abschluss des Warnschreibens erreichen<\/strong><\/li><\/ul><\/div>\n<\/div>\n<\/div>\n<\/section>\n\n<section class=\"wp-block-mkl-section-block cta-panel mb-m\">\n<div class=\"wp-block-mkl-section-block container panel bg-greengrad\">\n<div class=\"wp-block-mkl-section-block has-green-background-color bg-greengrad panel\">\n<p><\/p>\n<\/div>\n\n\n\n<div class=\"wp-block-columns relative is-layout-flex wp-container-core-columns-is-layout-9d6595d7 wp-block-columns-is-layout-flex\">\n<div class=\"wp-block-column is-layout-flow wp-block-column-is-layout-flow\" style=\"flex-basis:45%\">\n<h2 class=\"has-white-color has-text-color wp-block-heading\"><strong><span class=\"has-inline-color has-olive-color\">Sind Sie bereit? <\/span><\/strong>Erleben Sie den Validant-Unterschied aus erster Hand<\/h2>\n\n\n\n<p class=\"has-text-color has-white-color\">Lassen Sie uns noch heute Ihre Anforderungen er\u00f6rtern.<\/p>\n<\/div>\n\n\n\n<div class=\"wp-block-column pl-xs is-layout-flow wp-block-column-is-layout-flow\" style=\"flex-basis:66.66%\">\n<p class=\"has-text-color has-white-color large\">\n<div class=\"wpcf7 no-js\" id=\"wpcf7-f1960-o1\" lang=\"de-DE\" dir=\"ltr\" data-wpcf7-id=\"1960\">\n<div class=\"screen-reader-response\"><p role=\"status\" aria-live=\"polite\" aria-atomic=\"true\"><\/p> <ul><\/ul><\/div>\n<form action=\"\/de\/wp-json\/wp\/v2\/pages\/1741#wpcf7-f1960-o1\" method=\"post\" class=\"wpcf7-form init\" aria-label=\"Kontaktformular\" novalidate=\"novalidate\" data-status=\"init\">\n<fieldset class=\"hidden-fields-container\"><input type=\"hidden\" name=\"_wpcf7\" value=\"1960\" \/><input type=\"hidden\" name=\"_wpcf7_version\" value=\"6.1.5\" \/><input type=\"hidden\" name=\"_wpcf7_locale\" value=\"de_DE\" \/><input type=\"hidden\" name=\"_wpcf7_unit_tag\" value=\"wpcf7-f1960-o1\" \/><input type=\"hidden\" name=\"_wpcf7_container_post\" value=\"0\" \/><input type=\"hidden\" name=\"_wpcf7_posted_data_hash\" value=\"\" \/><input type=\"hidden\" name=\"_wpcf7dtx_version\" value=\"5.0.5\" \/>\n<\/fieldset>\n<span class=\"wpcf7-form-control-wrap campaign\" data-name=\"campaign\"><input type=\"hidden\" name=\"campaign\" class=\"wpcf7-form-control wpcf7-hidden wpcf7dtx wpcf7dtx-hidden\" aria-invalid=\"false\" value=\"https:\/\/www.validant.com\/de\/wp-json\/wp\/v2\/pages\/1741\"><\/span>\n<div class=\"row gutters\">\n\t<div class=\"col span_12\">\n\t\t<p><span class=\"wpcf7-form-control-wrap\" data-name=\"first-name\"><input size=\"40\" maxlength=\"400\" class=\"wpcf7-form-control wpcf7-text wpcf7-validates-as-required\" aria-required=\"true\" aria-invalid=\"false\" placeholder=\"First Name*\" value=\"\" type=\"text\" name=\"first-name\" \/><\/span>\n\t\t<\/p>\n\t<\/div>\n\t<div class=\"col span_12\">\n\t\t<p><span class=\"wpcf7-form-control-wrap\" data-name=\"last-name\"><input size=\"40\" maxlength=\"400\" class=\"wpcf7-form-control wpcf7-text wpcf7-validates-as-required\" aria-required=\"true\" aria-invalid=\"false\" placeholder=\"Last Name*\" value=\"\" type=\"text\" name=\"last-name\" \/><\/span>\n\t\t<\/p>\n\t<\/div>\n<\/div>\n<div class=\"row gutters\">\n\t<div class=\"col span_12\">\n\t\t<p><span class=\"wpcf7-form-control-wrap\" data-name=\"email\"><input size=\"40\" maxlength=\"400\" class=\"wpcf7-form-control wpcf7-email wpcf7-validates-as-required wpcf7-text wpcf7-validates-as-email\" aria-required=\"true\" aria-invalid=\"false\" placeholder=\"Email*\" value=\"\" type=\"email\" name=\"email\" \/><\/span>\n\t\t<\/p>\n\t<\/div>\n\t<div class=\"col span_12\">\n\t\t<p><span class=\"wpcf7-form-control-wrap\" data-name=\"company\"><input size=\"40\" maxlength=\"400\" class=\"wpcf7-form-control wpcf7-text wpcf7-validates-as-required\" aria-required=\"true\" aria-invalid=\"false\" placeholder=\"Company*\" value=\"\" type=\"text\" name=\"company\" \/><\/span>\n\t\t<\/p>\n\t<\/div>\n<\/div>\n<div class=\"row\">\n\t<div class=\"col span_24\">\n\t\t<p><span class=\"wpcf7-form-control-wrap\" data-name=\"your-message\"><textarea cols=\"40\" rows=\"10\" maxlength=\"2000\" class=\"wpcf7-form-control wpcf7-textarea\" aria-invalid=\"false\" placeholder=\"How can we help you? Tell us more about your needs.\" name=\"your-message\"><\/textarea><\/span>\n\t\t<\/p>\n\t<\/div>\n<\/div>\n<p><span class=\"wpcf7-form-control-wrap\" data-name=\"PrivacyAcceptance\"><span class=\"wpcf7-form-control wpcf7-acceptance\"><span class=\"wpcf7-list-item\"><input type=\"checkbox\" name=\"PrivacyAcceptance\" value=\"1\" aria-invalid=\"false\" \/><\/span><\/span><\/span> Ich stimme zu, dass Validant alle pers\u00f6nlichen Daten, die ich an Validant \u00fcbermittle, in \u00dcbereinstimmung mit der <a style=\"text-decoration:underline;\" href=\"\/privacy-policy\/\">Datenschutzrichtlinie<\/a> des Unternehmens erfasst und verarbeitet. In \u00dcbereinstimmung mit den Anforderungen der Europ\u00e4ischen Datenschutzgrundverordnung (GDPR) ist mir bekannt, dass ich das Recht habe, diese Zustimmung jederzeit zu widerrufen.\n<\/p><div class=\"wpcf7-response-output\" aria-hidden=\"true\"><\/div>\n<\/form>\n<\/div>\n<\/p>\n<\/div>\n<\/div>\n<\/div>\n<\/section>\n","protected":false},"excerpt":{"rendered":"","protected":false},"author":2,"featured_media":0,"parent":0,"menu_order":0,"comment_status":"closed","ping_status":"closed","template":"","meta":{"_acf_changed":false,"footnotes":""},"class_list":["post-1741","page","type-page","status-publish","hentry"],"acf":[],"yoast_head":"<!-- This site is optimized with the Yoast SEO plugin v27.1.1 - https:\/\/yoast.com\/product\/yoast-seo-wordpress\/ -->\n<title>Validant-Fallstudie: Schneller Abschluss von Warnschreiben<\/title>\n<meta name=\"description\" content=\"Als ein europ\u00e4ischer Hersteller rezeptfreier Arzneimittel ein Warnschreiben oder \u201eWarning Letter\u201c erhielt, wandte sich das zust\u00e4ndige Team an Validant um Hilfe.\" \/>\n<meta name=\"robots\" content=\"index, follow, max-snippet:-1, max-image-preview:large, max-video-preview:-1\" \/>\n<link rel=\"canonical\" href=\"https:\/\/www.validant.com\/de\/fallstudie-abschluss-von-warnschreiben\/\" \/>\n<meta property=\"og:locale\" content=\"de_DE\" \/>\n<meta property=\"og:type\" content=\"article\" \/>\n<meta property=\"og:title\" content=\"Validant-Fallstudie: Schneller Abschluss von Warnschreiben\" \/>\n<meta property=\"og:description\" content=\"Als ein europ\u00e4ischer Hersteller rezeptfreier Arzneimittel ein Warnschreiben oder \u201eWarning Letter\u201c erhielt, wandte sich das zust\u00e4ndige Team an Validant um Hilfe.\" \/>\n<meta property=\"og:url\" content=\"https:\/\/www.validant.com\/de\/fallstudie-abschluss-von-warnschreiben\/\" \/>\n<meta property=\"og:site_name\" content=\"Validant\" \/>\n<meta property=\"article:modified_time\" content=\"2021-04-14T20:10:00+00:00\" \/>\n<meta name=\"twitter:card\" content=\"summary_large_image\" \/>\n<meta name=\"twitter:label1\" content=\"Gesch\u00e4tzte Lesezeit\" \/>\n\t<meta name=\"twitter:data1\" content=\"1 Minute\" \/>\n<script type=\"application\/ld+json\" class=\"yoast-schema-graph\">{\"@context\":\"https:\/\/schema.org\",\"@graph\":[{\"@type\":\"WebPage\",\"@id\":\"https:\/\/www.validant.com\/de\/fallstudie-abschluss-von-warnschreiben\/\",\"url\":\"https:\/\/www.validant.com\/de\/fallstudie-abschluss-von-warnschreiben\/\",\"name\":\"Validant-Fallstudie: Schneller Abschluss von Warnschreiben\",\"isPartOf\":{\"@id\":\"https:\/\/www.validant.com\/de\/#website\"},\"datePublished\":\"2021-03-12T17:49:23+00:00\",\"dateModified\":\"2021-04-14T20:10:00+00:00\",\"description\":\"Als ein europ\u00e4ischer Hersteller rezeptfreier Arzneimittel ein Warnschreiben oder \u201eWarning Letter\u201c erhielt, wandte sich das zust\u00e4ndige Team an Validant um Hilfe.\",\"breadcrumb\":{\"@id\":\"https:\/\/www.validant.com\/de\/fallstudie-abschluss-von-warnschreiben\/#breadcrumb\"},\"inLanguage\":\"de-DE\",\"potentialAction\":[{\"@type\":\"ReadAction\",\"target\":[\"https:\/\/www.validant.com\/de\/fallstudie-abschluss-von-warnschreiben\/\"]}]},{\"@type\":\"BreadcrumbList\",\"@id\":\"https:\/\/www.validant.com\/de\/fallstudie-abschluss-von-warnschreiben\/#breadcrumb\",\"itemListElement\":[{\"@type\":\"ListItem\",\"position\":1,\"name\":\"Home\",\"item\":\"https:\/\/www.validant.com\/de\/\"},{\"@type\":\"ListItem\",\"position\":2,\"name\":\"Fallstudie: Abschluss von Warnschreiben\"}]},{\"@type\":\"WebSite\",\"@id\":\"https:\/\/www.validant.com\/de\/#website\",\"url\":\"https:\/\/www.validant.com\/de\/\",\"name\":\"Validant\",\"description\":\"Your Full-Service Global Regulatory, Compliance &amp; Quality Consultancy\",\"potentialAction\":[{\"@type\":\"SearchAction\",\"target\":{\"@type\":\"EntryPoint\",\"urlTemplate\":\"https:\/\/www.validant.com\/de\/?s={search_term_string}\"},\"query-input\":{\"@type\":\"PropertyValueSpecification\",\"valueRequired\":true,\"valueName\":\"search_term_string\"}}],\"inLanguage\":\"de-DE\"}]}<\/script>\n<!-- \/ Yoast SEO plugin. -->","yoast_head_json":{"title":"Validant-Fallstudie: Schneller Abschluss von Warnschreiben","description":"Als ein europ\u00e4ischer Hersteller rezeptfreier Arzneimittel ein Warnschreiben oder \u201eWarning Letter\u201c erhielt, wandte sich das zust\u00e4ndige Team an Validant um Hilfe.","robots":{"index":"index","follow":"follow","max-snippet":"max-snippet:-1","max-image-preview":"max-image-preview:large","max-video-preview":"max-video-preview:-1"},"canonical":"https:\/\/www.validant.com\/de\/fallstudie-abschluss-von-warnschreiben\/","og_locale":"de_DE","og_type":"article","og_title":"Validant-Fallstudie: Schneller Abschluss von Warnschreiben","og_description":"Als ein europ\u00e4ischer Hersteller rezeptfreier Arzneimittel ein Warnschreiben oder \u201eWarning Letter\u201c erhielt, wandte sich das zust\u00e4ndige Team an Validant um Hilfe.","og_url":"https:\/\/www.validant.com\/de\/fallstudie-abschluss-von-warnschreiben\/","og_site_name":"Validant","article_modified_time":"2021-04-14T20:10:00+00:00","twitter_card":"summary_large_image","twitter_misc":{"Gesch\u00e4tzte Lesezeit":"1 Minute"},"schema":{"@context":"https:\/\/schema.org","@graph":[{"@type":"WebPage","@id":"https:\/\/www.validant.com\/de\/fallstudie-abschluss-von-warnschreiben\/","url":"https:\/\/www.validant.com\/de\/fallstudie-abschluss-von-warnschreiben\/","name":"Validant-Fallstudie: Schneller Abschluss von Warnschreiben","isPartOf":{"@id":"https:\/\/www.validant.com\/de\/#website"},"datePublished":"2021-03-12T17:49:23+00:00","dateModified":"2021-04-14T20:10:00+00:00","description":"Als ein europ\u00e4ischer Hersteller rezeptfreier Arzneimittel ein Warnschreiben oder \u201eWarning Letter\u201c erhielt, wandte sich das zust\u00e4ndige Team an Validant um Hilfe.","breadcrumb":{"@id":"https:\/\/www.validant.com\/de\/fallstudie-abschluss-von-warnschreiben\/#breadcrumb"},"inLanguage":"de-DE","potentialAction":[{"@type":"ReadAction","target":["https:\/\/www.validant.com\/de\/fallstudie-abschluss-von-warnschreiben\/"]}]},{"@type":"BreadcrumbList","@id":"https:\/\/www.validant.com\/de\/fallstudie-abschluss-von-warnschreiben\/#breadcrumb","itemListElement":[{"@type":"ListItem","position":1,"name":"Home","item":"https:\/\/www.validant.com\/de\/"},{"@type":"ListItem","position":2,"name":"Fallstudie: Abschluss von Warnschreiben"}]},{"@type":"WebSite","@id":"https:\/\/www.validant.com\/de\/#website","url":"https:\/\/www.validant.com\/de\/","name":"Validant","description":"Your Full-Service Global Regulatory, Compliance &amp; Quality Consultancy","potentialAction":[{"@type":"SearchAction","target":{"@type":"EntryPoint","urlTemplate":"https:\/\/www.validant.com\/de\/?s={search_term_string}"},"query-input":{"@type":"PropertyValueSpecification","valueRequired":true,"valueName":"search_term_string"}}],"inLanguage":"de-DE"}]}},"_links":{"self":[{"href":"https:\/\/www.validant.com\/de\/wp-json\/wp\/v2\/pages\/1741","targetHints":{"allow":["GET"]}}],"collection":[{"href":"https:\/\/www.validant.com\/de\/wp-json\/wp\/v2\/pages"}],"about":[{"href":"https:\/\/www.validant.com\/de\/wp-json\/wp\/v2\/types\/page"}],"author":[{"embeddable":true,"href":"https:\/\/www.validant.com\/de\/wp-json\/wp\/v2\/users\/2"}],"replies":[{"embeddable":true,"href":"https:\/\/www.validant.com\/de\/wp-json\/wp\/v2\/comments?post=1741"}],"version-history":[{"count":0,"href":"https:\/\/www.validant.com\/de\/wp-json\/wp\/v2\/pages\/1741\/revisions"}],"wp:attachment":[{"href":"https:\/\/www.validant.com\/de\/wp-json\/wp\/v2\/media?parent=1741"}],"curies":[{"name":"wp","href":"https:\/\/api.w.org\/{rel}","templated":true}]}}