{"id":1740,"date":"2021-03-12T17:49:20","date_gmt":"2021-03-12T17:49:20","guid":{"rendered":"http:\/\/www.validant.com\/ueber-cookies\/"},"modified":"2021-04-14T19:24:46","modified_gmt":"2021-04-14T19:24:46","slug":"ueber-cookies","status":"publish","type":"page","link":"https:\/\/www.validant.com\/de\/ueber-cookies\/","title":{"rendered":"\u00dcber Cookies"},"content":{"rendered":"\n<section class=\"wp-block-mkl-section-block\">\n<div class=\"wp-block-mkl-section-block container mt-z\">\n<h1 class=\"has-text-align-left mt-z wp-block-heading\"><strong><span class=\"has-inline-color has-green-color\">\u00dcber Cookies<\/span><\/strong><\/h1>\n\n\n\n<div class=\"wp-block-group max1000\"><div class=\"wp-block-group__inner-container is-layout-flow wp-block-group-is-layout-flow\">\n<p class=\"large\">Diese Website verwendet Cookies. Ein \u201eCookie\u201c ist ein kleiner Datensatz, der auf der Festplatte eines Computers gespeichert wird. Er zeichnet die Navigation eines Nutzers auf einer Website auf, damit bei einem erneuten Besuch der Website ma\u00dfgeschneiderte Optionen basierend auf den beim letzten Besuch aufgezeichneten Informationen pr\u00e4sentiert werden k\u00f6nnen.<\/p>\n\n\n\n<p>Cookies k\u00f6nnen auch zur Analyse des Datenverkehrs und f\u00fcr Werbe- und Marketingzwecke eingesetzt werden. \u201eSitzungscookies\u201c werden nur w\u00e4hrend Ihrer Web-Sitzung auf Ihrem Computer gespeichert und beim Schlie\u00dfen des Browsers automatisch gel\u00f6scht. Sie speichern gew\u00f6hnlich eine anonyme Sitzungs-ID, erfassen aber keine Daten von Ihrem Computer. \u201ePermanente Cookies\u201c werden als Datei auf Ihrem Computer gespeichert und verbleiben beim Schlie\u00dfen Ihres Browsers dort. Diese Cookies k\u00f6nnen von der Website, die sie erstellt hat, bei Ihrem erneuten Besuch der Website gelesen werden.<\/p>\n\n\n\n<p>Jeder gr\u00f6\u00dfere Browser-Anbieter liefert Informationen dazu, wie von ihren Browsern erstellte Cookies verwaltet werden k\u00f6nnen. Hier einige Beispiele:<\/p>\n\n\n\n<ul class=\"wp-block-list\"><li><a href=\"https:\/\/support.google.com\/chrome\/answer\/95647?co=GENIE.Platform%3DDesktop&amp;hl=en\" target=\"_blank\" rel=\"noreferrer noopener\">Google Chrome<\/a><\/li><li><a href=\"https:\/\/support.mozilla.org\/en-US\/kb\/enable-and-disable-cookies-website-preferences\" target=\"_blank\" rel=\"noreferrer noopener\">Mozilla Firefox<\/a><\/li><li><a href=\"https:\/\/support.apple.com\/guide\/safari\/manage-cookies-and-website-data-sfri11471\/mac\" target=\"_blank\" rel=\"noreferrer noopener\">MacOS Safari<\/a><\/li><li><a href=\"https:\/\/support.microsoft.com\/en-us\/help\/17442\/windows-internet-explorer-delete-manage-cookies\" target=\"_blank\" rel=\"noreferrer noopener\">Microsoft Internet Explorer<\/a><\/li><\/ul>\n\n\n<p>Validant verwendet Cookies nur im begrenzten Ma\u00dfe auf dieser Website. In der folgenden Tabelle werden die verwendeten Cookies und ihr allgemeiner Zweck aufgef\u00fchrt:<\/p>\n<\/div><\/div>\n\n\n\n<figure class=\"wp-block-table max1000 mt-xs\"><table><tbody><tr><td><strong>Cookie<\/strong><\/td><td><strong>Typ<\/strong><\/td><td><strong>Dauer<\/strong><\/td><td><strong>Beschreibung<\/strong><\/td><\/tr><tr><td>_ga<\/td><td>Permanent<\/td><td>2\u00a0Jahre<\/td><td>Von Google Analytics zur Zeitverfolgung auf verschiedenen Seiten verwendet, identifiziert einmalige Besucher und Sitzungen zur Berechnung von Nutzungsstatistiken. Beispieldaten: GA1.2.639432145.1549654987<\/td><\/tr><tr><td>_gd<\/td><td>Permanent<\/td><td>1\u00a0Tag<\/td><td>Von Google Analytics zur Zeitverfolgung auf verschiedenen Seiten verwendet, identifiziert einmalige Besucher und Sitzungen zur Berechnung von Nutzungsstatistiken. Beispieldaten: GA1.2.9873214975.1654754018<\/td><\/tr><tr><td>gdpr<\/td><td>Permanent<\/td><td>1\u00a0Jahr<\/td><td>Verwaltet die Auswahl bez\u00fcglich der Verwendung von Cookies auf der Website durch einen Nutzer<\/td><\/tr><tr><td>Sonstige CMS-Cookies<\/td><td>Sitzung<\/td><td>n.\u00a0v.<\/td><td>Diese Website wird \u00fcber ein im Handel erh\u00e4ltliches Content Management System gehostet. Aus Gr\u00fcnden der Cybersicherheit machen wir keine Angabe zu diesem CMS. Wenn ein Administrator sich bei dem CMS-Dashboard-Hilfsprogramm zur Verwaltung dieser Website anmeldet, werden bestimmte Cookies in den Browser geschrieben. Sollten Sie nicht der Administrator dieser Website sein, sind diese Cookies auf Ihre Nutzung der Website nicht anwendbar.<\/td><\/tr><tr><td>PHPSESSID<\/td><td>Sitzung<\/td><td>Sitzung<\/td><td>Sitzungscookie: Dieser wird bei Anzeige der Startseite erstellt, w\u00e4hrend der Nutzung der Website gespeichert und beim Schlie\u00dfen des Browser-Fensters gel\u00f6scht. Beispielwert: e9d9t2fjf3jespdl47an0m0362<\/td><\/tr><tr><td>Angesehene Cookie-Richtlinie<\/td><td>Permanent<\/td><td>1\u00a0Jahr<\/td><td>Gibt an, ob sich der Nutzer das Benachrichtigungsbanner f\u00fcr Cookies angesehen hat Beispielwerte: Ja\/Nein<\/td><\/tr><\/tbody><\/table><\/figure>\n\n\n<p><\/p>\n\n\n\n<div class=\"wp-block-group max900\"><div class=\"wp-block-group__inner-container is-layout-flow wp-block-group-is-layout-flow\">\n<div class=\"wp-block-group max900 is-layout-flow wp-block-group-is-layout-flow\"><div class=\"wp-block-group__inner-container\"><\/div><\/div>\n<\/div><\/div>\n<\/div>\n<\/section>\n","protected":false},"excerpt":{"rendered":"","protected":false},"author":3,"featured_media":0,"parent":0,"menu_order":0,"comment_status":"closed","ping_status":"closed","template":"","meta":{"_acf_changed":false,"footnotes":""},"class_list":["post-1740","page","type-page","status-publish","hentry"],"acf":[],"yoast_head":"<!-- This site is optimized with the Yoast SEO plugin v27.3 - https:\/\/yoast.com\/product\/yoast-seo-wordpress\/ -->\n<title>\u00dcber Cookies | Validants Website verwendet Cookies<\/title>\n<meta name=\"robots\" content=\"index, follow, max-snippet:-1, max-image-preview:large, max-video-preview:-1\" \/>\n<link rel=\"canonical\" href=\"https:\/\/www.validant.com\/de\/ueber-cookies\/\" \/>\n<meta property=\"og:locale\" content=\"de_DE\" \/>\n<meta property=\"og:type\" content=\"article\" \/>\n<meta property=\"og:title\" content=\"\u00dcber Cookies | Validants Website verwendet Cookies\" \/>\n<meta property=\"og:url\" content=\"https:\/\/www.validant.com\/de\/ueber-cookies\/\" \/>\n<meta property=\"og:site_name\" content=\"Validant\" \/>\n<meta property=\"article:modified_time\" content=\"2021-04-14T19:24:46+00:00\" \/>\n<meta name=\"twitter:card\" content=\"summary_large_image\" \/>\n<meta name=\"twitter:label1\" content=\"Gesch\u00e4tzte Lesezeit\" \/>\n\t<meta name=\"twitter:data1\" content=\"2 Minuten\" \/>\n<script type=\"application\/ld+json\" class=\"yoast-schema-graph\">{\"@context\":\"https:\\\/\\\/schema.org\",\"@graph\":[{\"@type\":\"WebPage\",\"@id\":\"https:\\\/\\\/www.validant.com\\\/de\\\/ueber-cookies\\\/\",\"url\":\"https:\\\/\\\/www.validant.com\\\/de\\\/ueber-cookies\\\/\",\"name\":\"\u00dcber Cookies | Validants Website verwendet Cookies\",\"isPartOf\":{\"@id\":\"https:\\\/\\\/www.validant.com\\\/de\\\/#website\"},\"datePublished\":\"2021-03-12T17:49:20+00:00\",\"dateModified\":\"2021-04-14T19:24:46+00:00\",\"breadcrumb\":{\"@id\":\"https:\\\/\\\/www.validant.com\\\/de\\\/ueber-cookies\\\/#breadcrumb\"},\"inLanguage\":\"de-DE\",\"potentialAction\":[{\"@type\":\"ReadAction\",\"target\":[\"https:\\\/\\\/www.validant.com\\\/de\\\/ueber-cookies\\\/\"]}]},{\"@type\":\"BreadcrumbList\",\"@id\":\"https:\\\/\\\/www.validant.com\\\/de\\\/ueber-cookies\\\/#breadcrumb\",\"itemListElement\":[{\"@type\":\"ListItem\",\"position\":1,\"name\":\"Home\",\"item\":\"https:\\\/\\\/www.validant.com\\\/de\\\/\"},{\"@type\":\"ListItem\",\"position\":2,\"name\":\"\u00dcber Cookies\"}]},{\"@type\":\"WebSite\",\"@id\":\"https:\\\/\\\/www.validant.com\\\/de\\\/#website\",\"url\":\"https:\\\/\\\/www.validant.com\\\/de\\\/\",\"name\":\"Validant\",\"description\":\"Your Full-Service Global Regulatory, Compliance &amp; Quality Consultancy\",\"potentialAction\":[{\"@type\":\"SearchAction\",\"target\":{\"@type\":\"EntryPoint\",\"urlTemplate\":\"https:\\\/\\\/www.validant.com\\\/de\\\/?s={search_term_string}\"},\"query-input\":{\"@type\":\"PropertyValueSpecification\",\"valueRequired\":true,\"valueName\":\"search_term_string\"}}],\"inLanguage\":\"de-DE\"}]}<\/script>\n<!-- \/ Yoast SEO plugin. -->","yoast_head_json":{"title":"\u00dcber Cookies | Validants Website verwendet Cookies","robots":{"index":"index","follow":"follow","max-snippet":"max-snippet:-1","max-image-preview":"max-image-preview:large","max-video-preview":"max-video-preview:-1"},"canonical":"https:\/\/www.validant.com\/de\/ueber-cookies\/","og_locale":"de_DE","og_type":"article","og_title":"\u00dcber Cookies | Validants Website verwendet Cookies","og_url":"https:\/\/www.validant.com\/de\/ueber-cookies\/","og_site_name":"Validant","article_modified_time":"2021-04-14T19:24:46+00:00","twitter_card":"summary_large_image","twitter_misc":{"Gesch\u00e4tzte Lesezeit":"2 Minuten"},"schema":{"@context":"https:\/\/schema.org","@graph":[{"@type":"WebPage","@id":"https:\/\/www.validant.com\/de\/ueber-cookies\/","url":"https:\/\/www.validant.com\/de\/ueber-cookies\/","name":"\u00dcber Cookies | Validants Website verwendet Cookies","isPartOf":{"@id":"https:\/\/www.validant.com\/de\/#website"},"datePublished":"2021-03-12T17:49:20+00:00","dateModified":"2021-04-14T19:24:46+00:00","breadcrumb":{"@id":"https:\/\/www.validant.com\/de\/ueber-cookies\/#breadcrumb"},"inLanguage":"de-DE","potentialAction":[{"@type":"ReadAction","target":["https:\/\/www.validant.com\/de\/ueber-cookies\/"]}]},{"@type":"BreadcrumbList","@id":"https:\/\/www.validant.com\/de\/ueber-cookies\/#breadcrumb","itemListElement":[{"@type":"ListItem","position":1,"name":"Home","item":"https:\/\/www.validant.com\/de\/"},{"@type":"ListItem","position":2,"name":"\u00dcber Cookies"}]},{"@type":"WebSite","@id":"https:\/\/www.validant.com\/de\/#website","url":"https:\/\/www.validant.com\/de\/","name":"Validant","description":"Your Full-Service Global Regulatory, Compliance &amp; Quality Consultancy","potentialAction":[{"@type":"SearchAction","target":{"@type":"EntryPoint","urlTemplate":"https:\/\/www.validant.com\/de\/?s={search_term_string}"},"query-input":{"@type":"PropertyValueSpecification","valueRequired":true,"valueName":"search_term_string"}}],"inLanguage":"de-DE"}]}},"_links":{"self":[{"href":"https:\/\/www.validant.com\/de\/wp-json\/wp\/v2\/pages\/1740","targetHints":{"allow":["GET"]}}],"collection":[{"href":"https:\/\/www.validant.com\/de\/wp-json\/wp\/v2\/pages"}],"about":[{"href":"https:\/\/www.validant.com\/de\/wp-json\/wp\/v2\/types\/page"}],"author":[{"embeddable":true,"href":"https:\/\/www.validant.com\/de\/wp-json\/wp\/v2\/users\/3"}],"replies":[{"embeddable":true,"href":"https:\/\/www.validant.com\/de\/wp-json\/wp\/v2\/comments?post=1740"}],"version-history":[{"count":0,"href":"https:\/\/www.validant.com\/de\/wp-json\/wp\/v2\/pages\/1740\/revisions"}],"wp:attachment":[{"href":"https:\/\/www.validant.com\/de\/wp-json\/wp\/v2\/media?parent=1740"}],"curies":[{"name":"wp","href":"https:\/\/api.w.org\/{rel}","templated":true}]}}