{"id":1738,"date":"2021-03-12T17:49:14","date_gmt":"2021-03-12T17:49:14","guid":{"rendered":"http:\/\/www.validant.com\/datenschutzrichtlinie\/"},"modified":"2021-12-08T23:07:29","modified_gmt":"2021-12-08T23:07:29","slug":"datenschutzrichtlinie","status":"publish","type":"page","link":"https:\/\/www.validant.com\/de\/datenschutzrichtlinie\/","title":{"rendered":"Datenschutzrichtlinie"},"content":{"rendered":"\n<section class=\"wp-block-mkl-section-block\">\n<div class=\"wp-block-mkl-section-block container mt-z\">\n<h1 class=\"has-text-align-left mt-z wp-block-heading\"><strong><span class=\"has-inline-color has-green-color\">Datenschutzrichtlinie<\/span><\/strong><\/h1>\n\n\n\n<p class=\"has-text-align-left large pb-xxs\">Zuletzt aktualisiert: Juli&nbsp;2020<\/p>\n\n\n\n<div class=\"wp-block-group max900\"><div class=\"wp-block-group__inner-container is-layout-flow wp-block-group-is-layout-flow\">\n<p>Validant hat sich dem Schutz der Vertraulichkeit und der seinem Unternehmen anvertrauten Daten verpflichtet. Als Teil dieser grundlegenden Verpflichtung setzt sich Validant daf\u00fcr ein, die pers\u00f6nlichen Informationen, die von uns \u00fcber unsere Websites oder sonstige Onlinedienste, die diese Datenschutzrichtlinie ver\u00f6ffentlichen oder mit einem Link auf diese verweisen, erhoben oder uns bereitgestellt werden, auf angemessene Weise zu sch\u00fctzen und zu nutzen.<\/p>\n\n\n\n<p class=\"pt-xxs\"><strong>1. ERHEBUNG PERSONENBEZOGENER DATEN<\/strong><\/p>\n\n\n\n<p>Wenn Sie diese Website (\u201eWebsite\u201c) nutzen, k\u00f6nnen wir gewisse Informationen erheben, die Sie als Einzelperson identifizieren oder sich auf eine identifizierbare Person beziehen (\u201epersonenbezogene Daten\u201c). Die Kategorien der personenbezogenen Daten, die von Validant \u00fcber die Website* (oder auf sonstige, nachstehend angegebene Weise) erhoben werden, umfassen:<\/p>\n\n\n\n<p>Mit Bezug auf die Besucher dieser Website sammeln wir \u00fcber Ihren Browser oder bei Ihrem Besuch unserer Website direkt von Ihnen die folgenden Kategorien an Informationen:<\/p>\n\n\n\n<ul class=\"wp-block-list\"><li>Internetaktivit\u00e4ten, wie Ihre Navigationsaktivit\u00e4ten auf der Website, Ihre IP-Adresse, Cookies und Geolokalisierungsdaten<\/li><\/ul>\n\n\n\n<p>Mit Bezug auf Kandidaten f\u00fcr Beraterpositionen (\u201eKandidaten\u201c) und unsere Mitarbeiter sammeln wir die folgenden Kategorien an Informationen:<\/p>\n\n\n\n<ul class=\"wp-block-list\"><li>Identifizierungsmerkmale wie Name und Kontaktinformationen (E-Mail, Post- und Privatadresse sowie Telefonnummer)<\/li><li>Berufliche Daten oder Daten in Bezug auf das Besch\u00e4ftigungsverh\u00e4ltnis wie Kriterien und Pr\u00e4ferenzen f\u00fcr die Stellensuche, Verf\u00fcgbarkeit, Berufserfahrung, Ausbildung, Kompetenzen, Referenzen, Hintergrundpr\u00fcfungsinformationen, Gehaltsvorstellungen, Arbeitserlaubnis f\u00fcr die USA, beherrschte Sprachen sowie weitere in einem Lebenslauf enthaltene Informationen<\/li><li>Notfall-Kontaktinformationen mit vollst\u00e4ndigem Namen und Telefonnummer<\/li><li>Gegen Sicherheitsverletzungen gesch\u00fctzte Informationen wie Bankdaten (z.&nbsp;B. wenn ein Mitarbeiter sein Gehalt direkt per Einzahlung auf sein Konto erh\u00e4lt), wie Kontonummern und \u00dcberweisungsinformationen<\/li><\/ul>\n\n\n\n<p>Mit Bezug auf Kunden von Validant (\u201eKunden\u201c) sammeln wir die folgenden Kategorien personenbezogener Daten:<\/p>\n\n\n\n<ul class=\"wp-block-list\"><li>Identifizierungsmerkmale wie Name, gesch\u00e4ftliche Telefonnummer und gesch\u00e4ftliche E-Mail-Adresse<\/li><li>Berufliche Daten oder Daten in Bezug auf das Besch\u00e4ftigungsverh\u00e4ltnis wie Firmenname, Abteilung und Berufszeichnung<\/li><li>Gegen Sicherheitsverletzungen gesch\u00fctzte Informationen wie Bank- und Zahlungsdaten, wenn wir einem Kunden Dienste bereitstellen, abh\u00e4ngig davon, auf welche Weise der Kunden f\u00fcr geleistete Dienste zahlen m\u00f6chte<\/li><\/ul>\n\n\n\n<p>Mit Bezug auf Lieferanten und unabh\u00e4ngige Auftragnehmer sammeln wir die folgenden Kategorien personenbezogener Daten von diesen Lieferanten, unabh\u00e4ngigen Auftragnehmern oder Gesch\u00e4ftskontakten von Validant, die einen Lieferanten oder unabh\u00e4ngigen Auftragnehmer empfehlen m\u00f6chten:<\/p>\n\n\n\n<ul class=\"wp-block-list\"><li>Identifizierungsmerkmale wie Name, gesch\u00e4ftliche Telefonnummer und gesch\u00e4ftliche E-Mail-Adresse<\/li><li>Berufliche Informationen wie Firmenname, Abteilung und Berufszeichnung<\/li><li>Gegen Sicherheitsverletzungen gesch\u00fctzte Informationen wie Informationen zum Bankkonto, damit wir einen Lieferanten oder unabh\u00e4ngigen Auftragnehmer f\u00fcr die Bereitstellung von Produkten und Dienstleistungen an Valiant bezahlen k\u00f6nnen<\/li><\/ul>\n\n\n\n<p>Validant nutzt keine \u00fcber die Website erhobenen Informationen f\u00fcr Direktmarketingzwecke. Mit Bezug auf potenzielle Kunden kann Validant jedoch die folgenden Kategorien personenbezogener Daten entweder direkt von einem potenziellen Kunden oder mittels \u00f6ffentlich im Internet verf\u00fcgbarer Informationen erheben:<\/p>\n\n\n\n<ul class=\"wp-block-list\"><li>Identifizierungsmerkmale wie Name, gesch\u00e4ftliche Telefonnummer und gesch\u00e4ftliche E-Mail-Adresse<\/li><li>Berufliche Daten oder Daten in Bezug auf das Besch\u00e4ftigungsverh\u00e4ltnis wie Firmenname, Abteilung und Berufszeichnung<\/li><\/ul>\n\n\n\n<p class=\"pt-xxs\"><strong>2. NUTZUNG PERSONENBEZOGENER DATEN<\/strong><\/p>\n\n\n\n<p>Nachstehend f\u00fchren wir die gesch\u00e4ftlichen und gewerblichen Zwecke auf, f\u00fcr die wir personenbezogene Daten nutzen. Wir nutzen personenbezogene Daten, um Ihnen Informationen hinsichtlich Besch\u00e4ftigungs-\/Projektm\u00f6glichkeiten bereitzustellen, unsere Beziehung mit Ihnen zu verwalten, Gesch\u00e4ftsaktivit\u00e4ten zu entwickeln und durchzuf\u00fchren sowie Ihnen anderweitig angeforderte Informationen oder Dienste bereitzustellen. Wir k\u00f6nnen pers\u00f6nliche Informationen auch f\u00fcr andere Gesch\u00e4ftszwecke, wie f\u00fcr die Datenanalyse, Audits und die Verbesserungen unserer Dienste, nutzen.<\/p>\n\n\n\n<p>Zus\u00e4tzlich zu den oben genannten Zwecken nutzen wir Ihre Informationen wie im nachstehenden Abschnitt \u201eOffenlegung personenbezogener Daten f\u00fcr Gesch\u00e4ftszwecke\u201c beschrieben.<\/p>\n\n\n\n<p class=\"pt-xxs\"><strong>3. KEIN VERKAUF PERSONENBEZOGENER DATEN<\/strong><\/p>\n\n\n\n<p>Wir verkaufen keine personenbezogenen Daten.<\/p>\n\n\n\n<p class=\"pt-xxs\"><strong>4. OFFENLEGUNG PERSONENBEZOGENER DATEN F\u00dcR GESCH\u00c4FTSZWECKE<\/strong><\/p>\n\n\n\n<p>Zu gesch\u00e4ftlichen oder gewerblichen Zwecken kann Validant die folgenden Kategorien personenbezogener Daten an Dritte weitergeben:<\/p>\n\n\n\n<ul class=\"wp-block-list\"><li>Identifizierungsmerkmale wie Name und E-Mail-Adresse<\/li><li>Gesch\u00fctzte Klassifizierungscharakteristika nach kalifornischem oder Bundesgesetz wie Geschlecht<\/li><li>Gegen Sicherheitsverletzungen gesch\u00fctzte Informationen wie \u00dcberweisungsinformationen oder Kontodaten, damit wir unsere Arbeitnehmer bezahlen und unsere Kunden uns bezahlen k\u00f6nnen<\/li><li>Geolokalisierungsdaten<\/li><li>Berufliche Daten oder Daten in Bezug auf das Besch\u00e4ftigungsverh\u00e4ltnis<\/li><li>Daten zur Ausbildung<\/li><\/ul>\n\n\n\n<p>Validant kann personenbezogene Daten an Dritte der folgenden Kategorien weitergeben:<\/p>\n\n\n\n<ul class=\"wp-block-list\"><li><strong>Dienstleister.<\/strong> Wir k\u00f6nnen personenbezogene Daten an unsere externen Dienstleister weitergeben, die in unserem Auftrag Gesch\u00e4ftsfunktionen und Dienste ausf\u00fchren, wie z.&nbsp;B. ein Dienstleister, der das Berater- und Kundenbeziehungsmanagement von Validant unterst\u00fctzt.<\/li><li><strong>Kunden und potenzielle Kunden.<\/strong> Kunden und potenzielle Kunden k\u00f6nnen berufliche oder besch\u00e4ftigungsbezogene Daten zum Zwecke der Evaluierung der Qualifikationen, Kompetenzen und Erfahrungen eines Kandidaten anfordern. Kunden m\u00fcssen m\u00f6glicherweise auch Arbeitszeitnachweise f\u00fcr Kandidaten genehmigen und verarbeiten. Wir k\u00f6nnen personenbezogene Daten unserer Kunden oder potenzieller Kunden mit Kandidaten teilen, beispielsweise wenn ein Kandidat wissen muss, an wen er sich wenden soll, wenn er ein Bewerbungsgespr\u00e4ch oder einen Auftrag bei einem Kunden oder potenziellen Kunden hat.<\/li><li><strong>Wie gesetzlich vorgeschrieben oder angemessen.<\/strong> Wir k\u00f6nnen personenbezogene Daten an Zulassungsbeh\u00f6rden, Regierungsstellen oder Gerichte weitergeben, um den gelten Gesetzen oder gerichtlichen Zustellungen Folge zu leisten oder, wenn wir Grund zur Annahme haben, dass eine solche Ma\u00dfnahme erforderlich ist, um (a) dem Gesetz, das solche Offenlegung vorschreibt, nachzukommen; (b) die Rechte oder das Eigentum von Validant oder seiner Tochtergesellschaften zu sch\u00fctzen; oder (d) die pers\u00f6nliche Sicherheit der Nutzer oder der \u00d6ffentlichkeit zu gew\u00e4hrleisten.<\/li><li><strong>Unternehmens\u00fcbertragungen.<\/strong> Wir k\u00f6nnen au\u00dferdem im Rahmen von Umstrukturierungen, Zusammenschl\u00fcssen, Verk\u00e4ufen, Joint Ventures, \u00dcbereignungen, \u00dcbertragungen oder anderweitigen Ver\u00e4u\u00dferungen unseres gesamten Unternehmens oder eines Teils davon, von Verm\u00f6genswerten oder Aktien (einschlie\u00dflich solcher in Verbindung mit Konkursen oder \u00e4hnlichen Verfahren) Informationen an Dritte offenlegen oder \u00fcbertragen. DataRevive USA LLC (\u201eDataRevive\u201c) ist eine auf regulatorische Fragen spezialisiertes Beratungsunternehmen und eine hundertprozentige Tochtergesellschaft von Validant. Validant kann Kundendaten mit DataRevive (und umgekehrt) zum Zwecke der Optimierung von Serviceangeboten an Kunden und potenzielle Kunden austauschen.<\/li><\/ul>\n\n\n\n<p class=\"pt-xxs\"><strong>5. ERHEBUNG UND NUTZUNG WEITERER INFORMATIONEN<\/strong><\/p>\n\n\n\n<p>Als \u201eweitere Informationen\u201c werden alle Informationen bezeichnet, die weder Ihre Identit\u00e4t enth\u00fcllen noch sich direkt auf eine identifizierbare Person beziehen. Wir k\u00f6nnen weitere Informationen auf verschiedene Weise sammeln, unter anderem:<\/p>\n\n\n\n<ul class=\"wp-block-list\"><li><strong>Ihr Browser oder Ger\u00e4t<\/strong>: Bestimmte Informationen werden von den meisten Browsers oder automatisch durch Ihr Ger\u00e4t erfasst, darunter Ihre MAC(Media Access Control)-Adresse, Computertyp (Windows oder Macintosh), Bildschirmaufl\u00f6sung, Name und Version des Betriebssystems, Ger\u00e4tehersteller und -modell, Sprache sowie Typ und Version des Internetbrowsers. Wir nutzen diese Informationen, um die ordnungsgem\u00e4\u00dfe Funktionalit\u00e4t der Websites zu gew\u00e4hrleisten.<\/li><li><strong>Analysen<\/strong>: Wir nutzen Drittanbieter von Analysediensten wie Google Analytics auf der Website. Google Analytics setzt Cookies und \u00e4hnliche Technologien ein, um Informationen \u00fcber die Dienste zu sammeln und zu analysieren und Berichte \u00fcber Aktivit\u00e4ten und Trends zu erstellen. Dar\u00fcber hinaus kann Google Analytics Informationen bez\u00fcglich der Nutzung anderer Websites, Apps und Onlineressourcen sammeln. Unter&nbsp;<a href=\"https:\/\/www.roberthalf.com\/www.google.com\/policies\/privacy\/partners\">google.com\/policies\/privacy\/partners\/<\/a> k\u00f6nnen Sie sich \u00fcber die Verfahren von Google informieren oder sich davon abmelden, indem Sie das Browser-Add-on zur Deaktivierung von Google Analytics unter&nbsp;<a href=\"https:\/\/tools.google.com\/dlpage\/gaoptout.\">https:\/\/tools.google.com\/dlpage\/gaoptout<\/a> herunterladen.<\/li><li><strong>IP-Adresse<\/strong>: Ihre \u201e<strong>IP-Adresse<\/strong>\u201c ist eine Nummer, die Ihrem Computer automatisch von Ihrem Internetdienstanbieter zugewiesen wird. Jedes Mal, wenn ein Nutzer die Websites besucht, kann seine IP-Adresse identifiziert und, zusammen mit dem Zeitpunkt des Besuchs und den besuchten Seiten, automatisch in unseren Serverprotokolldateien aufgezeichnet werden. Wir nutzen IP-Adressen f\u00fcr die Berechnung des Nutzungsgrads, die Diagnose von Serverproblemen sowie die Verwaltung der Websites. Wir k\u00f6nnen au\u00dferdem Ihren ungef\u00e4hren Standort von Ihrer IP-Adresse ableiten.<\/li><\/ul>\n\n\n\n<p>Bitte beachten Sie, dass wir weitere Informationen f\u00fcr unsere gesch\u00e4ftlichen Zwecke nutzen und offenlegen k\u00f6nnen.<\/p>\n\n\n\n<ul class=\"wp-block-list\"><li><strong>Einsatz von Cookies<\/strong>:<\/li><\/ul>\n\n\n\n<p><em>Was sind Cookies?<\/em><\/p>\n\n\n\n<p>Cookies sind kleine Datens\u00e4tze, die auf dem von Ihnen verwendeten Computer oder Mobilger\u00e4t gespeichert werden. Mithilfe von Cookies k\u00f6nnen wir Informationen wie Browsertyp, die auf der Website verbrachte Zeit, die besuchten Seiten, Registrierungen, \u00dcbermittlungen, demografische Daten, Informationsanfragen, bevorzugte Sprachen sowie andere Informationen zum Datenverkehr sammeln. Wir verwenden die Informationen zu Sicherheitszwecken, zur Erkennung Ihres Ger\u00e4ts, zur Erleichterung der Navigation, zur effizienteren Darstellung von Informationen sowie zur Personalisierung Ihres Erlebnisses. Ferner erheben wir statistische Daten zur Nutzung der Website, um ihre Funktionalit\u00e4t verbessern und zu verstehen, wie diese genutzt wird, was uns hilft, Fragen dar\u00fcber zu beantworten. Wir k\u00f6nnen Cookies und sonstige Technologien auch in Online-Werbekampagnen einsetzen, um Reaktionen auf unsere Werbeanzeigen zu verfolgen. Falls Sie die Erfassung von Informationen durch das Setzen von Cookies nicht w\u00fcnschen, haben Sie auf den meisten Browsern die M\u00f6glichkeit, Cookies automatisch blockieren zu lassen oder einen spezifischen Cookie (oder spezifische Cookies) auf einer bestimmten Website abzulehnen oder zu akzeptieren. Beachten Sie jedoch dabei, dass die Ablehnung von Cookies die Funktionalit\u00e4t der Website bzw. Ihr Nutzererlebnis beeintr\u00e4chtigen kann.<\/p>\n\n\n\n<p>Cookies k\u00f6nnen keine Viren verbreiten oder Ihren Computer besch\u00e4digen. Die Speicherungsdauer von Cookies auf Ihrem Computer oder Ihrem Mobilger\u00e4t kann unterschiedlich ausfallen. Einige Cookies sind Sitzungscookies, die beim Schlie\u00dfen des Browsers gel\u00f6scht werden. Bei anderen Cookies handelt es sich um permanente Cookies, die auf Ihrem Ger\u00e4t verbleiben, bis sie von Ihnen gel\u00f6scht werden oder ablaufen.<\/p>\n\n\n\n<p><em>Unbedingt erforderliche Cookies<\/em><\/p>\n\n\n\n<p>Diese Cookies sind f\u00fcr die ordnungsgem\u00e4\u00dfe Funktionsweise der Websites erforderlich und k\u00f6nnen in unseren Systemen nicht deaktiviert werden. Sie werden gew\u00f6hnlich als Reaktion zu Aktionen Ihrerseits gesetzt, die Sie im Rahmen einer Anforderung von Diensten durchf\u00fchren, wie das Festlegen von Datenschutzeinstellungen, das Anmelden auf einer Website oder das Ausf\u00fcllen von Formularen. Sie k\u00f6nnen Ihren Browser dahingehend konfigurieren, dass diese Cookies blockiert oder Warnmeldungen ausl\u00f6sen, aber einige Teile der Website werden in diesem Fall nicht funktionieren. Diese Cookies speichern keine personenbezogenen Daten.<\/p>\n\n\n\n<p><em>Performance-Cookies<\/em><\/p>\n\n\n\n<p>Diese Cookies erm\u00f6glichen uns, die Anzahl der Besuche und der Quellen des Datenverkehrs zu bestimmen und somit die Performance unserer Websites zu bewerten und zu verbessern. Mit ihrer Hilfe k\u00f6nnen wir die beliebtesten sowie die am wenigsten beliebten Seiten sowie das Surfverhalten von Benutzern auf der Website ermitteln. S\u00e4mtliche von diesen Cookies erfassten Informationen werden aggregiert und sind deshalb anonym. Die in diesen Cookies gespeicherten Daten zeigen niemals personenbezogene Details an, aus denen sich R\u00fcckschl\u00fcsse auf Ihre Identit\u00e4t ziehen lassen. Wenn Sie diese Cookies nicht zulassen, werden wir nicht erfahren, wann Sie unsere Website besucht haben und k\u00f6nnen damit auch nicht ihre Performance \u00fcberwachen. Die in diesen Cookies gespeicherten Daten zeigen niemals personenbezogene Details an, aus denen sich R\u00fcckschl\u00fcsse auf Ihre Identit\u00e4t ziehen lassen. Zu den weiteren von uns verwendeten Technologien geh\u00f6ren Web-Beacons oder Z\u00e4hlpixel, die auf einigen Seiten der Websites und in von uns versandten E-Mails gesetzt werden. Sie dienen zur Z\u00e4hlung von Nutzern, die diese Webseiten besucht haben. Web-Beacons sammeln begrenzte Informationen, darunter die Cookie-Nummer, Uhrzeit und Datum der Anzeige einer Seite sowie die Beschreibung der Seite, auf der das Z\u00e4hlpixel gesetzt wurde. Zudem k\u00f6nnen unsere Websites Web-Beacons enthalten, die von externen Werbetreibenden gesetzt wurden. Ferner verwenden wir Web-Beacons oder gleichwertige Technologien, um zu erfahren, ob an Sie versandte E-Mails ge\u00f6ffnet wurden. Web-Beacons werden lediglich zur Verfolgung der Wirksamkeit einer bestimmten Marketingkampagne eingesetzt. Web-Beacons speichern keine personenbezogenen Daten.<\/p>\n\n\n\n<p class=\"pt-xxs\"><strong>6. DIENSTE VON DRITTANBIETERN<\/strong><\/p>\n\n\n\n<p>Diese Datenschutzrichtlinie regelt nicht den Datenschutz, die Informationen oder die Praktiken von Dritten (und wir sind nicht daf\u00fcr verantwortlich), einschlie\u00dflich Dritten, die eine Website oder Dienste betreiben, auf die diese Website \u00fcber entsprechende Links verweist.<\/p>\n\n\n\n<p class=\"pt-xxs\"><strong>7. SICHERHEIT<\/strong><\/p>\n\n\n\n<p>Wir setzen angemessene organisatorische, technische und administrative Ma\u00dfnahmen zum Schutz von personenbezogenen Daten in unserem Unternehmen ein. Leider kann keine Daten\u00fcbertragung und kein Speichersystem eine hundertprozentige Sicherheit garantieren. Sollten Sie Grund zur Annahme haben, dass Ihre Interaktion mit uns nicht l\u00e4nger sicher ist, benachrichtigen Sie uns bitte unverz\u00fcglich dar\u00fcber gem\u00e4\u00df dem Abschnitt \u201eKontakt\u201c weiter unten.<\/p>\n\n\n\n<p class=\"pt-xxs\"><strong>8. NUTZUNG DER WEBSITES DURCH MINDERJ\u00c4HRIGE<\/strong><\/p>\n\n\n\n<p>Die Websites richten sich nicht an Personen unter achtzehn (18) Jahren und wir sammeln wissentlich keine personenbezogenen Daten von Personen unter 18&nbsp;Jahren. Bewohner Kaliforniens, die unter 18 und Nutzer der Websites sind, k\u00f6nnen uns bitten, Inhalte oder Informationen, die sie Validant \u00fcber die Websites bereitgestellt haben, zu entfernen, indem sie eine E-Mail an <a href=\"mailto:info@validant.com\">info@validant.com<\/a> schicken.<\/p>\n\n\n\n<p class=\"pt-xxs\"><strong>9. GERICHTSSTAND<\/strong><\/p>\n\n\n\n<p>Die Websites werden von uns von den USA aus kontrolliert und betrieben, und es ist nicht beabsichtigt, dass wir den Gesetzen und Rechtsprechungen anderer Staaten, L\u00e4nder oder Territorien unterliegen als denen der USA.<\/p>\n\n\n\n<p class=\"pt-xxs\"><strong>10. RECHT AUF ZUGANG ODER L\u00d6SCHUNG F\u00dcR BEWOHNER KALIFORNIENS<\/strong><\/p>\n\n\n\n<p>Wenn Sie eine in Kalifornien ans\u00e4ssige Person sind, haben Sie das Recht, vorbehaltlich gewisser Ausnahmen, wie sie in dem kalifornischen Gesetz zum Schutz der Privatsph\u00e4re von Verbrauchern (California Consumer Privacy Act, \u201eCCPA\u201c) und anderen geltenden Gesetzen und Vorschriften definiert sind, von Validant zu verlangen, bestimmte Informationen \u00fcber unsere Erhebung und Nutzung Ihrer personenbezogenen Daten w\u00e4hrend der vergangenen zw\u00f6lf (12) Monaten an Sie offenzulegen. Sie d\u00fcrfen bei Aus\u00fcbung Ihrer Rechte gem\u00e4\u00df dem CCPA nicht diskriminierend behandelt werden. Wenn Sie Ihre Rechte auf Informationszugang oder L\u00f6schung geltend machen m\u00f6chten, klicken Sie bitte auf die entsprechenden Links weiter unten. Damit wir Ihre Anforderung verifizieren k\u00f6nnen, bitten wir Sie, Ihren offiziellen Vor- und Nachnamen, Ihre E-Mail-Adresse, unter der Sie mit Validant korrespondieren, Ihre Beziehung zu Validant sowie den Bundesstaat, in dem Sie derzeit ans\u00e4ssig sind, anzugeben. Nach \u00dcbermittlung des Formulars m\u00fcssen Sie Ihre E-Mail-Adresse verifizieren, indem Sie auf den Link \u201eE-Mail-Adresse best\u00e4tigen\u201c in der von uns an Sie gesandten E-Mail klicken.<\/p>\n\n\n\n<p>Wenn Sie einen Vertreter autorisieren, in Ihrem Namen einen Antrag auf Zugang oder L\u00f6schung zu stellen, muss der autorisierte Vertreter eine entsprechende Bescheinigung vorlegen, dass er von Ihnen zur Antragsstellung bevollm\u00e4chtigt wurde, und seine Identit\u00e4t gegen\u00fcber Validant nachweisen.<\/p>\n\n\n\n<p>Sie k\u00f6nnen einen Antrag auf Informationszugang und\/oder L\u00f6schung stellen, indem Sie uns per E-Mail unter <a href=\"mailto:info@validant.com\">info@validant.com<\/a> oder auf dem Postweg unter der im nachstehenden Abschnitt \u201eKontakt\u201c genannten Anschrift kontaktieren.<\/p>\n\n\n\n<p class=\"pt-xxs\"><strong>11. KONTAKT<\/strong><\/p>\n\n\n\n<p>Falls Sie Fragen oder Beschwerden zu dieser Datenschutzrichtlinie haben oder wenn die uns bereitgestellten personenbezogenen Daten aktualisieren m\u00f6chten, kontaktieren Sie bitte den Webmaster unter der nachstehenden Post- oder E-Mail-Adresse.<\/p>\n\n\n\n<p>\u200e<strong>Postadresse<\/strong><\/p>\n\n\n\n<p>Validant<br>Webmaster<br>388 Market Street, Suite 860<br>San Francisco, CA 94111<br>E-Mail-Adresse: <a href=\"mailto:info@validant.com\">info@validant.com<\/a><\/p>\n<\/div><\/div>\n<\/div>\n<\/section>\n","protected":false},"excerpt":{"rendered":"","protected":false},"author":3,"featured_media":0,"parent":0,"menu_order":0,"comment_status":"closed","ping_status":"closed","template":"","meta":{"_acf_changed":false,"footnotes":""},"class_list":["post-1738","page","type-page","status-publish","hentry"],"acf":[],"yoast_head":"<!-- This site is optimized with the Yoast SEO plugin v27.3 - https:\/\/yoast.com\/product\/yoast-seo-wordpress\/ -->\n<title>Datenschutzrichtlinie | Validant<\/title>\n<meta name=\"robots\" content=\"index, follow, max-snippet:-1, max-image-preview:large, max-video-preview:-1\" \/>\n<link rel=\"canonical\" href=\"https:\/\/www.validant.com\/de\/datenschutzrichtlinie\/\" \/>\n<meta property=\"og:locale\" content=\"de_DE\" \/>\n<meta property=\"og:type\" content=\"article\" \/>\n<meta property=\"og:title\" content=\"Datenschutzrichtlinie | Validant\" \/>\n<meta property=\"og:url\" content=\"https:\/\/www.validant.com\/de\/datenschutzrichtlinie\/\" \/>\n<meta property=\"og:site_name\" content=\"Validant\" \/>\n<meta property=\"article:modified_time\" content=\"2021-12-08T23:07:29+00:00\" \/>\n<meta name=\"twitter:card\" content=\"summary_large_image\" \/>\n<meta name=\"twitter:label1\" content=\"Gesch\u00e4tzte Lesezeit\" \/>\n\t<meta name=\"twitter:data1\" content=\"10 Minuten\" \/>\n<script type=\"application\/ld+json\" class=\"yoast-schema-graph\">{\"@context\":\"https:\\\/\\\/schema.org\",\"@graph\":[{\"@type\":\"WebPage\",\"@id\":\"https:\\\/\\\/www.validant.com\\\/de\\\/datenschutzrichtlinie\\\/\",\"url\":\"https:\\\/\\\/www.validant.com\\\/de\\\/datenschutzrichtlinie\\\/\",\"name\":\"Datenschutzrichtlinie | Validant\",\"isPartOf\":{\"@id\":\"https:\\\/\\\/www.validant.com\\\/de\\\/#website\"},\"datePublished\":\"2021-03-12T17:49:14+00:00\",\"dateModified\":\"2021-12-08T23:07:29+00:00\",\"breadcrumb\":{\"@id\":\"https:\\\/\\\/www.validant.com\\\/de\\\/datenschutzrichtlinie\\\/#breadcrumb\"},\"inLanguage\":\"de-DE\",\"potentialAction\":[{\"@type\":\"ReadAction\",\"target\":[\"https:\\\/\\\/www.validant.com\\\/de\\\/datenschutzrichtlinie\\\/\"]}]},{\"@type\":\"BreadcrumbList\",\"@id\":\"https:\\\/\\\/www.validant.com\\\/de\\\/datenschutzrichtlinie\\\/#breadcrumb\",\"itemListElement\":[{\"@type\":\"ListItem\",\"position\":1,\"name\":\"Home\",\"item\":\"https:\\\/\\\/www.validant.com\\\/de\\\/\"},{\"@type\":\"ListItem\",\"position\":2,\"name\":\"Datenschutzrichtlinie\"}]},{\"@type\":\"WebSite\",\"@id\":\"https:\\\/\\\/www.validant.com\\\/de\\\/#website\",\"url\":\"https:\\\/\\\/www.validant.com\\\/de\\\/\",\"name\":\"Validant\",\"description\":\"Your Full-Service Global Regulatory, Compliance &amp; Quality Consultancy\",\"potentialAction\":[{\"@type\":\"SearchAction\",\"target\":{\"@type\":\"EntryPoint\",\"urlTemplate\":\"https:\\\/\\\/www.validant.com\\\/de\\\/?s={search_term_string}\"},\"query-input\":{\"@type\":\"PropertyValueSpecification\",\"valueRequired\":true,\"valueName\":\"search_term_string\"}}],\"inLanguage\":\"de-DE\"}]}<\/script>\n<!-- \/ Yoast SEO plugin. -->","yoast_head_json":{"title":"Datenschutzrichtlinie | Validant","robots":{"index":"index","follow":"follow","max-snippet":"max-snippet:-1","max-image-preview":"max-image-preview:large","max-video-preview":"max-video-preview:-1"},"canonical":"https:\/\/www.validant.com\/de\/datenschutzrichtlinie\/","og_locale":"de_DE","og_type":"article","og_title":"Datenschutzrichtlinie | Validant","og_url":"https:\/\/www.validant.com\/de\/datenschutzrichtlinie\/","og_site_name":"Validant","article_modified_time":"2021-12-08T23:07:29+00:00","twitter_card":"summary_large_image","twitter_misc":{"Gesch\u00e4tzte Lesezeit":"10 Minuten"},"schema":{"@context":"https:\/\/schema.org","@graph":[{"@type":"WebPage","@id":"https:\/\/www.validant.com\/de\/datenschutzrichtlinie\/","url":"https:\/\/www.validant.com\/de\/datenschutzrichtlinie\/","name":"Datenschutzrichtlinie | Validant","isPartOf":{"@id":"https:\/\/www.validant.com\/de\/#website"},"datePublished":"2021-03-12T17:49:14+00:00","dateModified":"2021-12-08T23:07:29+00:00","breadcrumb":{"@id":"https:\/\/www.validant.com\/de\/datenschutzrichtlinie\/#breadcrumb"},"inLanguage":"de-DE","potentialAction":[{"@type":"ReadAction","target":["https:\/\/www.validant.com\/de\/datenschutzrichtlinie\/"]}]},{"@type":"BreadcrumbList","@id":"https:\/\/www.validant.com\/de\/datenschutzrichtlinie\/#breadcrumb","itemListElement":[{"@type":"ListItem","position":1,"name":"Home","item":"https:\/\/www.validant.com\/de\/"},{"@type":"ListItem","position":2,"name":"Datenschutzrichtlinie"}]},{"@type":"WebSite","@id":"https:\/\/www.validant.com\/de\/#website","url":"https:\/\/www.validant.com\/de\/","name":"Validant","description":"Your Full-Service Global Regulatory, Compliance &amp; Quality Consultancy","potentialAction":[{"@type":"SearchAction","target":{"@type":"EntryPoint","urlTemplate":"https:\/\/www.validant.com\/de\/?s={search_term_string}"},"query-input":{"@type":"PropertyValueSpecification","valueRequired":true,"valueName":"search_term_string"}}],"inLanguage":"de-DE"}]}},"_links":{"self":[{"href":"https:\/\/www.validant.com\/de\/wp-json\/wp\/v2\/pages\/1738","targetHints":{"allow":["GET"]}}],"collection":[{"href":"https:\/\/www.validant.com\/de\/wp-json\/wp\/v2\/pages"}],"about":[{"href":"https:\/\/www.validant.com\/de\/wp-json\/wp\/v2\/types\/page"}],"author":[{"embeddable":true,"href":"https:\/\/www.validant.com\/de\/wp-json\/wp\/v2\/users\/3"}],"replies":[{"embeddable":true,"href":"https:\/\/www.validant.com\/de\/wp-json\/wp\/v2\/comments?post=1738"}],"version-history":[{"count":0,"href":"https:\/\/www.validant.com\/de\/wp-json\/wp\/v2\/pages\/1738\/revisions"}],"wp:attachment":[{"href":"https:\/\/www.validant.com\/de\/wp-json\/wp\/v2\/media?parent=1738"}],"curies":[{"name":"wp","href":"https:\/\/api.w.org\/{rel}","templated":true}]}}