{"id":1734,"date":"2021-03-12T17:47:41","date_gmt":"2021-03-12T17:47:41","guid":{"rendered":"http:\/\/www.validant.com\/unsere-leistungen\/"},"modified":"2021-04-14T19:23:18","modified_gmt":"2021-04-14T19:23:18","slug":"unsere-leistungen","status":"publish","type":"page","link":"https:\/\/www.validant.com\/de\/unsere-leistungen\/","title":{"rendered":"Unsere Leistungen"},"content":{"rendered":"\n<section class=\"wp-block-mkl-section-block\"><div class=\"section-bg bg__stretched\" style=\"background-image:url(https:\/\/www.validant.com\/wp-content\/uploads\/2020\/07\/end-support-header.jpg);opacity:1\"><\/div>\n<div class=\"wp-block-mkl-section-block container pt-xl\">\n<p><\/p>\n<\/div>\n<\/section>\n\n<section class=\"wp-block-mkl-section-block transparent\">\n<div class=\"wp-block-mkl-section-block has-white-background-color container panel pb-s ot-l\">\n<p class=\"has-text-color has-text-align-center has-olive-color large\"><strong>Ein Partner f\u00fcr den gesamten Produktlebenszyklus<\/strong><\/p>\n\n\n\n<h1 class=\"has-text-align-center maxc1000 mb-xs wp-block-heading\"><strong><span class=\"has-inline-color has-green-color\">Strategien, praktische Ausf\u00fchrung und kontinuierliche Supportleistungen<\/span><\/strong> f\u00fcr nahezu jede regulatorische, Compliance- oder Qualit\u00e4tsanforderung.<\/h1>\n\n\n\n<div class=\"wp-block-image pb-xxs\"><figure class=\"aligncenter size-large\"><img loading=\"lazy\" decoding=\"async\" width=\"1000\" height=\"325\" src=\"http:\/\/www.validant.com\/wp-content\/uploads\/\/2020\/07\/product-lifecycle-diagram.svg\" alt=\"Diagramm zum Produktlebenszyklus\" class=\"wp-image-1351\"\/><\/figure><\/div>\n\n\n\n<hr class=\"wp-block-separator mt-z\"\/>\n\n\n\n<div class=\"wp-block-columns is-layout-flex wp-container-core-columns-is-layout-9d6595d7 wp-block-columns-is-layout-flex\">\n<div class=\"wp-block-column is-layout-flow wp-block-column-is-layout-flow\" style=\"flex-basis:45%\">\n<h4 class=\"wp-block-heading\">Entscheiden Sie sich f\u00fcr Validant als Ihren Partner f\u00fcr eine <strong><span class=\"has-inline-color has-olive-color\">schl\u00fcsselfertige Probleml\u00f6sung.<\/span><\/strong><\/h4>\n<\/div>\n\n\n\n<div class=\"wp-block-column is-layout-flow wp-block-column-is-layout-flow\" style=\"flex-basis:66.66%\">\n<p>Validant bietet mehr als nur Beratung und liefert neben der Betreuung w\u00e4hrend des gesamten GxP-Lebenszyklus komplette L\u00f6sungen in den Bereichen Regulierung, Compliance und Qualit\u00e4t. Erkunden Sie unsere Leistungen:<\/p>\n\n\n\n<p><\/p>\n<\/div>\n<\/div>\n\n\n\n<div class=\"wp-block-columns pt-xxs center is-layout-flex wp-container-core-columns-is-layout-9d6595d7 wp-block-columns-is-layout-flex\">\n<div class=\"wp-block-column br is-layout-flow wp-block-column-is-layout-flow\">\n<h4 class=\"wp-block-heading\"><strong>NACH ANFORDERUNG<\/strong><\/h4>\n\n\n\n<p class=\"pt-xxs\"><a href=\"http:\/\/www.validant.com\/de\/strategisches-consulting\/\">Strategische Beratung<\/a><\/p>\n\n\n\n<p><a href=\"http:\/\/www.validant.com\/de\/ausfuehrungsdienstleistungen\/\">Ausf\u00fchrungsdienstleistungen<\/a><\/p>\n\n\n\n<p><a href=\"http:\/\/www.validant.com\/de\/kontinuierliche-unterstuetzung\/\">Kontinuierliche Unterst\u00fctzung<\/a><\/p>\n<\/div>\n\n\n\n<div class=\"wp-block-column br is-layout-flow wp-block-column-is-layout-flow\">\n<h4 class=\"wp-block-heading\"><strong>NACH PHASE<\/strong><\/h4>\n\n\n\n<p class=\"pt-xxs\"><a href=\"http:\/\/www.validant.com\/de\/vorklinisch\/\">Vorklinisch<\/a><\/p>\n\n\n\n<p><a href=\"http:\/\/www.validant.com\/de\/klinisch\/\">Klinisch<\/a><\/p>\n\n\n\n<p><a href=\"http:\/\/www.validant.com\/de\/herstellung\/\">Herstellung<\/a><\/p>\n\n\n\n<p><a href=\"http:\/\/www.validant.com\/de\/vertrieb\/\">Vertrieb<\/a><\/p>\n<\/div>\n\n\n\n<div class=\"wp-block-column is-layout-flow wp-block-column-is-layout-flow\">\n<h4 class=\"wp-block-heading\"><strong>NACH SCHWERPUNKT<\/strong><\/h4>\n\n\n\n<p class=\"pt-xxs\"><a href=\"http:\/\/www.validant.com\/de\/consulting-in-regulatorischen-angelegenheiten\/\">Regulatorisch<\/a><\/p>\n\n\n\n<p><a href=\"http:\/\/www.validant.com\/de\/compliance-beratung\/\">Compliance<\/a><\/p>\n\n\n\n<p><a href=\"http:\/\/www.validant.com\/de\/consulting-zu-qualitaetsfragen\/\">Qualit\u00e4t<\/a><\/p>\n<\/div>\n<\/div>\n\n\n\n<p><\/p>\n<\/div>\n<\/section>\n\n<section class=\"wp-block-mkl-section-block cta-panel mb-m\">\n<div class=\"wp-block-mkl-section-block container panel bg-greengrad\">\n<div class=\"wp-block-mkl-section-block has-green-background-color bg-greengrad panel\">\n<p><\/p>\n<\/div>\n\n\n\n<div class=\"wp-block-columns relative is-layout-flex wp-container-core-columns-is-layout-9d6595d7 wp-block-columns-is-layout-flex\">\n<div class=\"wp-block-column is-layout-flow wp-block-column-is-layout-flow\" style=\"flex-basis:45%\">\n<h2 class=\"has-white-color has-text-color wp-block-heading\"><strong><span class=\"has-inline-color has-olive-color\">Sind Sie bereit? <\/span><\/strong>Erleben Sie den Validant-Unterschied aus erster Hand<\/h2>\n\n\n\n<p class=\"has-text-color has-white-color\">Lassen Sie uns noch heute Ihre Anforderungen er\u00f6rtern.<\/p>\n<\/div>\n\n\n\n<div class=\"wp-block-column pl-xs is-layout-flow wp-block-column-is-layout-flow\" style=\"flex-basis:66.66%\">\n<p class=\"has-text-color has-white-color large\">\n<div class=\"wpcf7 no-js\" id=\"wpcf7-f1960-o1\" lang=\"de-DE\" dir=\"ltr\" data-wpcf7-id=\"1960\">\n<div class=\"screen-reader-response\"><p role=\"status\" aria-live=\"polite\" aria-atomic=\"true\"><\/p> <ul><\/ul><\/div>\n<form action=\"\/de\/wp-json\/wp\/v2\/pages\/1734#wpcf7-f1960-o1\" method=\"post\" class=\"wpcf7-form init\" aria-label=\"Kontaktformular\" novalidate=\"novalidate\" data-status=\"init\">\n<fieldset class=\"hidden-fields-container\"><input type=\"hidden\" name=\"_wpcf7\" value=\"1960\" \/><input type=\"hidden\" name=\"_wpcf7_version\" value=\"6.1.5\" \/><input type=\"hidden\" name=\"_wpcf7_locale\" value=\"de_DE\" \/><input type=\"hidden\" name=\"_wpcf7_unit_tag\" value=\"wpcf7-f1960-o1\" \/><input type=\"hidden\" name=\"_wpcf7_container_post\" value=\"0\" \/><input type=\"hidden\" name=\"_wpcf7_posted_data_hash\" value=\"\" \/><input type=\"hidden\" name=\"_wpcf7dtx_version\" value=\"5.0.5\" \/>\n<\/fieldset>\n<span class=\"wpcf7-form-control-wrap campaign\" data-name=\"campaign\"><input type=\"hidden\" name=\"campaign\" class=\"wpcf7-form-control wpcf7-hidden wpcf7dtx wpcf7dtx-hidden\" aria-invalid=\"false\" value=\"https:\/\/www.validant.com\/de\/wp-json\/wp\/v2\/pages\/1734\"><\/span>\n<div class=\"row gutters\">\n\t<div class=\"col span_12\">\n\t\t<p><span class=\"wpcf7-form-control-wrap\" data-name=\"first-name\"><input size=\"40\" maxlength=\"400\" class=\"wpcf7-form-control wpcf7-text wpcf7-validates-as-required\" aria-required=\"true\" aria-invalid=\"false\" placeholder=\"First Name*\" value=\"\" type=\"text\" name=\"first-name\" \/><\/span>\n\t\t<\/p>\n\t<\/div>\n\t<div class=\"col span_12\">\n\t\t<p><span class=\"wpcf7-form-control-wrap\" data-name=\"last-name\"><input size=\"40\" maxlength=\"400\" class=\"wpcf7-form-control wpcf7-text wpcf7-validates-as-required\" aria-required=\"true\" aria-invalid=\"false\" placeholder=\"Last Name*\" value=\"\" type=\"text\" name=\"last-name\" \/><\/span>\n\t\t<\/p>\n\t<\/div>\n<\/div>\n<div class=\"row gutters\">\n\t<div class=\"col span_12\">\n\t\t<p><span class=\"wpcf7-form-control-wrap\" data-name=\"email\"><input size=\"40\" maxlength=\"400\" class=\"wpcf7-form-control wpcf7-email wpcf7-validates-as-required wpcf7-text wpcf7-validates-as-email\" aria-required=\"true\" aria-invalid=\"false\" placeholder=\"Email*\" value=\"\" type=\"email\" name=\"email\" \/><\/span>\n\t\t<\/p>\n\t<\/div>\n\t<div class=\"col span_12\">\n\t\t<p><span class=\"wpcf7-form-control-wrap\" data-name=\"company\"><input size=\"40\" maxlength=\"400\" class=\"wpcf7-form-control wpcf7-text wpcf7-validates-as-required\" aria-required=\"true\" aria-invalid=\"false\" placeholder=\"Company*\" value=\"\" type=\"text\" name=\"company\" \/><\/span>\n\t\t<\/p>\n\t<\/div>\n<\/div>\n<div class=\"row\">\n\t<div class=\"col span_24\">\n\t\t<p><span class=\"wpcf7-form-control-wrap\" data-name=\"your-message\"><textarea cols=\"40\" rows=\"10\" maxlength=\"2000\" class=\"wpcf7-form-control wpcf7-textarea\" aria-invalid=\"false\" placeholder=\"How can we help you? Tell us more about your needs.\" name=\"your-message\"><\/textarea><\/span>\n\t\t<\/p>\n\t<\/div>\n<\/div>\n<p><span class=\"wpcf7-form-control-wrap\" data-name=\"PrivacyAcceptance\"><span class=\"wpcf7-form-control wpcf7-acceptance\"><span class=\"wpcf7-list-item\"><input type=\"checkbox\" name=\"PrivacyAcceptance\" value=\"1\" aria-invalid=\"false\" \/><\/span><\/span><\/span> Ich stimme zu, dass Validant alle pers\u00f6nlichen Daten, die ich an Validant \u00fcbermittle, in \u00dcbereinstimmung mit der <a style=\"text-decoration:underline;\" href=\"\/privacy-policy\/\">Datenschutzrichtlinie<\/a> des Unternehmens erfasst und verarbeitet. In \u00dcbereinstimmung mit den Anforderungen der Europ\u00e4ischen Datenschutzgrundverordnung (GDPR) ist mir bekannt, dass ich das Recht habe, diese Zustimmung jederzeit zu widerrufen.\n<\/p><div class=\"wpcf7-response-output\" aria-hidden=\"true\"><\/div>\n<\/form>\n<\/div>\n<\/p>\n<\/div>\n<\/div>\n<\/div>\n<\/section>\n","protected":false},"excerpt":{"rendered":"","protected":false},"author":3,"featured_media":0,"parent":0,"menu_order":0,"comment_status":"closed","ping_status":"closed","template":"","meta":{"_acf_changed":false,"footnotes":""},"class_list":["post-1734","page","type-page","status-publish","hentry"],"acf":[],"yoast_head":"<!-- This site is optimized with the Yoast SEO plugin v27.3 - https:\/\/yoast.com\/product\/yoast-seo-wordpress\/ -->\n<title>Beratungsleistungen \u00fcber den gesamten GxP-Produktlebenszyklus in der Life-Sciences-Branche hinweg<\/title>\n<meta name=\"description\" content=\"Validant bietet umfassende Strategien, praktische Ausf\u00fchrung und kontinuierliche Supportleistungen f\u00fcr nahezu jede regulatorische, Compliance- oder Qualit\u00e4tsanforderung.\" \/>\n<meta name=\"robots\" content=\"index, follow, max-snippet:-1, max-image-preview:large, max-video-preview:-1\" \/>\n<link rel=\"canonical\" href=\"https:\/\/www.validant.com\/de\/unsere-leistungen\/\" \/>\n<meta property=\"og:locale\" content=\"de_DE\" \/>\n<meta property=\"og:type\" content=\"article\" \/>\n<meta property=\"og:title\" content=\"Beratungsleistungen \u00fcber den gesamten GxP-Produktlebenszyklus in der Life-Sciences-Branche hinweg\" \/>\n<meta property=\"og:description\" content=\"Validant bietet umfassende Strategien, praktische Ausf\u00fchrung und kontinuierliche Supportleistungen f\u00fcr nahezu jede regulatorische, Compliance- oder Qualit\u00e4tsanforderung.\" \/>\n<meta property=\"og:url\" content=\"https:\/\/www.validant.com\/de\/unsere-leistungen\/\" \/>\n<meta property=\"og:site_name\" content=\"Validant\" \/>\n<meta property=\"article:modified_time\" content=\"2021-04-14T19:23:18+00:00\" \/>\n<meta property=\"og:image\" content=\"http:\/\/www.validant.com\/wp-content\/uploads\/\/2020\/07\/product-lifecycle-diagram.svg\" \/>\n<meta name=\"twitter:card\" content=\"summary_large_image\" \/>\n<meta name=\"twitter:label1\" content=\"Gesch\u00e4tzte Lesezeit\" \/>\n\t<meta name=\"twitter:data1\" content=\"1 Minute\" \/>\n<script type=\"application\/ld+json\" class=\"yoast-schema-graph\">{\"@context\":\"https:\\\/\\\/schema.org\",\"@graph\":[{\"@type\":\"WebPage\",\"@id\":\"https:\\\/\\\/www.validant.com\\\/de\\\/unsere-leistungen\\\/\",\"url\":\"https:\\\/\\\/www.validant.com\\\/de\\\/unsere-leistungen\\\/\",\"name\":\"Beratungsleistungen \u00fcber den gesamten GxP-Produktlebenszyklus in der Life-Sciences-Branche hinweg\",\"isPartOf\":{\"@id\":\"https:\\\/\\\/www.validant.com\\\/de\\\/#website\"},\"primaryImageOfPage\":{\"@id\":\"https:\\\/\\\/www.validant.com\\\/de\\\/unsere-leistungen\\\/#primaryimage\"},\"image\":{\"@id\":\"https:\\\/\\\/www.validant.com\\\/de\\\/unsere-leistungen\\\/#primaryimage\"},\"thumbnailUrl\":\"http:\\\/\\\/www.validant.com\\\/wp-content\\\/uploads\\\/\\\/2020\\\/07\\\/product-lifecycle-diagram.svg\",\"datePublished\":\"2021-03-12T17:47:41+00:00\",\"dateModified\":\"2021-04-14T19:23:18+00:00\",\"description\":\"Validant bietet umfassende Strategien, praktische Ausf\u00fchrung und kontinuierliche Supportleistungen f\u00fcr nahezu jede regulatorische, Compliance- oder Qualit\u00e4tsanforderung.\",\"breadcrumb\":{\"@id\":\"https:\\\/\\\/www.validant.com\\\/de\\\/unsere-leistungen\\\/#breadcrumb\"},\"inLanguage\":\"de-DE\",\"potentialAction\":[{\"@type\":\"ReadAction\",\"target\":[\"https:\\\/\\\/www.validant.com\\\/de\\\/unsere-leistungen\\\/\"]}]},{\"@type\":\"ImageObject\",\"inLanguage\":\"de-DE\",\"@id\":\"https:\\\/\\\/www.validant.com\\\/de\\\/unsere-leistungen\\\/#primaryimage\",\"url\":\"http:\\\/\\\/www.validant.com\\\/wp-content\\\/uploads\\\/\\\/2020\\\/07\\\/product-lifecycle-diagram.svg\",\"contentUrl\":\"http:\\\/\\\/www.validant.com\\\/wp-content\\\/uploads\\\/\\\/2020\\\/07\\\/product-lifecycle-diagram.svg\"},{\"@type\":\"BreadcrumbList\",\"@id\":\"https:\\\/\\\/www.validant.com\\\/de\\\/unsere-leistungen\\\/#breadcrumb\",\"itemListElement\":[{\"@type\":\"ListItem\",\"position\":1,\"name\":\"Home\",\"item\":\"https:\\\/\\\/www.validant.com\\\/de\\\/\"},{\"@type\":\"ListItem\",\"position\":2,\"name\":\"Unsere Leistungen\"}]},{\"@type\":\"WebSite\",\"@id\":\"https:\\\/\\\/www.validant.com\\\/de\\\/#website\",\"url\":\"https:\\\/\\\/www.validant.com\\\/de\\\/\",\"name\":\"Validant\",\"description\":\"Your Full-Service Global Regulatory, Compliance &amp; Quality Consultancy\",\"potentialAction\":[{\"@type\":\"SearchAction\",\"target\":{\"@type\":\"EntryPoint\",\"urlTemplate\":\"https:\\\/\\\/www.validant.com\\\/de\\\/?s={search_term_string}\"},\"query-input\":{\"@type\":\"PropertyValueSpecification\",\"valueRequired\":true,\"valueName\":\"search_term_string\"}}],\"inLanguage\":\"de-DE\"}]}<\/script>\n<!-- \/ Yoast SEO plugin. -->","yoast_head_json":{"title":"Beratungsleistungen \u00fcber den gesamten GxP-Produktlebenszyklus in der Life-Sciences-Branche hinweg","description":"Validant bietet umfassende Strategien, praktische Ausf\u00fchrung und kontinuierliche Supportleistungen f\u00fcr nahezu jede regulatorische, Compliance- oder Qualit\u00e4tsanforderung.","robots":{"index":"index","follow":"follow","max-snippet":"max-snippet:-1","max-image-preview":"max-image-preview:large","max-video-preview":"max-video-preview:-1"},"canonical":"https:\/\/www.validant.com\/de\/unsere-leistungen\/","og_locale":"de_DE","og_type":"article","og_title":"Beratungsleistungen \u00fcber den gesamten GxP-Produktlebenszyklus in der Life-Sciences-Branche hinweg","og_description":"Validant bietet umfassende Strategien, praktische Ausf\u00fchrung und kontinuierliche Supportleistungen f\u00fcr nahezu jede regulatorische, Compliance- oder Qualit\u00e4tsanforderung.","og_url":"https:\/\/www.validant.com\/de\/unsere-leistungen\/","og_site_name":"Validant","article_modified_time":"2021-04-14T19:23:18+00:00","og_image":[{"url":"http:\/\/www.validant.com\/wp-content\/uploads\/\/2020\/07\/product-lifecycle-diagram.svg","type":"","width":"","height":""}],"twitter_card":"summary_large_image","twitter_misc":{"Gesch\u00e4tzte Lesezeit":"1 Minute"},"schema":{"@context":"https:\/\/schema.org","@graph":[{"@type":"WebPage","@id":"https:\/\/www.validant.com\/de\/unsere-leistungen\/","url":"https:\/\/www.validant.com\/de\/unsere-leistungen\/","name":"Beratungsleistungen \u00fcber den gesamten GxP-Produktlebenszyklus in der Life-Sciences-Branche hinweg","isPartOf":{"@id":"https:\/\/www.validant.com\/de\/#website"},"primaryImageOfPage":{"@id":"https:\/\/www.validant.com\/de\/unsere-leistungen\/#primaryimage"},"image":{"@id":"https:\/\/www.validant.com\/de\/unsere-leistungen\/#primaryimage"},"thumbnailUrl":"http:\/\/www.validant.com\/wp-content\/uploads\/\/2020\/07\/product-lifecycle-diagram.svg","datePublished":"2021-03-12T17:47:41+00:00","dateModified":"2021-04-14T19:23:18+00:00","description":"Validant bietet umfassende Strategien, praktische Ausf\u00fchrung und kontinuierliche Supportleistungen f\u00fcr nahezu jede regulatorische, Compliance- oder Qualit\u00e4tsanforderung.","breadcrumb":{"@id":"https:\/\/www.validant.com\/de\/unsere-leistungen\/#breadcrumb"},"inLanguage":"de-DE","potentialAction":[{"@type":"ReadAction","target":["https:\/\/www.validant.com\/de\/unsere-leistungen\/"]}]},{"@type":"ImageObject","inLanguage":"de-DE","@id":"https:\/\/www.validant.com\/de\/unsere-leistungen\/#primaryimage","url":"http:\/\/www.validant.com\/wp-content\/uploads\/\/2020\/07\/product-lifecycle-diagram.svg","contentUrl":"http:\/\/www.validant.com\/wp-content\/uploads\/\/2020\/07\/product-lifecycle-diagram.svg"},{"@type":"BreadcrumbList","@id":"https:\/\/www.validant.com\/de\/unsere-leistungen\/#breadcrumb","itemListElement":[{"@type":"ListItem","position":1,"name":"Home","item":"https:\/\/www.validant.com\/de\/"},{"@type":"ListItem","position":2,"name":"Unsere Leistungen"}]},{"@type":"WebSite","@id":"https:\/\/www.validant.com\/de\/#website","url":"https:\/\/www.validant.com\/de\/","name":"Validant","description":"Your Full-Service Global Regulatory, Compliance &amp; Quality Consultancy","potentialAction":[{"@type":"SearchAction","target":{"@type":"EntryPoint","urlTemplate":"https:\/\/www.validant.com\/de\/?s={search_term_string}"},"query-input":{"@type":"PropertyValueSpecification","valueRequired":true,"valueName":"search_term_string"}}],"inLanguage":"de-DE"}]}},"_links":{"self":[{"href":"https:\/\/www.validant.com\/de\/wp-json\/wp\/v2\/pages\/1734","targetHints":{"allow":["GET"]}}],"collection":[{"href":"https:\/\/www.validant.com\/de\/wp-json\/wp\/v2\/pages"}],"about":[{"href":"https:\/\/www.validant.com\/de\/wp-json\/wp\/v2\/types\/page"}],"author":[{"embeddable":true,"href":"https:\/\/www.validant.com\/de\/wp-json\/wp\/v2\/users\/3"}],"replies":[{"embeddable":true,"href":"https:\/\/www.validant.com\/de\/wp-json\/wp\/v2\/comments?post=1734"}],"version-history":[{"count":0,"href":"https:\/\/www.validant.com\/de\/wp-json\/wp\/v2\/pages\/1734\/revisions"}],"wp:attachment":[{"href":"https:\/\/www.validant.com\/de\/wp-json\/wp\/v2\/media?parent=1734"}],"curies":[{"name":"wp","href":"https:\/\/api.w.org\/{rel}","templated":true}]}}