{"id":1733,"date":"2021-03-12T17:47:36","date_gmt":"2021-03-12T17:47:36","guid":{"rendered":"http:\/\/www.validant.com\/kontinuierliche-unterstuetzung\/"},"modified":"2021-04-21T14:17:11","modified_gmt":"2021-04-21T14:17:11","slug":"kontinuierliche-unterstuetzung","status":"publish","type":"page","link":"https:\/\/www.validant.com\/de\/kontinuierliche-unterstuetzung\/","title":{"rendered":"Kontinuierliche Unterst\u00fctzung"},"content":{"rendered":"\n<section class=\"wp-block-mkl-section-block\"><div class=\"section-bg bg__stretched\" style=\"background-image:url(https:\/\/www.validant.com\/wp-content\/uploads\/2020\/07\/ongoing-support-header.jpg);opacity:1\"><\/div>\n<div class=\"wp-block-mkl-section-block container pt-xl\">\n<p><\/p>\n<\/div>\n<\/section>\n\n\n\n<section class=\"wp-block-mkl-section-block transparent\">\n<div class=\"wp-block-mkl-section-block has-white-background-color container panel pb-s ot-l bb\">\n<div class=\"wp-block-columns is-layout-flex wp-container-core-columns-is-layout-9d6595d7 wp-block-columns-is-layout-flex\">\n<div class=\"wp-block-column pr-s is-layout-flow wp-block-column-is-layout-flow\" style=\"flex-basis:65%\">\n<p class=\"has-text-align-left large has-olive-color has-text-color\"><strong>Kontinuierliche Unterst\u00fctzung<\/strong><\/p>\n\n\n\n<h1 class=\"wp-block-heading\"><strong><span class=\"has-inline-color has-green-color\">Expertenbetreuung<\/span><\/strong> zur langfristigen Gew\u00e4hrleistung von Compliance und Qualit\u00e4t<\/h1>\n\n\n\n<p class=\"large pt-xxs\"><strong>Ein Aspekt, durch den sich Validant als Beratungsunternehmen hervorhebt, ist unsere F\u00e4higkeit, weit mehr als nur anf\u00e4ngliche strategische Dienste bereitzustellen. <\/strong>Wir bieten dar\u00fcber hinaus Schulungen, \u00dcberwachung, Prozesspr\u00fcfungen und Personal f\u00fcr den Wartungssupport, um Sie dabei zu unterst\u00fctzen, Ihre Compliance und Qualit\u00e4t auf lange Sicht hin aufrechtzuerhalten.<\/p>\n\n\n\n<p>Nach der Umsetzung Ihres Plans k\u00f6nnen wir vor Ort oder remote Ressourcen bereitstellen, damit Ihr Team mit den sich \u00e4ndernden regulatorischen, Compliance- und Qualit\u00e4tsanforderungen der verschiedenen Gesundheitsbeh\u00f6rden weltweit Schritt halten kann.<\/p>\n\n\n\n<p>Zus\u00e4tzlich zur Entlastung Ihrer eigenen Managementressourcen sorgt die kontinuierliche Unterst\u00fctzung durch Validant daf\u00fcr, dass Ihr Unternehmen angemessen ausger\u00fcstet ist, um effektivere, nachhaltigere Compliance- und Qualit\u00e4tsprozesse zu gew\u00e4hrleisten, die neben der Einhaltung der regulatorischen Verpflichtungen viele weitere positive Auswirkungen haben.<\/p>\n<\/div>\n\n\n\n<div class=\"wp-block-column is-layout-flow wp-block-column-is-layout-flow\" style=\"flex-basis:35%\">\n<div class=\"wp-block-mkl-section-block panel-small bg-greengrad\">\n<ul class=\"strategy-list wp-block-list\"><li>Regulatorische \u00dcberwachung<\/li><li>Scheininspektionen<\/li><li>Prozess\u00fcberwachung<\/li><li>Compliance-Schulung<\/li><li>Unabh\u00e4ngige Qualit\u00e4tssicherungspr\u00fcfungen und Support<\/li><li>Lieferantenqualifizierung<\/li><li>Methoden f\u00fcr die Audit-Trail-Pr\u00fcfung<\/li><li>\u00dcberpr\u00fcfungen der Inspektionsbereitschaft<\/li><li>Qualifizierung\/Validierung<\/li><li>Unterst\u00fctzung der fortlaufenden \u00c4nderungen von Standards und Regulierungen<\/li><\/ul>\n<\/div>\n<\/div>\n<\/div>\n<\/div>\n<\/section>\n\n\n\n<section class=\"wp-block-mkl-section-block\">\n<div class=\"wp-block-mkl-section-block container\">\n<div class=\"wp-block-columns is-layout-flex wp-container-core-columns-is-layout-9d6595d7 wp-block-columns-is-layout-flex\">\n<div class=\"wp-block-column page-content is-layout-flow wp-block-column-is-layout-flow\" style=\"flex-basis:65%\">\n<h2 class=\"max600 wp-block-heading\"><strong><span class=\"has-inline-color has-olive-color\">Ausr\u00fcstung Ihres Unternehmens und Ihres Teams<\/span><\/strong> f\u00fcr den Erfolg<\/h2>\n\n\n\n<p class=\"large\">Wir unterst\u00fctzen Ihr Unternehmen mit zus\u00e4tzlichen Ressourcen und neuen Kenntnissen, um den Wert Ihrer Regulierungs-, Compliance- und Qualit\u00e4tsstrategien maximal auszusch\u00f6pfen.<\/p>\n\n\n    <div id=\"icon-list-block_5eea751c894a8\" class=\"accordian mt-xs \">\n        \t\t\t<div class=\"a-wrap\">\n\t\t\t\t<h3>Schulung<\/h3>\n\t\t\t\t<div><p>Die Partner und f\u00fchrenden Experten von Validant stellen Pr\u00e4senz- oder Fernschulungen bereit, um sowohl F\u00fchrungsteams als auch Mitarbeiter mit den Fertigkeiten und Werkzeugen auszustatten, mit denen sie pragmatische Probleml\u00f6sungsprozesse gestalten und die Einhaltung der sich weiterentwickelnden Regulierungs-, Compliance- und Qualit\u00e4tsstandards sicherstellen k\u00f6nnen.<\/p>\n<p>Durch dieses Mentoring unterst\u00fctzen wir interne Teams dabei, die kontinuierliche Verbesserung voranzutreiben und eine gemeinsame Kultur der Verantwortlichkeit aufzubauen.<\/p>\n<p>&nbsp;<\/p>\n<\/div>\t\t\t\n\t\t\t<\/div>\n        \t\t\t<div class=\"a-wrap\">\n\t\t\t\t<h3>\u00dcberwachung und Prozess\u00fcberpr\u00fcfungen<\/h3>\n\t\t\t\t<div><p>Der wahre Erfolg einer Strategie macht sich erst lange nach der ersten Umsetzung bemerkbar. Validant unterst\u00fctzt Kunden dabei, konforme regulatorische und Qualit\u00e4tsprozesse im Zeitverlauf durch fortlaufende \u00dcberwachungen und regelm\u00e4\u00dfige Prozesspr\u00fcfungen und Audits aufrechtzuerhalten.<\/p>\n<p>Diese Unterst\u00fctzung kann, um nur einige zu nennen, Leistungen im Zusammenhang mit regulatorischer und Prozess\u00fcberwachung, \u00dcberpr\u00fcfungen der Inspektionsbereitschaft und Scheininspektionen sowie unabh\u00e4ngige Qualit\u00e4tssicherungs- und Audit-Trail-Pr\u00fcfungen umfassen.<br \/>\n&nbsp;<\/p>\n<\/div>\t\t\t\n\t\t\t<\/div>\n        \t\t\t<div class=\"a-wrap\">\n\t\t\t\t<h3>Wartungssupport<\/h3>\n\t\t\t\t<div><p>Falls Sie intern nicht \u00fcber das Fachwissen oder die verf\u00fcgbaren Ressourcen verf\u00fcgen, um die fortlaufende Pflege von Dateien oder die Ausf\u00fchrung von Programmen w\u00e4hrend der vorklinischen, klinischen, Herstellungs- und Vertriebsphasen zu \u00fcbernehmen, kann Validant Ihnen das ben\u00f6tigte Supportpersonal zur Verf\u00fcgung stellen.<\/p>\n<p>Wir w\u00e4hlen Talente mit gr\u00f6\u00dfter Sorgfalt aus unserem weltweiten Beraternetzwerk, die diese T\u00e4tigkeiten f\u00fcr Sie in Ihrem Unternehmen und so lange, wie Sie deren Hilfe ben\u00f6tigen, \u00fcbernehmen.<\/p>\n<\/div>\t\t\t\n\t\t\t<\/div>\n            <\/div>\n\n\n\n<div class=\"wp-block-group relative pt-s mt-s\"><div class=\"wp-block-group__inner-container is-layout-flow wp-block-group-is-layout-flow\">\n<figure class=\"wp-block-image size-large pin-left\"><img loading=\"lazy\" decoding=\"async\" width=\"479\" height=\"482\" src=\"http:\/\/www.validant.com\/wp-content\/uploads\/2020\/07\/ongoing-inset-img.jpg\" alt=\"kontinuierliche Supportleistungen\" class=\"wp-image-1347\" srcset=\"https:\/\/www.validant.com\/wp-content\/uploads\/2020\/07\/ongoing-inset-img.jpg 479w, https:\/\/www.validant.com\/wp-content\/uploads\/2020\/07\/ongoing-inset-img-298x300.jpg 298w\" sizes=\"auto, (max-width: 479px) 100vw, 479px\" \/><\/figure>\n\n\n\n<div class=\"wp-block-mkl-section-block has-white-background-color panel square ml-l z1 w80\">\n<h2 class=\"wp-block-heading\">F\u00f6rderung von <strong><span class=\"has-inline-color has-green-color\">nachhaltiger Compliance und Qualit\u00e4t<\/span><\/strong><\/h2>\n\n\n\n<p>Von der Einreichung von Zulassungsantr\u00e4gen und ihrer weiteren Bearbeitung bis zu Schulungen und \u00c4nderungsaktivierungsprogrammen, unsere zahlreichen, vielseitigen Regulierungs-, Compliance- und Qualit\u00e4tsexperten arbeiten Seite an Seite mit Ihren internen Teams an praktisch jeder Unterst\u00fctzungsinitiative.<\/p>\n<\/div>\n<\/div><\/div>\n<\/div>\n\n\n\n<div class=\"wp-block-column page-sidebar pl-xs is-layout-flow wp-block-column-is-layout-flow\" style=\"flex-basis:35%\">\n<div class=\"wp-block-mkl-section-block panel-small bg-greengrad mtb-xs\">\n<figure class=\"wp-block-image size-full is-resized banner\"><img loading=\"lazy\" decoding=\"async\" src=\"http:\/\/www.validant.com\/wp-content\/uploads\/2020\/06\/meet-your-team.jpg\" alt=\"Lernen Sie Ihr Team kennen\" class=\"wp-image-1213\" width=\"350\" height=\"170\" srcset=\"https:\/\/www.validant.com\/wp-content\/uploads\/2020\/06\/meet-your-team.jpg 350w, https:\/\/www.validant.com\/wp-content\/uploads\/2020\/06\/meet-your-team-300x146.jpg 300w\" sizes=\"auto, (max-width: 350px) 100vw, 350px\" \/><\/figure>\n\n\n\n<h4 class=\"wp-block-heading\"><strong><span class=\"has-inline-color has-olive-color\">Lernen Sie Ihr Team kennen<\/span><\/strong><\/h4>\n\n\n\n<p class=\"has-white-color has-text-color\">Lernen Sie das F\u00fchrungsteam von Validant kennen, mit dem Sie zusammenarbeiten werden.<\/p>\n\n\n\n<p><\/p>\n\n\n\n<p class=\"btn white\"><a href=\"http:\/\/www.validant.com\/de\/unsere-partner\/\">Unser F\u00fchrungsteam<\/a><\/p>\n<\/div>\n\n\n\n<div class=\"wp-block-mkl-section-block has-grey-background-color panel-small mb-xs\">\n<p class=\"mb-z\"><strong><span class=\"has-inline-color has-olive-color\">Fallstudie<\/span><\/strong><\/p>\n\n\n\n<h3 class=\"wp-block-heading\">Betreuung eines globalen Biopharma-Unternehmens hin zur <strong>Compliance f\u00fcr aseptische Herstellung<\/strong><\/h3>\n\n\n\n<p>Erfahren Sie, wie wir das erreicht haben und welche Vorteile unser Kunde hierdurch erzielt hat.<\/p>\n\n\n\n<p class=\"more\"><a href=\"http:\/\/www.validant.com\/de\/fallstudie-coaching-fuer-aseptische-herstellung-und-betreuung\/\">Fallstudie ansehen<\/a><\/p>\n<\/div>\n\n\n\n<div class=\"wp-block-mkl-section-block has-grey-background-color panel-small mb-xs\">\n<figure class=\"wp-block-image size-large banner\"><img loading=\"lazy\" decoding=\"async\" width=\"350\" height=\"177\" src=\"http:\/\/www.validant.com\/wp-content\/uploads\/2020\/06\/brochure-validant-at-a-glance.jpg\" alt=\"Validant-Brosch\u00fcre im \u00dcberblick\" class=\"wp-image-1215\" srcset=\"https:\/\/www.validant.com\/wp-content\/uploads\/2020\/06\/brochure-validant-at-a-glance.jpg 350w, https:\/\/www.validant.com\/wp-content\/uploads\/2020\/06\/brochure-validant-at-a-glance-300x152.jpg 300w\" sizes=\"auto, (max-width: 350px) 100vw, 350px\" \/><\/figure>\n\n\n\n<p class=\"mb-z\"><strong><span class=\"has-inline-color has-olive-color\">Brosch\u00fcre<\/span><\/strong><\/p>\n\n\n\n<h3 class=\"wp-block-heading\">Validant im \u00dcberblick<\/h3>\n\n\n\n<p class=\"more\"><a href=\"\/wp-content\/uploads\/2020\/10\/Validant-CorporateBrochure-100720.pdf\" target=\"_blank\" rel=\"noreferrer noopener\">Jetzt herunterladen<\/a><\/p>\n<\/div>\n<\/div>\n<\/div>\n<\/div>\n<\/section>\n\n\n\n<section class=\"wp-block-mkl-section-block cta-panel mb-m\">\n<div class=\"wp-block-mkl-section-block container panel bg-greengrad\">\n<div class=\"wp-block-mkl-section-block has-green-background-color bg-greengrad panel\">\n<p><\/p>\n<\/div>\n\n\n\n<div class=\"wp-block-columns relative is-layout-flex wp-container-core-columns-is-layout-9d6595d7 wp-block-columns-is-layout-flex\">\n<div class=\"wp-block-column is-layout-flow wp-block-column-is-layout-flow\" style=\"flex-basis:28.2%\">\n<h2 class=\"has-white-color has-text-color wp-block-heading\">Wie k\u00f6nnen <strong><span class=\"has-inline-color has-lightblue-color\">wir Ihnen behilflich sein?<\/span><\/strong><\/h2>\n<\/div>\n\n\n\n<div class=\"wp-block-column pl-xs is-layout-flow wp-block-column-is-layout-flow\" style=\"flex-basis:66.66%\">\n<p class=\"large has-white-color has-text-color\">Erz\u00e4hlen Sie uns, was Sie erreichen m\u00f6chten.<br><strong>Wir erarbeiten basierend auf unserer Erfahrung eine L\u00f6sung f\u00fcr Ihr spezifisches Problem.<\/strong><\/p>\n\n\n\n<p class=\"btn white\"><a href=\"http:\/\/www.validant.com\/de\/beratung-anfragen\/\">Hier beginnen<\/a><\/p>\n<\/div>\n<\/div>\n<\/div>\n<\/section>\n","protected":false},"excerpt":{"rendered":"","protected":false},"author":3,"featured_media":0,"parent":0,"menu_order":0,"comment_status":"closed","ping_status":"closed","template":"","meta":{"_acf_changed":false,"footnotes":""},"class_list":["post-1733","page","type-page","status-publish","hentry"],"acf":[],"yoast_head":"<!-- This site is optimized with the Yoast SEO plugin v27.3 - https:\/\/yoast.com\/product\/yoast-seo-wordpress\/ -->\n<title>Kontinuierliche Unterst\u00fctzung zur langfristigen Gew\u00e4hrleistung von Compliance und Qualit\u00e4t<\/title>\n<meta name=\"description\" content=\"Validant bietet Schulungen, \u00dcberwachung, Prozesspr\u00fcfungen und Supportmitarbeiter, um Sie dabei zu unterst\u00fctzen, Ihre Compliance und Qualit\u00e4t auf lange Sicht hin zu gew\u00e4hrleisten.\" \/>\n<meta name=\"robots\" content=\"index, follow, max-snippet:-1, max-image-preview:large, max-video-preview:-1\" \/>\n<link rel=\"canonical\" href=\"https:\/\/www.validant.com\/de\/kontinuierliche-unterstuetzung\/\" \/>\n<meta property=\"og:locale\" content=\"de_DE\" \/>\n<meta property=\"og:type\" content=\"article\" \/>\n<meta property=\"og:title\" content=\"Kontinuierliche Unterst\u00fctzung zur langfristigen Gew\u00e4hrleistung von Compliance und Qualit\u00e4t\" \/>\n<meta property=\"og:description\" content=\"Validant bietet Schulungen, \u00dcberwachung, Prozesspr\u00fcfungen und Supportmitarbeiter, um Sie dabei zu unterst\u00fctzen, Ihre Compliance und Qualit\u00e4t auf lange Sicht hin zu gew\u00e4hrleisten.\" \/>\n<meta property=\"og:url\" content=\"https:\/\/www.validant.com\/de\/kontinuierliche-unterstuetzung\/\" \/>\n<meta property=\"og:site_name\" content=\"Validant\" \/>\n<meta property=\"article:modified_time\" content=\"2021-04-21T14:17:11+00:00\" \/>\n<meta property=\"og:image\" content=\"http:\/\/www.validant.com\/wp-content\/uploads\/2020\/07\/ongoing-inset-img.jpg\" \/>\n<meta name=\"twitter:card\" content=\"summary_large_image\" \/>\n<meta name=\"twitter:label1\" content=\"Gesch\u00e4tzte Lesezeit\" \/>\n\t<meta name=\"twitter:data1\" content=\"2 Minuten\" \/>\n<script type=\"application\/ld+json\" class=\"yoast-schema-graph\">{\"@context\":\"https:\\\/\\\/schema.org\",\"@graph\":[{\"@type\":\"WebPage\",\"@id\":\"https:\\\/\\\/www.validant.com\\\/de\\\/kontinuierliche-unterstuetzung\\\/\",\"url\":\"https:\\\/\\\/www.validant.com\\\/de\\\/kontinuierliche-unterstuetzung\\\/\",\"name\":\"Kontinuierliche Unterst\u00fctzung zur langfristigen Gew\u00e4hrleistung von Compliance und Qualit\u00e4t\",\"isPartOf\":{\"@id\":\"https:\\\/\\\/www.validant.com\\\/de\\\/#website\"},\"primaryImageOfPage\":{\"@id\":\"https:\\\/\\\/www.validant.com\\\/de\\\/kontinuierliche-unterstuetzung\\\/#primaryimage\"},\"image\":{\"@id\":\"https:\\\/\\\/www.validant.com\\\/de\\\/kontinuierliche-unterstuetzung\\\/#primaryimage\"},\"thumbnailUrl\":\"http:\\\/\\\/www.validant.com\\\/wp-content\\\/uploads\\\/2020\\\/07\\\/ongoing-inset-img.jpg\",\"datePublished\":\"2021-03-12T17:47:36+00:00\",\"dateModified\":\"2021-04-21T14:17:11+00:00\",\"description\":\"Validant bietet Schulungen, \u00dcberwachung, Prozesspr\u00fcfungen und Supportmitarbeiter, um Sie dabei zu unterst\u00fctzen, Ihre Compliance und Qualit\u00e4t auf lange Sicht hin zu gew\u00e4hrleisten.\",\"breadcrumb\":{\"@id\":\"https:\\\/\\\/www.validant.com\\\/de\\\/kontinuierliche-unterstuetzung\\\/#breadcrumb\"},\"inLanguage\":\"de-DE\",\"potentialAction\":[{\"@type\":\"ReadAction\",\"target\":[\"https:\\\/\\\/www.validant.com\\\/de\\\/kontinuierliche-unterstuetzung\\\/\"]}]},{\"@type\":\"ImageObject\",\"inLanguage\":\"de-DE\",\"@id\":\"https:\\\/\\\/www.validant.com\\\/de\\\/kontinuierliche-unterstuetzung\\\/#primaryimage\",\"url\":\"http:\\\/\\\/www.validant.com\\\/wp-content\\\/uploads\\\/2020\\\/07\\\/ongoing-inset-img.jpg\",\"contentUrl\":\"http:\\\/\\\/www.validant.com\\\/wp-content\\\/uploads\\\/2020\\\/07\\\/ongoing-inset-img.jpg\"},{\"@type\":\"BreadcrumbList\",\"@id\":\"https:\\\/\\\/www.validant.com\\\/de\\\/kontinuierliche-unterstuetzung\\\/#breadcrumb\",\"itemListElement\":[{\"@type\":\"ListItem\",\"position\":1,\"name\":\"Home\",\"item\":\"https:\\\/\\\/www.validant.com\\\/de\\\/\"},{\"@type\":\"ListItem\",\"position\":2,\"name\":\"Kontinuierliche Unterst\u00fctzung\"}]},{\"@type\":\"WebSite\",\"@id\":\"https:\\\/\\\/www.validant.com\\\/de\\\/#website\",\"url\":\"https:\\\/\\\/www.validant.com\\\/de\\\/\",\"name\":\"Validant\",\"description\":\"Your Full-Service Global Regulatory, Compliance &amp; Quality Consultancy\",\"potentialAction\":[{\"@type\":\"SearchAction\",\"target\":{\"@type\":\"EntryPoint\",\"urlTemplate\":\"https:\\\/\\\/www.validant.com\\\/de\\\/?s={search_term_string}\"},\"query-input\":{\"@type\":\"PropertyValueSpecification\",\"valueRequired\":true,\"valueName\":\"search_term_string\"}}],\"inLanguage\":\"de-DE\"}]}<\/script>\n<!-- \/ Yoast SEO plugin. -->","yoast_head_json":{"title":"Kontinuierliche Unterst\u00fctzung zur langfristigen Gew\u00e4hrleistung von Compliance und Qualit\u00e4t","description":"Validant bietet Schulungen, \u00dcberwachung, Prozesspr\u00fcfungen und Supportmitarbeiter, um Sie dabei zu unterst\u00fctzen, Ihre Compliance und Qualit\u00e4t auf lange Sicht hin zu gew\u00e4hrleisten.","robots":{"index":"index","follow":"follow","max-snippet":"max-snippet:-1","max-image-preview":"max-image-preview:large","max-video-preview":"max-video-preview:-1"},"canonical":"https:\/\/www.validant.com\/de\/kontinuierliche-unterstuetzung\/","og_locale":"de_DE","og_type":"article","og_title":"Kontinuierliche Unterst\u00fctzung zur langfristigen Gew\u00e4hrleistung von Compliance und Qualit\u00e4t","og_description":"Validant bietet Schulungen, \u00dcberwachung, Prozesspr\u00fcfungen und Supportmitarbeiter, um Sie dabei zu unterst\u00fctzen, Ihre Compliance und Qualit\u00e4t auf lange Sicht hin zu gew\u00e4hrleisten.","og_url":"https:\/\/www.validant.com\/de\/kontinuierliche-unterstuetzung\/","og_site_name":"Validant","article_modified_time":"2021-04-21T14:17:11+00:00","og_image":[{"url":"http:\/\/www.validant.com\/wp-content\/uploads\/2020\/07\/ongoing-inset-img.jpg","type":"","width":"","height":""}],"twitter_card":"summary_large_image","twitter_misc":{"Gesch\u00e4tzte Lesezeit":"2 Minuten"},"schema":{"@context":"https:\/\/schema.org","@graph":[{"@type":"WebPage","@id":"https:\/\/www.validant.com\/de\/kontinuierliche-unterstuetzung\/","url":"https:\/\/www.validant.com\/de\/kontinuierliche-unterstuetzung\/","name":"Kontinuierliche Unterst\u00fctzung zur langfristigen Gew\u00e4hrleistung von Compliance und Qualit\u00e4t","isPartOf":{"@id":"https:\/\/www.validant.com\/de\/#website"},"primaryImageOfPage":{"@id":"https:\/\/www.validant.com\/de\/kontinuierliche-unterstuetzung\/#primaryimage"},"image":{"@id":"https:\/\/www.validant.com\/de\/kontinuierliche-unterstuetzung\/#primaryimage"},"thumbnailUrl":"http:\/\/www.validant.com\/wp-content\/uploads\/2020\/07\/ongoing-inset-img.jpg","datePublished":"2021-03-12T17:47:36+00:00","dateModified":"2021-04-21T14:17:11+00:00","description":"Validant bietet Schulungen, \u00dcberwachung, Prozesspr\u00fcfungen und Supportmitarbeiter, um Sie dabei zu unterst\u00fctzen, Ihre Compliance und Qualit\u00e4t auf lange Sicht hin zu gew\u00e4hrleisten.","breadcrumb":{"@id":"https:\/\/www.validant.com\/de\/kontinuierliche-unterstuetzung\/#breadcrumb"},"inLanguage":"de-DE","potentialAction":[{"@type":"ReadAction","target":["https:\/\/www.validant.com\/de\/kontinuierliche-unterstuetzung\/"]}]},{"@type":"ImageObject","inLanguage":"de-DE","@id":"https:\/\/www.validant.com\/de\/kontinuierliche-unterstuetzung\/#primaryimage","url":"http:\/\/www.validant.com\/wp-content\/uploads\/2020\/07\/ongoing-inset-img.jpg","contentUrl":"http:\/\/www.validant.com\/wp-content\/uploads\/2020\/07\/ongoing-inset-img.jpg"},{"@type":"BreadcrumbList","@id":"https:\/\/www.validant.com\/de\/kontinuierliche-unterstuetzung\/#breadcrumb","itemListElement":[{"@type":"ListItem","position":1,"name":"Home","item":"https:\/\/www.validant.com\/de\/"},{"@type":"ListItem","position":2,"name":"Kontinuierliche Unterst\u00fctzung"}]},{"@type":"WebSite","@id":"https:\/\/www.validant.com\/de\/#website","url":"https:\/\/www.validant.com\/de\/","name":"Validant","description":"Your Full-Service Global Regulatory, Compliance &amp; Quality Consultancy","potentialAction":[{"@type":"SearchAction","target":{"@type":"EntryPoint","urlTemplate":"https:\/\/www.validant.com\/de\/?s={search_term_string}"},"query-input":{"@type":"PropertyValueSpecification","valueRequired":true,"valueName":"search_term_string"}}],"inLanguage":"de-DE"}]}},"_links":{"self":[{"href":"https:\/\/www.validant.com\/de\/wp-json\/wp\/v2\/pages\/1733","targetHints":{"allow":["GET"]}}],"collection":[{"href":"https:\/\/www.validant.com\/de\/wp-json\/wp\/v2\/pages"}],"about":[{"href":"https:\/\/www.validant.com\/de\/wp-json\/wp\/v2\/types\/page"}],"author":[{"embeddable":true,"href":"https:\/\/www.validant.com\/de\/wp-json\/wp\/v2\/users\/3"}],"replies":[{"embeddable":true,"href":"https:\/\/www.validant.com\/de\/wp-json\/wp\/v2\/comments?post=1733"}],"version-history":[{"count":0,"href":"https:\/\/www.validant.com\/de\/wp-json\/wp\/v2\/pages\/1733\/revisions"}],"wp:attachment":[{"href":"https:\/\/www.validant.com\/de\/wp-json\/wp\/v2\/media?parent=1733"}],"curies":[{"name":"wp","href":"https:\/\/api.w.org\/{rel}","templated":true}]}}