{"id":1732,"date":"2021-03-12T17:47:32","date_gmt":"2021-03-12T17:47:32","guid":{"rendered":"http:\/\/www.validant.com\/antwort-auf-die-covid-19-pandemie\/"},"modified":"2021-04-14T19:24:43","modified_gmt":"2021-04-14T19:24:43","slug":"antwort-auf-die-covid-19-pandemie","status":"publish","type":"page","link":"https:\/\/www.validant.com\/de\/antwort-auf-die-covid-19-pandemie\/","title":{"rendered":"Antwort auf die COVID-19-Pandemie"},"content":{"rendered":"\n<section class=\"wp-block-mkl-section-block\"><div class=\"section-bg bg__stretched\" style=\"background-image:url(https:\/\/www.validant.com\/wp-content\/uploads\/2020\/07\/covid-response-header.jpg);opacity:1\"><\/div>\n<div class=\"wp-block-mkl-section-block container pt-xl\">\n<p><\/p>\n<\/div>\n<\/section>\n\n<section class=\"wp-block-mkl-section-block transparent\">\n<div class=\"wp-block-mkl-section-block has-white-background-color container panel pb-xs ot-l bb\">\n<h1 class=\"has-text-align-center pt-xxs maxc800 wp-block-heading\"><strong><span class=\"has-inline-color has-green-color\">Bew\u00e4ltigung der Auswirkungen von COVID-19<\/span><\/strong> auf den Gesch\u00e4ftsbetrieb<\/h1>\n\n\n\n<p class=\"has-text-align-center maxc1000 pt-xxs\">Die COVID-19-Pandemie hat sich auf alle Aspekte unseres t\u00e4glichen Lebens ausgewirkt, unter anderem auch auf routinem\u00e4\u00dfige Gesch\u00e4ftsvorg\u00e4nge. Wir haben uns zum Ziel gesetzt, Kunden bei der Bew\u00e4ltigung dieser beispiellosen Zeiten zu helfen, die zweifellos langfristige Auswirkungen darauf haben werden, wie in der Life-Sciences-Branche t\u00e4tige Unternehmen ihre Produkte k\u00fcnftig entwickeln, herstellen und vertreiben. <strong>Warum Validant?<\/strong><\/p>\n<\/div>\n<\/section>\n\n<section class=\"wp-block-mkl-section-block\">\n<div class=\"wp-block-mkl-section-block container pt-z pb-z\">\n<div class=\"wp-block-columns mt-s is-layout-flex wp-container-core-columns-is-layout-9d6595d7 wp-block-columns-is-layout-flex\">\n<div class=\"wp-block-column page-content is-layout-flow wp-block-column-is-layout-flow\" style=\"flex-basis:65%\">\n<div class=\"wp-block-group relative pt-s\"><div class=\"wp-block-group__inner-container is-layout-flow wp-block-group-is-layout-flow\">\n<figure class=\"wp-block-image size-large pin-left\"><img loading=\"lazy\" decoding=\"async\" width=\"433\" height=\"470\" src=\"https:\/\/www.validant.com\/wp-content\/uploads\/2020\/07\/virtual-reality-remote-work.jpg\" alt=\"\" class=\"wp-image-536\" srcset=\"https:\/\/www.validant.com\/wp-content\/uploads\/2020\/07\/virtual-reality-remote-work.jpg 433w, https:\/\/www.validant.com\/wp-content\/uploads\/2020\/07\/virtual-reality-remote-work-276x300.jpg 276w\" sizes=\"auto, (max-width: 433px) 100vw, 433px\" \/><\/figure>\n\n\n<div class=\"wp-block-mkl-section-block has-white-background-color panel square ml-l z1 w80\">\n<h3 class=\"max600 wp-block-heading\" id=\"specialty\"><strong><span class=\"has-inline-color has-green-color\">Telearbeitsmodelle <\/span><\/strong>zur Aufrechterhaltung der Beratungst\u00e4tigkeit<\/h3>\n\n\n\n<p>Wir sind uns unserer einzigartigen Rolle als Beratungsunternehmen f\u00fcr Life-Sciences-Unternehmen, die Behandlungen zur Bek\u00e4mpfung von COVID-19 und anderer Krankheiten entwickeln, bewusst. Diese Arbeit darf auf keinen Fall unterbrochen werden, in der Tat, sie ist jetzt wichtiger denn je geworden.<\/p>\n\n\n\n<p>Validant hat eine flexible Plattform errichtet, die uns erm\u00f6glicht, auf <strong>Remote-\/virtueller Basis<\/strong> unter Einsatz fortschrittlicher VR-Technologien und Zusammenarbeits-Tools m\u00fchelos mit Kunden Beratungsgespr\u00e4che zu f\u00fchren und Projekte umzusetzen. Gemeinsam sorgen wir daf\u00fcr dass unsere Bem\u00fchungen, den sicheren und zuverl\u00e4ssigen Zugang zu den lebensrettenden Gesundheitsprodukten der Welt zu gew\u00e4hrleisten, nicht an Tempo verliert.<\/p>\n<\/div>\n<\/div><\/div>\n\n\n\n<div class=\"wp-block-group relative pt-s mt-s\"><div class=\"wp-block-group__inner-container is-layout-flow wp-block-group-is-layout-flow\">\n<figure class=\"wp-block-image size-large pin-right\"><img loading=\"lazy\" decoding=\"async\" width=\"433\" height=\"470\" src=\"http:\/\/www.validant.com\/wp-content\/uploads\/2020\/07\/keeping-you-prepared-inset-img.jpg\" alt=\"Abb. Ihre Bereitschaft gew&#xE4;hrleisten (Einsatz)\" class=\"wp-image-1461\" srcset=\"https:\/\/www.validant.com\/wp-content\/uploads\/2020\/07\/keeping-you-prepared-inset-img.jpg 433w, https:\/\/www.validant.com\/wp-content\/uploads\/2020\/07\/keeping-you-prepared-inset-img-276x300.jpg 276w\" sizes=\"auto, (max-width: 433px) 100vw, 433px\" \/><\/figure>\n\n\n<div class=\"wp-block-mkl-section-block has-white-background-color panel square w80 z1 pl-z\">\n<h3 class=\"max400 wp-block-heading\" id=\"scope\">In Zeit der neuen Normalit\u00e4t <strong><span class=\"has-inline-color has-green-color\">Ihre Bereitschaft gew\u00e4hrleisten<\/span><\/strong><\/h3>\n\n\n\n<p>In einem sich schnell \u00e4ndernden globalen Umfeld kann es schwierig sein, mit den neuesten Realit\u00e4ten und Anforderungen in Verbindung mit der COVID-19-Krise Schritt zu halten. Validant m\u00f6chte Sie dabei unterst\u00fctzen, eine m\u00f6glichst hohe Kontinuit\u00e4t Ihrer Gesch\u00e4ftsvorg\u00e4nge, klinischen Studien und Herstellungsprozesse aufrechtzuerhalten und gleichzeitig die Sicherheit von Mitarbeitern und Patienten zu bewahren.<\/p>\n\n\n\n<p>Unsere Berater verf\u00fcgen \u00fcber einen tiefen Einblick in die fest etablierten und validierten Prozesse im Rahmen einer Pandemiebek\u00e4mpfung und liefern Handlungspl\u00e4ne, die Sie zur Unterst\u00fctzung der Wiederer\u00f6ffnung des Betriebs und der sicheren, fortlaufenden Entwicklung, Herstellung und Verteilung Ihrer Produkte umsetzen k\u00f6nnen.<\/p>\n<\/div>\n<\/div><\/div>\n\n\n\n<p><\/p>\n<\/div>\n\n\n\n<div class=\"wp-block-column pl-s page-sidebar is-layout-flow wp-block-column-is-layout-flow\" style=\"flex-basis:35%\">\n<div class=\"wp-block-mkl-section-block has-grey-background-color panel-small sidebar-menu mb-xs\">\n<p class=\"mb-z\"><strong><span class=\"has-inline-color has-olive-color\">Fallstudie<\/span><\/strong><\/p>\n\n\n\n<h3 class=\"wp-block-heading\"><strong>Einsatz von Remote-Teams<\/strong> f\u00fcr eine vielseitige Projektabwicklung<\/h3>\n\n\n\n<p>\u00dcbersicht \u00fcber die zahlreichen Projekte, die wir seit dem Ausbruch der COVID-19-Pandemie per Telearbeit fertiggestellt haben.<\/p>\n\n\n\n<p class=\"more\"><a href=\"http:\/\/www.validant.com\/de\/fallstudie-einsatz-von-remote-teams-fuer-eine-vielseitige-projektabwicklung\/\">Fallstudie ansehen<\/a><\/p>\n<\/div>\n\n\n\n<h4 class=\"has-green-color has-text-color mb-xxs wp-block-heading\"><strong>The Vantage Point\u00a0\u2013 Blogbeitr\u00e4ge<\/strong><\/h4>\n\n\n\t\n<\/div>\n<\/div>\n\n\n\n<p><\/p>\n<\/div>\n<\/section>\n\n<section class=\"wp-block-mkl-section-block cta-panel mt-m mb-m\">\n<div class=\"wp-block-mkl-section-block container panel bg-greengrad\">\n<div class=\"wp-block-mkl-section-block has-green-background-color bg-greengrad panel\">\n<p><\/p>\n<\/div>\n\n\n\n<div class=\"wp-block-columns relative is-layout-flex wp-container-core-columns-is-layout-9d6595d7 wp-block-columns-is-layout-flex\">\n<div class=\"wp-block-column is-layout-flow wp-block-column-is-layout-flow\" style=\"flex-basis:33.33%\">\n<h2 class=\"has-white-color has-text-color wp-block-heading\">Wie k\u00f6nnen <strong><span class=\"has-inline-color has-lightblue-color\">wir<br\/>Ihnen behilflich sein?<\/span><\/strong><\/h2>\n<\/div>\n\n\n\n<div class=\"wp-block-column is-layout-flow wp-block-column-is-layout-flow\" style=\"flex-basis:66.66%\">\n<p class=\"has-text-color has-white-color large\">Erz\u00e4hlen Sie uns, was Sie erreichen m\u00f6chten.<br\/><strong>Wir erarbeiten basierend auf unserer Erfahrung eine L\u00f6sung f\u00fcr Ihr spezifisches Problem.<\/strong><\/p>\n\n\n\n<p class=\"btn white\"><a href=\"http:\/\/www.validant.com\/de\/beratung-anfragen\/\">Hier beginnen<\/a><\/p>\n<\/div>\n<\/div>\n<\/div>\n<\/section>\n","protected":false},"excerpt":{"rendered":"","protected":false},"author":3,"featured_media":0,"parent":0,"menu_order":0,"comment_status":"closed","ping_status":"closed","template":"","meta":{"_acf_changed":false,"footnotes":""},"class_list":["post-1732","page","type-page","status-publish","hentry"],"acf":[],"yoast_head":"<!-- This site is optimized with the Yoast SEO plugin v27.1.1 - https:\/\/yoast.com\/product\/yoast-seo-wordpress\/ -->\n<title>Antwort auf COVID-19 | Bew\u00e4ltigung der Auswirkungen auf Life-Sciences<\/title>\n<meta name=\"description\" content=\"Wir sind uns unserer einzigartigen Rolle als Beratungsunternehmen f\u00fcr Life-Sciences-Unternehmen, die Behandlungen zur Bek\u00e4mpfung von COVID-19 und anderer Krankheiten entwickeln, bewusst.\" \/>\n<meta name=\"robots\" content=\"index, follow, max-snippet:-1, max-image-preview:large, max-video-preview:-1\" \/>\n<link rel=\"canonical\" href=\"https:\/\/www.validant.com\/de\/antwort-auf-die-covid-19-pandemie\/\" \/>\n<meta property=\"og:locale\" content=\"de_DE\" \/>\n<meta property=\"og:type\" content=\"article\" \/>\n<meta property=\"og:title\" content=\"Antwort auf COVID-19 | Bew\u00e4ltigung der Auswirkungen auf Life-Sciences\" \/>\n<meta property=\"og:description\" content=\"Wir sind uns unserer einzigartigen Rolle als Beratungsunternehmen f\u00fcr Life-Sciences-Unternehmen, die Behandlungen zur Bek\u00e4mpfung von COVID-19 und anderer Krankheiten entwickeln, bewusst.\" \/>\n<meta property=\"og:url\" content=\"https:\/\/www.validant.com\/de\/antwort-auf-die-covid-19-pandemie\/\" \/>\n<meta property=\"og:site_name\" content=\"Validant\" \/>\n<meta property=\"article:modified_time\" content=\"2021-04-14T19:24:43+00:00\" \/>\n<meta property=\"og:image\" content=\"https:\/\/www.validant.com\/wp-content\/uploads\/2020\/07\/virtual-reality-remote-work.jpg\" \/>\n<meta name=\"twitter:card\" content=\"summary_large_image\" \/>\n<meta name=\"twitter:label1\" content=\"Gesch\u00e4tzte Lesezeit\" \/>\n\t<meta name=\"twitter:data1\" content=\"2 Minuten\" \/>\n<script type=\"application\/ld+json\" class=\"yoast-schema-graph\">{\"@context\":\"https:\/\/schema.org\",\"@graph\":[{\"@type\":\"WebPage\",\"@id\":\"https:\/\/www.validant.com\/de\/antwort-auf-die-covid-19-pandemie\/\",\"url\":\"https:\/\/www.validant.com\/de\/antwort-auf-die-covid-19-pandemie\/\",\"name\":\"Antwort auf COVID-19 | Bew\u00e4ltigung der Auswirkungen auf Life-Sciences\",\"isPartOf\":{\"@id\":\"https:\/\/www.validant.com\/de\/#website\"},\"primaryImageOfPage\":{\"@id\":\"https:\/\/www.validant.com\/de\/antwort-auf-die-covid-19-pandemie\/#primaryimage\"},\"image\":{\"@id\":\"https:\/\/www.validant.com\/de\/antwort-auf-die-covid-19-pandemie\/#primaryimage\"},\"thumbnailUrl\":\"https:\/\/www.validant.com\/wp-content\/uploads\/2020\/07\/virtual-reality-remote-work.jpg\",\"datePublished\":\"2021-03-12T17:47:32+00:00\",\"dateModified\":\"2021-04-14T19:24:43+00:00\",\"description\":\"Wir sind uns unserer einzigartigen Rolle als Beratungsunternehmen f\u00fcr Life-Sciences-Unternehmen, die Behandlungen zur Bek\u00e4mpfung von COVID-19 und anderer Krankheiten entwickeln, bewusst.\",\"breadcrumb\":{\"@id\":\"https:\/\/www.validant.com\/de\/antwort-auf-die-covid-19-pandemie\/#breadcrumb\"},\"inLanguage\":\"de-DE\",\"potentialAction\":[{\"@type\":\"ReadAction\",\"target\":[\"https:\/\/www.validant.com\/de\/antwort-auf-die-covid-19-pandemie\/\"]}]},{\"@type\":\"ImageObject\",\"inLanguage\":\"de-DE\",\"@id\":\"https:\/\/www.validant.com\/de\/antwort-auf-die-covid-19-pandemie\/#primaryimage\",\"url\":\"https:\/\/www.validant.com\/wp-content\/uploads\/2020\/07\/virtual-reality-remote-work.jpg\",\"contentUrl\":\"https:\/\/www.validant.com\/wp-content\/uploads\/2020\/07\/virtual-reality-remote-work.jpg\"},{\"@type\":\"BreadcrumbList\",\"@id\":\"https:\/\/www.validant.com\/de\/antwort-auf-die-covid-19-pandemie\/#breadcrumb\",\"itemListElement\":[{\"@type\":\"ListItem\",\"position\":1,\"name\":\"Home\",\"item\":\"https:\/\/www.validant.com\/de\/\"},{\"@type\":\"ListItem\",\"position\":2,\"name\":\"Antwort auf die COVID-19-Pandemie\"}]},{\"@type\":\"WebSite\",\"@id\":\"https:\/\/www.validant.com\/de\/#website\",\"url\":\"https:\/\/www.validant.com\/de\/\",\"name\":\"Validant\",\"description\":\"Your Full-Service Global Regulatory, Compliance &amp; Quality Consultancy\",\"potentialAction\":[{\"@type\":\"SearchAction\",\"target\":{\"@type\":\"EntryPoint\",\"urlTemplate\":\"https:\/\/www.validant.com\/de\/?s={search_term_string}\"},\"query-input\":{\"@type\":\"PropertyValueSpecification\",\"valueRequired\":true,\"valueName\":\"search_term_string\"}}],\"inLanguage\":\"de-DE\"}]}<\/script>\n<!-- \/ Yoast SEO plugin. -->","yoast_head_json":{"title":"Antwort auf COVID-19 | Bew\u00e4ltigung der Auswirkungen auf Life-Sciences","description":"Wir sind uns unserer einzigartigen Rolle als Beratungsunternehmen f\u00fcr Life-Sciences-Unternehmen, die Behandlungen zur Bek\u00e4mpfung von COVID-19 und anderer Krankheiten entwickeln, bewusst.","robots":{"index":"index","follow":"follow","max-snippet":"max-snippet:-1","max-image-preview":"max-image-preview:large","max-video-preview":"max-video-preview:-1"},"canonical":"https:\/\/www.validant.com\/de\/antwort-auf-die-covid-19-pandemie\/","og_locale":"de_DE","og_type":"article","og_title":"Antwort auf COVID-19 | Bew\u00e4ltigung der Auswirkungen auf Life-Sciences","og_description":"Wir sind uns unserer einzigartigen Rolle als Beratungsunternehmen f\u00fcr Life-Sciences-Unternehmen, die Behandlungen zur Bek\u00e4mpfung von COVID-19 und anderer Krankheiten entwickeln, bewusst.","og_url":"https:\/\/www.validant.com\/de\/antwort-auf-die-covid-19-pandemie\/","og_site_name":"Validant","article_modified_time":"2021-04-14T19:24:43+00:00","og_image":[{"url":"https:\/\/www.validant.com\/wp-content\/uploads\/2020\/07\/virtual-reality-remote-work.jpg","type":"","width":"","height":""}],"twitter_card":"summary_large_image","twitter_misc":{"Gesch\u00e4tzte Lesezeit":"2 Minuten"},"schema":{"@context":"https:\/\/schema.org","@graph":[{"@type":"WebPage","@id":"https:\/\/www.validant.com\/de\/antwort-auf-die-covid-19-pandemie\/","url":"https:\/\/www.validant.com\/de\/antwort-auf-die-covid-19-pandemie\/","name":"Antwort auf COVID-19 | Bew\u00e4ltigung der Auswirkungen auf Life-Sciences","isPartOf":{"@id":"https:\/\/www.validant.com\/de\/#website"},"primaryImageOfPage":{"@id":"https:\/\/www.validant.com\/de\/antwort-auf-die-covid-19-pandemie\/#primaryimage"},"image":{"@id":"https:\/\/www.validant.com\/de\/antwort-auf-die-covid-19-pandemie\/#primaryimage"},"thumbnailUrl":"https:\/\/www.validant.com\/wp-content\/uploads\/2020\/07\/virtual-reality-remote-work.jpg","datePublished":"2021-03-12T17:47:32+00:00","dateModified":"2021-04-14T19:24:43+00:00","description":"Wir sind uns unserer einzigartigen Rolle als Beratungsunternehmen f\u00fcr Life-Sciences-Unternehmen, die Behandlungen zur Bek\u00e4mpfung von COVID-19 und anderer Krankheiten entwickeln, bewusst.","breadcrumb":{"@id":"https:\/\/www.validant.com\/de\/antwort-auf-die-covid-19-pandemie\/#breadcrumb"},"inLanguage":"de-DE","potentialAction":[{"@type":"ReadAction","target":["https:\/\/www.validant.com\/de\/antwort-auf-die-covid-19-pandemie\/"]}]},{"@type":"ImageObject","inLanguage":"de-DE","@id":"https:\/\/www.validant.com\/de\/antwort-auf-die-covid-19-pandemie\/#primaryimage","url":"https:\/\/www.validant.com\/wp-content\/uploads\/2020\/07\/virtual-reality-remote-work.jpg","contentUrl":"https:\/\/www.validant.com\/wp-content\/uploads\/2020\/07\/virtual-reality-remote-work.jpg"},{"@type":"BreadcrumbList","@id":"https:\/\/www.validant.com\/de\/antwort-auf-die-covid-19-pandemie\/#breadcrumb","itemListElement":[{"@type":"ListItem","position":1,"name":"Home","item":"https:\/\/www.validant.com\/de\/"},{"@type":"ListItem","position":2,"name":"Antwort auf die COVID-19-Pandemie"}]},{"@type":"WebSite","@id":"https:\/\/www.validant.com\/de\/#website","url":"https:\/\/www.validant.com\/de\/","name":"Validant","description":"Your Full-Service Global Regulatory, Compliance &amp; Quality Consultancy","potentialAction":[{"@type":"SearchAction","target":{"@type":"EntryPoint","urlTemplate":"https:\/\/www.validant.com\/de\/?s={search_term_string}"},"query-input":{"@type":"PropertyValueSpecification","valueRequired":true,"valueName":"search_term_string"}}],"inLanguage":"de-DE"}]}},"_links":{"self":[{"href":"https:\/\/www.validant.com\/de\/wp-json\/wp\/v2\/pages\/1732","targetHints":{"allow":["GET"]}}],"collection":[{"href":"https:\/\/www.validant.com\/de\/wp-json\/wp\/v2\/pages"}],"about":[{"href":"https:\/\/www.validant.com\/de\/wp-json\/wp\/v2\/types\/page"}],"author":[{"embeddable":true,"href":"https:\/\/www.validant.com\/de\/wp-json\/wp\/v2\/users\/3"}],"replies":[{"embeddable":true,"href":"https:\/\/www.validant.com\/de\/wp-json\/wp\/v2\/comments?post=1732"}],"version-history":[{"count":0,"href":"https:\/\/www.validant.com\/de\/wp-json\/wp\/v2\/pages\/1732\/revisions"}],"wp:attachment":[{"href":"https:\/\/www.validant.com\/de\/wp-json\/wp\/v2\/media?parent=1732"}],"curies":[{"name":"wp","href":"https:\/\/api.w.org\/{rel}","templated":true}]}}