{"id":1731,"date":"2021-03-12T17:47:29","date_gmt":"2021-03-12T17:47:29","guid":{"rendered":"http:\/\/www.validant.com\/consulting-zu-qualitaetsfragen\/"},"modified":"2021-04-14T19:24:42","modified_gmt":"2021-04-14T19:24:42","slug":"consulting-zu-qualitaetsfragen","status":"publish","type":"page","link":"https:\/\/www.validant.com\/de\/consulting-zu-qualitaetsfragen\/","title":{"rendered":"Beratung zu Qualit\u00e4tsfragen"},"content":{"rendered":"\n<section class=\"wp-block-mkl-section-block\"><div class=\"section-bg bg__stretched\" style=\"background-image:url(https:\/\/www.validant.com\/wp-content\/uploads\/2020\/07\/quality-header.jpg);opacity:1\"><\/div>\n<div class=\"wp-block-mkl-section-block container pt-xl\">\n<p><\/p>\n<\/div>\n<\/section>\n\n<section class=\"wp-block-mkl-section-block transparent\">\n<div class=\"wp-block-mkl-section-block has-white-background-color container panel pb-s ot-l bb\">\n<div class=\"wp-block-columns is-layout-flex wp-container-core-columns-is-layout-9d6595d7 wp-block-columns-is-layout-flex\">\n<div class=\"wp-block-column pr-s is-layout-flow wp-block-column-is-layout-flow\" style=\"flex-basis:65%\">\n<p class=\"has-text-color has-text-align-left has-olive-color large\"><strong>Beratung zu Qualit\u00e4tsfragen<\/strong><\/p>\n\n\n\n<h1 class=\"wp-block-heading\"><strong><span class=\"has-inline-color has-green-color\">Qualit\u00e4tsbotschafter <\/span><\/strong>w\u00e4hrend des gesamten Produktlebenszyklus<\/h1>\n\n\n\n<p class=\"large pt-xxs\"><strong>Validant bietet ein einzigartiges Portfolio an Expertise im Bereich Qualit\u00e4t, darunter strategische Unterst\u00fctzung, technische Fachkompetenz und projektbasierte L\u00f6sungen.<\/strong> Unser gesamtes Handeln konzentriert sich auf die Bewahrung der Produkt- und Prozessqualit\u00e4t im Kontext Ihrer einzigartigen Gesch\u00e4ftsgegebenheiten.<\/p>\n\n\n\n<p class=\"pb-xxs\">Wir sind uns bewusst, dass Nachhaltigkeit der Eckpfeiler jedes Programms zur Qualit\u00e4tsverbesserung ist. Unsere Programme binden Ihre F\u00fchrungskr\u00e4fte und Teams auf allen Ebenen ein, um das Vorhandensein der angemessenen Kontrollprozesse sicherzustellen, mit denen die Qualit\u00e4t Ihres Produkts \u00fcber die Entwicklung, Herstellung und den Vertrieb hinweg gew\u00e4hrleistet wird. <strong>Unser Qualit\u00e4tssicherungsverfahren beinhaltet:<\/strong><\/p>\n\n\n\n<div class=\"wp-block-columns is-layout-flex wp-container-core-columns-is-layout-9d6595d7 wp-block-columns-is-layout-flex\">\n<div class=\"wp-block-column is-layout-flow wp-block-column-is-layout-flow\">\n<p><strong><span class=\"has-inline-color has-green-color\"><strong>Design, Strategie und Umsetzung von Qualit\u00e4tssystemen<\/strong><\/span><\/strong><\/p>\n\n\n\n<ul class=\"wp-block-list\"><li>Entwicklung von Qualit\u00e4tssystemen<\/li><li>Datenintegrit\u00e4t<\/li><li>Qualit\u00e4ts-IT-Systeme<\/li><li>Beseitigung von Qualit\u00e4tsm\u00e4ngeln<\/li><li>Managementkontrollen<\/li><li>Risikomanagement<\/li><li>Entwicklungslenkung<\/li><li>Mitarbeiterschulung und -qualifizierung<\/li><li>Neue\/ge\u00e4nderte Standards und Regelungen<\/li><\/ul>\n\n\n<p><strong><span class=\"has-inline-color has-green-color\"><strong>Laborkontrollen und Datenintegrit\u00e4t<\/strong><\/span><\/strong><\/p>\n\n\n\n<ul class=\"wp-block-list\"><li>Bewertung der Qualit\u00e4tskontrollvorg\u00e4nge<\/li><li>Wiederherstellung der Datenintegrit\u00e4t<\/li><li>Organisatorische Bewertung der Qualit\u00e4tskontrolle<\/li><li>Interim-Fachexperten und -Personalbesetzung<\/li><\/ul><\/div>\n\n\n\n<div class=\"wp-block-column is-layout-flow wp-block-column-is-layout-flow\">\n<p><strong><span class=\"has-inline-color has-green-color\"><strong>Support von Qualit\u00e4tssicherungsvorg\u00e4ngen<\/strong><\/span><\/strong><\/p>\n\n\n\n<ul class=\"wp-block-list\"><li>Managementbewertung<\/li><li>Validierung und Qualifizierung<\/li><li>Risikomanagement<\/li><li>Laborkontrollen<\/li><li>Chargenpr\u00fcfung<\/li><li>Qualit\u00e4tstechnik<\/li><li>Ausnahmen<\/li><li>\u00dcberwachung nach der Markteinf\u00fchrung<\/li><\/ul>\n\n\n<p><strong><span class=\"has-inline-color has-green-color\">Audits und Bewertungen von Qualit\u00e4tssystemen<\/span><\/strong><\/p>\n\n\n\n<ul class=\"wp-block-list\"><li>Due-Diligence-Pr\u00fcfung<\/li><li>Beaufsichtigung durch eine benannte Drittpartei<\/li><li>Interne Audits<\/li><li>Antwort an Beh\u00f6rden<\/li><li>Wirksamkeitsbewertungen<\/li><li>Lieferantenbewertungen<\/li><\/ul><\/div>\n<\/div>\n\n\n\n<p><\/p>\n<\/div>\n\n\n\n<div class=\"wp-block-column is-layout-flow wp-block-column-is-layout-flow\" style=\"flex-basis:35%\">\n<div class=\"wp-block-mkl-section-block panel-small bg-greengrad mtb-xs\">\n<figure class=\"wp-block-image size-full is-resized banner\"><img loading=\"lazy\" decoding=\"async\" src=\"http:\/\/www.validant.com\/wp-content\/uploads\/2020\/06\/meet-your-team.jpg\" alt=\"Lernen Sie Ihr Team kennen\" class=\"wp-image-1213\" width=\"350\" height=\"170\" srcset=\"https:\/\/www.validant.com\/wp-content\/uploads\/2020\/06\/meet-your-team.jpg 350w, https:\/\/www.validant.com\/wp-content\/uploads\/2020\/06\/meet-your-team-300x146.jpg 300w\" sizes=\"auto, (max-width: 350px) 100vw, 350px\" \/><\/figure>\n\n\n<h4 class=\"wp-block-heading\"><strong><span class=\"has-inline-color has-olive-color\">Lernen Sie Ihr Team kennen<\/span><\/strong><\/h4>\n\n\n\n<p class=\"has-text-color has-white-color\">Lernen Sie das F\u00fchrungsteam von Validant kennen, mit dem Sie zusammenarbeiten werden.<\/p>\n\n\n\n<p><\/p>\n\n\n\n<p class=\"btn white\"><a href=\"http:\/\/www.validant.com\/de\/unsere-partner\/\">Unser F\u00fchrungsteam<\/a><\/p>\n<\/div>\n\n\n\n<div class=\"wp-block-mkl-section-block has-grey-background-color panel-small mb-xs\">\n<p class=\"mb-z\"><strong><span class=\"has-inline-color has-olive-color\">Fallstudie<\/span><\/strong><\/p>\n\n\n\n<h3 class=\"wp-block-heading\"><strong>Best\u00e4tigung der Antragsintegrit\u00e4t gegen\u00fcber der FDA<\/strong> als externe Pr\u00fcfstelle<\/h3>\n\n\n\n<p>Erfahren Sie, wie wir binnen vier Monaten eine Pr\u00fcfung vor Ort von 48\u00a0Produkten am Kundenstandort in Indien durchgef\u00fchrt haben.<\/p>\n\n\n\n<p class=\"more\"><a href=\"http:\/\/www.validant.com\/de\/fallstudie-bestaetigung-der-anwendungsintegritaet\/\">Fallstudie ansehen<\/a><\/p>\n<\/div>\n\n\n\t\n<\/div>\n<\/div>\n<\/div>\n<\/section>\n\n<section class=\"wp-block-mkl-section-block has-grey-background-color\"><div class=\"section-bg bg__stretched\" style=\"background-image:url(https:\/\/www.validant.com\/wp-content\/uploads\/2020\/07\/bg-cta-wide.svg);opacity:1\"><\/div>\n<div class=\"wp-block-mkl-section-block container\">\n<h2 class=\"has-text-align-center wp-block-heading\">Wir sind bereit, <strong><span class=\"has-inline-color has-olive-color\">Ihnen zu helfen.<\/span><\/strong><\/h2>\n\n\n\n<p class=\"has-text-align-center maxc900\">Durch umfassende Beratung zu Qualit\u00e4tsfragen haben wir Tausenden von Kunden erm\u00f6glicht, effizient durch den gesamten Lebenszyklus von bioswissenschaftlichen Produkten zu navigieren. <strong>Wir w\u00fcrden uns freuen, auch Ihnen dabei helfen zu d\u00fcrfen.<\/strong><\/p>\n\n\n\n<p><\/p>\n\n\n\n<p class=\"has-text-align-center btn\"><a href=\"http:\/\/www.validant.com\/de\/beratung-anfragen\/\">Beratungstermin planen, um zu beginnen<\/a><\/p>\n<\/div>\n<\/section>\n","protected":false},"excerpt":{"rendered":"","protected":false},"author":3,"featured_media":0,"parent":0,"menu_order":0,"comment_status":"closed","ping_status":"closed","template":"","meta":{"_acf_changed":false,"footnotes":""},"class_list":["post-1731","page","type-page","status-publish","hentry"],"acf":[],"yoast_head":"<!-- This site is optimized with the Yoast SEO plugin v27.3 - https:\/\/yoast.com\/product\/yoast-seo-wordpress\/ -->\n<title>Beratung zur Qualit\u00e4t f\u00fcr Life-Sciences-Unternehmen | QMS-Design, Support f\u00fcr Qualit\u00e4tssicherungsvorg\u00e4nge und mehr<\/title>\n<meta name=\"description\" content=\"Wir bieten ein einzigartiges Portfolio an Expertise im Bereich der Qualit\u00e4tskonformit\u00e4t an, darunter strategische Unterst\u00fctzung, technische Fachkompetenz und projektbasierte L\u00f6sungen.\" \/>\n<meta name=\"robots\" content=\"index, follow, max-snippet:-1, max-image-preview:large, max-video-preview:-1\" \/>\n<link rel=\"canonical\" href=\"https:\/\/www.validant.com\/de\/consulting-zu-qualitaetsfragen\/\" \/>\n<meta property=\"og:locale\" content=\"de_DE\" \/>\n<meta property=\"og:type\" content=\"article\" \/>\n<meta property=\"og:title\" content=\"Beratung zur Qualit\u00e4t f\u00fcr Life-Sciences-Unternehmen | QMS-Design, Support f\u00fcr Qualit\u00e4tssicherungsvorg\u00e4nge und mehr\" \/>\n<meta property=\"og:description\" content=\"Wir bieten ein einzigartiges Portfolio an Expertise im Bereich der Qualit\u00e4tskonformit\u00e4t an, darunter strategische Unterst\u00fctzung, technische Fachkompetenz und projektbasierte L\u00f6sungen.\" \/>\n<meta property=\"og:url\" content=\"https:\/\/www.validant.com\/de\/consulting-zu-qualitaetsfragen\/\" \/>\n<meta property=\"og:site_name\" content=\"Validant\" \/>\n<meta property=\"article:modified_time\" content=\"2021-04-14T19:24:42+00:00\" \/>\n<meta property=\"og:image\" content=\"http:\/\/www.validant.com\/wp-content\/uploads\/2020\/06\/meet-your-team.jpg\" \/>\n<meta name=\"twitter:card\" content=\"summary_large_image\" \/>\n<meta name=\"twitter:label1\" content=\"Gesch\u00e4tzte Lesezeit\" \/>\n\t<meta name=\"twitter:data1\" content=\"1 Minute\" \/>\n<script type=\"application\/ld+json\" class=\"yoast-schema-graph\">{\"@context\":\"https:\\\/\\\/schema.org\",\"@graph\":[{\"@type\":\"WebPage\",\"@id\":\"https:\\\/\\\/www.validant.com\\\/de\\\/consulting-zu-qualitaetsfragen\\\/\",\"url\":\"https:\\\/\\\/www.validant.com\\\/de\\\/consulting-zu-qualitaetsfragen\\\/\",\"name\":\"Beratung zur Qualit\u00e4t f\u00fcr Life-Sciences-Unternehmen | QMS-Design, Support f\u00fcr Qualit\u00e4tssicherungsvorg\u00e4nge und mehr\",\"isPartOf\":{\"@id\":\"https:\\\/\\\/www.validant.com\\\/de\\\/#website\"},\"primaryImageOfPage\":{\"@id\":\"https:\\\/\\\/www.validant.com\\\/de\\\/consulting-zu-qualitaetsfragen\\\/#primaryimage\"},\"image\":{\"@id\":\"https:\\\/\\\/www.validant.com\\\/de\\\/consulting-zu-qualitaetsfragen\\\/#primaryimage\"},\"thumbnailUrl\":\"http:\\\/\\\/www.validant.com\\\/wp-content\\\/uploads\\\/2020\\\/06\\\/meet-your-team.jpg\",\"datePublished\":\"2021-03-12T17:47:29+00:00\",\"dateModified\":\"2021-04-14T19:24:42+00:00\",\"description\":\"Wir bieten ein einzigartiges Portfolio an Expertise im Bereich der Qualit\u00e4tskonformit\u00e4t an, darunter strategische Unterst\u00fctzung, technische Fachkompetenz und projektbasierte L\u00f6sungen.\",\"breadcrumb\":{\"@id\":\"https:\\\/\\\/www.validant.com\\\/de\\\/consulting-zu-qualitaetsfragen\\\/#breadcrumb\"},\"inLanguage\":\"de-DE\",\"potentialAction\":[{\"@type\":\"ReadAction\",\"target\":[\"https:\\\/\\\/www.validant.com\\\/de\\\/consulting-zu-qualitaetsfragen\\\/\"]}]},{\"@type\":\"ImageObject\",\"inLanguage\":\"de-DE\",\"@id\":\"https:\\\/\\\/www.validant.com\\\/de\\\/consulting-zu-qualitaetsfragen\\\/#primaryimage\",\"url\":\"http:\\\/\\\/www.validant.com\\\/wp-content\\\/uploads\\\/2020\\\/06\\\/meet-your-team.jpg\",\"contentUrl\":\"http:\\\/\\\/www.validant.com\\\/wp-content\\\/uploads\\\/2020\\\/06\\\/meet-your-team.jpg\"},{\"@type\":\"BreadcrumbList\",\"@id\":\"https:\\\/\\\/www.validant.com\\\/de\\\/consulting-zu-qualitaetsfragen\\\/#breadcrumb\",\"itemListElement\":[{\"@type\":\"ListItem\",\"position\":1,\"name\":\"Home\",\"item\":\"https:\\\/\\\/www.validant.com\\\/de\\\/\"},{\"@type\":\"ListItem\",\"position\":2,\"name\":\"Beratung zu Qualit\u00e4tsfragen\"}]},{\"@type\":\"WebSite\",\"@id\":\"https:\\\/\\\/www.validant.com\\\/de\\\/#website\",\"url\":\"https:\\\/\\\/www.validant.com\\\/de\\\/\",\"name\":\"Validant\",\"description\":\"Your Full-Service Global Regulatory, Compliance &amp; Quality Consultancy\",\"potentialAction\":[{\"@type\":\"SearchAction\",\"target\":{\"@type\":\"EntryPoint\",\"urlTemplate\":\"https:\\\/\\\/www.validant.com\\\/de\\\/?s={search_term_string}\"},\"query-input\":{\"@type\":\"PropertyValueSpecification\",\"valueRequired\":true,\"valueName\":\"search_term_string\"}}],\"inLanguage\":\"de-DE\"}]}<\/script>\n<!-- \/ Yoast SEO plugin. -->","yoast_head_json":{"title":"Beratung zur Qualit\u00e4t f\u00fcr Life-Sciences-Unternehmen | QMS-Design, Support f\u00fcr Qualit\u00e4tssicherungsvorg\u00e4nge und mehr","description":"Wir bieten ein einzigartiges Portfolio an Expertise im Bereich der Qualit\u00e4tskonformit\u00e4t an, darunter strategische Unterst\u00fctzung, technische Fachkompetenz und projektbasierte L\u00f6sungen.","robots":{"index":"index","follow":"follow","max-snippet":"max-snippet:-1","max-image-preview":"max-image-preview:large","max-video-preview":"max-video-preview:-1"},"canonical":"https:\/\/www.validant.com\/de\/consulting-zu-qualitaetsfragen\/","og_locale":"de_DE","og_type":"article","og_title":"Beratung zur Qualit\u00e4t f\u00fcr Life-Sciences-Unternehmen | QMS-Design, Support f\u00fcr Qualit\u00e4tssicherungsvorg\u00e4nge und mehr","og_description":"Wir bieten ein einzigartiges Portfolio an Expertise im Bereich der Qualit\u00e4tskonformit\u00e4t an, darunter strategische Unterst\u00fctzung, technische Fachkompetenz und projektbasierte L\u00f6sungen.","og_url":"https:\/\/www.validant.com\/de\/consulting-zu-qualitaetsfragen\/","og_site_name":"Validant","article_modified_time":"2021-04-14T19:24:42+00:00","og_image":[{"url":"http:\/\/www.validant.com\/wp-content\/uploads\/2020\/06\/meet-your-team.jpg","type":"","width":"","height":""}],"twitter_card":"summary_large_image","twitter_misc":{"Gesch\u00e4tzte Lesezeit":"1 Minute"},"schema":{"@context":"https:\/\/schema.org","@graph":[{"@type":"WebPage","@id":"https:\/\/www.validant.com\/de\/consulting-zu-qualitaetsfragen\/","url":"https:\/\/www.validant.com\/de\/consulting-zu-qualitaetsfragen\/","name":"Beratung zur Qualit\u00e4t f\u00fcr Life-Sciences-Unternehmen | QMS-Design, Support f\u00fcr Qualit\u00e4tssicherungsvorg\u00e4nge und mehr","isPartOf":{"@id":"https:\/\/www.validant.com\/de\/#website"},"primaryImageOfPage":{"@id":"https:\/\/www.validant.com\/de\/consulting-zu-qualitaetsfragen\/#primaryimage"},"image":{"@id":"https:\/\/www.validant.com\/de\/consulting-zu-qualitaetsfragen\/#primaryimage"},"thumbnailUrl":"http:\/\/www.validant.com\/wp-content\/uploads\/2020\/06\/meet-your-team.jpg","datePublished":"2021-03-12T17:47:29+00:00","dateModified":"2021-04-14T19:24:42+00:00","description":"Wir bieten ein einzigartiges Portfolio an Expertise im Bereich der Qualit\u00e4tskonformit\u00e4t an, darunter strategische Unterst\u00fctzung, technische Fachkompetenz und projektbasierte L\u00f6sungen.","breadcrumb":{"@id":"https:\/\/www.validant.com\/de\/consulting-zu-qualitaetsfragen\/#breadcrumb"},"inLanguage":"de-DE","potentialAction":[{"@type":"ReadAction","target":["https:\/\/www.validant.com\/de\/consulting-zu-qualitaetsfragen\/"]}]},{"@type":"ImageObject","inLanguage":"de-DE","@id":"https:\/\/www.validant.com\/de\/consulting-zu-qualitaetsfragen\/#primaryimage","url":"http:\/\/www.validant.com\/wp-content\/uploads\/2020\/06\/meet-your-team.jpg","contentUrl":"http:\/\/www.validant.com\/wp-content\/uploads\/2020\/06\/meet-your-team.jpg"},{"@type":"BreadcrumbList","@id":"https:\/\/www.validant.com\/de\/consulting-zu-qualitaetsfragen\/#breadcrumb","itemListElement":[{"@type":"ListItem","position":1,"name":"Home","item":"https:\/\/www.validant.com\/de\/"},{"@type":"ListItem","position":2,"name":"Beratung zu Qualit\u00e4tsfragen"}]},{"@type":"WebSite","@id":"https:\/\/www.validant.com\/de\/#website","url":"https:\/\/www.validant.com\/de\/","name":"Validant","description":"Your Full-Service Global Regulatory, Compliance &amp; Quality Consultancy","potentialAction":[{"@type":"SearchAction","target":{"@type":"EntryPoint","urlTemplate":"https:\/\/www.validant.com\/de\/?s={search_term_string}"},"query-input":{"@type":"PropertyValueSpecification","valueRequired":true,"valueName":"search_term_string"}}],"inLanguage":"de-DE"}]}},"_links":{"self":[{"href":"https:\/\/www.validant.com\/de\/wp-json\/wp\/v2\/pages\/1731","targetHints":{"allow":["GET"]}}],"collection":[{"href":"https:\/\/www.validant.com\/de\/wp-json\/wp\/v2\/pages"}],"about":[{"href":"https:\/\/www.validant.com\/de\/wp-json\/wp\/v2\/types\/page"}],"author":[{"embeddable":true,"href":"https:\/\/www.validant.com\/de\/wp-json\/wp\/v2\/users\/3"}],"replies":[{"embeddable":true,"href":"https:\/\/www.validant.com\/de\/wp-json\/wp\/v2\/comments?post=1731"}],"version-history":[{"count":0,"href":"https:\/\/www.validant.com\/de\/wp-json\/wp\/v2\/pages\/1731\/revisions"}],"wp:attachment":[{"href":"https:\/\/www.validant.com\/de\/wp-json\/wp\/v2\/media?parent=1731"}],"curies":[{"name":"wp","href":"https:\/\/api.w.org\/{rel}","templated":true}]}}