{"id":1730,"date":"2021-03-12T17:47:26","date_gmt":"2021-03-12T17:47:26","guid":{"rendered":"http:\/\/www.validant.com\/compliance-beratung\/"},"modified":"2021-04-14T19:24:42","modified_gmt":"2021-04-14T19:24:42","slug":"compliance-beratung","status":"publish","type":"page","link":"https:\/\/www.validant.com\/de\/compliance-beratung\/","title":{"rendered":"Compliance-Beratung"},"content":{"rendered":"\n<section class=\"wp-block-mkl-section-block\"><div class=\"section-bg bg__stretched\" style=\"background-image:url(https:\/\/www.validant.com\/wp-content\/uploads\/2020\/07\/compliance-header.jpg);opacity:1\"><\/div>\n<div class=\"wp-block-mkl-section-block container pt-xl\">\n<p><\/p>\n<\/div>\n<\/section>\n\n<section class=\"wp-block-mkl-section-block transparent\">\n<div class=\"wp-block-mkl-section-block has-white-background-color container panel pb-s ot-l bb\">\n<div class=\"wp-block-columns is-layout-flex wp-container-core-columns-is-layout-9d6595d7 wp-block-columns-is-layout-flex\">\n<div class=\"wp-block-column pr-s is-layout-flow wp-block-column-is-layout-flow\" style=\"flex-basis:65%\">\n<p class=\"has-text-color has-text-align-left has-olive-color large\"><strong>Compliance-Beratung<\/strong><\/p>\n\n\n\n<h1 class=\"wp-block-heading\">Ihre Partner f\u00fcr <strong><span class=\"has-inline-color has-green-color\">Compliance zur Gew\u00e4hrleistung der Produktqualit\u00e4t<\/span><\/strong><\/h1>\n\n\n\n<p class=\"large pt-xxs\"><strong><strong>Die Compliance-Experten von Validant wenden Best Practices und ihre eigenen Erfahrungen an, um Ihnen dabei zu helfen, den hohen Anforderungen der zunehmenden Kontrollen durch die Gesundheitsbeh\u00f6rden gerecht zu werden. <\/strong><\/strong>Wir wissen, dass die Nichtkonformit\u00e4t mit schweren Folgen verbunden ist, und k\u00f6nnen Sie bei der Umsetzung nachhaltiger Prozesse unterst\u00fctzen, um Compliance-Herausforderungen proaktiv zu begegnen und schnell auf Abweichungen zu reagieren.<\/p>\n\n\n\n<p class=\"pb-xxs\">Ob Sie nun Support vor Ort zur sofortigen Durchf\u00fchrung von Korrekturma\u00dfnahmen ben\u00f6tigen oder Beratung zu den nuancierten Compliance-Anforderungen f\u00fcr Ihr Produkt\u00a0\u2013 sei es ein Pharmazeutikum, Biologikum, ein medizinisches Ger\u00e4t oder ein Diagnostikum\u00a0\u2013 w\u00fcnschen: Validant bietet Ihnen die richtige Kombination aus Strategie, Ausf\u00fchrungsdiensten und erforderlicher Schulung. <strong>Unser Compliance-Verfahren beinhaltet:<\/strong><\/p>\n\n\n\n<div class=\"wp-block-columns is-layout-flex wp-container-core-columns-is-layout-9d6595d7 wp-block-columns-is-layout-flex\">\n<div class=\"wp-block-column is-layout-flow wp-block-column-is-layout-flow\">\n<p><strong><span class=\"has-inline-color has-green-color\">Antwort an Gesundheitsbeh\u00f6rde und Korrektur<\/span><\/strong><\/p>\n\n\n\n<ul class=\"wp-block-list\"><li>Informationsaustausch mit der FDA\/EMA\/Gesundheitsbeh\u00f6rde<\/li><li>Schnelle Reaktion auf Inspektionen<\/li><li>Unterst\u00fctzung bei Korrekturma\u00dfnahmen (f\u00fcr Anerkenntnisurteile, Warnschreiben, Formular 483s\/M\u00e4ngelberichte)<\/li><li>Fehlerbehebung vor Ort<\/li><li>Projektverwaltung<\/li><li>Koordination mit einem Rechtsbeistand<\/li><li>Unterst\u00fctzung f\u00fcr Dritte<\/li><\/ul>\n\n\n<p><strong><span class=\"has-inline-color has-green-color\">Markt\u00fcberwachung<\/span><\/strong><\/p>\n\n\n\n<ul class=\"wp-block-list\"><li>J\u00e4hrliche Produktpr\u00fcfung<\/li><li>Pharmakovigilanz<\/li><li>Vigilanz f\u00fcr Medizinprodukte<\/li><\/ul><\/div>\n\n\n\n<div class=\"wp-block-column is-layout-flow wp-block-column-is-layout-flow\">\n<p><strong><span class=\"has-inline-color has-green-color\">Audits und Bewertungen<\/span><\/strong><\/p>\n\n\n\n<ul class=\"wp-block-list\"><li>Due-Diligence-Pr\u00fcfung<\/li><li>Beaufsichtigung durch eine benannte Drittpartei<\/li><li>Interne Audits<\/li><li>Antwort an Beh\u00f6rden<\/li><li>Wirksamkeitsbewertungen<\/li><li>Lieferantenbewertungen<\/li><\/ul>\n\n\n<p><strong><span class=\"has-inline-color has-green-color\">Inspektionsbereitschaft und Support<\/span><\/strong><\/p>\n\n\n\n<ul class=\"wp-block-list\"><li>Inspektionsplanung<\/li><li>Fachkompetenz zum Aufbau einer Inspektionsbereitschaftskultur<\/li><li>Mitarbeiterschulung und Vorbereitung f\u00fcr Interviews<\/li><li>Unterst\u00fctzung durch Fachexperten<\/li><li>Analyse nach der Inspektion<\/li><\/ul><\/div>\n<\/div>\n\n\n\n<p><\/p>\n<\/div>\n\n\n\n<div class=\"wp-block-column is-layout-flow wp-block-column-is-layout-flow\" style=\"flex-basis:35%\">\n<div class=\"wp-block-mkl-section-block panel-small bg-greengrad mtb-xs\">\n<figure class=\"wp-block-image size-full is-resized banner\"><img loading=\"lazy\" decoding=\"async\" src=\"http:\/\/www.validant.com\/wp-content\/uploads\/2020\/06\/meet-your-team.jpg\" alt=\"Lernen Sie Ihr Team kennen\" class=\"wp-image-1213\" width=\"350\" height=\"170\" srcset=\"https:\/\/www.validant.com\/wp-content\/uploads\/2020\/06\/meet-your-team.jpg 350w, https:\/\/www.validant.com\/wp-content\/uploads\/2020\/06\/meet-your-team-300x146.jpg 300w\" sizes=\"auto, (max-width: 350px) 100vw, 350px\" \/><\/figure>\n\n\n<h4 class=\"wp-block-heading\"><strong><span class=\"has-inline-color has-olive-color\">Lernen Sie Ihr Team kennen<\/span><\/strong><\/h4>\n\n\n\n<p class=\"has-text-color has-white-color\">Lernen Sie das F\u00fchrungsteam von Validant kennen, mit dem Sie zusammenarbeiten werden.<\/p>\n\n\n\n<p><\/p>\n\n\n\n<p class=\"btn white\"><a href=\"http:\/\/www.validant.com\/de\/unsere-partner\/\">Unser F\u00fchrungsteam<\/a><\/p>\n<\/div>\n\n\n\n<div class=\"wp-block-mkl-section-block has-grey-background-color panel-small mb-xs\">\n<p class=\"mb-z\"><strong><span class=\"has-inline-color has-olive-color\">Fallstudie<\/span><\/strong><\/p>\n\n\n\n<h3 class=\"wp-block-heading\">Betreuung eines globalen Biopharma-Unternehmens hin zur <strong>Compliance f\u00fcr aseptische Herstellung<\/strong><\/h3>\n\n\n\n<p>Erfahren Sie, wie wir das erreicht haben und welche Vorteile unser Kunde hierdurch erzielt hat.<\/p>\n\n\n\n<p class=\"more\"><a href=\"http:\/\/www.validant.com\/de\/fallstudie-coaching-fuer-aseptische-herstellung-und-betreuung\/\">Fallstudie ansehen<\/a><\/p>\n<\/div>\n\n\n\t\n<\/div>\n<\/div>\n<\/div>\n<\/section>\n\n<section class=\"wp-block-mkl-section-block has-grey-background-color\"><div class=\"section-bg bg__stretched\" style=\"background-image:url(https:\/\/www.validant.com\/wp-content\/uploads\/2020\/07\/bg-cta-wide.svg);opacity:1\"><\/div>\n<div class=\"wp-block-mkl-section-block container\">\n<h2 class=\"has-text-align-center wp-block-heading\">Wir sind bereit, <strong><span class=\"has-inline-color has-olive-color\">Ihnen zu helfen.<\/span><\/strong><\/h2>\n\n\n\n<p class=\"has-text-align-center maxc900\">Durch umfassende Beratung zu Compliance-Fragen haben wir Tausenden von Kunden erm\u00f6glicht, effizient durch den gesamten Lebenszyklus von bioswissenschaftlichen Produkten zu navigieren. <strong>Wir w\u00fcrden uns freuen, auch Ihnen dabei helfen zu d\u00fcrfen.<\/strong><\/p>\n\n\n\n<p><\/p>\n\n\n\n<p class=\"has-text-align-center btn\"><a href=\"http:\/\/www.validant.com\/de\/beratung-anfragen\/\">Beratungstermin planen, um zu beginnen<\/a><\/p>\n<\/div>\n<\/section>\n","protected":false},"excerpt":{"rendered":"","protected":false},"author":3,"featured_media":0,"parent":0,"menu_order":0,"comment_status":"closed","ping_status":"closed","template":"","meta":{"_acf_changed":false,"footnotes":""},"class_list":["post-1730","page","type-page","status-publish","hentry"],"acf":[],"yoast_head":"<!-- This site is optimized with the Yoast SEO plugin v27.3 - https:\/\/yoast.com\/product\/yoast-seo-wordpress\/ -->\n<title>Compliance-Beratung f\u00fcr Pharmazeutika, Biologika, Medizinprodukte und Diagnostika<\/title>\n<meta name=\"description\" content=\"Validant bietet erfahrene Beratung, die Sie ben\u00f6tigen, um effizient durch die regulatorischen Anforderungen w\u00e4hrend des gesamten Lebenszyklus eines Arzneimittels oder Medizinprodukts zu navigieren.\" \/>\n<meta name=\"robots\" content=\"index, follow, max-snippet:-1, max-image-preview:large, max-video-preview:-1\" \/>\n<link rel=\"canonical\" href=\"https:\/\/www.validant.com\/de\/compliance-beratung\/\" \/>\n<meta property=\"og:locale\" content=\"de_DE\" \/>\n<meta property=\"og:type\" content=\"article\" \/>\n<meta property=\"og:title\" content=\"Compliance-Beratung f\u00fcr Pharmazeutika, Biologika, Medizinprodukte und Diagnostika\" \/>\n<meta property=\"og:description\" content=\"Validant bietet erfahrene Beratung, die Sie ben\u00f6tigen, um effizient durch die regulatorischen Anforderungen w\u00e4hrend des gesamten Lebenszyklus eines Arzneimittels oder Medizinprodukts zu navigieren.\" \/>\n<meta property=\"og:url\" content=\"https:\/\/www.validant.com\/de\/compliance-beratung\/\" \/>\n<meta property=\"og:site_name\" content=\"Validant\" \/>\n<meta property=\"article:modified_time\" content=\"2021-04-14T19:24:42+00:00\" \/>\n<meta property=\"og:image\" content=\"http:\/\/www.validant.com\/wp-content\/uploads\/2020\/06\/meet-your-team.jpg\" \/>\n<meta name=\"twitter:card\" content=\"summary_large_image\" \/>\n<meta name=\"twitter:label1\" content=\"Gesch\u00e4tzte Lesezeit\" \/>\n\t<meta name=\"twitter:data1\" content=\"2 Minuten\" \/>\n<script type=\"application\/ld+json\" class=\"yoast-schema-graph\">{\"@context\":\"https:\\\/\\\/schema.org\",\"@graph\":[{\"@type\":\"WebPage\",\"@id\":\"https:\\\/\\\/www.validant.com\\\/de\\\/compliance-beratung\\\/\",\"url\":\"https:\\\/\\\/www.validant.com\\\/de\\\/compliance-beratung\\\/\",\"name\":\"Compliance-Beratung f\u00fcr Pharmazeutika, Biologika, Medizinprodukte und Diagnostika\",\"isPartOf\":{\"@id\":\"https:\\\/\\\/www.validant.com\\\/de\\\/#website\"},\"primaryImageOfPage\":{\"@id\":\"https:\\\/\\\/www.validant.com\\\/de\\\/compliance-beratung\\\/#primaryimage\"},\"image\":{\"@id\":\"https:\\\/\\\/www.validant.com\\\/de\\\/compliance-beratung\\\/#primaryimage\"},\"thumbnailUrl\":\"http:\\\/\\\/www.validant.com\\\/wp-content\\\/uploads\\\/2020\\\/06\\\/meet-your-team.jpg\",\"datePublished\":\"2021-03-12T17:47:26+00:00\",\"dateModified\":\"2021-04-14T19:24:42+00:00\",\"description\":\"Validant bietet erfahrene Beratung, die Sie ben\u00f6tigen, um effizient durch die regulatorischen Anforderungen w\u00e4hrend des gesamten Lebenszyklus eines Arzneimittels oder Medizinprodukts zu navigieren.\",\"breadcrumb\":{\"@id\":\"https:\\\/\\\/www.validant.com\\\/de\\\/compliance-beratung\\\/#breadcrumb\"},\"inLanguage\":\"de-DE\",\"potentialAction\":[{\"@type\":\"ReadAction\",\"target\":[\"https:\\\/\\\/www.validant.com\\\/de\\\/compliance-beratung\\\/\"]}]},{\"@type\":\"ImageObject\",\"inLanguage\":\"de-DE\",\"@id\":\"https:\\\/\\\/www.validant.com\\\/de\\\/compliance-beratung\\\/#primaryimage\",\"url\":\"http:\\\/\\\/www.validant.com\\\/wp-content\\\/uploads\\\/2020\\\/06\\\/meet-your-team.jpg\",\"contentUrl\":\"http:\\\/\\\/www.validant.com\\\/wp-content\\\/uploads\\\/2020\\\/06\\\/meet-your-team.jpg\"},{\"@type\":\"BreadcrumbList\",\"@id\":\"https:\\\/\\\/www.validant.com\\\/de\\\/compliance-beratung\\\/#breadcrumb\",\"itemListElement\":[{\"@type\":\"ListItem\",\"position\":1,\"name\":\"Home\",\"item\":\"https:\\\/\\\/www.validant.com\\\/de\\\/\"},{\"@type\":\"ListItem\",\"position\":2,\"name\":\"Compliance-Beratung\"}]},{\"@type\":\"WebSite\",\"@id\":\"https:\\\/\\\/www.validant.com\\\/de\\\/#website\",\"url\":\"https:\\\/\\\/www.validant.com\\\/de\\\/\",\"name\":\"Validant\",\"description\":\"Your Full-Service Global Regulatory, Compliance &amp; Quality Consultancy\",\"potentialAction\":[{\"@type\":\"SearchAction\",\"target\":{\"@type\":\"EntryPoint\",\"urlTemplate\":\"https:\\\/\\\/www.validant.com\\\/de\\\/?s={search_term_string}\"},\"query-input\":{\"@type\":\"PropertyValueSpecification\",\"valueRequired\":true,\"valueName\":\"search_term_string\"}}],\"inLanguage\":\"de-DE\"}]}<\/script>\n<!-- \/ Yoast SEO plugin. -->","yoast_head_json":{"title":"Compliance-Beratung f\u00fcr Pharmazeutika, Biologika, Medizinprodukte und Diagnostika","description":"Validant bietet erfahrene Beratung, die Sie ben\u00f6tigen, um effizient durch die regulatorischen Anforderungen w\u00e4hrend des gesamten Lebenszyklus eines Arzneimittels oder Medizinprodukts zu navigieren.","robots":{"index":"index","follow":"follow","max-snippet":"max-snippet:-1","max-image-preview":"max-image-preview:large","max-video-preview":"max-video-preview:-1"},"canonical":"https:\/\/www.validant.com\/de\/compliance-beratung\/","og_locale":"de_DE","og_type":"article","og_title":"Compliance-Beratung f\u00fcr Pharmazeutika, Biologika, Medizinprodukte und Diagnostika","og_description":"Validant bietet erfahrene Beratung, die Sie ben\u00f6tigen, um effizient durch die regulatorischen Anforderungen w\u00e4hrend des gesamten Lebenszyklus eines Arzneimittels oder Medizinprodukts zu navigieren.","og_url":"https:\/\/www.validant.com\/de\/compliance-beratung\/","og_site_name":"Validant","article_modified_time":"2021-04-14T19:24:42+00:00","og_image":[{"url":"http:\/\/www.validant.com\/wp-content\/uploads\/2020\/06\/meet-your-team.jpg","type":"","width":"","height":""}],"twitter_card":"summary_large_image","twitter_misc":{"Gesch\u00e4tzte Lesezeit":"2 Minuten"},"schema":{"@context":"https:\/\/schema.org","@graph":[{"@type":"WebPage","@id":"https:\/\/www.validant.com\/de\/compliance-beratung\/","url":"https:\/\/www.validant.com\/de\/compliance-beratung\/","name":"Compliance-Beratung f\u00fcr Pharmazeutika, Biologika, Medizinprodukte und Diagnostika","isPartOf":{"@id":"https:\/\/www.validant.com\/de\/#website"},"primaryImageOfPage":{"@id":"https:\/\/www.validant.com\/de\/compliance-beratung\/#primaryimage"},"image":{"@id":"https:\/\/www.validant.com\/de\/compliance-beratung\/#primaryimage"},"thumbnailUrl":"http:\/\/www.validant.com\/wp-content\/uploads\/2020\/06\/meet-your-team.jpg","datePublished":"2021-03-12T17:47:26+00:00","dateModified":"2021-04-14T19:24:42+00:00","description":"Validant bietet erfahrene Beratung, die Sie ben\u00f6tigen, um effizient durch die regulatorischen Anforderungen w\u00e4hrend des gesamten Lebenszyklus eines Arzneimittels oder Medizinprodukts zu navigieren.","breadcrumb":{"@id":"https:\/\/www.validant.com\/de\/compliance-beratung\/#breadcrumb"},"inLanguage":"de-DE","potentialAction":[{"@type":"ReadAction","target":["https:\/\/www.validant.com\/de\/compliance-beratung\/"]}]},{"@type":"ImageObject","inLanguage":"de-DE","@id":"https:\/\/www.validant.com\/de\/compliance-beratung\/#primaryimage","url":"http:\/\/www.validant.com\/wp-content\/uploads\/2020\/06\/meet-your-team.jpg","contentUrl":"http:\/\/www.validant.com\/wp-content\/uploads\/2020\/06\/meet-your-team.jpg"},{"@type":"BreadcrumbList","@id":"https:\/\/www.validant.com\/de\/compliance-beratung\/#breadcrumb","itemListElement":[{"@type":"ListItem","position":1,"name":"Home","item":"https:\/\/www.validant.com\/de\/"},{"@type":"ListItem","position":2,"name":"Compliance-Beratung"}]},{"@type":"WebSite","@id":"https:\/\/www.validant.com\/de\/#website","url":"https:\/\/www.validant.com\/de\/","name":"Validant","description":"Your Full-Service Global Regulatory, Compliance &amp; Quality Consultancy","potentialAction":[{"@type":"SearchAction","target":{"@type":"EntryPoint","urlTemplate":"https:\/\/www.validant.com\/de\/?s={search_term_string}"},"query-input":{"@type":"PropertyValueSpecification","valueRequired":true,"valueName":"search_term_string"}}],"inLanguage":"de-DE"}]}},"_links":{"self":[{"href":"https:\/\/www.validant.com\/de\/wp-json\/wp\/v2\/pages\/1730","targetHints":{"allow":["GET"]}}],"collection":[{"href":"https:\/\/www.validant.com\/de\/wp-json\/wp\/v2\/pages"}],"about":[{"href":"https:\/\/www.validant.com\/de\/wp-json\/wp\/v2\/types\/page"}],"author":[{"embeddable":true,"href":"https:\/\/www.validant.com\/de\/wp-json\/wp\/v2\/users\/3"}],"replies":[{"embeddable":true,"href":"https:\/\/www.validant.com\/de\/wp-json\/wp\/v2\/comments?post=1730"}],"version-history":[{"count":0,"href":"https:\/\/www.validant.com\/de\/wp-json\/wp\/v2\/pages\/1730\/revisions"}],"wp:attachment":[{"href":"https:\/\/www.validant.com\/de\/wp-json\/wp\/v2\/media?parent=1730"}],"curies":[{"name":"wp","href":"https:\/\/api.w.org\/{rel}","templated":true}]}}