{"id":1728,"date":"2021-03-12T17:46:01","date_gmt":"2021-03-12T17:46:01","guid":{"rendered":"http:\/\/www.validant.com\/treten-sie-dem-beraternetzwerk-von-validant-bei\/"},"modified":"2021-04-14T19:23:20","modified_gmt":"2021-04-14T19:23:20","slug":"treten-sie-dem-beraternetzwerk-von-validant-bei","status":"publish","type":"page","link":"https:\/\/www.validant.com\/de\/treten-sie-dem-beraternetzwerk-von-validant-bei\/","title":{"rendered":"Treten Sie dem Beraternetzwerk von Validant bei"},"content":{"rendered":"\n<section class=\"wp-block-mkl-section-block\"><div class=\"section-bg bg__stretched\" style=\"background-image:url(https:\/\/www.validant.com\/wp-content\/uploads\/2020\/07\/join-consultant-network-header.png);opacity:1\"><\/div>\n<div class=\"wp-block-mkl-section-block container pt-xl\">\n<p><\/p>\n<\/div>\n<\/section>\n\n<section class=\"wp-block-mkl-section-block transparent\">\n<div class=\"wp-block-mkl-section-block has-white-background-color container panel pb-s ot-l bb\">\n<p class=\"has-text-color has-text-align-center has-olive-color large\"><strong>Treten Sie unserem globalen Beraternetzwerk bei<\/strong><\/p>\n\n\n\n<h1 class=\"has-text-align-center maxc1000 mb-xs wp-block-heading\">Sie m\u00f6chten an <strong><span class=\"has-inline-color has-green-color\">Projekten, <strong>die Ihren wahren Interessen und F\u00e4higkeiten entsprechen,<\/strong> <\/span><\/strong>und f\u00fcr einige der weltweit f\u00fchrenden Unternehmen der Life-Sciences-Branche arbeiten?<\/h1>\n\n\n\n<div class=\"wp-block-columns is-layout-flex wp-container-core-columns-is-layout-9d6595d7 wp-block-columns-is-layout-flex\">\n<div class=\"wp-block-column is-layout-flow wp-block-column-is-layout-flow\" style=\"flex-basis:84.9%\">\n<h4 class=\"wp-block-heading\">Als Validant-Berater erhalten Sie die M\u00f6glichkeiten, interessante, herausfordernde und bereichernde Arbeitsprojekte f\u00fcr weltweite Branchenf\u00fchrer wie auch vielversprechende Start-ups in den Bereichen Pharmazeutika, Biologika, Medizinprodukte und Diagnostika zu \u00fcbernehmen.<\/h4>\n\n\n\n<p><\/p>\n<\/div>\n\n\n\n<div class=\"wp-block-column is-layout-flow wp-block-column-is-layout-flow\" style=\"flex-basis:66.66%\">\n<p class=\"btn link-text\">Dar\u00fcber hinaus schlie\u00dfen Sie sich einem der gr\u00f6\u00dften weltweiten Beraternetzwerke f\u00fcr Life-Sciences an und haben die Chance, neben Ingenieuren, Wissenschaftlern, Klinikern und Spezialisten mit einem vielseitigen Kompetenzspektrum zu arbeiten und von ihnen zu lernen. Sind Sie bereit, Teil eines gro\u00dfen Ganzen zu werden?<br\/><br\/><a aria-label=\"undefined (opens in a new tab)\" href=\"#consultform\" target=\"_blank\" rel=\"noreferrer noopener\">Lebenslauf einreichen<\/a><\/p>\n<\/div>\n<\/div>\n\n\n\n<p><\/p>\n<\/div>\n<\/section>\n\n<section class=\"wp-block-mkl-section-block\">\n<div class=\"wp-block-mkl-section-block has-white-background-color container pb-xxs\">\n<div class=\"wp-block-columns is-layout-flex wp-container-core-columns-is-layout-9d6595d7 wp-block-columns-is-layout-flex\">\n<div class=\"wp-block-column pr-s is-layout-flow wp-block-column-is-layout-flow\" style=\"flex-basis:65%\">\n<h1 class=\"wp-block-heading\"><strong><span class=\"has-inline-color has-green-color\">Die Vorteile<\/span><\/strong>, Teil des Beraternetzwerks von Validant zu sein<\/h1>\n\n\n\n<p class=\"large pt-xxs\">Enge Zusammenarbeit und Zugang zu spannenden Projekten weltweit sind nur einige der Gr\u00fcnde, warum sich unsere Berater daf\u00fcr entschieden haben, Jahr f\u00fcr Jahr gemeinsam mit uns an zahlreichen Kundenauftr\u00e4gen zu arbeiten.<\/p>\n\n\n\n<ul class=\"wp-block-list\"><li>Wir betrachten unsere Berater als eine nahtlose Erweiterung und einen wertvollen Teil des Validant-Teams und <span class=\"has-inline-color has-green-color\"><strong>bieten Ihnen dieselben Vorteile und M\u00f6glichkeiten<\/strong> <\/span>wie unseren anderen Vollzeitmitarbeitern.<\/li><li><\/li><li>Wenn Sie ein Projekt finden, das Ihren Kompetenzen und Interessen entspricht, <strong><span class=\"has-inline-color has-green-color\">\u00fcbernehmen wir die Logistik Ihres Onboardings und Einsatzes<\/span><\/strong>, damit Sie sich auf die eigentliche anstehende Arbeit konzentrieren k\u00f6nnen.<\/li><li><\/li><li>W\u00e4hrend des gesamten Projekts <strong><span class=\"has-inline-color has-green-color\">erhalten Sie R\u00fcckhalt durch unsere angesehenen Partner<\/span> <\/strong>und eine Marke, die f\u00fcr ihre Beratung zu regulatorischen, Compliance- und Qualit\u00e4tsfragen weltweite Anerkennung genie\u00dft.<\/li><li><\/li><li>Zudem bieten wir <strong><span class=\"has-inline-color has-green-color\">ein erstklassiges Vanguard-Programm<\/span><\/strong>, um unsere aktivsten Netzwerkmitglieder mit zus\u00e4tzlichen Leistungen f\u00fcr ihre Verantwortungs\u00fcbernahme f\u00fcr Validant zu belohnen.<\/li><\/ul><\/div>\n\n\n\n<div class=\"wp-block-column is-layout-flow wp-block-column-is-layout-flow\" style=\"flex-basis:35%\">\n<figure class=\"wp-block-image size-full\"><img loading=\"lazy\" decoding=\"async\" width=\"600\" height=\"790\" src=\"http:\/\/www.validant.com\/wp-content\/uploads\/2020\/07\/join-consultant-network.jpg\" alt=\"Gruppe von Kollegen, die auf einen Laptop auf dem Tisch schauen\" class=\"wp-image-1248\" srcset=\"https:\/\/www.validant.com\/wp-content\/uploads\/2020\/07\/join-consultant-network.jpg 600w, https:\/\/www.validant.com\/wp-content\/uploads\/2020\/07\/join-consultant-network-228x300.jpg 228w\" sizes=\"auto, (max-width: 600px) 100vw, 600px\" \/><\/figure>\n\n\n<p class=\"btn link-text\"><a href=\"#consultform\">Lebenslauf einreichen<\/a><\/p>\n<\/div>\n<\/div>\n<\/div>\n\n\n\n<p><\/p>\n<\/section>\n\n<section class=\"wp-block-mkl-section-block link-target\">\n<div class=\"wp-block-mkl-section-block\">\n<div class=\"wp-block-mkl-section-block container link-target bt\">\n<h2 class=\"has-text-align-center wp-block-heading\" id=\"consultform\"><strong><span class=\"has-inline-color has-olive-color\">Senden Sie uns heute noch Ihren Lebenslauf<\/span><\/strong><\/h2>\n\n\n\n<p class=\"has-text-align-center maxc900\">Sie sind daran interessiert, sich dem f\u00fchrenden weltweiten Beraternetzwerk von Validant anzuschlie\u00dfen und f\u00fcr Projekte in Erw\u00e4gung gezogen zu werden? F\u00fcllen Sie das nachstehende Formular aus, damit wir Ihnen weitere Informationen \u00fcber unseren Prozess und die erforderlichen Qualifikationen zusenden k\u00f6nnen.<\/p>\n\n\n\n<div class=\"wp-block-group maxc900\"><div class=\"wp-block-group__inner-container is-layout-flow wp-block-group-is-layout-flow\">\n<p class=\"has-text-align-center maxc900\">\n<div class=\"wpcf7 no-js\" id=\"wpcf7-f1758-o1\" lang=\"de-DE\" dir=\"ltr\" data-wpcf7-id=\"1758\">\n<div class=\"screen-reader-response\"><p role=\"status\" aria-live=\"polite\" aria-atomic=\"true\"><\/p> <ul><\/ul><\/div>\n<form action=\"\/de\/wp-json\/wp\/v2\/pages\/1728#wpcf7-f1758-o1\" method=\"post\" class=\"wpcf7-form init\" aria-label=\"Kontaktformular\" enctype=\"multipart\/form-data\" novalidate=\"novalidate\" data-status=\"init\">\n<fieldset class=\"hidden-fields-container\"><input type=\"hidden\" name=\"_wpcf7\" value=\"1758\" \/><input type=\"hidden\" name=\"_wpcf7_version\" value=\"6.1.5\" \/><input type=\"hidden\" name=\"_wpcf7_locale\" value=\"de_DE\" \/><input type=\"hidden\" name=\"_wpcf7_unit_tag\" value=\"wpcf7-f1758-o1\" \/><input type=\"hidden\" name=\"_wpcf7_container_post\" value=\"0\" \/><input type=\"hidden\" name=\"_wpcf7_posted_data_hash\" value=\"\" \/><input type=\"hidden\" name=\"_wpcf7dtx_version\" value=\"5.0.5\" \/>\n<\/fieldset>\n<span class=\"wpcf7-form-control-wrap campaign\" data-name=\"campaign\"><input type=\"hidden\" name=\"campaign\" class=\"wpcf7-form-control wpcf7-hidden wpcf7dtx wpcf7dtx-hidden\" aria-invalid=\"false\" value=\"https:\/\/www.validant.com\/de\/wp-json\/wp\/v2\/pages\/1728\"><\/span>\n<div class=\"row gutters\">\n\t<div class=\"col span_12\">\n\t\t<p><span class=\"wpcf7-form-control-wrap\" data-name=\"first-name\"><input size=\"40\" maxlength=\"400\" class=\"wpcf7-form-control wpcf7-text wpcf7-validates-as-required\" aria-required=\"true\" aria-invalid=\"false\" placeholder=\"\u200eVorname*\" value=\"\" type=\"text\" name=\"first-name\" \/><\/span>\n\t\t<\/p>\n\t<\/div>\n\t<div class=\"col span_12\">\n\t\t<p><span class=\"wpcf7-form-control-wrap\" data-name=\"last-name\"><input size=\"40\" maxlength=\"400\" class=\"wpcf7-form-control wpcf7-text wpcf7-validates-as-required\" aria-required=\"true\" aria-invalid=\"false\" placeholder=\"\u200eNachname*\" value=\"\" type=\"text\" name=\"last-name\" \/><\/span>\n\t\t<\/p>\n\t<\/div>\n<\/div>\n<div class=\"row gutters\">\n\t<div class=\"col span_12\">\n\t\t<p><span class=\"wpcf7-form-control-wrap\" data-name=\"email\"><input size=\"40\" maxlength=\"400\" class=\"wpcf7-form-control wpcf7-email wpcf7-validates-as-required wpcf7-text wpcf7-validates-as-email\" aria-required=\"true\" aria-invalid=\"false\" placeholder=\"E-Mail*\" value=\"\" type=\"email\" name=\"email\" \/><\/span>\n\t\t<\/p>\n\t<\/div>\n\t<div class=\"col span_12\">\n\t\t<p><span class=\"wpcf7-form-control-wrap\" data-name=\"phone\"><input size=\"40\" maxlength=\"400\" class=\"wpcf7-form-control wpcf7-text wpcf7-validates-as-required\" aria-required=\"true\" aria-invalid=\"false\" placeholder=\"Telefon*\" value=\"\" type=\"text\" name=\"phone\" \/><\/span>\n\t\t<\/p>\n\t<\/div>\n<\/div>\n<div class=\"row gutters\">\n\t<div class=\"col span_12\">\n\t\t<p><span class=\"wpcf7-form-control-wrap\" data-name=\"roles\"><input size=\"40\" maxlength=\"400\" class=\"wpcf7-form-control wpcf7-text wpcf7-validates-as-required\" aria-required=\"true\" aria-invalid=\"false\" placeholder=\"Angestrebte Funktion(en)*\" value=\"\" type=\"text\" name=\"roles\" \/><\/span>\n\t\t<\/p>\n\t<\/div>\n\t<div class=\"col span_12\">\n\t\t<p><span class=\"wpcf7-form-control-wrap\" data-name=\"country\"><input size=\"40\" maxlength=\"400\" class=\"wpcf7-form-control wpcf7-text wpcf7-validates-as-required\" aria-required=\"true\" aria-invalid=\"false\" placeholder=\"Land des Wohnsitzes*\" value=\"\" type=\"text\" name=\"country\" \/><\/span>\n\t\t<\/p>\n\t<\/div>\n<\/div>\n<div class=\"row\">\n\t<div class=\"col span_24\">\n\t\t<p><span class=\"wpcf7-form-control-wrap\" data-name=\"your-message\"><textarea cols=\"40\" rows=\"10\" maxlength=\"2000\" class=\"wpcf7-form-control wpcf7-textarea\" aria-invalid=\"false\" placeholder=\"Erz\u00e4hlen Sie uns \u00fcber Ihre Erfahrungen und Projekte von Interesse.\" name=\"your-message\"><\/textarea><\/span>\n\t\t<\/p>\n\t<\/div>\n<\/div>\n<p style=\"font-size:15px;\"><strong>Lebenslauf beif\u00fcgen*:<\/strong><span class=\"wpcf7-form-control-wrap\" data-name=\"Resume\"><input size=\"40\" class=\"wpcf7-form-control wpcf7-file wpcf7-validates-as-required\" accept=\"audio\/*,video\/*,image\/*\" aria-required=\"true\" aria-invalid=\"false\" type=\"file\" name=\"Resume\" \/><\/span>\n<\/p>\n<p><span class=\"wpcf7-form-control-wrap\" data-name=\"PrivacyAcceptance\"><span class=\"wpcf7-form-control wpcf7-acceptance\"><span class=\"wpcf7-list-item\"><label><input type=\"checkbox\" name=\"PrivacyAcceptance\" value=\"1\" aria-invalid=\"false\" \/><span class=\"wpcf7-list-item-label\">Ich stimme zu, dass Validant alle pers\u00f6nlichen Daten, die ich an Validant \u00fcbermittle, in \u00dcbereinstimmung mit der <a style=\"text-decoration:underline;\" href=\"\/privacy-policy\/\">Datenschutzrichtlinie<\/a> des Unternehmens erfasst und verarbeitet. In \u00dcbereinstimmung mit den Anforderungen der Europ\u00e4ischen Datenschutz-Grundverordnung (DSGVO) ist mir bekannt, dass ich das Recht habe, diese Zustimmung jederzeit zu widerrufen.<\/span><\/label><\/span><\/span><\/span><input class=\"wpcf7-form-control wpcf7-submit has-spinner\" type=\"submit\" value=\"Absenden\" \/>\n<\/p><div class=\"wpcf7-response-output\" aria-hidden=\"true\"><\/div>\n<\/form>\n<\/div>\n<\/p>\n<\/div><\/div>\n<\/div>\n<\/div>\n\n\n\n<p><\/p>\n<\/section>\n","protected":false},"excerpt":{"rendered":"","protected":false},"author":3,"featured_media":0,"parent":0,"menu_order":0,"comment_status":"closed","ping_status":"closed","template":"","meta":{"_acf_changed":false,"footnotes":""},"class_list":["post-1728","page","type-page","status-publish","hentry"],"acf":[],"yoast_head":"<!-- This site is optimized with the Yoast SEO plugin v27.3 - https:\/\/yoast.com\/product\/yoast-seo-wordpress\/ -->\n<title>Dem Beraternetzwerk von Validant beitreten| Globales Beraternetzwerk<\/title>\n<meta name=\"description\" content=\"Sie sind Berater f\u00fcr regulatorische, Compliance- oder Qualit\u00e4tsfragen und m\u00f6chten an Projekten, die Sie wirklich interessieren, und f\u00fcr einige der f\u00fchrenden Unternehmen der Life-Sciences-Branche arbeiten?\" \/>\n<meta name=\"robots\" content=\"index, follow, max-snippet:-1, max-image-preview:large, max-video-preview:-1\" \/>\n<link rel=\"canonical\" href=\"https:\/\/www.validant.com\/de\/treten-sie-dem-beraternetzwerk-von-validant-bei\/\" \/>\n<meta property=\"og:locale\" content=\"de_DE\" \/>\n<meta property=\"og:type\" content=\"article\" \/>\n<meta property=\"og:title\" content=\"Dem Beraternetzwerk von Validant beitreten| Globales Beraternetzwerk\" \/>\n<meta property=\"og:description\" content=\"Sie sind Berater f\u00fcr regulatorische, Compliance- oder Qualit\u00e4tsfragen und m\u00f6chten an Projekten, die Sie wirklich interessieren, und f\u00fcr einige der f\u00fchrenden Unternehmen der Life-Sciences-Branche arbeiten?\" \/>\n<meta property=\"og:url\" content=\"https:\/\/www.validant.com\/de\/treten-sie-dem-beraternetzwerk-von-validant-bei\/\" \/>\n<meta property=\"og:site_name\" content=\"Validant\" \/>\n<meta property=\"article:modified_time\" content=\"2021-04-14T19:23:20+00:00\" \/>\n<meta property=\"og:image\" content=\"http:\/\/www.validant.com\/wp-content\/uploads\/2020\/07\/join-consultant-network.jpg\" \/>\n<meta name=\"twitter:card\" content=\"summary_large_image\" \/>\n<meta name=\"twitter:label1\" content=\"Gesch\u00e4tzte Lesezeit\" \/>\n\t<meta name=\"twitter:data1\" content=\"2 Minuten\" \/>\n<script type=\"application\/ld+json\" class=\"yoast-schema-graph\">{\"@context\":\"https:\\\/\\\/schema.org\",\"@graph\":[{\"@type\":\"WebPage\",\"@id\":\"https:\\\/\\\/www.validant.com\\\/de\\\/treten-sie-dem-beraternetzwerk-von-validant-bei\\\/\",\"url\":\"https:\\\/\\\/www.validant.com\\\/de\\\/treten-sie-dem-beraternetzwerk-von-validant-bei\\\/\",\"name\":\"Dem Beraternetzwerk von Validant beitreten| Globales Beraternetzwerk\",\"isPartOf\":{\"@id\":\"https:\\\/\\\/www.validant.com\\\/de\\\/#website\"},\"primaryImageOfPage\":{\"@id\":\"https:\\\/\\\/www.validant.com\\\/de\\\/treten-sie-dem-beraternetzwerk-von-validant-bei\\\/#primaryimage\"},\"image\":{\"@id\":\"https:\\\/\\\/www.validant.com\\\/de\\\/treten-sie-dem-beraternetzwerk-von-validant-bei\\\/#primaryimage\"},\"thumbnailUrl\":\"http:\\\/\\\/www.validant.com\\\/wp-content\\\/uploads\\\/2020\\\/07\\\/join-consultant-network.jpg\",\"datePublished\":\"2021-03-12T17:46:01+00:00\",\"dateModified\":\"2021-04-14T19:23:20+00:00\",\"description\":\"Sie sind Berater f\u00fcr regulatorische, Compliance- oder Qualit\u00e4tsfragen und m\u00f6chten an Projekten, die Sie wirklich interessieren, und f\u00fcr einige der f\u00fchrenden Unternehmen der Life-Sciences-Branche arbeiten?\",\"breadcrumb\":{\"@id\":\"https:\\\/\\\/www.validant.com\\\/de\\\/treten-sie-dem-beraternetzwerk-von-validant-bei\\\/#breadcrumb\"},\"inLanguage\":\"de-DE\",\"potentialAction\":[{\"@type\":\"ReadAction\",\"target\":[\"https:\\\/\\\/www.validant.com\\\/de\\\/treten-sie-dem-beraternetzwerk-von-validant-bei\\\/\"]}]},{\"@type\":\"ImageObject\",\"inLanguage\":\"de-DE\",\"@id\":\"https:\\\/\\\/www.validant.com\\\/de\\\/treten-sie-dem-beraternetzwerk-von-validant-bei\\\/#primaryimage\",\"url\":\"http:\\\/\\\/www.validant.com\\\/wp-content\\\/uploads\\\/2020\\\/07\\\/join-consultant-network.jpg\",\"contentUrl\":\"http:\\\/\\\/www.validant.com\\\/wp-content\\\/uploads\\\/2020\\\/07\\\/join-consultant-network.jpg\"},{\"@type\":\"BreadcrumbList\",\"@id\":\"https:\\\/\\\/www.validant.com\\\/de\\\/treten-sie-dem-beraternetzwerk-von-validant-bei\\\/#breadcrumb\",\"itemListElement\":[{\"@type\":\"ListItem\",\"position\":1,\"name\":\"Home\",\"item\":\"https:\\\/\\\/www.validant.com\\\/de\\\/\"},{\"@type\":\"ListItem\",\"position\":2,\"name\":\"Treten Sie dem Beraternetzwerk von Validant bei\"}]},{\"@type\":\"WebSite\",\"@id\":\"https:\\\/\\\/www.validant.com\\\/de\\\/#website\",\"url\":\"https:\\\/\\\/www.validant.com\\\/de\\\/\",\"name\":\"Validant\",\"description\":\"Your Full-Service Global Regulatory, Compliance &amp; Quality Consultancy\",\"potentialAction\":[{\"@type\":\"SearchAction\",\"target\":{\"@type\":\"EntryPoint\",\"urlTemplate\":\"https:\\\/\\\/www.validant.com\\\/de\\\/?s={search_term_string}\"},\"query-input\":{\"@type\":\"PropertyValueSpecification\",\"valueRequired\":true,\"valueName\":\"search_term_string\"}}],\"inLanguage\":\"de-DE\"}]}<\/script>\n<!-- \/ Yoast SEO plugin. -->","yoast_head_json":{"title":"Dem Beraternetzwerk von Validant beitreten| Globales Beraternetzwerk","description":"Sie sind Berater f\u00fcr regulatorische, Compliance- oder Qualit\u00e4tsfragen und m\u00f6chten an Projekten, die Sie wirklich interessieren, und f\u00fcr einige der f\u00fchrenden Unternehmen der Life-Sciences-Branche arbeiten?","robots":{"index":"index","follow":"follow","max-snippet":"max-snippet:-1","max-image-preview":"max-image-preview:large","max-video-preview":"max-video-preview:-1"},"canonical":"https:\/\/www.validant.com\/de\/treten-sie-dem-beraternetzwerk-von-validant-bei\/","og_locale":"de_DE","og_type":"article","og_title":"Dem Beraternetzwerk von Validant beitreten| Globales Beraternetzwerk","og_description":"Sie sind Berater f\u00fcr regulatorische, Compliance- oder Qualit\u00e4tsfragen und m\u00f6chten an Projekten, die Sie wirklich interessieren, und f\u00fcr einige der f\u00fchrenden Unternehmen der Life-Sciences-Branche arbeiten?","og_url":"https:\/\/www.validant.com\/de\/treten-sie-dem-beraternetzwerk-von-validant-bei\/","og_site_name":"Validant","article_modified_time":"2021-04-14T19:23:20+00:00","og_image":[{"url":"http:\/\/www.validant.com\/wp-content\/uploads\/2020\/07\/join-consultant-network.jpg","type":"","width":"","height":""}],"twitter_card":"summary_large_image","twitter_misc":{"Gesch\u00e4tzte Lesezeit":"2 Minuten"},"schema":{"@context":"https:\/\/schema.org","@graph":[{"@type":"WebPage","@id":"https:\/\/www.validant.com\/de\/treten-sie-dem-beraternetzwerk-von-validant-bei\/","url":"https:\/\/www.validant.com\/de\/treten-sie-dem-beraternetzwerk-von-validant-bei\/","name":"Dem Beraternetzwerk von Validant beitreten| Globales Beraternetzwerk","isPartOf":{"@id":"https:\/\/www.validant.com\/de\/#website"},"primaryImageOfPage":{"@id":"https:\/\/www.validant.com\/de\/treten-sie-dem-beraternetzwerk-von-validant-bei\/#primaryimage"},"image":{"@id":"https:\/\/www.validant.com\/de\/treten-sie-dem-beraternetzwerk-von-validant-bei\/#primaryimage"},"thumbnailUrl":"http:\/\/www.validant.com\/wp-content\/uploads\/2020\/07\/join-consultant-network.jpg","datePublished":"2021-03-12T17:46:01+00:00","dateModified":"2021-04-14T19:23:20+00:00","description":"Sie sind Berater f\u00fcr regulatorische, Compliance- oder Qualit\u00e4tsfragen und m\u00f6chten an Projekten, die Sie wirklich interessieren, und f\u00fcr einige der f\u00fchrenden Unternehmen der Life-Sciences-Branche arbeiten?","breadcrumb":{"@id":"https:\/\/www.validant.com\/de\/treten-sie-dem-beraternetzwerk-von-validant-bei\/#breadcrumb"},"inLanguage":"de-DE","potentialAction":[{"@type":"ReadAction","target":["https:\/\/www.validant.com\/de\/treten-sie-dem-beraternetzwerk-von-validant-bei\/"]}]},{"@type":"ImageObject","inLanguage":"de-DE","@id":"https:\/\/www.validant.com\/de\/treten-sie-dem-beraternetzwerk-von-validant-bei\/#primaryimage","url":"http:\/\/www.validant.com\/wp-content\/uploads\/2020\/07\/join-consultant-network.jpg","contentUrl":"http:\/\/www.validant.com\/wp-content\/uploads\/2020\/07\/join-consultant-network.jpg"},{"@type":"BreadcrumbList","@id":"https:\/\/www.validant.com\/de\/treten-sie-dem-beraternetzwerk-von-validant-bei\/#breadcrumb","itemListElement":[{"@type":"ListItem","position":1,"name":"Home","item":"https:\/\/www.validant.com\/de\/"},{"@type":"ListItem","position":2,"name":"Treten Sie dem Beraternetzwerk von Validant bei"}]},{"@type":"WebSite","@id":"https:\/\/www.validant.com\/de\/#website","url":"https:\/\/www.validant.com\/de\/","name":"Validant","description":"Your Full-Service Global Regulatory, Compliance &amp; Quality Consultancy","potentialAction":[{"@type":"SearchAction","target":{"@type":"EntryPoint","urlTemplate":"https:\/\/www.validant.com\/de\/?s={search_term_string}"},"query-input":{"@type":"PropertyValueSpecification","valueRequired":true,"valueName":"search_term_string"}}],"inLanguage":"de-DE"}]}},"_links":{"self":[{"href":"https:\/\/www.validant.com\/de\/wp-json\/wp\/v2\/pages\/1728","targetHints":{"allow":["GET"]}}],"collection":[{"href":"https:\/\/www.validant.com\/de\/wp-json\/wp\/v2\/pages"}],"about":[{"href":"https:\/\/www.validant.com\/de\/wp-json\/wp\/v2\/types\/page"}],"author":[{"embeddable":true,"href":"https:\/\/www.validant.com\/de\/wp-json\/wp\/v2\/users\/3"}],"replies":[{"embeddable":true,"href":"https:\/\/www.validant.com\/de\/wp-json\/wp\/v2\/comments?post=1728"}],"version-history":[{"count":0,"href":"https:\/\/www.validant.com\/de\/wp-json\/wp\/v2\/pages\/1728\/revisions"}],"wp:attachment":[{"href":"https:\/\/www.validant.com\/de\/wp-json\/wp\/v2\/media?parent=1728"}],"curies":[{"name":"wp","href":"https:\/\/api.w.org\/{rel}","templated":true}]}}