{"id":1727,"date":"2021-03-12T17:45:55","date_gmt":"2021-03-12T17:45:55","guid":{"rendered":"http:\/\/www.validant.com\/karriere-bei-validant\/"},"modified":"2021-04-14T19:15:46","modified_gmt":"2021-04-14T19:15:46","slug":"karriere-bei-validant","status":"publish","type":"page","link":"https:\/\/www.validant.com\/de\/karriere-bei-validant\/","title":{"rendered":"Karriere bei Validant"},"content":{"rendered":"\n<section class=\"wp-block-mkl-section-block\"><div class=\"section-bg bg__stretched\" style=\"background-image:url(https:\/\/www.validant.com\/wp-content\/uploads\/2020\/07\/careers-header.png);opacity:1\"><\/div>\n<div class=\"wp-block-mkl-section-block container pt-xl\">\n<p><\/p>\n<\/div>\n<\/section>\n\n<section class=\"wp-block-mkl-section-block transparent\">\n<div class=\"wp-block-mkl-section-block has-white-background-color container panel pb-s ot-l bb\">\n<p class=\"has-text-color has-text-align-center has-olive-color large\"><strong>Karriere bei Validant<\/strong><\/p>\n\n\n\n<h1 class=\"has-text-align-center maxc1000 mb-xs wp-block-heading\"><strong><span class=\"has-inline-color has-green-color\">Schlie\u00dfen Sie sich den besten K\u00f6pfen im Life-Sciences-Sektor an<\/span><\/strong>, um f\u00fcr einen sicheren, zuverl\u00e4ssigen Zugang zu lebensver\u00e4ndernden Gesundheitsprodukten zu sorgen.<\/h1>\n\n\n\n<div class=\"wp-block-columns is-layout-flex wp-container-core-columns-is-layout-9d6595d7 wp-block-columns-is-layout-flex\">\n<div class=\"wp-block-column is-layout-flow wp-block-column-is-layout-flow\" style=\"flex-basis:45%\">\n<h4 class=\"wp-block-heading\">Es gibt einen Grund daf\u00fcr, dass sich f\u00fchrende Beh\u00f6rdenvertreter, Kliniker, Branchenexperten und Spezialisten daf\u00fcr entscheiden, Teil von Validants Team zu werden.<\/h4>\n\n\n\n<p><\/p>\n<\/div>\n\n\n\n<div class=\"wp-block-column is-layout-flow wp-block-column-is-layout-flow\" style=\"flex-basis:66.66%\">\n<p class=\"btn\">Wir bieten spannende, interessante und herausfordernde M\u00f6glichkeiten, um einige der angesehensten Unternehmen in der Life-Sciences-Branche weltweit zu unterst\u00fctzen. Sie sind Experte f\u00fcr Regulierungs-, Compliance- und Qualit\u00e4tsfragen und an der Zusammenarbeit mit Unternehmen interessiert, die in der Spitzenforschung im Gesundheitswesen t\u00e4tig sind? Dann werfen Sie einen Blick auf unsere Stellenangebote.<br\/><br\/><a href=\"https:\/\/www.linkedin.com\/jobs\/search\/?f_C=24481&amp;locationType=Y\" target=\"_blank\" aria-label=\"undefined (opens in a new tab)\" rel=\"noreferrer noopener\">Aktuelle Stellenausschreibungen durchsuchen<\/a><\/p>\n<\/div>\n<\/div>\n<\/div>\n<\/section>\n\n<section class=\"wp-block-mkl-section-block\">\n<div class=\"wp-block-mkl-section-block container\">\n<h3 class=\"has-text-align-center mb-xs wp-block-heading\">Warum eine Karriere bei <strong><span class=\"has-inline-color has-olive-color\">Validant<\/span><\/strong>?<\/h3>\n\n\n\n<div class=\"wp-block-columns mt-s is-layout-flex wp-container-core-columns-is-layout-9d6595d7 wp-block-columns-is-layout-flex\">\n<div class=\"wp-block-column page-content is-layout-flow wp-block-column-is-layout-flow\" style=\"flex-basis:65%\">\n<div class=\"wp-block-group relative pt-s\"><div class=\"wp-block-group__inner-container is-layout-flow wp-block-group-is-layout-flow\">\n<figure class=\"wp-block-image size-large pin-left\"><img loading=\"lazy\" decoding=\"async\" width=\"433\" height=\"470\" src=\"http:\/\/www.validant.com\/wp-content\/uploads\/2020\/07\/true-experts.jpg\" alt=\"Wahre Experten\" class=\"wp-image-1229\" srcset=\"https:\/\/www.validant.com\/wp-content\/uploads\/2020\/07\/true-experts.jpg 433w, https:\/\/www.validant.com\/wp-content\/uploads\/2020\/07\/true-experts-276x300.jpg 276w\" sizes=\"auto, (max-width: 433px) 100vw, 433px\" \/><\/figure>\n\n\n<div class=\"wp-block-mkl-section-block has-white-background-color panel square ml-l z1 w80\">\n<h3 class=\"icon icon-experts wp-block-heading\"><strong><span class=\"has-inline-color has-green-color\">Arbeiten und Lernen<\/span><\/strong> mit wahren Experten<\/h3>\n\n\n\n<p>Das Team von Validant und unser ausgedehntes, weltweites Netzwerk bilden die gr\u00f6\u00dfte Versammlung ehemaliger Top-Experten und Vertreter weltweiter Regulierungsbeh\u00f6rden sowie f\u00fchrender Ingenieure, Wissenschaftler, Kliniker und Spezialisten aus dem Bereich der Life-Sciences.<\/p>\n\n\n\n<p>Dank Ihrer umfassenden Erfahrung aus der Arbeit mit oder bei Gesundheits- und anderen Regulierungsbeh\u00f6rden oder bei f\u00fchrenden Anbietern von Pharmazeutika, Biologika, Medizin- oder Diagnostikprodukten verf\u00fcgen Sie \u00fcber eine unbegrenzte Fachkompetenz, die Sie in die Zusammenarbeit mit diesen Kollegen einflie\u00dfen lassen k\u00f6nnen.<\/p>\n<\/div>\n<\/div><\/div>\n\n\n\n<div class=\"wp-block-group relative pt-s mt-s\"><div class=\"wp-block-group__inner-container is-layout-flow wp-block-group-is-layout-flow\">\n<figure class=\"wp-block-image size-large pin-right\"><img loading=\"lazy\" decoding=\"async\" width=\"433\" height=\"470\" src=\"http:\/\/www.validant.com\/wp-content\/uploads\/2020\/07\/changing-healthcare.jpg\" alt=\"Eine gl&#xFC;ckliche Familie, die Zeit miteinander verbringt (Krebs-Konzept)\" class=\"wp-image-1231\" srcset=\"https:\/\/www.validant.com\/wp-content\/uploads\/2020\/07\/changing-healthcare.jpg 433w, https:\/\/www.validant.com\/wp-content\/uploads\/2020\/07\/changing-healthcare-276x300.jpg 276w\" sizes=\"auto, (max-width: 433px) 100vw, 433px\" \/><\/figure>\n\n\n<div class=\"wp-block-mkl-section-block has-white-background-color panel square w80 z1 pl-z\">\n<h3 class=\"icon icon-change wp-block-heading\">Unterst\u00fctzung von <strong><span class=\"has-inline-color has-green-color\">Unternehmen, die das Gesundheitswesen ver\u00e4ndern<\/span><\/strong><\/h3>\n\n\n\n<p>Validant arbeitet sowohl mit weltweit f\u00fchrenden Unternehmen als auch mit aufgehenden Sternen in der Pharma-, Biologika-, Medizin- und Diagnostikprodukte-Branche zusammen, die in der heutigen Zeit Entscheidendes in der Gesundheitsversorgung von Patienten bewirken. Viele von ihnen setzen richtungsweisende Wissenschaft und Spitzentechnologien zur Bereitstellung sicherer, wirksamerer Gesundheitsprodukte ein, die eine schnelle, positive Ver\u00e4nderung von Behandlungsstrategien herbeif\u00fchren.<\/p>\n\n\n\n<p>Als Teil unseres Teams haben Sie die Gelegenheit, Seite an Seite mit diesen innovativen Akteuren zu arbeiten, um ihre Produkte effizient auf den Markt und in die H\u00e4nde solcher Personen zu bringen, die sie ben\u00f6tigen.<\/p>\n<\/div>\n<\/div><\/div>\n\n\n\n<div class=\"wp-block-group relative pt-s mt-s\"><div class=\"wp-block-group__inner-container is-layout-flow wp-block-group-is-layout-flow\">\n<figure class=\"wp-block-image size-large pin-left\"><img loading=\"lazy\" decoding=\"async\" width=\"433\" height=\"470\" src=\"http:\/\/www.validant.com\/wp-content\/uploads\/2020\/07\/collaborative-working-environment.jpg\" alt=\"Kollaborative Arbeitsumfeld\" class=\"wp-image-1233\" srcset=\"https:\/\/www.validant.com\/wp-content\/uploads\/2020\/07\/collaborative-working-environment.jpg 433w, https:\/\/www.validant.com\/wp-content\/uploads\/2020\/07\/collaborative-working-environment-276x300.jpg 276w\" sizes=\"auto, (max-width: 433px) 100vw, 433px\" \/><\/figure>\n\n\n<div class=\"wp-block-mkl-section-block has-white-background-color panel square ml-l z1 w80\">\n<h3 class=\"icon icon-innovative wp-block-heading\">Vorteile einer <strong><span class=\"has-inline-color has-green-color\">innovativen Arbeitskultur<\/span><\/strong><\/h3>\n\n\n\n<p>Wir sind davon \u00fcberzeugt, dass der beste Weg zur Gew\u00e4hrleistung einer engagierten, enthusiastischen Arbeitnehmerschaft ist, unseren Teammitgliedern M\u00f6glichkeiten f\u00fcr interessante, herausfordernde und bereichernde Beratungst\u00e4tigkeiten anzubieten.<\/p>\n\n\n\n<p>Au\u00dferdem ist es unserer Meinung nach sehr wichtig, unseren Mitarbeitern unsere Wertsch\u00e4tzung zu zeigen, und deshalb bieten wir ihnen umfassende Zusatzleistungen wie Kranken-, Zahn- sowie Augen-\/Brillen-Zusatzversicherung, 401k-Rentenplan und grundlegende Lebensversicherung\/LTD.<\/p>\n<\/div>\n<\/div><\/div>\n\n\n\n<p><\/p>\n<\/div>\n\n\n\n<div class=\"wp-block-column pl-s page-sidebar is-layout-flow wp-block-column-is-layout-flow\" style=\"flex-basis:35%\">\n<div class=\"wp-block-mkl-section-block panel-small bg-greengrad mb-xs\">\n<h4 class=\"icon icon-ask wp-block-heading\"><strong><span class=\"has-inline-color has-olive-color\">Was unser Team sagt<\/span><\/strong><\/h4>\n\n\n\n<p class=\"has-text-color has-white-color\">\u201eBei Validant habe ich die M\u00f6glichkeit, mit Pharma-Unternehmen weltweit zusammenzuarbeiten, <strong>die einen entscheidenden, positiven Beitrag zur Gesundheit von Patienten leisten<\/strong>.\u201c<\/p>\n\n\n\n<p class=\"has-text-align-right small mt-xxs pb-xxs\"><span class=\"has-inline-color has-white-color\"><strong>John M.<\/strong><\/span> <span class=\"has-inline-color has-white-color\">| Gesch\u00e4ftsf\u00fchrender Partner bei Validant seit 2016<\/span><\/p>\n<\/div>\n\n\n\n<div class=\"wp-block-mkl-section-block has-grey-background-color panel-small sidebar-menu mb-xs\">\n<h4 class=\"has-green-color has-text-color wp-block-heading\"><strong>Wussten Sie schon?<\/strong><\/h4>\n\n\n\n<h5 class=\"wp-block-heading\">VALIDANT ARBEITET MIT:<\/h5>\n\n\n\n<p class=\"large pt-xxs mb-z\"><strong><span class=\"has-inline-color has-lightblue-color\">25 der 30 wichtigsten<\/span><\/strong><\/p>\n\n\n\n<p class=\"mt-z\">weltweiten Medizinprodukte-Unternehmen<\/p>\n\n\n\n<p class=\"large mb-z\"><strong><span class=\"has-inline-color has-olive-color\">20 der 30 wichtigsten<\/span><\/strong><\/p>\n\n\n\n<p class=\"mt-z\">weltweiten Pharma-Unternehmen<\/p>\n\n\n\n<p class=\"large mb-z\"><strong><span class=\"has-inline-color has-green-color\">7 der 10 wichtigsten<\/span><\/strong><\/p>\n\n\n\n<p class=\"mt-z pb-xxs\">Biotechnologie-Unternehmen der Welt<\/p>\n<\/div>\n\n\n\n<h4 class=\"has-green-color has-text-color mb-xxs wp-block-heading\"><strong>Aus: The Vantage Point<\/strong><\/h4>\n\n\n\t\n<\/div>\n<\/div>\n\n\n\n<p><\/p>\n<\/div>\n\n\n\n<section class=\"wp-block-mkl-section-block cta-panel pb-m\">\n<div class=\"wp-block-mkl-section-block container panel bg-greengrad\">\n<div class=\"wp-block-mkl-section-block has-green-background-color bg-greengrad panel\">\n<p><\/p>\n<\/div>\n\n\n\n<div class=\"wp-block-group relative\"><div class=\"wp-block-group__inner-container is-layout-flow wp-block-group-is-layout-flow\">\n<h3 class=\"has-olive-color has-text-color has-text-align-center wp-block-heading\"><strong>Bereit, sich dem Validant-Team anzuschlie\u00dfen?<\/strong><\/h3>\n\n\n\n<p class=\"has-text-color has-text-align-center has-white-color large\">Erkunden Sie unsere derzeit verf\u00fcgbaren Karrierechancen.<\/p>\n\n\n\n<p class=\"has-text-color has-text-align-center has-white-color btn white\"><a href=\"https:\/\/www.linkedin.com\/jobs\/search\/?f_C=24481&amp;locationType=Y\" target=\"_blank\" aria-label=\"undefined (opens in a new tab)\" rel=\"noreferrer noopener\">Stellenangebote anzeigen<\/a><\/p>\n<\/div><\/div>\n<\/div>\n<\/section>\n<\/section>\n","protected":false},"excerpt":{"rendered":"","protected":false},"author":3,"featured_media":0,"parent":0,"menu_order":0,"comment_status":"closed","ping_status":"closed","template":"","meta":{"_acf_changed":false,"footnotes":""},"class_list":["post-1727","page","type-page","status-publish","hentry"],"acf":[],"yoast_head":"<!-- This site is optimized with the Yoast SEO plugin v27.3 - https:\/\/yoast.com\/product\/yoast-seo-wordpress\/ -->\n<title>Validant Karriere | Sich den besten K\u00f6pfen im Life-Science-Beratung anschlie\u00dfen<\/title>\n<meta name=\"description\" content=\"Validant bietet spannende, interessante und herausfordernde M\u00f6glichkeiten, um einige der angesehensten Unternehmen in der Life-Sciences-Branche weltweit zu unterst\u00fctzen.\" \/>\n<meta name=\"robots\" content=\"index, follow, max-snippet:-1, max-image-preview:large, max-video-preview:-1\" \/>\n<link rel=\"canonical\" href=\"https:\/\/www.validant.com\/de\/karriere-bei-validant\/\" \/>\n<meta property=\"og:locale\" content=\"de_DE\" \/>\n<meta property=\"og:type\" content=\"article\" \/>\n<meta property=\"og:title\" content=\"Validant Karriere | Sich den besten K\u00f6pfen im Life-Science-Beratung anschlie\u00dfen\" \/>\n<meta property=\"og:description\" content=\"Validant bietet spannende, interessante und herausfordernde M\u00f6glichkeiten, um einige der angesehensten Unternehmen in der Life-Sciences-Branche weltweit zu unterst\u00fctzen.\" \/>\n<meta property=\"og:url\" content=\"https:\/\/www.validant.com\/de\/karriere-bei-validant\/\" \/>\n<meta property=\"og:site_name\" content=\"Validant\" \/>\n<meta property=\"article:modified_time\" content=\"2021-04-14T19:15:46+00:00\" \/>\n<meta property=\"og:image\" content=\"http:\/\/www.validant.com\/wp-content\/uploads\/2020\/07\/true-experts.jpg\" \/>\n<meta name=\"twitter:card\" content=\"summary_large_image\" \/>\n<meta name=\"twitter:label1\" content=\"Gesch\u00e4tzte Lesezeit\" \/>\n\t<meta name=\"twitter:data1\" content=\"2 Minuten\" \/>\n<script type=\"application\/ld+json\" class=\"yoast-schema-graph\">{\"@context\":\"https:\\\/\\\/schema.org\",\"@graph\":[{\"@type\":\"WebPage\",\"@id\":\"https:\\\/\\\/www.validant.com\\\/de\\\/karriere-bei-validant\\\/\",\"url\":\"https:\\\/\\\/www.validant.com\\\/de\\\/karriere-bei-validant\\\/\",\"name\":\"Validant Karriere | Sich den besten K\u00f6pfen im Life-Science-Beratung anschlie\u00dfen\",\"isPartOf\":{\"@id\":\"https:\\\/\\\/www.validant.com\\\/de\\\/#website\"},\"primaryImageOfPage\":{\"@id\":\"https:\\\/\\\/www.validant.com\\\/de\\\/karriere-bei-validant\\\/#primaryimage\"},\"image\":{\"@id\":\"https:\\\/\\\/www.validant.com\\\/de\\\/karriere-bei-validant\\\/#primaryimage\"},\"thumbnailUrl\":\"http:\\\/\\\/www.validant.com\\\/wp-content\\\/uploads\\\/2020\\\/07\\\/true-experts.jpg\",\"datePublished\":\"2021-03-12T17:45:55+00:00\",\"dateModified\":\"2021-04-14T19:15:46+00:00\",\"description\":\"Validant bietet spannende, interessante und herausfordernde M\u00f6glichkeiten, um einige der angesehensten Unternehmen in der Life-Sciences-Branche weltweit zu unterst\u00fctzen.\",\"breadcrumb\":{\"@id\":\"https:\\\/\\\/www.validant.com\\\/de\\\/karriere-bei-validant\\\/#breadcrumb\"},\"inLanguage\":\"de-DE\",\"potentialAction\":[{\"@type\":\"ReadAction\",\"target\":[\"https:\\\/\\\/www.validant.com\\\/de\\\/karriere-bei-validant\\\/\"]}]},{\"@type\":\"ImageObject\",\"inLanguage\":\"de-DE\",\"@id\":\"https:\\\/\\\/www.validant.com\\\/de\\\/karriere-bei-validant\\\/#primaryimage\",\"url\":\"http:\\\/\\\/www.validant.com\\\/wp-content\\\/uploads\\\/2020\\\/07\\\/true-experts.jpg\",\"contentUrl\":\"http:\\\/\\\/www.validant.com\\\/wp-content\\\/uploads\\\/2020\\\/07\\\/true-experts.jpg\"},{\"@type\":\"BreadcrumbList\",\"@id\":\"https:\\\/\\\/www.validant.com\\\/de\\\/karriere-bei-validant\\\/#breadcrumb\",\"itemListElement\":[{\"@type\":\"ListItem\",\"position\":1,\"name\":\"Home\",\"item\":\"https:\\\/\\\/www.validant.com\\\/de\\\/\"},{\"@type\":\"ListItem\",\"position\":2,\"name\":\"Karriere bei Validant\"}]},{\"@type\":\"WebSite\",\"@id\":\"https:\\\/\\\/www.validant.com\\\/de\\\/#website\",\"url\":\"https:\\\/\\\/www.validant.com\\\/de\\\/\",\"name\":\"Validant\",\"description\":\"Your Full-Service Global Regulatory, Compliance &amp; Quality Consultancy\",\"potentialAction\":[{\"@type\":\"SearchAction\",\"target\":{\"@type\":\"EntryPoint\",\"urlTemplate\":\"https:\\\/\\\/www.validant.com\\\/de\\\/?s={search_term_string}\"},\"query-input\":{\"@type\":\"PropertyValueSpecification\",\"valueRequired\":true,\"valueName\":\"search_term_string\"}}],\"inLanguage\":\"de-DE\"}]}<\/script>\n<!-- \/ Yoast SEO plugin. -->","yoast_head_json":{"title":"Validant Karriere | Sich den besten K\u00f6pfen im Life-Science-Beratung anschlie\u00dfen","description":"Validant bietet spannende, interessante und herausfordernde M\u00f6glichkeiten, um einige der angesehensten Unternehmen in der Life-Sciences-Branche weltweit zu unterst\u00fctzen.","robots":{"index":"index","follow":"follow","max-snippet":"max-snippet:-1","max-image-preview":"max-image-preview:large","max-video-preview":"max-video-preview:-1"},"canonical":"https:\/\/www.validant.com\/de\/karriere-bei-validant\/","og_locale":"de_DE","og_type":"article","og_title":"Validant Karriere | Sich den besten K\u00f6pfen im Life-Science-Beratung anschlie\u00dfen","og_description":"Validant bietet spannende, interessante und herausfordernde M\u00f6glichkeiten, um einige der angesehensten Unternehmen in der Life-Sciences-Branche weltweit zu unterst\u00fctzen.","og_url":"https:\/\/www.validant.com\/de\/karriere-bei-validant\/","og_site_name":"Validant","article_modified_time":"2021-04-14T19:15:46+00:00","og_image":[{"url":"http:\/\/www.validant.com\/wp-content\/uploads\/2020\/07\/true-experts.jpg","type":"","width":"","height":""}],"twitter_card":"summary_large_image","twitter_misc":{"Gesch\u00e4tzte Lesezeit":"2 Minuten"},"schema":{"@context":"https:\/\/schema.org","@graph":[{"@type":"WebPage","@id":"https:\/\/www.validant.com\/de\/karriere-bei-validant\/","url":"https:\/\/www.validant.com\/de\/karriere-bei-validant\/","name":"Validant Karriere | Sich den besten K\u00f6pfen im Life-Science-Beratung anschlie\u00dfen","isPartOf":{"@id":"https:\/\/www.validant.com\/de\/#website"},"primaryImageOfPage":{"@id":"https:\/\/www.validant.com\/de\/karriere-bei-validant\/#primaryimage"},"image":{"@id":"https:\/\/www.validant.com\/de\/karriere-bei-validant\/#primaryimage"},"thumbnailUrl":"http:\/\/www.validant.com\/wp-content\/uploads\/2020\/07\/true-experts.jpg","datePublished":"2021-03-12T17:45:55+00:00","dateModified":"2021-04-14T19:15:46+00:00","description":"Validant bietet spannende, interessante und herausfordernde M\u00f6glichkeiten, um einige der angesehensten Unternehmen in der Life-Sciences-Branche weltweit zu unterst\u00fctzen.","breadcrumb":{"@id":"https:\/\/www.validant.com\/de\/karriere-bei-validant\/#breadcrumb"},"inLanguage":"de-DE","potentialAction":[{"@type":"ReadAction","target":["https:\/\/www.validant.com\/de\/karriere-bei-validant\/"]}]},{"@type":"ImageObject","inLanguage":"de-DE","@id":"https:\/\/www.validant.com\/de\/karriere-bei-validant\/#primaryimage","url":"http:\/\/www.validant.com\/wp-content\/uploads\/2020\/07\/true-experts.jpg","contentUrl":"http:\/\/www.validant.com\/wp-content\/uploads\/2020\/07\/true-experts.jpg"},{"@type":"BreadcrumbList","@id":"https:\/\/www.validant.com\/de\/karriere-bei-validant\/#breadcrumb","itemListElement":[{"@type":"ListItem","position":1,"name":"Home","item":"https:\/\/www.validant.com\/de\/"},{"@type":"ListItem","position":2,"name":"Karriere bei Validant"}]},{"@type":"WebSite","@id":"https:\/\/www.validant.com\/de\/#website","url":"https:\/\/www.validant.com\/de\/","name":"Validant","description":"Your Full-Service Global Regulatory, Compliance &amp; Quality Consultancy","potentialAction":[{"@type":"SearchAction","target":{"@type":"EntryPoint","urlTemplate":"https:\/\/www.validant.com\/de\/?s={search_term_string}"},"query-input":{"@type":"PropertyValueSpecification","valueRequired":true,"valueName":"search_term_string"}}],"inLanguage":"de-DE"}]}},"_links":{"self":[{"href":"https:\/\/www.validant.com\/de\/wp-json\/wp\/v2\/pages\/1727","targetHints":{"allow":["GET"]}}],"collection":[{"href":"https:\/\/www.validant.com\/de\/wp-json\/wp\/v2\/pages"}],"about":[{"href":"https:\/\/www.validant.com\/de\/wp-json\/wp\/v2\/types\/page"}],"author":[{"embeddable":true,"href":"https:\/\/www.validant.com\/de\/wp-json\/wp\/v2\/users\/3"}],"replies":[{"embeddable":true,"href":"https:\/\/www.validant.com\/de\/wp-json\/wp\/v2\/comments?post=1727"}],"version-history":[{"count":0,"href":"https:\/\/www.validant.com\/de\/wp-json\/wp\/v2\/pages\/1727\/revisions"}],"wp:attachment":[{"href":"https:\/\/www.validant.com\/de\/wp-json\/wp\/v2\/media?parent=1727"}],"curies":[{"name":"wp","href":"https:\/\/api.w.org\/{rel}","templated":true}]}}