{"id":1726,"date":"2021-03-12T17:45:52","date_gmt":"2021-03-12T17:45:52","guid":{"rendered":"http:\/\/www.validant.com\/unsere-experten\/"},"modified":"2021-04-14T19:15:45","modified_gmt":"2021-04-14T19:15:45","slug":"unsere-experten","status":"publish","type":"page","link":"https:\/\/www.validant.com\/de\/unsere-experten\/","title":{"rendered":"Unsere Experten"},"content":{"rendered":"\n<section class=\"wp-block-mkl-section-block has-green-background-color\">\n<div class=\"wp-block-mkl-section-block container\">\n<div class=\"wp-block-columns is-layout-flex wp-container-core-columns-is-layout-9d6595d7 wp-block-columns-is-layout-flex\">\n<div class=\"wp-block-column is-layout-flow wp-block-column-is-layout-flow\" style=\"flex-basis:40%\">\n<h1 class=\"has-white-color has-text-color wp-block-heading\"><strong>Lernen Sie das Expertenteam von Validant kennen<\/strong><\/h1>\n<\/div>\n\n\n\n<div class=\"wp-block-column pl-xs is-layout-flow wp-block-column-is-layout-flow\" style=\"flex-basis:66.66%\">\n<p class=\"has-text-color has-white-color large\">In enger Zusammenarbeit mit Ihren internen Teams, unseren Partnern und den Experten aus unserem weltweiten Beraternetzwerk geleiten unsere Spezialisten f\u00fcr Regulierung, Compliance und Qualit\u00e4t Sie hin zu praktischen L\u00f6sungen, die Qualit\u00e4t, Geschwindigkeit und ein geringeres Risiko w\u00e4hrend der Arbeit sicherstellen.<\/p>\n<\/div>\n<\/div>\n<\/div>\n<\/section>\n\n<section class=\"wp-block-mkl-section-block transparent ot-xs\">\n<div class=\"wp-block-mkl-section-block container pt-z\">\t<div class=\"team-wrap\">\n\t        <div class=\"member \">\n\t\t\t<div class=\"member-content row\">\n\t\t\t\t<div class=\"col span_6 center\">\n\t\t\t\t\t<p><img decoding=\"async\" src=\"https:\/\/www.validant.com\/wp-content\/uploads\/2020\/06\/eileen-counihan.jpg\" class=\"attachment-post-thumbnail size-post-thumbnail wp-post-image\" alt=\"Eileen Counihan\" \/><\/p>\n\t\t\t\t\t<p>\n\t\t\t\t\t\t<a class=\"team-in\" target=\"_blank\" href=\"https:\/\/www.linkedin.com\/in\/eileen-counihan-b40a6a20\/\">LinkedIn<\/a>\t\t\t\t\t\t\t\t\t\t\t<\/p>\n\t\t\t\t\t\t\t\t\t<\/div>\n\t\t\t\t<div class=\"col span_18 pl-xs\">\n\t\t\t\t\t<h3>Eileen Counihan<\/h3>\n\t\t\t\t\t<h4>Principal Consultant<\/h4>\n\t\t\t\t\t\t\t\t\t<\/div>\n\t\t\t<\/div>\n        <div class=\"photo\"><img decoding=\"async\" src=\"https:\/\/www.validant.com\/wp-content\/uploads\/2020\/06\/eileen-counihan.jpg\" class=\"attachment-post-thumbnail size-post-thumbnail wp-post-image\" alt=\"Eileen Counihan\" \/><\/div>\n        <p class=\"name\"><strong>Eileen Counihan<\/strong><\/p>\n        <p class=\"title\">Principal Consultant<\/p>\n\t\t\t\t\t<a class=\"member-no-show\" target=\"_blank\" href=\"https:\/\/www.linkedin.com\/in\/eileen-counihan-b40a6a20\/\">&nbsp;<\/a>\n\t\t        \n\t\t\n        <\/div>\n            <div class=\"member \">\n\t\t\t<div class=\"member-content row\">\n\t\t\t\t<div class=\"col span_6 center\">\n\t\t\t\t\t<p><img decoding=\"async\" src=\"https:\/\/www.validant.com\/wp-content\/uploads\/2020\/06\/jacqui-daly.jpg\" class=\"attachment-post-thumbnail size-post-thumbnail wp-post-image\" alt=\"Jacqui Daly\" \/><\/p>\n\t\t\t\t\t<p>\n\t\t\t\t\t\t<a class=\"team-in\" target=\"_blank\" href=\"https:\/\/www.linkedin.com\/in\/jdathenaquality\/\">LinkedIn<\/a>\t\t\t\t\t\t\t\t\t\t\t<\/p>\n\t\t\t\t\t\t\t\t\t<\/div>\n\t\t\t\t<div class=\"col span_18 pl-xs\">\n\t\t\t\t\t<h3>Jacqui Daly<\/h3>\n\t\t\t\t\t<h4>Principal Consultant<\/h4>\n\t\t\t\t\t\t\t\t\t<\/div>\n\t\t\t<\/div>\n        <div class=\"photo\"><img decoding=\"async\" src=\"https:\/\/www.validant.com\/wp-content\/uploads\/2020\/06\/jacqui-daly.jpg\" class=\"attachment-post-thumbnail size-post-thumbnail wp-post-image\" alt=\"Jacqui Daly\" \/><\/div>\n        <p class=\"name\"><strong>Jacqui Daly<\/strong><\/p>\n        <p class=\"title\">Principal Consultant<\/p>\n\t\t\t\t\t<a class=\"member-no-show\" target=\"_blank\" href=\"https:\/\/www.linkedin.com\/in\/jdathenaquality\/\">&nbsp;<\/a>\n\t\t        \n\t\t\n        <\/div>\n            <div class=\"member \">\n\t\t\t<div class=\"member-content row\">\n\t\t\t\t<div class=\"col span_6 center\">\n\t\t\t\t\t<p><img decoding=\"async\" src=\"https:\/\/www.validant.com\/wp-content\/uploads\/2020\/06\/mike-miller.jpg\" class=\"attachment-post-thumbnail size-post-thumbnail wp-post-image\" alt=\"Mike Miller\" \/><\/p>\n\t\t\t\t\t<p>\n\t\t\t\t\t\t<a class=\"team-in\" target=\"_blank\" href=\"https:\/\/www.linkedin.com\/in\/michael-miller-a59b8626\/\">LinkedIn<\/a>\t\t\t\t\t\t\t\t\t\t\t<\/p>\n\t\t\t\t\t\t\t\t\t<\/div>\n\t\t\t\t<div class=\"col span_18 pl-xs\">\n\t\t\t\t\t<h3>Michael Miller<\/h3>\n\t\t\t\t\t<h4>Principal Consultant<\/h4>\n\t\t\t\t\t\t\t\t\t<\/div>\n\t\t\t<\/div>\n        <div class=\"photo\"><img decoding=\"async\" src=\"https:\/\/www.validant.com\/wp-content\/uploads\/2020\/06\/mike-miller.jpg\" class=\"attachment-post-thumbnail size-post-thumbnail wp-post-image\" alt=\"Mike Miller\" \/><\/div>\n        <p class=\"name\"><strong>Michael Miller<\/strong><\/p>\n        <p class=\"title\">Principal Consultant<\/p>\n\t\t\t\t\t<a class=\"member-no-show\" target=\"_blank\" href=\"https:\/\/www.linkedin.com\/in\/michael-miller-a59b8626\/\">&nbsp;<\/a>\n\t\t        \n\t\t\n        <\/div>\n            <div class=\"member \">\n\t\t\t<div class=\"member-content row\">\n\t\t\t\t<div class=\"col span_6 center\">\n\t\t\t\t\t<p><img decoding=\"async\" src=\"https:\/\/www.validant.com\/wp-content\/uploads\/2020\/06\/barb-unger.jpg\" class=\"attachment-post-thumbnail size-post-thumbnail wp-post-image\" alt=\"Barb Unger\" \/><\/p>\n\t\t\t\t\t<p>\n\t\t\t\t\t\t<a class=\"team-in\" target=\"_blank\" href=\"https:\/\/www.linkedin.com\/in\/barbaraunger\/\">LinkedIn<\/a>\t\t\t\t\t\t\t\t\t\t\t<\/p>\n\t\t\t\t\t\t\t\t\t<\/div>\n\t\t\t\t<div class=\"col span_18 pl-xs\">\n\t\t\t\t\t<h3>Barb Unger<\/h3>\n\t\t\t\t\t<h4>Principal Consultant<\/h4>\n\t\t\t\t\t\t\t\t\t<\/div>\n\t\t\t<\/div>\n        <div class=\"photo\"><img decoding=\"async\" src=\"https:\/\/www.validant.com\/wp-content\/uploads\/2020\/06\/barb-unger.jpg\" class=\"attachment-post-thumbnail size-post-thumbnail wp-post-image\" alt=\"Barb Unger\" \/><\/div>\n        <p class=\"name\"><strong>Barb Unger<\/strong><\/p>\n        <p class=\"title\">Principal Consultant<\/p>\n\t\t\t\t\t<a class=\"member-no-show\" target=\"_blank\" href=\"https:\/\/www.linkedin.com\/in\/barbaraunger\/\">&nbsp;<\/a>\n\t\t        \n\t\t\n        <\/div>\n    \t\t<div class=\"team-cta center flex\">\n\t\t\t<div class=\"ac\">\n\t\t\t\t<h3><strong class=\"white\">Dem Validant-Team beitreten<\/strong><\/h3>\n\t\t\t\t<p><a class=\"btn\" href=\"\/careers\/\">Dem Validant-Team beitreten<\/a><\/p>\t\t\t\t\n\t\t\t<\/div>\n\t\t<\/div>\n\t<\/div>\n\n\n<\/div>\n<\/section>\n\n<section class=\"wp-block-mkl-section-block has-grey-background-color\">\n<div class=\"wp-block-mkl-section-block container\">\n<h2 class=\"has-text-align-center mb-xs wp-block-heading\">Aus: <strong><span class=\"has-inline-color has-olive-color\">The Vantage Point<\/span><\/strong><\/h2>\n\n\n\t\n\n\n\n<section class=\"wp-block-mkl-section-block cta-panel pt-m pb-xs\">\n<div class=\"wp-block-mkl-section-block container panel bg-greengrad\">\n<div class=\"wp-block-mkl-section-block has-green-background-color bg-greengrad panel\">\n<p><\/p>\n<\/div>\n\n\n\n<div class=\"wp-block-group relative\"><div class=\"wp-block-group__inner-container is-layout-flow wp-block-group-is-layout-flow\">\n<h3 class=\"has-olive-color has-text-color has-text-align-center wp-block-heading\"><strong>Bleiben Sie auf dem Laufenden<\/strong><\/h3>\n\n\n\n<p class=\"has-text-color has-text-align-center has-white-color large\">Melden Sie sich an, um die neuesten Einblicke von unseren Partnern zu erhalten.<\/p>\n\n\n\n<div class=\"wp-block-group informed\"><div class=\"wp-block-group__inner-container is-layout-flow wp-block-group-is-layout-flow\">\n<p class=\"has-text-color has-text-align-center has-white-color informed\">\n<div class=\"wpcf7 no-js\" id=\"wpcf7-f1961-o1\" lang=\"de-DE\" dir=\"ltr\" data-wpcf7-id=\"1961\">\n<div class=\"screen-reader-response\"><p role=\"status\" aria-live=\"polite\" aria-atomic=\"true\"><\/p> <ul><\/ul><\/div>\n<form action=\"\/de\/wp-json\/wp\/v2\/pages\/1726#wpcf7-f1961-o1\" method=\"post\" class=\"wpcf7-form init\" aria-label=\"Kontaktformular\" novalidate=\"novalidate\" data-status=\"init\">\n<fieldset class=\"hidden-fields-container\"><input type=\"hidden\" name=\"_wpcf7\" value=\"1961\" \/><input type=\"hidden\" name=\"_wpcf7_version\" value=\"6.1.5\" \/><input type=\"hidden\" name=\"_wpcf7_locale\" value=\"de_DE\" \/><input type=\"hidden\" name=\"_wpcf7_unit_tag\" value=\"wpcf7-f1961-o1\" \/><input type=\"hidden\" name=\"_wpcf7_container_post\" value=\"0\" \/><input type=\"hidden\" name=\"_wpcf7_posted_data_hash\" value=\"\" \/><input type=\"hidden\" name=\"_wpcf7dtx_version\" value=\"5.0.5\" \/>\n<\/fieldset>\n<span class=\"wpcf7-form-control-wrap campaign\" data-name=\"campaign\"><input type=\"hidden\" name=\"campaign\" class=\"wpcf7-form-control wpcf7-hidden wpcf7dtx wpcf7dtx-hidden\" aria-invalid=\"false\" value=\"https:\/\/www.validant.com\/de\/wp-json\/wp\/v2\/pages\/1726\"><\/span>\n<p><span class=\"wpcf7-form-control-wrap\" data-name=\"email\"><input size=\"40\" maxlength=\"400\" class=\"wpcf7-form-control wpcf7-email wpcf7-validates-as-required wpcf7-text wpcf7-validates-as-email\" aria-required=\"true\" aria-invalid=\"false\" placeholder=\"Enter email address*\" value=\"\" type=\"email\" name=\"email\" \/><\/span><input class=\"wpcf7-form-control wpcf7-submit has-spinner\" type=\"submit\" value=\"Submit\" \/>\n<\/p><div class=\"wpcf7-response-output\" aria-hidden=\"true\"><\/div>\n<\/form>\n<\/div>\n<\/p>\n<\/div><\/div>\n\n\n\n<p class=\"has-text-color has-text-align-center has-white-color\">Mit der \u00dcbermittlung Ihrer E-Mail-Adresse stimmen Sie der <a href=\"#\">Datenschutzrichtlinie<\/a> von Validant zu.<\/p>\n<\/div><\/div>\n<\/div>\n<\/section>\n<\/div>\n\n\n\n<p><\/p>\n<\/section>\n","protected":false},"excerpt":{"rendered":"","protected":false},"author":2,"featured_media":0,"parent":0,"menu_order":0,"comment_status":"closed","ping_status":"closed","template":"","meta":{"_acf_changed":false,"footnotes":""},"class_list":["post-1726","page","type-page","status-publish","hentry"],"acf":[],"yoast_head":"<!-- This site is optimized with the Yoast SEO plugin v27.1.1 - https:\/\/yoast.com\/product\/yoast-seo-wordpress\/ -->\n<title>Validant Experten | Betreuung bei Regulierungs-, Compliance- und Qualit\u00e4tsinitiativen<\/title>\n<meta name=\"description\" content=\"In Zusammenarbeit mit Ihren internen Teams und den Experten aus unserem weltweiten Beraternetzwerk betreuen unsere Spezialisten die Umsetzung Ihrer definierten Strategien.\" \/>\n<meta name=\"robots\" content=\"index, follow, max-snippet:-1, max-image-preview:large, max-video-preview:-1\" \/>\n<link rel=\"canonical\" href=\"https:\/\/www.validant.com\/de\/unsere-experten\/\" \/>\n<meta property=\"og:locale\" content=\"de_DE\" \/>\n<meta property=\"og:type\" content=\"article\" \/>\n<meta property=\"og:title\" content=\"Validant Experten | Betreuung bei Regulierungs-, Compliance- und Qualit\u00e4tsinitiativen\" \/>\n<meta property=\"og:description\" content=\"In Zusammenarbeit mit Ihren internen Teams und den Experten aus unserem weltweiten Beraternetzwerk betreuen unsere Spezialisten die Umsetzung Ihrer definierten Strategien.\" \/>\n<meta property=\"og:url\" content=\"https:\/\/www.validant.com\/de\/unsere-experten\/\" \/>\n<meta property=\"og:site_name\" content=\"Validant\" \/>\n<meta property=\"article:modified_time\" content=\"2021-04-14T19:15:45+00:00\" \/>\n<meta name=\"twitter:card\" content=\"summary_large_image\" \/>\n<script type=\"application\/ld+json\" class=\"yoast-schema-graph\">{\"@context\":\"https:\/\/schema.org\",\"@graph\":[{\"@type\":\"WebPage\",\"@id\":\"https:\/\/www.validant.com\/de\/unsere-experten\/\",\"url\":\"https:\/\/www.validant.com\/de\/unsere-experten\/\",\"name\":\"Validant Experten | Betreuung bei Regulierungs-, Compliance- und Qualit\u00e4tsinitiativen\",\"isPartOf\":{\"@id\":\"https:\/\/www.validant.com\/de\/#website\"},\"datePublished\":\"2021-03-12T17:45:52+00:00\",\"dateModified\":\"2021-04-14T19:15:45+00:00\",\"description\":\"In Zusammenarbeit mit Ihren internen Teams und den Experten aus unserem weltweiten Beraternetzwerk betreuen unsere Spezialisten die Umsetzung Ihrer definierten Strategien.\",\"breadcrumb\":{\"@id\":\"https:\/\/www.validant.com\/de\/unsere-experten\/#breadcrumb\"},\"inLanguage\":\"de-DE\",\"potentialAction\":[{\"@type\":\"ReadAction\",\"target\":[\"https:\/\/www.validant.com\/de\/unsere-experten\/\"]}]},{\"@type\":\"BreadcrumbList\",\"@id\":\"https:\/\/www.validant.com\/de\/unsere-experten\/#breadcrumb\",\"itemListElement\":[{\"@type\":\"ListItem\",\"position\":1,\"name\":\"Home\",\"item\":\"https:\/\/www.validant.com\/de\/\"},{\"@type\":\"ListItem\",\"position\":2,\"name\":\"Unsere Experten\"}]},{\"@type\":\"WebSite\",\"@id\":\"https:\/\/www.validant.com\/de\/#website\",\"url\":\"https:\/\/www.validant.com\/de\/\",\"name\":\"Validant\",\"description\":\"Your Full-Service Global Regulatory, Compliance &amp; Quality Consultancy\",\"potentialAction\":[{\"@type\":\"SearchAction\",\"target\":{\"@type\":\"EntryPoint\",\"urlTemplate\":\"https:\/\/www.validant.com\/de\/?s={search_term_string}\"},\"query-input\":{\"@type\":\"PropertyValueSpecification\",\"valueRequired\":true,\"valueName\":\"search_term_string\"}}],\"inLanguage\":\"de-DE\"}]}<\/script>\n<!-- \/ Yoast SEO plugin. -->","yoast_head_json":{"title":"Validant Experten | Betreuung bei Regulierungs-, Compliance- und Qualit\u00e4tsinitiativen","description":"In Zusammenarbeit mit Ihren internen Teams und den Experten aus unserem weltweiten Beraternetzwerk betreuen unsere Spezialisten die Umsetzung Ihrer definierten Strategien.","robots":{"index":"index","follow":"follow","max-snippet":"max-snippet:-1","max-image-preview":"max-image-preview:large","max-video-preview":"max-video-preview:-1"},"canonical":"https:\/\/www.validant.com\/de\/unsere-experten\/","og_locale":"de_DE","og_type":"article","og_title":"Validant Experten | Betreuung bei Regulierungs-, Compliance- und Qualit\u00e4tsinitiativen","og_description":"In Zusammenarbeit mit Ihren internen Teams und den Experten aus unserem weltweiten Beraternetzwerk betreuen unsere Spezialisten die Umsetzung Ihrer definierten Strategien.","og_url":"https:\/\/www.validant.com\/de\/unsere-experten\/","og_site_name":"Validant","article_modified_time":"2021-04-14T19:15:45+00:00","twitter_card":"summary_large_image","schema":{"@context":"https:\/\/schema.org","@graph":[{"@type":"WebPage","@id":"https:\/\/www.validant.com\/de\/unsere-experten\/","url":"https:\/\/www.validant.com\/de\/unsere-experten\/","name":"Validant Experten | Betreuung bei Regulierungs-, Compliance- und Qualit\u00e4tsinitiativen","isPartOf":{"@id":"https:\/\/www.validant.com\/de\/#website"},"datePublished":"2021-03-12T17:45:52+00:00","dateModified":"2021-04-14T19:15:45+00:00","description":"In Zusammenarbeit mit Ihren internen Teams und den Experten aus unserem weltweiten Beraternetzwerk betreuen unsere Spezialisten die Umsetzung Ihrer definierten Strategien.","breadcrumb":{"@id":"https:\/\/www.validant.com\/de\/unsere-experten\/#breadcrumb"},"inLanguage":"de-DE","potentialAction":[{"@type":"ReadAction","target":["https:\/\/www.validant.com\/de\/unsere-experten\/"]}]},{"@type":"BreadcrumbList","@id":"https:\/\/www.validant.com\/de\/unsere-experten\/#breadcrumb","itemListElement":[{"@type":"ListItem","position":1,"name":"Home","item":"https:\/\/www.validant.com\/de\/"},{"@type":"ListItem","position":2,"name":"Unsere Experten"}]},{"@type":"WebSite","@id":"https:\/\/www.validant.com\/de\/#website","url":"https:\/\/www.validant.com\/de\/","name":"Validant","description":"Your Full-Service Global Regulatory, Compliance &amp; Quality Consultancy","potentialAction":[{"@type":"SearchAction","target":{"@type":"EntryPoint","urlTemplate":"https:\/\/www.validant.com\/de\/?s={search_term_string}"},"query-input":{"@type":"PropertyValueSpecification","valueRequired":true,"valueName":"search_term_string"}}],"inLanguage":"de-DE"}]}},"_links":{"self":[{"href":"https:\/\/www.validant.com\/de\/wp-json\/wp\/v2\/pages\/1726","targetHints":{"allow":["GET"]}}],"collection":[{"href":"https:\/\/www.validant.com\/de\/wp-json\/wp\/v2\/pages"}],"about":[{"href":"https:\/\/www.validant.com\/de\/wp-json\/wp\/v2\/types\/page"}],"author":[{"embeddable":true,"href":"https:\/\/www.validant.com\/de\/wp-json\/wp\/v2\/users\/2"}],"replies":[{"embeddable":true,"href":"https:\/\/www.validant.com\/de\/wp-json\/wp\/v2\/comments?post=1726"}],"version-history":[{"count":0,"href":"https:\/\/www.validant.com\/de\/wp-json\/wp\/v2\/pages\/1726\/revisions"}],"wp:attachment":[{"href":"https:\/\/www.validant.com\/de\/wp-json\/wp\/v2\/media?parent=1726"}],"curies":[{"name":"wp","href":"https:\/\/api.w.org\/{rel}","templated":true}]}}