{"id":1725,"date":"2021-03-12T17:45:48","date_gmt":"2021-03-12T17:45:48","guid":{"rendered":"http:\/\/www.validant.com\/ausfuehrungsdienstleistungen\/"},"modified":"2021-04-14T19:23:17","modified_gmt":"2021-04-14T19:23:17","slug":"ausfuehrungsdienstleistungen","status":"publish","type":"page","link":"https:\/\/www.validant.com\/de\/ausfuehrungsdienstleistungen\/","title":{"rendered":"Ausf\u00fchrungsdienstleistungen"},"content":{"rendered":"\n<section class=\"wp-block-mkl-section-block\"><div class=\"section-bg bg__stretched\" style=\"background-image:url(https:\/\/www.validant.com\/wp-content\/uploads\/2020\/07\/execution-services-header-img.jpg);opacity:1\"><\/div>\n<div class=\"wp-block-mkl-section-block container pt-xl\">\n<p><\/p>\n<\/div>\n<\/section>\n\n<section class=\"wp-block-mkl-section-block transparent\">\n<div class=\"wp-block-mkl-section-block has-white-background-color container panel pb-s ot-l bb\">\n<div class=\"wp-block-columns is-layout-flex wp-container-core-columns-is-layout-9d6595d7 wp-block-columns-is-layout-flex\">\n<div class=\"wp-block-column pr-s is-layout-flow wp-block-column-is-layout-flow\" style=\"flex-basis:65%\">\n<p class=\"has-text-color has-text-align-left has-olive-color large\"><strong>Ausf\u00fchrungsdienstleistungen<\/strong><\/p>\n\n\n\n<h1 class=\"wp-block-heading\">Unsere Experten setzen Ihren <strong><span class=\"has-inline-color has-green-color\">Aktionsplan in die Tat um<\/span><\/strong><\/h1>\n\n\n\n<p class=\"large pt-xxs\"><strong>Wenn Sie <strong>intern nicht \u00fcber das Personal oder die Kapazit\u00e4t<\/strong> verf\u00fcgen, um neue Regulierungs-, Compliance- oder Qualit\u00e4tsinitiativen zu verwalten, dann kann <strong>Validant Ihnen die ben\u00f6tigten Fachexperten bereitstellen.<\/strong><\/strong> Wir vermitteln Ihnen Mitarbeiter, die von unseren Partnern sorgf\u00e4ltig aus unserem weltweiten Beraternetzwerk ausgew\u00e4hlt werden, mit den angemessenen fachlichen Kenntnissen, Qualifikationen und Fertigkeiten sowie sprachlichen oder regionsspezifischen F\u00e4higkeiten, die f\u00fcr Ihr Projekt erforderlich sind.<\/p>\n\n\n\n<p>Wir k\u00f6nnen speziell qualifizierte Fachkr\u00e4fte und Prorammleiter von Validant bereitstellen, um die erfolgreiche Umsetzung Ihrer definierten Strategien zu beaufsichtigen. Dies kann durch den Einsatz von Mitarbeitern \u00fcberall auf der Welt direkt vor Ort oder durch die Nutzung von auf fortschrittlichen Technologien und Virtual-Reality-Tools basierenden Telearbeitsmodellen erfolgen.<\/p>\n\n\n\n<p>Ob Sie nun ein aus einer Person oder \u00fcber 100 Mitarbeitern bestehendes Team ben\u00f6tigen, das weniger als eine Woche oder f\u00fcr mehrere Monate bei Ihnen arbeitet: Validant hilft Ihnen dabei, Ihr Personal im Bereich Regulierung, Compliance und Qualit\u00e4t rasch aufzustocken, um mit den zunehmenden Anforderungen mitzuhalten.<\/p>\n<\/div>\n\n\n\n<div class=\"wp-block-column is-layout-flow wp-block-column-is-layout-flow\" style=\"flex-basis:35%\">\n<div class=\"wp-block-mkl-section-block panel-small bg-greengrad\">\n<ul class=\"strategy-list wp-block-list\"><li>Vertretung bei Besprechungen zu regulatorischen Angelegenheiten<\/li><li>Redaktion und Pr\u00fcfung von Dossiers<\/li><li>Produkteinreichungen und Pflege [IND, BLA, NDA, PMA, 510(k), Global Product Registration]<\/li><li>Design und Optimierung von QM-Systemen<\/li><li>Due-Diligence-Pr\u00fcfungen und Audits<\/li><li>Implementierung einer Datenintegrit\u00e4tsl\u00f6sung<\/li><li>Antwort an Gesundheitsbeh\u00f6rde und Korrektur<\/li><li>Umsetzung neuer\/ge\u00e4nderter Standards und Regelungen<\/li><li>Designpr\u00fcfung<\/li><\/ul>\n\n\n<p><\/p>\n<\/div>\n<\/div>\n<\/div>\n<\/div>\n<\/section>\n\n<section class=\"wp-block-mkl-section-block\">\n<div class=\"wp-block-mkl-section-block container\">\n<div class=\"wp-block-columns is-layout-flex wp-container-core-columns-is-layout-9d6595d7 wp-block-columns-is-layout-flex\">\n<div class=\"wp-block-column page-content is-layout-flow wp-block-column-is-layout-flow\" style=\"flex-basis:65%\">\n<h2 class=\"wp-block-heading\"><strong><span class=\"has-inline-color has-olive-color\">Wir konzentrieren uns<strong> nicht nur auf Strategien<\/strong><\/span><\/strong><br\/>sondern auf den gesamten Produktlebenszyklus<\/h2>\n\n\n\n<p class=\"large\">Validant besitzt die einzigartige F\u00e4higkeit, im Umsehen ein oder mehrere Teams der richtigen Gr\u00f6\u00dfe, mit dem angemessenen Kompetenzniveau und kulturellen Hintergrund an den erforderlichen Standorten zusammenzustellen\u00a0\u2013 in jeder Phase, f\u00fcr die Sie unsere Unterst\u00fctzung ben\u00f6tigen.<\/p>\n\n\n    <div id=\"icon-list-block_5eea751c894a8\" class=\"accordian mt-xs \">\n        \t\t\t<div class=\"a-wrap\">\n\t\t\t\t<h3>Einsatz von Fachkr\u00e4ften vor Ort<\/h3>\n\t\t\t\t<div><p>Wenn zwecks schneller Abhilfe oder Umsetzung neuer Initiativen Unterst\u00fctzung vor Ort ben\u00f6tigt wird, kann Validant ein speziell ausgew\u00e4hltes Teams binnen nur einer Woche \u00fcberall auf der Welt mobilisieren. Wir gew\u00e4hrleisten:<\/p>\n<div class=\"row gutters\">\n<div class=\"col span_12\">\n<p><strong class=\"green\">Die angemessenen Fachexperten<\/strong><\/p>\n<ul>\n<li>Technische Qualifikationen gem\u00e4\u00df Ihren Anforderungen<\/li>\n<li>Regionsspezifische Expertise<\/li>\n<li>Sprachspezifische F\u00e4higkeiten<\/li>\n<\/ul>\n<p>&nbsp;<\/p>\n<\/div>\n<div class=\"col span_12\">\n<p><strong class=\"green\">Am richtigen Ort und zum richtigen Zeitpunkt<\/strong><\/p>\n<ul>\n<li>Sofort verf\u00fcgbar, um Ihr Projekt zu beginnen<\/li>\n<li>An Ihrem Standort ans\u00e4ssig und schnell einsatzf\u00e4hig<\/li>\n<li>W\u00e4hrend der gesamten Auftragsdauer vor Ort pr\u00e4sent<\/li>\n<\/ul>\n<p>&nbsp;\n<\/p><\/div>\n<\/div>\n<\/div>\t\t\t\n\t\t\t<\/div>\n        \t\t\t<div class=\"a-wrap\">\n\t\t\t\t<h3>Telearbeitsteams<\/h3>\n\t\t\t\t<div><p>Der Einsatz gro\u00dfer Teams vor Ort ist nicht immer machbar oder praktisch. In solchen Situationen setzt Validant Telearbeitsteams oder einzelne Mitarbeiter ein, die miteinander und mit Ihren internen Teams von ihrem Homeoffice aus zusammenarbeiten. Dies wird erm\u00f6glicht durch:<\/p>\n<div class=\"row gutters\">\n<div class=\"col span_12\">\n<p><strong class=\"green\">Virtual-Reality-Tools<\/strong><\/p>\n<ul>\n<li>VR und Google Glass f\u00fcr Standortpr\u00fcfungen von Ferne<\/li>\n<li>Augmented Reality f\u00fcr Fernschulungen<\/li>\n<\/ul>\n<p>&nbsp;\n<\/p><\/div>\n<div class=\"col span_12\">\n<p><strong class=\"green\">Fortschrittliche Zusammenarbeits-Tools<\/strong><\/p>\n<ul>\n<li>Zoom, Teams und weitere Plattformen<\/li>\n<li>Verbesserte digitale Arbeitspl\u00e4tze<\/li>\n<\/ul>\n<p>&nbsp;\n<\/p><\/div>\n<\/div>\n<\/div>\t\t\t\n\t\t\t<\/div>\n            <\/div>\n\n\n\n<div class=\"wp-block-group relative pt-s mt-s\"><div class=\"wp-block-group__inner-container is-layout-flow wp-block-group-is-layout-flow\">\n<figure class=\"wp-block-image size-large pin-left\"><img loading=\"lazy\" decoding=\"async\" width=\"379\" height=\"482\" src=\"http:\/\/www.validant.com\/wp-content\/uploads\/2020\/07\/execution-services-anywhere-delivery.jpg\" alt=\"Erbringung von Dienstleistungen &#xFC;berall\" class=\"wp-image-1332\" srcset=\"https:\/\/www.validant.com\/wp-content\/uploads\/2020\/07\/execution-services-anywhere-delivery.jpg 379w, https:\/\/www.validant.com\/wp-content\/uploads\/2020\/07\/execution-services-anywhere-delivery-236x300.jpg 236w\" sizes=\"auto, (max-width: 379px) 100vw, 379px\" \/><\/figure>\n\n\n<div class=\"wp-block-mkl-section-block has-white-background-color panel square ml-l z1 w80\">\n<h2 class=\"wp-block-heading\"><strong><span class=\"has-inline-color has-green-color\">Einsatzf\u00e4hig<\/span><\/strong> Wann und so Sie uns ben\u00f6tigen<\/h2>\n\n\n\n<p>Dank unserem<span class=\"has-inline-color has-green-color\"> <a href=\"http:\/\/www.validant.com\/de\/was-validant-unterscheidet\/\">weltweiten Netzwerk sorgf\u00e4ltig ausgew\u00e4hlter Berater sind dem Team von Validant im Gegensatz zu herk\u00f6mmlichen Modellen in Bezug auf seine Gr\u00f6\u00dfe und geografische Reichweite praktisch keine Grenzen gesetzt. Wir nutzen au\u00dferdem fortschrittliche Zusammenarbeits-Tools, um Dienstleistungen von Ferne genauso erfolgreich zu erbringen wie durch den Einsatz von Fachkr\u00e4ften vor Ort.<\/a><\/span><\/p>\n<\/div>\n<\/div><\/div>\n<\/div>\n\n\n\n<div class=\"wp-block-column page-sidebar pl-xs is-layout-flow wp-block-column-is-layout-flow\" style=\"flex-basis:35%\">\t\n\n\n\n<div class=\"wp-block-mkl-section-block panel-small bg-greengrad mtb-xs\">\n<figure class=\"wp-block-image size-full is-resized banner\"><img loading=\"lazy\" decoding=\"async\" src=\"http:\/\/www.validant.com\/wp-content\/uploads\/2020\/06\/meet-your-team.jpg\" alt=\"Lernen Sie Ihr Team kennen\" class=\"wp-image-1213\" width=\"350\" height=\"170\" srcset=\"https:\/\/www.validant.com\/wp-content\/uploads\/2020\/06\/meet-your-team.jpg 350w, https:\/\/www.validant.com\/wp-content\/uploads\/2020\/06\/meet-your-team-300x146.jpg 300w\" sizes=\"auto, (max-width: 350px) 100vw, 350px\" \/><\/figure>\n\n\n<h4 class=\"wp-block-heading\"><strong><span class=\"has-inline-color has-olive-color\">Lernen Sie Ihr Team kennen<\/span><\/strong><\/h4>\n\n\n\n<p class=\"has-text-color has-white-color\">Lernen Sie das F\u00fchrungsteam von Validant kennen, mit dem Sie zusammenarbeiten werden.<\/p>\n\n\n\n<p><\/p>\n\n\n\n<p class=\"btn white\"><a href=\"http:\/\/www.validant.com\/de\/unsere-partner\/\">Unser F\u00fchrungsteam<\/a><\/p>\n<\/div>\n\n\n\n<div class=\"wp-block-mkl-section-block has-grey-background-color panel-small mb-xs\">\n<p class=\"mb-z\"><strong><span class=\"has-inline-color has-olive-color\">Fallstudie<\/span><\/strong><\/p>\n\n\n\n<h3 class=\"wp-block-heading\"><strong>Einsatz von \u00fcber 40\u00a0Fachexperten in Telearbeit<\/strong> f\u00fcr Meldung unerw\u00fcnschter Ereignisse<\/h3>\n\n\n\n<p>Erfahren Sie, wie wir den Beschwerde\u00fcberhang des Kunden abgebaut und Prozesse f\u00fcr zeitgerechte Berichterstattung eingerichtet haben.<\/p>\n\n\n\n<p class=\"more\"><a href=\"http:\/\/www.validant.com\/de\/fallstudie-einsatz-von-remote-teams-fuer-eine-vielseitige-projektabwicklung\/\">Fallstudie ansehen<\/a><\/p>\n<\/div>\n<\/div>\n<\/div>\n\n\n\n<p><\/p>\n<\/div>\n<\/section>\n\n<section class=\"wp-block-mkl-section-block cta-panel mb-m\">\n<div class=\"wp-block-mkl-section-block container panel bg-greengrad\">\n<div class=\"wp-block-mkl-section-block has-green-background-color bg-greengrad panel\">\n<p><\/p>\n<\/div>\n\n\n\n<div class=\"wp-block-columns relative is-layout-flex wp-container-core-columns-is-layout-9d6595d7 wp-block-columns-is-layout-flex\">\n<div class=\"wp-block-column is-layout-flow wp-block-column-is-layout-flow\" style=\"flex-basis:28.2%\">\n<h2 class=\"has-white-color has-text-color wp-block-heading\">Wie k\u00f6nnen <strong><span class=\"has-inline-color has-lightblue-color\">wir Ihnen behilflich sein?<\/span><\/strong><\/h2>\n<\/div>\n\n\n\n<div class=\"wp-block-column pl-xs is-layout-flow wp-block-column-is-layout-flow\" style=\"flex-basis:66.66%\">\n<p class=\"has-text-color has-white-color large\">Erz\u00e4hlen Sie uns, was Sie erreichen m\u00f6chten.<br\/><strong>Wir erarbeiten basierend auf unserer Erfahrung eine L\u00f6sung f\u00fcr Ihr spezifisches Problem.<\/strong><\/p>\n\n\n\n<p class=\"btn white\"><a href=\"http:\/\/www.validant.com\/de\/beratung-anfragen\/\">Hier beginnen<\/a><\/p>\n<\/div>\n<\/div>\n<\/div>\n<\/section>\n","protected":false},"excerpt":{"rendered":"","protected":false},"author":3,"featured_media":0,"parent":0,"menu_order":0,"comment_status":"closed","ping_status":"closed","template":"","meta":{"_acf_changed":false,"footnotes":""},"class_list":["post-1725","page","type-page","status-publish","hentry"],"acf":[],"yoast_head":"<!-- This site is optimized with the Yoast SEO plugin v27.1.1 - https:\/\/yoast.com\/product\/yoast-seo-wordpress\/ -->\n<title>Ausf\u00fchrungsdienstleistungen zur Umsetzung von Regulierungs-, Compliance- und Qualit\u00e4tspl\u00e4nen<\/title>\n<meta name=\"description\" content=\"Wenn Sie intern nicht \u00fcber das Personal oder die Kapazit\u00e4t verf\u00fcgen, um neue Regulierungs-, Compliance- oder Qualit\u00e4tsinitiativen zu verwalten, dann kann Validant Ihnen die ben\u00f6tigten Fachexperten bereitstellen.\" \/>\n<meta name=\"robots\" content=\"index, follow, max-snippet:-1, max-image-preview:large, max-video-preview:-1\" \/>\n<link rel=\"canonical\" href=\"https:\/\/www.validant.com\/de\/ausfuehrungsdienstleistungen\/\" \/>\n<meta property=\"og:locale\" content=\"de_DE\" \/>\n<meta property=\"og:type\" content=\"article\" \/>\n<meta property=\"og:title\" content=\"Ausf\u00fchrungsdienstleistungen zur Umsetzung von Regulierungs-, Compliance- und Qualit\u00e4tspl\u00e4nen\" \/>\n<meta property=\"og:description\" content=\"Wenn Sie intern nicht \u00fcber das Personal oder die Kapazit\u00e4t verf\u00fcgen, um neue Regulierungs-, Compliance- oder Qualit\u00e4tsinitiativen zu verwalten, dann kann Validant Ihnen die ben\u00f6tigten Fachexperten bereitstellen.\" \/>\n<meta property=\"og:url\" content=\"https:\/\/www.validant.com\/de\/ausfuehrungsdienstleistungen\/\" \/>\n<meta property=\"og:site_name\" content=\"Validant\" \/>\n<meta property=\"article:modified_time\" content=\"2021-04-14T19:23:17+00:00\" \/>\n<meta property=\"og:image\" content=\"http:\/\/www.validant.com\/wp-content\/uploads\/2020\/07\/execution-services-anywhere-delivery.jpg\" \/>\n<meta name=\"twitter:card\" content=\"summary_large_image\" \/>\n<meta name=\"twitter:label1\" content=\"Gesch\u00e4tzte Lesezeit\" \/>\n\t<meta name=\"twitter:data1\" content=\"2 Minuten\" \/>\n<script type=\"application\/ld+json\" class=\"yoast-schema-graph\">{\"@context\":\"https:\/\/schema.org\",\"@graph\":[{\"@type\":\"WebPage\",\"@id\":\"https:\/\/www.validant.com\/de\/ausfuehrungsdienstleistungen\/\",\"url\":\"https:\/\/www.validant.com\/de\/ausfuehrungsdienstleistungen\/\",\"name\":\"Ausf\u00fchrungsdienstleistungen zur Umsetzung von Regulierungs-, Compliance- und Qualit\u00e4tspl\u00e4nen\",\"isPartOf\":{\"@id\":\"https:\/\/www.validant.com\/de\/#website\"},\"primaryImageOfPage\":{\"@id\":\"https:\/\/www.validant.com\/de\/ausfuehrungsdienstleistungen\/#primaryimage\"},\"image\":{\"@id\":\"https:\/\/www.validant.com\/de\/ausfuehrungsdienstleistungen\/#primaryimage\"},\"thumbnailUrl\":\"http:\/\/www.validant.com\/wp-content\/uploads\/2020\/07\/execution-services-anywhere-delivery.jpg\",\"datePublished\":\"2021-03-12T17:45:48+00:00\",\"dateModified\":\"2021-04-14T19:23:17+00:00\",\"description\":\"Wenn Sie intern nicht \u00fcber das Personal oder die Kapazit\u00e4t verf\u00fcgen, um neue Regulierungs-, Compliance- oder Qualit\u00e4tsinitiativen zu verwalten, dann kann Validant Ihnen die ben\u00f6tigten Fachexperten bereitstellen.\",\"breadcrumb\":{\"@id\":\"https:\/\/www.validant.com\/de\/ausfuehrungsdienstleistungen\/#breadcrumb\"},\"inLanguage\":\"de-DE\",\"potentialAction\":[{\"@type\":\"ReadAction\",\"target\":[\"https:\/\/www.validant.com\/de\/ausfuehrungsdienstleistungen\/\"]}]},{\"@type\":\"ImageObject\",\"inLanguage\":\"de-DE\",\"@id\":\"https:\/\/www.validant.com\/de\/ausfuehrungsdienstleistungen\/#primaryimage\",\"url\":\"http:\/\/www.validant.com\/wp-content\/uploads\/2020\/07\/execution-services-anywhere-delivery.jpg\",\"contentUrl\":\"http:\/\/www.validant.com\/wp-content\/uploads\/2020\/07\/execution-services-anywhere-delivery.jpg\"},{\"@type\":\"BreadcrumbList\",\"@id\":\"https:\/\/www.validant.com\/de\/ausfuehrungsdienstleistungen\/#breadcrumb\",\"itemListElement\":[{\"@type\":\"ListItem\",\"position\":1,\"name\":\"Home\",\"item\":\"https:\/\/www.validant.com\/de\/\"},{\"@type\":\"ListItem\",\"position\":2,\"name\":\"Ausf\u00fchrungsdienstleistungen\"}]},{\"@type\":\"WebSite\",\"@id\":\"https:\/\/www.validant.com\/de\/#website\",\"url\":\"https:\/\/www.validant.com\/de\/\",\"name\":\"Validant\",\"description\":\"Your Full-Service Global Regulatory, Compliance &amp; Quality Consultancy\",\"potentialAction\":[{\"@type\":\"SearchAction\",\"target\":{\"@type\":\"EntryPoint\",\"urlTemplate\":\"https:\/\/www.validant.com\/de\/?s={search_term_string}\"},\"query-input\":{\"@type\":\"PropertyValueSpecification\",\"valueRequired\":true,\"valueName\":\"search_term_string\"}}],\"inLanguage\":\"de-DE\"}]}<\/script>\n<!-- \/ Yoast SEO plugin. -->","yoast_head_json":{"title":"Ausf\u00fchrungsdienstleistungen zur Umsetzung von Regulierungs-, Compliance- und Qualit\u00e4tspl\u00e4nen","description":"Wenn Sie intern nicht \u00fcber das Personal oder die Kapazit\u00e4t verf\u00fcgen, um neue Regulierungs-, Compliance- oder Qualit\u00e4tsinitiativen zu verwalten, dann kann Validant Ihnen die ben\u00f6tigten Fachexperten bereitstellen.","robots":{"index":"index","follow":"follow","max-snippet":"max-snippet:-1","max-image-preview":"max-image-preview:large","max-video-preview":"max-video-preview:-1"},"canonical":"https:\/\/www.validant.com\/de\/ausfuehrungsdienstleistungen\/","og_locale":"de_DE","og_type":"article","og_title":"Ausf\u00fchrungsdienstleistungen zur Umsetzung von Regulierungs-, Compliance- und Qualit\u00e4tspl\u00e4nen","og_description":"Wenn Sie intern nicht \u00fcber das Personal oder die Kapazit\u00e4t verf\u00fcgen, um neue Regulierungs-, Compliance- oder Qualit\u00e4tsinitiativen zu verwalten, dann kann Validant Ihnen die ben\u00f6tigten Fachexperten bereitstellen.","og_url":"https:\/\/www.validant.com\/de\/ausfuehrungsdienstleistungen\/","og_site_name":"Validant","article_modified_time":"2021-04-14T19:23:17+00:00","og_image":[{"url":"http:\/\/www.validant.com\/wp-content\/uploads\/2020\/07\/execution-services-anywhere-delivery.jpg","type":"","width":"","height":""}],"twitter_card":"summary_large_image","twitter_misc":{"Gesch\u00e4tzte Lesezeit":"2 Minuten"},"schema":{"@context":"https:\/\/schema.org","@graph":[{"@type":"WebPage","@id":"https:\/\/www.validant.com\/de\/ausfuehrungsdienstleistungen\/","url":"https:\/\/www.validant.com\/de\/ausfuehrungsdienstleistungen\/","name":"Ausf\u00fchrungsdienstleistungen zur Umsetzung von Regulierungs-, Compliance- und Qualit\u00e4tspl\u00e4nen","isPartOf":{"@id":"https:\/\/www.validant.com\/de\/#website"},"primaryImageOfPage":{"@id":"https:\/\/www.validant.com\/de\/ausfuehrungsdienstleistungen\/#primaryimage"},"image":{"@id":"https:\/\/www.validant.com\/de\/ausfuehrungsdienstleistungen\/#primaryimage"},"thumbnailUrl":"http:\/\/www.validant.com\/wp-content\/uploads\/2020\/07\/execution-services-anywhere-delivery.jpg","datePublished":"2021-03-12T17:45:48+00:00","dateModified":"2021-04-14T19:23:17+00:00","description":"Wenn Sie intern nicht \u00fcber das Personal oder die Kapazit\u00e4t verf\u00fcgen, um neue Regulierungs-, Compliance- oder Qualit\u00e4tsinitiativen zu verwalten, dann kann Validant Ihnen die ben\u00f6tigten Fachexperten bereitstellen.","breadcrumb":{"@id":"https:\/\/www.validant.com\/de\/ausfuehrungsdienstleistungen\/#breadcrumb"},"inLanguage":"de-DE","potentialAction":[{"@type":"ReadAction","target":["https:\/\/www.validant.com\/de\/ausfuehrungsdienstleistungen\/"]}]},{"@type":"ImageObject","inLanguage":"de-DE","@id":"https:\/\/www.validant.com\/de\/ausfuehrungsdienstleistungen\/#primaryimage","url":"http:\/\/www.validant.com\/wp-content\/uploads\/2020\/07\/execution-services-anywhere-delivery.jpg","contentUrl":"http:\/\/www.validant.com\/wp-content\/uploads\/2020\/07\/execution-services-anywhere-delivery.jpg"},{"@type":"BreadcrumbList","@id":"https:\/\/www.validant.com\/de\/ausfuehrungsdienstleistungen\/#breadcrumb","itemListElement":[{"@type":"ListItem","position":1,"name":"Home","item":"https:\/\/www.validant.com\/de\/"},{"@type":"ListItem","position":2,"name":"Ausf\u00fchrungsdienstleistungen"}]},{"@type":"WebSite","@id":"https:\/\/www.validant.com\/de\/#website","url":"https:\/\/www.validant.com\/de\/","name":"Validant","description":"Your Full-Service Global Regulatory, Compliance &amp; Quality Consultancy","potentialAction":[{"@type":"SearchAction","target":{"@type":"EntryPoint","urlTemplate":"https:\/\/www.validant.com\/de\/?s={search_term_string}"},"query-input":{"@type":"PropertyValueSpecification","valueRequired":true,"valueName":"search_term_string"}}],"inLanguage":"de-DE"}]}},"_links":{"self":[{"href":"https:\/\/www.validant.com\/de\/wp-json\/wp\/v2\/pages\/1725","targetHints":{"allow":["GET"]}}],"collection":[{"href":"https:\/\/www.validant.com\/de\/wp-json\/wp\/v2\/pages"}],"about":[{"href":"https:\/\/www.validant.com\/de\/wp-json\/wp\/v2\/types\/page"}],"author":[{"embeddable":true,"href":"https:\/\/www.validant.com\/de\/wp-json\/wp\/v2\/users\/3"}],"replies":[{"embeddable":true,"href":"https:\/\/www.validant.com\/de\/wp-json\/wp\/v2\/comments?post=1725"}],"version-history":[{"count":0,"href":"https:\/\/www.validant.com\/de\/wp-json\/wp\/v2\/pages\/1725\/revisions"}],"wp:attachment":[{"href":"https:\/\/www.validant.com\/de\/wp-json\/wp\/v2\/media?parent=1725"}],"curies":[{"name":"wp","href":"https:\/\/api.w.org\/{rel}","templated":true}]}}