{"id":1723,"date":"2021-03-12T17:45:44","date_gmt":"2021-03-12T17:45:44","guid":{"rendered":"http:\/\/www.validant.com\/beratung-anfragen\/"},"modified":"2021-04-21T14:43:04","modified_gmt":"2021-04-21T14:43:04","slug":"beratung-anfragen","status":"publish","type":"page","link":"https:\/\/www.validant.com\/de\/beratung-anfragen\/","title":{"rendered":"Beratung anfragen"},"content":{"rendered":"\n<section class=\"wp-block-mkl-section-block\"><div class=\"section-bg bg__stretched\" style=\"background-image:url(https:\/\/www.validant.com\/wp-content\/uploads\/2020\/07\/request-a-consult-header.png);opacity:1\"><\/div>\n<div class=\"wp-block-mkl-section-block container pt-xl\">\n<p><\/p>\n<\/div>\n<\/section>\n\n\n\n<section class=\"wp-block-mkl-section-block transparent z1\">\n<div class=\"wp-block-mkl-section-block has-white-background-color container panel pb-s ot-l bb\">\n<div class=\"wp-block-columns is-layout-flex wp-container-core-columns-is-layout-9d6595d7 wp-block-columns-is-layout-flex\">\n<div class=\"wp-block-column pr-s is-layout-flow wp-block-column-is-layout-flow\" style=\"flex-basis:78%\">\n<h2 class=\"wp-block-heading\"><strong><span class=\"has-inline-color has-green-color\">Beratung anfragen<\/span><span class=\"has-inline-color has-green-color\"><\/span><\/strong><\/h2>\n\n\n\n<p>Durch spezialisierte, umfassende Beratung zu regulatorischen Angelegenheiten,<br>Compliance und Qualit\u00e4t haben wir Tausenden von Kunden erm\u00f6glicht, effizient durch den gesamten Lebenszyklus von bioswissenschaftlichen Produkten zu navigieren. <strong>Wir w\u00fcrden uns freuen, auch Ihnen dabei helfen zu d\u00fcrfen.<\/strong><\/p>\n\n\n\n<p class=\"pt-xs\"><em>Sie ben\u00f6tigen sofort Unterst\u00fctzung? Wir wissen, dass manche Herausforderungen nicht warten k\u00f6nnen. Kontaktieren Sie uns unter der Rufnummer <strong>+1 844.825.4326<\/strong>, um eine schnelle Antwort auf zeitkritische Anfragen zu erhalten<\/em>.<\/p>\n<\/div>\n\n\n\n<div class=\"wp-block-column pr-s is-layout-flow wp-block-column-is-layout-flow\" style=\"flex-basis:89.1%\">\n<p>Vereinbaren Sie einen kostenlosen ersten Beratungstermin mit einen Partner von Validant, indem Sie das nachstehende Formular ausf\u00fcllen.<\/p>\n\n\n\n\n<div class=\"wpcf7 no-js\" id=\"wpcf7-f1963-o1\" lang=\"de-DE\" dir=\"ltr\" data-wpcf7-id=\"1963\">\n<div class=\"screen-reader-response\"><p role=\"status\" aria-live=\"polite\" aria-atomic=\"true\"><\/p> <ul><\/ul><\/div>\n<form action=\"\/de\/wp-json\/wp\/v2\/pages\/1723#wpcf7-f1963-o1\" method=\"post\" class=\"wpcf7-form init\" aria-label=\"Kontaktformular\" novalidate=\"novalidate\" data-status=\"init\">\n<fieldset class=\"hidden-fields-container\"><input type=\"hidden\" name=\"_wpcf7\" value=\"1963\" \/><input type=\"hidden\" name=\"_wpcf7_version\" value=\"6.1.5\" \/><input type=\"hidden\" name=\"_wpcf7_locale\" value=\"de_DE\" \/><input type=\"hidden\" name=\"_wpcf7_unit_tag\" value=\"wpcf7-f1963-o1\" \/><input type=\"hidden\" name=\"_wpcf7_container_post\" value=\"0\" \/><input type=\"hidden\" name=\"_wpcf7_posted_data_hash\" value=\"\" \/><input type=\"hidden\" name=\"_wpcf7dtx_version\" value=\"5.0.5\" \/>\n<\/fieldset>\n<span class=\"wpcf7-form-control-wrap campaign\" data-name=\"campaign\"><input type=\"hidden\" name=\"campaign\" class=\"wpcf7-form-control wpcf7-hidden wpcf7dtx wpcf7dtx-hidden\" aria-invalid=\"false\" value=\"https:\/\/www.validant.com\/de\/wp-json\/wp\/v2\/pages\/1723\"><\/span>\n<div class=\"row gutters\">\n\t<div class=\"col span_12\">\n\t\t<p><span class=\"wpcf7-form-control-wrap\" data-name=\"first-name\"><input size=\"40\" maxlength=\"400\" class=\"wpcf7-form-control wpcf7-text wpcf7-validates-as-required\" aria-required=\"true\" aria-invalid=\"false\" placeholder=\"First Name*\" value=\"\" type=\"text\" name=\"first-name\" \/><\/span>\n\t\t<\/p>\n\t<\/div>\n\t<div class=\"col span_12\">\n\t\t<p><span class=\"wpcf7-form-control-wrap\" data-name=\"last-name\"><input size=\"40\" maxlength=\"400\" class=\"wpcf7-form-control wpcf7-text wpcf7-validates-as-required\" aria-required=\"true\" aria-invalid=\"false\" placeholder=\"Last Name*\" value=\"\" type=\"text\" name=\"last-name\" \/><\/span>\n\t\t<\/p>\n\t<\/div>\n<\/div>\n<div class=\"row gutters\">\n\t<div class=\"col span_12\">\n\t\t<p><span class=\"wpcf7-form-control-wrap\" data-name=\"email\"><input size=\"40\" maxlength=\"400\" class=\"wpcf7-form-control wpcf7-email wpcf7-validates-as-required wpcf7-text wpcf7-validates-as-email\" aria-required=\"true\" aria-invalid=\"false\" placeholder=\"Email*\" value=\"\" type=\"email\" name=\"email\" \/><\/span>\n\t\t<\/p>\n\t<\/div>\n\t<div class=\"col span_12\">\n\t\t<p><span class=\"wpcf7-form-control-wrap\" data-name=\"phone\"><input size=\"40\" maxlength=\"400\" class=\"wpcf7-form-control wpcf7-text wpcf7-validates-as-required\" aria-required=\"true\" aria-invalid=\"false\" placeholder=\"Phone #*\" value=\"\" type=\"text\" name=\"phone\" \/><\/span>\n\t\t<\/p>\n\t<\/div>\n<\/div>\n<div class=\"row gutters\">\n\t<div class=\"col span_12\">\n\t\t<p><span class=\"wpcf7-form-control-wrap\" data-name=\"company\"><input size=\"40\" maxlength=\"400\" class=\"wpcf7-form-control wpcf7-text wpcf7-validates-as-required\" aria-required=\"true\" aria-invalid=\"false\" placeholder=\"Company*\" value=\"\" type=\"text\" name=\"company\" \/><\/span>\n\t\t<\/p>\n\t<\/div>\n\t<div class=\"col span_12\">\n\t\t<p><span class=\"wpcf7-form-control-wrap\" data-name=\"title\"><input size=\"40\" maxlength=\"400\" class=\"wpcf7-form-control wpcf7-text wpcf7-validates-as-required\" aria-required=\"true\" aria-invalid=\"false\" placeholder=\"Your Title*\" value=\"\" type=\"text\" name=\"title\" \/><\/span>\n\t\t<\/p>\n\t<\/div>\n<\/div>\n<div class=\"row\">\n\t<div class=\"col span_24\">\n\t\t<p><span class=\"wpcf7-form-control-wrap\" data-name=\"your-message\"><textarea cols=\"40\" rows=\"10\" maxlength=\"2000\" class=\"wpcf7-form-control wpcf7-textarea\" aria-invalid=\"false\" placeholder=\"How can we help you? Tell us more about your needs.\" name=\"your-message\"><\/textarea><\/span>\n\t\t<\/p>\n\t<\/div>\n<\/div>\n<p><span class=\"wpcf7-form-control-wrap\" data-name=\"PrivacyAcceptance\"><span class=\"wpcf7-form-control wpcf7-acceptance\"><span class=\"wpcf7-list-item\"><input type=\"checkbox\" name=\"PrivacyAcceptance\" value=\"1\" aria-invalid=\"false\" \/><\/span><\/span><\/span> Ich stimme zu, dass Validant alle pers\u00f6nlichen Daten, die ich an Validant \u00fcbermittle, in \u00dcbereinstimmung mit der <a style=\"text-decoration:underline;\" href=\"\/privacy-policy\/\">Datenschutzrichtlinie<\/a> des Unternehmens erfasst und verarbeitet. In \u00dcbereinstimmung mit den Anforderungen der Europ\u00e4ischen Datenschutzgrundverordnung (GDPR) ist mir bekannt, dass ich das Recht habe, diese Zustimmung jederzeit zu widerrufen.\n<\/p><div class=\"wpcf7-response-output\" aria-hidden=\"true\"><\/div>\n<\/form>\n<\/div>\n\n<\/div>\n<\/div>\n<\/div>\n<\/section>\n","protected":false},"excerpt":{"rendered":"","protected":false},"author":3,"featured_media":0,"parent":0,"menu_order":0,"comment_status":"closed","ping_status":"closed","template":"","meta":{"_acf_changed":false,"footnotes":""},"class_list":["post-1723","page","type-page","status-publish","hentry"],"acf":[],"yoast_head":"<!-- This site is optimized with the Yoast SEO plugin v27.3 - https:\/\/yoast.com\/product\/yoast-seo-wordpress\/ -->\n<title>Bitte um Beratung mit einem Partner von Validant | Wir helfen Ihnen gern<\/title>\n<meta name=\"description\" content=\"Vereinbaren Sie einen kostenlosen ersten Beratungstermin mit einen Partner von Validant, um Ihre Herausforderungen und M\u00f6glichkeiten in Sachen Regulierung, Compliance und Qualit\u00e4t zu besprechen.\" \/>\n<meta name=\"robots\" content=\"index, follow, max-snippet:-1, max-image-preview:large, max-video-preview:-1\" \/>\n<link rel=\"canonical\" href=\"https:\/\/www.validant.com\/de\/beratung-anfragen\/\" \/>\n<meta property=\"og:locale\" content=\"de_DE\" \/>\n<meta property=\"og:type\" content=\"article\" \/>\n<meta property=\"og:title\" content=\"Bitte um Beratung mit einem Partner von Validant | Wir helfen Ihnen gern\" \/>\n<meta property=\"og:description\" content=\"Vereinbaren Sie einen kostenlosen ersten Beratungstermin mit einen Partner von Validant, um Ihre Herausforderungen und M\u00f6glichkeiten in Sachen Regulierung, Compliance und Qualit\u00e4t zu besprechen.\" \/>\n<meta property=\"og:url\" content=\"https:\/\/www.validant.com\/de\/beratung-anfragen\/\" \/>\n<meta property=\"og:site_name\" content=\"Validant\" \/>\n<meta property=\"article:modified_time\" content=\"2021-04-21T14:43:04+00:00\" \/>\n<meta name=\"twitter:card\" content=\"summary_large_image\" \/>\n<meta name=\"twitter:label1\" content=\"Gesch\u00e4tzte Lesezeit\" \/>\n\t<meta name=\"twitter:data1\" content=\"1 Minute\" \/>\n<script type=\"application\/ld+json\" class=\"yoast-schema-graph\">{\"@context\":\"https:\\\/\\\/schema.org\",\"@graph\":[{\"@type\":\"WebPage\",\"@id\":\"https:\\\/\\\/www.validant.com\\\/de\\\/beratung-anfragen\\\/\",\"url\":\"https:\\\/\\\/www.validant.com\\\/de\\\/beratung-anfragen\\\/\",\"name\":\"Bitte um Beratung mit einem Partner von Validant | Wir helfen Ihnen gern\",\"isPartOf\":{\"@id\":\"https:\\\/\\\/www.validant.com\\\/de\\\/#website\"},\"datePublished\":\"2021-03-12T17:45:44+00:00\",\"dateModified\":\"2021-04-21T14:43:04+00:00\",\"description\":\"Vereinbaren Sie einen kostenlosen ersten Beratungstermin mit einen Partner von Validant, um Ihre Herausforderungen und M\u00f6glichkeiten in Sachen Regulierung, Compliance und Qualit\u00e4t zu besprechen.\",\"breadcrumb\":{\"@id\":\"https:\\\/\\\/www.validant.com\\\/de\\\/beratung-anfragen\\\/#breadcrumb\"},\"inLanguage\":\"de-DE\",\"potentialAction\":[{\"@type\":\"ReadAction\",\"target\":[\"https:\\\/\\\/www.validant.com\\\/de\\\/beratung-anfragen\\\/\"]}]},{\"@type\":\"BreadcrumbList\",\"@id\":\"https:\\\/\\\/www.validant.com\\\/de\\\/beratung-anfragen\\\/#breadcrumb\",\"itemListElement\":[{\"@type\":\"ListItem\",\"position\":1,\"name\":\"Home\",\"item\":\"https:\\\/\\\/www.validant.com\\\/de\\\/\"},{\"@type\":\"ListItem\",\"position\":2,\"name\":\"Beratung anfragen\"}]},{\"@type\":\"WebSite\",\"@id\":\"https:\\\/\\\/www.validant.com\\\/de\\\/#website\",\"url\":\"https:\\\/\\\/www.validant.com\\\/de\\\/\",\"name\":\"Validant\",\"description\":\"Your Full-Service Global Regulatory, Compliance &amp; Quality Consultancy\",\"potentialAction\":[{\"@type\":\"SearchAction\",\"target\":{\"@type\":\"EntryPoint\",\"urlTemplate\":\"https:\\\/\\\/www.validant.com\\\/de\\\/?s={search_term_string}\"},\"query-input\":{\"@type\":\"PropertyValueSpecification\",\"valueRequired\":true,\"valueName\":\"search_term_string\"}}],\"inLanguage\":\"de-DE\"}]}<\/script>\n<!-- \/ Yoast SEO plugin. -->","yoast_head_json":{"title":"Bitte um Beratung mit einem Partner von Validant | Wir helfen Ihnen gern","description":"Vereinbaren Sie einen kostenlosen ersten Beratungstermin mit einen Partner von Validant, um Ihre Herausforderungen und M\u00f6glichkeiten in Sachen Regulierung, Compliance und Qualit\u00e4t zu besprechen.","robots":{"index":"index","follow":"follow","max-snippet":"max-snippet:-1","max-image-preview":"max-image-preview:large","max-video-preview":"max-video-preview:-1"},"canonical":"https:\/\/www.validant.com\/de\/beratung-anfragen\/","og_locale":"de_DE","og_type":"article","og_title":"Bitte um Beratung mit einem Partner von Validant | Wir helfen Ihnen gern","og_description":"Vereinbaren Sie einen kostenlosen ersten Beratungstermin mit einen Partner von Validant, um Ihre Herausforderungen und M\u00f6glichkeiten in Sachen Regulierung, Compliance und Qualit\u00e4t zu besprechen.","og_url":"https:\/\/www.validant.com\/de\/beratung-anfragen\/","og_site_name":"Validant","article_modified_time":"2021-04-21T14:43:04+00:00","twitter_card":"summary_large_image","twitter_misc":{"Gesch\u00e4tzte Lesezeit":"1 Minute"},"schema":{"@context":"https:\/\/schema.org","@graph":[{"@type":"WebPage","@id":"https:\/\/www.validant.com\/de\/beratung-anfragen\/","url":"https:\/\/www.validant.com\/de\/beratung-anfragen\/","name":"Bitte um Beratung mit einem Partner von Validant | Wir helfen Ihnen gern","isPartOf":{"@id":"https:\/\/www.validant.com\/de\/#website"},"datePublished":"2021-03-12T17:45:44+00:00","dateModified":"2021-04-21T14:43:04+00:00","description":"Vereinbaren Sie einen kostenlosen ersten Beratungstermin mit einen Partner von Validant, um Ihre Herausforderungen und M\u00f6glichkeiten in Sachen Regulierung, Compliance und Qualit\u00e4t zu besprechen.","breadcrumb":{"@id":"https:\/\/www.validant.com\/de\/beratung-anfragen\/#breadcrumb"},"inLanguage":"de-DE","potentialAction":[{"@type":"ReadAction","target":["https:\/\/www.validant.com\/de\/beratung-anfragen\/"]}]},{"@type":"BreadcrumbList","@id":"https:\/\/www.validant.com\/de\/beratung-anfragen\/#breadcrumb","itemListElement":[{"@type":"ListItem","position":1,"name":"Home","item":"https:\/\/www.validant.com\/de\/"},{"@type":"ListItem","position":2,"name":"Beratung anfragen"}]},{"@type":"WebSite","@id":"https:\/\/www.validant.com\/de\/#website","url":"https:\/\/www.validant.com\/de\/","name":"Validant","description":"Your Full-Service Global Regulatory, Compliance &amp; Quality Consultancy","potentialAction":[{"@type":"SearchAction","target":{"@type":"EntryPoint","urlTemplate":"https:\/\/www.validant.com\/de\/?s={search_term_string}"},"query-input":{"@type":"PropertyValueSpecification","valueRequired":true,"valueName":"search_term_string"}}],"inLanguage":"de-DE"}]}},"_links":{"self":[{"href":"https:\/\/www.validant.com\/de\/wp-json\/wp\/v2\/pages\/1723","targetHints":{"allow":["GET"]}}],"collection":[{"href":"https:\/\/www.validant.com\/de\/wp-json\/wp\/v2\/pages"}],"about":[{"href":"https:\/\/www.validant.com\/de\/wp-json\/wp\/v2\/types\/page"}],"author":[{"embeddable":true,"href":"https:\/\/www.validant.com\/de\/wp-json\/wp\/v2\/users\/3"}],"replies":[{"embeddable":true,"href":"https:\/\/www.validant.com\/de\/wp-json\/wp\/v2\/comments?post=1723"}],"version-history":[{"count":0,"href":"https:\/\/www.validant.com\/de\/wp-json\/wp\/v2\/pages\/1723\/revisions"}],"wp:attachment":[{"href":"https:\/\/www.validant.com\/de\/wp-json\/wp\/v2\/media?parent=1723"}],"curies":[{"name":"wp","href":"https:\/\/api.w.org\/{rel}","templated":true}]}}