{"id":1722,"date":"2021-03-12T17:45:43","date_gmt":"2021-03-12T17:45:43","guid":{"rendered":"http:\/\/www.validant.com\/unsere-standorte\/"},"modified":"2021-04-14T19:23:16","modified_gmt":"2021-04-14T19:23:16","slug":"unsere-standorte","status":"publish","type":"page","link":"https:\/\/www.validant.com\/de\/unsere-standorte\/","title":{"rendered":"Unsere Standorte"},"content":{"rendered":"\n<section class=\"wp-block-mkl-section-block\"><div class=\"section-bg bg__stretched\" style=\"background-image:url(https:\/\/www.validant.com\/wp-content\/uploads\/2020\/07\/locations-header.png);opacity:1\"><\/div>\n<div class=\"wp-block-mkl-section-block container pt-xl\">\n<p><\/p>\n<\/div>\n<\/section>\n\n<section class=\"wp-block-mkl-section-block transparent\">\n<div class=\"wp-block-mkl-section-block has-white-background-color container panel pb-s ot-l bb\">\n<div class=\"wp-block-columns is-layout-flex wp-container-core-columns-is-layout-9d6595d7 wp-block-columns-is-layout-flex\">\n<div class=\"wp-block-column pr-s is-layout-flow wp-block-column-is-layout-flow\" style=\"flex-basis:78%\">\n<h2 class=\"wp-block-heading\"><strong><span class=\"has-inline-color has-green-color\">Globale Strategien,<\/span><\/strong><br\/>\u00fcberall bereitgestellt<strong><span class=\"has-inline-color has-green-color\"><\/span><\/strong><\/h2>\n<\/div>\n\n\n\n<div class=\"wp-block-column pr-s is-layout-flow wp-block-column-is-layout-flow\" style=\"flex-basis:89.1%\">\n<p>Mit Niederlassungen in den USA, Europa und China und in praktisch jedem gr\u00f6\u00dferen Land ans\u00e4ssigen Beratern kann Validant sein breites Spektrum an Beratungs-, Ausf\u00fchrungs- und Supportleistungen bereitstellen, wann und wo auch immer Sie diese ben\u00f6tigen.<\/p>\n<\/div>\n<\/div>\n\n\n\n<p class=\"has-text-align-center pt-xxs\"><img loading=\"lazy\" decoding=\"async\" width=\"1105\" height=\"489\" class=\"wp-image-1326\" style=\"width: 1105px;\" src=\"http:\/\/www.validant.com\/wp-content\/uploads\/2020\/07\/validant-map.png\" alt=\"Validant Karte\" srcset=\"https:\/\/www.validant.com\/wp-content\/uploads\/2020\/07\/validant-map.png 1105w, https:\/\/www.validant.com\/wp-content\/uploads\/2020\/07\/validant-map-768x340.png 768w, https:\/\/www.validant.com\/wp-content\/uploads\/2020\/07\/validant-map-300x133.png 300w\" sizes=\"auto, (max-width: 1105px) 100vw, 1105px\" \/><\/p>\n\n\n\n<div class=\"wp-block-columns center is-layout-flex wp-container-core-columns-is-layout-9d6595d7 wp-block-columns-is-layout-flex\">\n<div class=\"wp-block-column is-layout-flow wp-block-column-is-layout-flow\">\n<h4 class=\"wp-block-heading\"><strong>Hauptsitz in den USA<\/strong><\/h4>\n\n\n\n<p class=\"pt-xxs\"><strong>San Francisco<\/strong><br\/>388 Market Street, Suite 860<br\/>San Francisco, CA 94111<br\/><strong><span class=\"has-inline-color has-green-color\">+1 844.825.4326<\/span><\/strong><\/p>\n\n\n\n<p><em>Weitere Standorte in den USA in Durham, NC (Research Triangle Park) und Boston, MA<\/em><\/p>\n<\/div>\n\n\n\n<div class=\"wp-block-column is-layout-flow wp-block-column-is-layout-flow\">\n<h4 class=\"wp-block-heading\"><strong>Hauptsitz in Europa<\/strong><\/h4>\n\n\n\n<p class=\"pt-xxs\"><strong>Cork, Irland<\/strong><br\/>4 Emmet House, Barrack Square<br\/>Ballincollig<br\/>Cork, Irland<br\/><strong><span class=\"has-inline-color has-green-color\">+353 21 2357980<\/span><\/strong><\/p>\n<\/div>\n\n\n\n<div class=\"wp-block-column is-layout-flow wp-block-column-is-layout-flow\">\n<h4 class=\"wp-block-heading\"><strong>Hauptsitz in Asien<\/strong><\/h4>\n\n\n\n<p class=\"pt-xxs\"><strong>Beijing, China<\/strong><br\/>6<sup>th<\/sup> Floor, Tower A<br\/>Sino Ocean International Center<br\/>56 East 4<sup>th<\/sup> Ring Road<br\/>Middle Chaoyang District<br\/>Beijing 100025<\/p>\n\n\n\n<p><\/p>\n<\/div>\n<\/div>\n\n\n\n<div class=\"wp-block-columns pt-xxs is-layout-flex wp-container-core-columns-is-layout-9d6595d7 wp-block-columns-is-layout-flex\">\n<div class=\"wp-block-column center is-layout-flow wp-block-column-is-layout-flow\" style=\"flex-basis:1%\">\n<p class=\"pt-xxs\"><br\/><\/p>\n\n\n\n<p class=\"pt-xxs\"><\/p>\n<\/div>\n\n\n\n<div class=\"wp-block-column panel-small bg-greengrad is-layout-flow wp-block-column-is-layout-flow\" style=\"flex-basis:100%\">\n<h4 class=\"wp-block-heading\"><span class=\"has-inline-color has-white-color\"><strong>Wie k\u00f6nnen wir Ihnen behilflich sein?<\/strong><\/span><br\/><\/h4>\n\n\n\n<p class=\"pt-z pb-z\"><span class=\"has-inline-color has-white-color\">F\u00fcllen Sie das Formular aus, um direkt mit uns Kontakt aufzunehmen.<\/span><br\/><\/p>\n\n\n\n<p class=\"pt-z pb-z\">\n<div class=\"wpcf7 no-js\" id=\"wpcf7-f1960-o1\" lang=\"de-DE\" dir=\"ltr\" data-wpcf7-id=\"1960\">\n<div class=\"screen-reader-response\"><p role=\"status\" aria-live=\"polite\" aria-atomic=\"true\"><\/p> <ul><\/ul><\/div>\n<form action=\"\/de\/wp-json\/wp\/v2\/pages\/1722#wpcf7-f1960-o1\" method=\"post\" class=\"wpcf7-form init\" aria-label=\"Kontaktformular\" novalidate=\"novalidate\" data-status=\"init\">\n<fieldset class=\"hidden-fields-container\"><input type=\"hidden\" name=\"_wpcf7\" value=\"1960\" \/><input type=\"hidden\" name=\"_wpcf7_version\" value=\"6.1.5\" \/><input type=\"hidden\" name=\"_wpcf7_locale\" value=\"de_DE\" \/><input type=\"hidden\" name=\"_wpcf7_unit_tag\" value=\"wpcf7-f1960-o1\" \/><input type=\"hidden\" name=\"_wpcf7_container_post\" value=\"0\" \/><input type=\"hidden\" name=\"_wpcf7_posted_data_hash\" value=\"\" \/><input type=\"hidden\" name=\"_wpcf7dtx_version\" value=\"5.0.5\" \/>\n<\/fieldset>\n<span class=\"wpcf7-form-control-wrap campaign\" data-name=\"campaign\"><input type=\"hidden\" name=\"campaign\" class=\"wpcf7-form-control wpcf7-hidden wpcf7dtx wpcf7dtx-hidden\" aria-invalid=\"false\" value=\"https:\/\/www.validant.com\/de\/wp-json\/wp\/v2\/pages\/1722\"><\/span>\n<div class=\"row gutters\">\n\t<div class=\"col span_12\">\n\t\t<p><span class=\"wpcf7-form-control-wrap\" data-name=\"first-name\"><input size=\"40\" maxlength=\"400\" class=\"wpcf7-form-control wpcf7-text wpcf7-validates-as-required\" aria-required=\"true\" aria-invalid=\"false\" placeholder=\"First Name*\" value=\"\" type=\"text\" name=\"first-name\" \/><\/span>\n\t\t<\/p>\n\t<\/div>\n\t<div class=\"col span_12\">\n\t\t<p><span class=\"wpcf7-form-control-wrap\" data-name=\"last-name\"><input size=\"40\" maxlength=\"400\" class=\"wpcf7-form-control wpcf7-text wpcf7-validates-as-required\" aria-required=\"true\" aria-invalid=\"false\" placeholder=\"Last Name*\" value=\"\" type=\"text\" name=\"last-name\" \/><\/span>\n\t\t<\/p>\n\t<\/div>\n<\/div>\n<div class=\"row gutters\">\n\t<div class=\"col span_12\">\n\t\t<p><span class=\"wpcf7-form-control-wrap\" data-name=\"email\"><input size=\"40\" maxlength=\"400\" class=\"wpcf7-form-control wpcf7-email wpcf7-validates-as-required wpcf7-text wpcf7-validates-as-email\" aria-required=\"true\" aria-invalid=\"false\" placeholder=\"Email*\" value=\"\" type=\"email\" name=\"email\" \/><\/span>\n\t\t<\/p>\n\t<\/div>\n\t<div class=\"col span_12\">\n\t\t<p><span class=\"wpcf7-form-control-wrap\" data-name=\"company\"><input size=\"40\" maxlength=\"400\" class=\"wpcf7-form-control wpcf7-text wpcf7-validates-as-required\" aria-required=\"true\" aria-invalid=\"false\" placeholder=\"Company*\" value=\"\" type=\"text\" name=\"company\" \/><\/span>\n\t\t<\/p>\n\t<\/div>\n<\/div>\n<div class=\"row\">\n\t<div class=\"col span_24\">\n\t\t<p><span class=\"wpcf7-form-control-wrap\" data-name=\"your-message\"><textarea cols=\"40\" rows=\"10\" maxlength=\"2000\" class=\"wpcf7-form-control wpcf7-textarea\" aria-invalid=\"false\" placeholder=\"How can we help you? Tell us more about your needs.\" name=\"your-message\"><\/textarea><\/span>\n\t\t<\/p>\n\t<\/div>\n<\/div>\n<p><span class=\"wpcf7-form-control-wrap\" data-name=\"PrivacyAcceptance\"><span class=\"wpcf7-form-control wpcf7-acceptance\"><span class=\"wpcf7-list-item\"><input type=\"checkbox\" name=\"PrivacyAcceptance\" value=\"1\" aria-invalid=\"false\" \/><\/span><\/span><\/span> Ich stimme zu, dass Validant alle pers\u00f6nlichen Daten, die ich an Validant \u00fcbermittle, in \u00dcbereinstimmung mit der <a style=\"text-decoration:underline;\" href=\"\/privacy-policy\/\">Datenschutzrichtlinie<\/a> des Unternehmens erfasst und verarbeitet. In \u00dcbereinstimmung mit den Anforderungen der Europ\u00e4ischen Datenschutzgrundverordnung (GDPR) ist mir bekannt, dass ich das Recht habe, diese Zustimmung jederzeit zu widerrufen.\n<\/p><div class=\"wpcf7-response-output\" aria-hidden=\"true\"><\/div>\n<\/form>\n<\/div>\n<\/p>\n<\/div>\n<\/div>\n\n\n\n<p><\/p>\n<\/div>\n<\/section>\n","protected":false},"excerpt":{"rendered":"","protected":false},"author":3,"featured_media":0,"parent":0,"menu_order":0,"comment_status":"closed","ping_status":"closed","template":"","meta":{"_acf_changed":false,"footnotes":""},"class_list":["post-1722","page","type-page","status-publish","hentry"],"acf":[],"yoast_head":"<!-- This site is optimized with the Yoast SEO plugin v27.3 - https:\/\/yoast.com\/product\/yoast-seo-wordpress\/ -->\n<title>Validant Standorte | Weltweite Niederlassungen in den USA, Europa und Asien<\/title>\n<meta name=\"description\" content=\"Validant kann sein breites Spektrum an Beratungs-, Ausf\u00fchrungs- und Supportleistungen bereitstellen, wann und wo auch immer unsere Kunden aus der Life-Sciences-Branche diese ben\u00f6tigen.\" \/>\n<meta name=\"robots\" content=\"index, follow, max-snippet:-1, max-image-preview:large, max-video-preview:-1\" \/>\n<link rel=\"canonical\" href=\"https:\/\/www.validant.com\/de\/unsere-standorte\/\" \/>\n<meta property=\"og:locale\" content=\"de_DE\" \/>\n<meta property=\"og:type\" content=\"article\" \/>\n<meta property=\"og:title\" content=\"Validant Standorte | Weltweite Niederlassungen in den USA, Europa und Asien\" \/>\n<meta property=\"og:description\" content=\"Validant kann sein breites Spektrum an Beratungs-, Ausf\u00fchrungs- und Supportleistungen bereitstellen, wann und wo auch immer unsere Kunden aus der Life-Sciences-Branche diese ben\u00f6tigen.\" \/>\n<meta property=\"og:url\" content=\"https:\/\/www.validant.com\/de\/unsere-standorte\/\" \/>\n<meta property=\"og:site_name\" content=\"Validant\" \/>\n<meta property=\"article:modified_time\" content=\"2021-04-14T19:23:16+00:00\" \/>\n<meta property=\"og:image\" content=\"http:\/\/www.validant.com\/wp-content\/uploads\/2020\/07\/validant-map.png\" \/>\n<meta name=\"twitter:card\" content=\"summary_large_image\" \/>\n<meta name=\"twitter:label1\" content=\"Gesch\u00e4tzte Lesezeit\" \/>\n\t<meta name=\"twitter:data1\" content=\"1 Minute\" \/>\n<script type=\"application\/ld+json\" class=\"yoast-schema-graph\">{\"@context\":\"https:\\\/\\\/schema.org\",\"@graph\":[{\"@type\":\"WebPage\",\"@id\":\"https:\\\/\\\/www.validant.com\\\/de\\\/unsere-standorte\\\/\",\"url\":\"https:\\\/\\\/www.validant.com\\\/de\\\/unsere-standorte\\\/\",\"name\":\"Validant Standorte | Weltweite Niederlassungen in den USA, Europa und Asien\",\"isPartOf\":{\"@id\":\"https:\\\/\\\/www.validant.com\\\/de\\\/#website\"},\"primaryImageOfPage\":{\"@id\":\"https:\\\/\\\/www.validant.com\\\/de\\\/unsere-standorte\\\/#primaryimage\"},\"image\":{\"@id\":\"https:\\\/\\\/www.validant.com\\\/de\\\/unsere-standorte\\\/#primaryimage\"},\"thumbnailUrl\":\"http:\\\/\\\/www.validant.com\\\/wp-content\\\/uploads\\\/2020\\\/07\\\/validant-map.png\",\"datePublished\":\"2021-03-12T17:45:43+00:00\",\"dateModified\":\"2021-04-14T19:23:16+00:00\",\"description\":\"Validant kann sein breites Spektrum an Beratungs-, Ausf\u00fchrungs- und Supportleistungen bereitstellen, wann und wo auch immer unsere Kunden aus der Life-Sciences-Branche diese ben\u00f6tigen.\",\"breadcrumb\":{\"@id\":\"https:\\\/\\\/www.validant.com\\\/de\\\/unsere-standorte\\\/#breadcrumb\"},\"inLanguage\":\"de-DE\",\"potentialAction\":[{\"@type\":\"ReadAction\",\"target\":[\"https:\\\/\\\/www.validant.com\\\/de\\\/unsere-standorte\\\/\"]}]},{\"@type\":\"ImageObject\",\"inLanguage\":\"de-DE\",\"@id\":\"https:\\\/\\\/www.validant.com\\\/de\\\/unsere-standorte\\\/#primaryimage\",\"url\":\"http:\\\/\\\/www.validant.com\\\/wp-content\\\/uploads\\\/2020\\\/07\\\/validant-map.png\",\"contentUrl\":\"http:\\\/\\\/www.validant.com\\\/wp-content\\\/uploads\\\/2020\\\/07\\\/validant-map.png\"},{\"@type\":\"BreadcrumbList\",\"@id\":\"https:\\\/\\\/www.validant.com\\\/de\\\/unsere-standorte\\\/#breadcrumb\",\"itemListElement\":[{\"@type\":\"ListItem\",\"position\":1,\"name\":\"Home\",\"item\":\"https:\\\/\\\/www.validant.com\\\/de\\\/\"},{\"@type\":\"ListItem\",\"position\":2,\"name\":\"Unsere Standorte\"}]},{\"@type\":\"WebSite\",\"@id\":\"https:\\\/\\\/www.validant.com\\\/de\\\/#website\",\"url\":\"https:\\\/\\\/www.validant.com\\\/de\\\/\",\"name\":\"Validant\",\"description\":\"Your Full-Service Global Regulatory, Compliance &amp; Quality Consultancy\",\"potentialAction\":[{\"@type\":\"SearchAction\",\"target\":{\"@type\":\"EntryPoint\",\"urlTemplate\":\"https:\\\/\\\/www.validant.com\\\/de\\\/?s={search_term_string}\"},\"query-input\":{\"@type\":\"PropertyValueSpecification\",\"valueRequired\":true,\"valueName\":\"search_term_string\"}}],\"inLanguage\":\"de-DE\"}]}<\/script>\n<!-- \/ Yoast SEO plugin. -->","yoast_head_json":{"title":"Validant Standorte | Weltweite Niederlassungen in den USA, Europa und Asien","description":"Validant kann sein breites Spektrum an Beratungs-, Ausf\u00fchrungs- und Supportleistungen bereitstellen, wann und wo auch immer unsere Kunden aus der Life-Sciences-Branche diese ben\u00f6tigen.","robots":{"index":"index","follow":"follow","max-snippet":"max-snippet:-1","max-image-preview":"max-image-preview:large","max-video-preview":"max-video-preview:-1"},"canonical":"https:\/\/www.validant.com\/de\/unsere-standorte\/","og_locale":"de_DE","og_type":"article","og_title":"Validant Standorte | Weltweite Niederlassungen in den USA, Europa und Asien","og_description":"Validant kann sein breites Spektrum an Beratungs-, Ausf\u00fchrungs- und Supportleistungen bereitstellen, wann und wo auch immer unsere Kunden aus der Life-Sciences-Branche diese ben\u00f6tigen.","og_url":"https:\/\/www.validant.com\/de\/unsere-standorte\/","og_site_name":"Validant","article_modified_time":"2021-04-14T19:23:16+00:00","og_image":[{"url":"http:\/\/www.validant.com\/wp-content\/uploads\/2020\/07\/validant-map.png","type":"","width":"","height":""}],"twitter_card":"summary_large_image","twitter_misc":{"Gesch\u00e4tzte Lesezeit":"1 Minute"},"schema":{"@context":"https:\/\/schema.org","@graph":[{"@type":"WebPage","@id":"https:\/\/www.validant.com\/de\/unsere-standorte\/","url":"https:\/\/www.validant.com\/de\/unsere-standorte\/","name":"Validant Standorte | Weltweite Niederlassungen in den USA, Europa und Asien","isPartOf":{"@id":"https:\/\/www.validant.com\/de\/#website"},"primaryImageOfPage":{"@id":"https:\/\/www.validant.com\/de\/unsere-standorte\/#primaryimage"},"image":{"@id":"https:\/\/www.validant.com\/de\/unsere-standorte\/#primaryimage"},"thumbnailUrl":"http:\/\/www.validant.com\/wp-content\/uploads\/2020\/07\/validant-map.png","datePublished":"2021-03-12T17:45:43+00:00","dateModified":"2021-04-14T19:23:16+00:00","description":"Validant kann sein breites Spektrum an Beratungs-, Ausf\u00fchrungs- und Supportleistungen bereitstellen, wann und wo auch immer unsere Kunden aus der Life-Sciences-Branche diese ben\u00f6tigen.","breadcrumb":{"@id":"https:\/\/www.validant.com\/de\/unsere-standorte\/#breadcrumb"},"inLanguage":"de-DE","potentialAction":[{"@type":"ReadAction","target":["https:\/\/www.validant.com\/de\/unsere-standorte\/"]}]},{"@type":"ImageObject","inLanguage":"de-DE","@id":"https:\/\/www.validant.com\/de\/unsere-standorte\/#primaryimage","url":"http:\/\/www.validant.com\/wp-content\/uploads\/2020\/07\/validant-map.png","contentUrl":"http:\/\/www.validant.com\/wp-content\/uploads\/2020\/07\/validant-map.png"},{"@type":"BreadcrumbList","@id":"https:\/\/www.validant.com\/de\/unsere-standorte\/#breadcrumb","itemListElement":[{"@type":"ListItem","position":1,"name":"Home","item":"https:\/\/www.validant.com\/de\/"},{"@type":"ListItem","position":2,"name":"Unsere Standorte"}]},{"@type":"WebSite","@id":"https:\/\/www.validant.com\/de\/#website","url":"https:\/\/www.validant.com\/de\/","name":"Validant","description":"Your Full-Service Global Regulatory, Compliance &amp; Quality Consultancy","potentialAction":[{"@type":"SearchAction","target":{"@type":"EntryPoint","urlTemplate":"https:\/\/www.validant.com\/de\/?s={search_term_string}"},"query-input":{"@type":"PropertyValueSpecification","valueRequired":true,"valueName":"search_term_string"}}],"inLanguage":"de-DE"}]}},"_links":{"self":[{"href":"https:\/\/www.validant.com\/de\/wp-json\/wp\/v2\/pages\/1722","targetHints":{"allow":["GET"]}}],"collection":[{"href":"https:\/\/www.validant.com\/de\/wp-json\/wp\/v2\/pages"}],"about":[{"href":"https:\/\/www.validant.com\/de\/wp-json\/wp\/v2\/types\/page"}],"author":[{"embeddable":true,"href":"https:\/\/www.validant.com\/de\/wp-json\/wp\/v2\/users\/3"}],"replies":[{"embeddable":true,"href":"https:\/\/www.validant.com\/de\/wp-json\/wp\/v2\/comments?post=1722"}],"version-history":[{"count":0,"href":"https:\/\/www.validant.com\/de\/wp-json\/wp\/v2\/pages\/1722\/revisions"}],"wp:attachment":[{"href":"https:\/\/www.validant.com\/de\/wp-json\/wp\/v2\/media?parent=1722"}],"curies":[{"name":"wp","href":"https:\/\/api.w.org\/{rel}","templated":true}]}}