{"id":1678,"date":"2021-03-12T17:42:54","date_gmt":"2021-03-12T17:42:54","guid":{"rendered":"http:\/\/www.validant.com\/home\/"},"modified":"2021-04-22T17:35:30","modified_gmt":"2021-04-22T17:35:30","slug":"home","status":"publish","type":"page","link":"https:\/\/www.validant.com\/de\/","title":{"rendered":"Home"},"content":{"rendered":"\n<section class=\"wp-block-mkl-section-block hero\"><div class=\"section-bg bg__stretched\" style=\"background-image:url(https:\/\/www.validant.com\/wp-content\/uploads\/2020\/05\/hero-image.jpg);opacity:1\"><\/div>\n<div class=\"wp-block-mkl-section-block container pt-xl\">\n<h1 class=\"max700 has-white-color has-text-color wp-block-heading\">Ihr globales Full-Service-<br>Beratungsunternehmen f\u00fcr<strong> <\/strong><strong><span class=\"has-inline-color has-olive-color\">Regulierungs-, Compliance- und Qualit\u00e4tsfragen<\/span> <\/strong><\/h1>\n\n\n\n<p class=\"has-white-color has-text-color\"><em>Der Spezialist f\u00fcr den gesamten GxP-Lebenszyklus.<\/em><\/p>\n\n\n\n<div class=\"wp-block-columns lifecycle mt-m is-layout-flex wp-container-core-columns-is-layout-9d6595d7 wp-block-columns-is-layout-flex\">\n<div class=\"wp-block-column btn-box bg-lightblue is-layout-flow wp-block-column-is-layout-flow\">\n<h3 class=\"has-white-color has-text-color wp-block-heading\"><strong>GLP<\/strong><br>Vorklinisch<\/h3>\n\n\n\n<p class=\"has-white-color has-text-color\">Definieren Sie den optimalen beh\u00f6rdlichen Weg.<\/p>\n\n\n\n<p class=\"has-white-color has-text-color\"><a href=\"http:\/\/www.validant.com\/de\/vorklinisch\/\">Mehr erfahren<\/a><\/p>\n<\/div>\n\n\n\n<div class=\"wp-block-column btn-box bg-olive is-layout-flow wp-block-column-is-layout-flow\">\n<h3 class=\"has-white-color has-text-color wp-block-heading\"><strong>GCP<\/strong><br>Klinisch<\/h3>\n\n\n\n<p class=\"has-white-color has-text-color\">Straffen Sie den Einreichungsprozess und die Zeit bis zur Zulassung.<\/p>\n\n\n\n<p class=\"has-white-color has-text-color\"><a href=\"http:\/\/www.validant.com\/de\/klinisch\/\">Mehr erfahren<\/a><\/p>\n<\/div>\n\n\n\n<div class=\"wp-block-column btn-box bg-green is-layout-flow wp-block-column-is-layout-flow\">\n<h3 class=\"has-white-color has-text-color wp-block-heading\"><strong>GMP<\/strong><br>Herstellung<\/h3>\n\n\n\n<p class=\"has-white-color has-text-color\">Bringen Sie Ihr Produkt<br>mit Zuversicht auf den Markt.<\/p>\n\n\n\n<p class=\"has-white-color has-text-color\"><a href=\"http:\/\/www.validant.com\/de\/herstellung\/\">Mehr erfahren<\/a><\/p>\n<\/div>\n\n\n\n<div class=\"wp-block-column btn-box bg-black is-layout-flow wp-block-column-is-layout-flow\">\n<h3 class=\"has-white-color has-text-color wp-block-heading\"><strong>GDP<\/strong><br>Vertrieb<\/h3>\n\n\n\n<p class=\"has-white-color has-text-color\">Halten Sie die Qualit\u00e4t und Integrit\u00e4t des auf dem Markt befindlichen Produkts aufrecht.<\/p>\n\n\n\n<p class=\"has-white-color has-text-color\"><a href=\"http:\/\/www.validant.com\/de\/vertrieb\/\">Mehr erfahren<\/a><\/p>\n<\/div>\n<\/div>\n\n\n\n<p><\/p>\n<\/div>\n<\/section>\n\n\n\n<section class=\"wp-block-mkl-section-block\">\n<div class=\"wp-block-mkl-section-block container\">\n<div class=\"wp-block-columns is-layout-flex wp-container-core-columns-is-layout-9d6595d7 wp-block-columns-is-layout-flex\">\n<div class=\"wp-block-column pr-xs is-layout-flow wp-block-column-is-layout-flow\" style=\"flex-basis:40%\">\n<h3 class=\"pb-xs wp-block-heading\">Hersteller von Pharmazeutika, Biologika, Medizinprodukten und Diagnostika aller Gr\u00f6\u00dfen k\u00f6nnen <strong><span class=\"has-inline-color has-green-color\">das Potenzial unserer bew\u00e4hrten Plattform aussch\u00f6pfen<\/span><\/strong>.<\/h3>\n<\/div>\n\n\n\n<div class=\"wp-block-column is-layout-flow wp-block-column-is-layout-flow\" style=\"flex-basis:66.66%\">\n<div class=\"wp-block-columns is-layout-flex wp-container-core-columns-is-layout-9d6595d7 wp-block-columns-is-layout-flex\">\n<div class=\"wp-block-column icon-box is-layout-flow wp-block-column-is-layout-flow\">\n<h4 class=\"has-green-color has-text-color wp-block-heading\"><strong>Die meisten Spezialisten<\/strong><\/h4>\n\n\n\n<p class=\"large\">Unter einem Dach<\/p>\n\n\n\n<figure class=\"wp-block-image size-full is-resized\"><img loading=\"lazy\" decoding=\"async\" src=\"http:\/\/www.validant.com\/wp-content\/uploads\/\/2020\/06\/icon-specialists.svg\" alt=\"Symbol Spezialisten\" class=\"wp-image-1679\" width=\"82\" height=\"91\"\/><\/figure>\n<\/div>\n\n\n\n<div class=\"wp-block-column icon-box is-layout-flow wp-block-column-is-layout-flow\">\n<h4 class=\"has-green-color has-text-color wp-block-heading\"><strong>End-to-End-<br>Dienstleistungen<\/strong><\/h4>\n\n\n\n<p class=\"large\">Vor und nach der Zulassung<\/p>\n\n\n\n<figure class=\"wp-block-image size-full is-resized\"><img loading=\"lazy\" decoding=\"async\" src=\"http:\/\/www.validant.com\/wp-content\/uploads\/\/2020\/06\/icon-end-to-end.svg\" alt=\"Symbol End-To-End\" class=\"wp-image-1683\" width=\"92\" height=\"88\"\/><\/figure>\n<\/div>\n<\/div>\n\n\n\n<div class=\"wp-block-columns mt-xs is-layout-flex wp-container-core-columns-is-layout-9d6595d7 wp-block-columns-is-layout-flex\">\n<div class=\"wp-block-column icon-box is-layout-flow wp-block-column-is-layout-flow\">\n<h4 class=\"has-green-color has-text-color wp-block-heading\"><strong>Globaler Umfang<br>und Reichweite<\/strong><\/h4>\n\n\n\n<p class=\"large\">USA, Europa, Asien, Rest der Welt<\/p>\n\n\n\n<figure class=\"wp-block-image size-full is-resized\"><img loading=\"lazy\" decoding=\"async\" src=\"http:\/\/www.validant.com\/wp-content\/uploads\/\/2020\/06\/icon-global.svg\" alt=\"Symbol Global\" class=\"wp-image-1687\" width=\"88\" height=\"79\"\/><\/figure>\n<\/div>\n\n\n\n<div class=\"wp-block-column icon-box is-layout-flow wp-block-column-is-layout-flow\">\n<h4 class=\"has-green-color has-text-color wp-block-heading\"><strong>Schnell und flexibel<\/strong><\/h4>\n\n\n\n<p class=\"large\">Ma\u00dfgeschneiderte Bereitstellung<\/p>\n\n\n\n<figure class=\"wp-block-image size-full is-resized\"><img loading=\"lazy\" decoding=\"async\" src=\"http:\/\/www.validant.com\/wp-content\/uploads\/\/2020\/06\/icon-flexibility.svg\" alt=\"Symbol Flexibilit\u00e4t\" class=\"wp-image-1691\" width=\"81\" height=\"88\"\/><\/figure>\n\n\n\n<p><\/p>\n<\/div>\n<\/div>\n<\/div>\n<\/div>\n<\/div>\n<\/section>\n\n\n\n<section class=\"wp-block-mkl-section-block\">\n<div class=\"wp-block-mkl-section-block container pt-z\">\n<div class=\"wp-block-columns is-layout-flex wp-container-core-columns-is-layout-9d6595d7 wp-block-columns-is-layout-flex\">\n<div class=\"wp-block-column is-layout-flow wp-block-column-is-layout-flow\" style=\"flex-basis:55%\">\n<div class=\"wp-block-group panel pr-s has-grey-background-color has-background\"><div class=\"wp-block-group__inner-container is-layout-flow wp-block-group-is-layout-flow\">\n<p class=\"large pb-z\"><strong>Unser Full-Service-Ansatz f\u00fcr<\/strong><\/p>\n\n\n\n<h2 class=\"pt-z has-olive-color has-text-color wp-block-heading\"><strong>schl\u00fcsselfertige<br>Probleml\u00f6sung<\/strong><\/h2>\n\n\n\n<p class=\"large\">Wir beraten nicht nur, sondern legen selbst Hand an, um Ihre Strategien f\u00fcr Regulierung, Compliance und Qualit\u00e4t in die Tat umzusetzen.<\/p>\n\n\n\n<p class=\"btn\"><a href=\"http:\/\/www.validant.com\/de\/beratung-anfragen\/\">Sprechen Sie mit unseren Experten<\/a><\/p>\n<\/div><\/div>\n\n\n\n<p><\/p>\n<\/div>\n\n\n\n<div class=\"wp-block-column mt-s is-layout-flow wp-block-column-is-layout-flow\" style=\"flex-basis:60%\">\n<div class=\"wp-block-mkl-section-block vertical-accordian\">\n<div class=\"wp-block-mkl-section-block\"><div class=\"section-bg bg__stretched\" style=\"background-image:url(https:\/\/www.validant.com\/wp-content\/uploads\/2020\/06\/img-strategic-consulting.jpg);opacity:1\"><\/div>\n<h3 class=\"has-text-align-center has-white-color has-text-color wp-block-heading\"><strong>Strategische Beratung<\/strong><\/h3>\n\n\n\n<p class=\"has-text-align-center maxc600 has-white-color has-text-color\"><strong>Wir helfen pragmatische Strategien zu entwickeln<\/strong>, die den Pr\u00fcfungen durch Gesundheitsbeh\u00f6rden standhalten <strong><em>und <\/em><\/strong>Ihren Gesch\u00e4ftsgegebenheiten Rechnung tragen.<\/p>\n\n\n\n<p class=\"has-text-align-center btn black\"><a href=\"http:\/\/www.validant.com\/de\/strategisches-consulting\/\">Mehr erfahren<\/a><\/p>\n<\/div>\n\n\n\n<div class=\"wp-block-mkl-section-block\"><div class=\"section-bg bg__stretched\" style=\"background-image:url(https:\/\/www.validant.com\/wp-content\/uploads\/2020\/06\/img-execution-services.jpg);opacity:1\"><\/div>\n<h3 class=\"has-text-align-center has-white-color has-text-color wp-block-heading\"><strong>Ausf\u00fchrungsdienstleistungen<\/strong><\/h3>\n\n\n\n<p class=\"has-text-align-center maxc600 has-white-color has-text-color\"><strong>Wir setzen im Umsehen Mitarbeiter vor Ort oder an Fernstandorten arbeitende Expertenteams ein<\/strong>, um Ihre definierten Strategien \u00fcberall auf der Welt umzusetzen.<\/p>\n\n\n\n<p class=\"has-text-align-center btn black\"><a href=\"http:\/\/www.validant.com\/de\/ausfuehrungsdienstleistungen\/\">Mehr erfahren<\/a><\/p>\n<\/div>\n\n\n\n<div class=\"wp-block-mkl-section-block\"><div class=\"section-bg bg__stretched\" style=\"background-image:url(https:\/\/www.validant.com\/wp-content\/uploads\/2020\/06\/img-ongoing-support.jpg);opacity:1\"><\/div>\n<h3 class=\"has-text-align-center has-white-color has-text-color wp-block-heading\"><strong>Kontinuierliche Unterst\u00fctzung<\/strong><\/h3>\n\n\n\n<p class=\"has-text-align-center maxc600 has-white-color has-text-color\"><strong>Wir bieten Schulungen, \u00dcberwachung und Pr\u00fcfungen an<\/strong>, damit Sie Qualit\u00e4t und Compliance \u00fcber einen l\u00e4ngeren Zeitraum aufrechterhalten k\u00f6nnen.<\/p>\n\n\n\n<p class=\"has-text-align-center btn black\"><a href=\"http:\/\/www.validant.com\/de\/kontinuierliche-unterstuetzung\/\">Mehr erfahren<\/a><\/p>\n<\/div>\n<\/div>\n<\/div>\n<\/div>\n<\/div>\n\n\n\n<p><\/p>\n<\/section>\n\n\n\n<section class=\"wp-block-mkl-section-block\">\n<div class=\"wp-block-mkl-section-block container pt-z\">\n<h2 class=\"has-text-align-center pb-xs wp-block-heading\">Unser Erfolg <strong><span class=\"has-inline-color has-olive-color\">misst sich an Ihrem.<\/span><\/strong><\/h2>\n\n\n\n<div class=\"wp-block-columns case-boxes is-layout-flex wp-container-core-columns-is-layout-9d6595d7 wp-block-columns-is-layout-flex\">\n<div class=\"wp-block-column bg-green is-layout-flow wp-block-column-is-layout-flow\">\n<p class=\"has-white-color has-text-color\"><strong>Schnelle Abhilfe nach FDA-Warnschreiben<\/strong> f\u00fcr einen europ\u00e4ischen Hersteller rezeptfreier Arzneimittel<\/p>\n\n\n\n<figure class=\"wp-block-image size-large\"><a href=\"http:\/\/www.validant.com\/de\/fallstudie-abschluss-von-warnschreiben\/\"><img loading=\"lazy\" decoding=\"async\" width=\"312\" height=\"245\" src=\"http:\/\/www.validant.com\/wp-content\/uploads\/2020\/06\/img-rapid-warning-letter-remediation.jpg\" alt=\"Abb. Schnelle Abhilfe nach FDA-Warnschreiben\" class=\"wp-image-949\" srcset=\"https:\/\/www.validant.com\/wp-content\/uploads\/2020\/06\/img-rapid-warning-letter-remediation.jpg 312w, https:\/\/www.validant.com\/wp-content\/uploads\/2020\/06\/img-rapid-warning-letter-remediation-300x236.jpg 300w\" sizes=\"auto, (max-width: 312px) 100vw, 312px\" \/><\/a><\/figure>\n<\/div>\n\n\n\n<div class=\"wp-block-column bg-lightblue is-layout-flow wp-block-column-is-layout-flow\">\n<p class=\"has-white-color has-text-color\">Unterst\u00fctzung von Kunden aller Gr\u00f6\u00dfen bei der Vorbereitung f\u00fcr <strong>EU MDR-\/IVDR-Compliance<\/strong><\/p>\n\n\n\n<figure class=\"wp-block-image size-large\"><a href=\"http:\/\/www.validant.com\/de\/fallstudie-vorbereitung-fuer-eu-mdr-ivdr-compliance\/\"><img loading=\"lazy\" decoding=\"async\" width=\"312\" height=\"245\" src=\"http:\/\/www.validant.com\/wp-content\/uploads\/2020\/06\/img-eu-mdr-ivdr-compliance.jpg\" alt=\"Abb. MDR-\/IVDR-Compliance\" class=\"wp-image-953\" srcset=\"https:\/\/www.validant.com\/wp-content\/uploads\/2020\/06\/img-eu-mdr-ivdr-compliance.jpg 312w, https:\/\/www.validant.com\/wp-content\/uploads\/2020\/06\/img-eu-mdr-ivdr-compliance-300x236.jpg 300w\" sizes=\"auto, (max-width: 312px) 100vw, 312px\" \/><\/a><\/figure>\n<\/div>\n\n\n\n<div class=\"wp-block-column bg-olive is-layout-flow wp-block-column-is-layout-flow\">\n<p class=\"has-white-color has-text-color\">Betreuung eines globalen Biopharma-Unternehmens<br>hin zur <strong>Compliance f\u00fcr aseptische Herstellung<\/strong><\/p>\n\n\n\n<figure class=\"wp-block-image size-large\"><a href=\"http:\/\/www.validant.com\/de\/fallstudie-coaching-fuer-aseptische-herstellung-und-betreuung\/\"><img loading=\"lazy\" decoding=\"async\" width=\"312\" height=\"245\" src=\"http:\/\/www.validant.com\/wp-content\/uploads\/2020\/06\/img-aseptic-manufacturing-compliance.jpg\" alt=\"Abb. GMP-Compliance f\u00fcr aseptische Herstellung\" class=\"wp-image-957\" srcset=\"https:\/\/www.validant.com\/wp-content\/uploads\/2020\/06\/img-aseptic-manufacturing-compliance.jpg 312w, https:\/\/www.validant.com\/wp-content\/uploads\/2020\/06\/img-aseptic-manufacturing-compliance-300x236.jpg 300w\" sizes=\"auto, (max-width: 312px) 100vw, 312px\" \/><\/a><\/figure>\n<\/div>\n<\/div>\n<\/div>\n\n\n\n<p><\/p>\n<\/section>\n\n\n\n<section class=\"wp-block-mkl-section-block cta-panel pt-m pb-l\">\n<div class=\"wp-block-mkl-section-block container panel bg-greengrad\">\n<div class=\"wp-block-mkl-section-block has-green-background-color bg-greengrad panel\">\n<p><\/p>\n<\/div>\n\n\n\n<div class=\"wp-block-columns relative is-layout-flex wp-container-core-columns-is-layout-9d6595d7 wp-block-columns-is-layout-flex\">\n<div class=\"wp-block-column is-layout-flow wp-block-column-is-layout-flow\" style=\"flex-basis:33.33%\">\n<h2 class=\"has-white-color has-text-color wp-block-heading\">Wie k\u00f6nnen <strong><span class=\"has-inline-color has-lightblue-color\">wir<br>Ihnen behilflich sein?<\/span><\/strong><\/h2>\n<\/div>\n\n\n\n<div class=\"wp-block-column is-layout-flow wp-block-column-is-layout-flow\" style=\"flex-basis:66.66%\">\n<p class=\"large has-white-color has-text-color\">Erz\u00e4hlen Sie uns, was Sie erreichen m\u00f6chten.<br><strong>Wir erarbeiten basierend auf unserer Erfahrung eine L\u00f6sung f\u00fcr Ihr spezifisches Problem.<\/strong><\/p>\n\n\n\n<p class=\"btn white\"><a href=\"http:\/\/www.validant.com\/de\/beratung-anfragen\/\">Hier beginnen<\/a><\/p>\n<\/div>\n<\/div>\n<\/div>\n<\/section>\n\n\n\n<section class=\"wp-block-mkl-section-block has-grey-background-color\"><\/section>\n","protected":false},"excerpt":{"rendered":"","protected":false},"author":2,"featured_media":0,"parent":0,"menu_order":0,"comment_status":"closed","ping_status":"closed","template":"","meta":{"_acf_changed":false,"footnotes":""},"class_list":["post-1678","page","type-page","status-publish","hentry"],"acf":[],"yoast_head":"<!-- This site is optimized with the Yoast SEO plugin v27.3 - https:\/\/yoast.com\/product\/yoast-seo-wordpress\/ -->\n<title>Validant | Berater f\u00fcr Regulierungs-, Compliance- und Qualit\u00e4tsfragen<\/title>\n<meta name=\"description\" content=\"Validant ist ein im Life-Sciences-Sektor t\u00e4tiges Full-Service-Beratungsunternehmen, das Entwicklern von Pharmazeutika, Biologika, Medizinprodukten und Diagnostika Beratung zu Regulierungs-, Compliance- und Qualit\u00e4tsfragen bietet.\" \/>\n<meta name=\"robots\" content=\"index, follow, max-snippet:-1, max-image-preview:large, max-video-preview:-1\" \/>\n<link rel=\"canonical\" href=\"https:\/\/www.validant.com\/de\/\" \/>\n<meta property=\"og:locale\" content=\"de_DE\" \/>\n<meta property=\"og:type\" content=\"article\" \/>\n<meta property=\"og:title\" content=\"Validant | Berater f\u00fcr Regulierungs-, Compliance- und Qualit\u00e4tsfragen\" \/>\n<meta property=\"og:description\" content=\"Validant ist ein im Life-Sciences-Sektor t\u00e4tiges Full-Service-Beratungsunternehmen, das Entwicklern von Pharmazeutika, Biologika, Medizinprodukten und Diagnostika Beratung zu Regulierungs-, Compliance- und Qualit\u00e4tsfragen bietet.\" \/>\n<meta property=\"og:url\" content=\"https:\/\/www.validant.com\/de\/\" \/>\n<meta property=\"og:site_name\" content=\"Validant\" \/>\n<meta property=\"article:modified_time\" content=\"2021-04-22T17:35:30+00:00\" \/>\n<meta property=\"og:image\" content=\"http:\/\/www.validant.com\/wp-content\/uploads\/\/2020\/06\/icon-specialists.svg\" \/>\n<meta name=\"twitter:card\" content=\"summary_large_image\" \/>\n<meta name=\"twitter:label1\" content=\"Gesch\u00e4tzte Lesezeit\" \/>\n\t<meta name=\"twitter:data1\" content=\"3 Minuten\" \/>\n<script type=\"application\/ld+json\" class=\"yoast-schema-graph\">{\"@context\":\"https:\\\/\\\/schema.org\",\"@graph\":[{\"@type\":\"WebPage\",\"@id\":\"https:\\\/\\\/www.validant.com\\\/de\\\/\",\"url\":\"https:\\\/\\\/www.validant.com\\\/de\\\/\",\"name\":\"Validant | Berater f\u00fcr Regulierungs-, Compliance- und Qualit\u00e4tsfragen\",\"isPartOf\":{\"@id\":\"https:\\\/\\\/www.validant.com\\\/de\\\/#website\"},\"primaryImageOfPage\":{\"@id\":\"https:\\\/\\\/www.validant.com\\\/de\\\/#primaryimage\"},\"image\":{\"@id\":\"https:\\\/\\\/www.validant.com\\\/de\\\/#primaryimage\"},\"thumbnailUrl\":\"http:\\\/\\\/www.validant.com\\\/wp-content\\\/uploads\\\/\\\/2020\\\/06\\\/icon-specialists.svg\",\"datePublished\":\"2021-03-12T17:42:54+00:00\",\"dateModified\":\"2021-04-22T17:35:30+00:00\",\"description\":\"Validant ist ein im Life-Sciences-Sektor t\u00e4tiges Full-Service-Beratungsunternehmen, das Entwicklern von Pharmazeutika, Biologika, Medizinprodukten und Diagnostika Beratung zu Regulierungs-, Compliance- und Qualit\u00e4tsfragen bietet.\",\"breadcrumb\":{\"@id\":\"https:\\\/\\\/www.validant.com\\\/de\\\/#breadcrumb\"},\"inLanguage\":\"de-DE\",\"potentialAction\":[{\"@type\":\"ReadAction\",\"target\":[\"https:\\\/\\\/www.validant.com\\\/de\\\/\"]}]},{\"@type\":\"ImageObject\",\"inLanguage\":\"de-DE\",\"@id\":\"https:\\\/\\\/www.validant.com\\\/de\\\/#primaryimage\",\"url\":\"http:\\\/\\\/www.validant.com\\\/wp-content\\\/uploads\\\/\\\/2020\\\/06\\\/icon-specialists.svg\",\"contentUrl\":\"http:\\\/\\\/www.validant.com\\\/wp-content\\\/uploads\\\/\\\/2020\\\/06\\\/icon-specialists.svg\"},{\"@type\":\"BreadcrumbList\",\"@id\":\"https:\\\/\\\/www.validant.com\\\/de\\\/#breadcrumb\",\"itemListElement\":[{\"@type\":\"ListItem\",\"position\":1,\"name\":\"Home\",\"item\":\"https:\\\/\\\/www.validant.com\\\/de\\\/\"},{\"@type\":\"ListItem\",\"position\":2,\"name\":\"Home\"}]},{\"@type\":\"WebSite\",\"@id\":\"https:\\\/\\\/www.validant.com\\\/de\\\/#website\",\"url\":\"https:\\\/\\\/www.validant.com\\\/de\\\/\",\"name\":\"Validant\",\"description\":\"Your Full-Service Global Regulatory, Compliance &amp; Quality Consultancy\",\"potentialAction\":[{\"@type\":\"SearchAction\",\"target\":{\"@type\":\"EntryPoint\",\"urlTemplate\":\"https:\\\/\\\/www.validant.com\\\/de\\\/?s={search_term_string}\"},\"query-input\":{\"@type\":\"PropertyValueSpecification\",\"valueRequired\":true,\"valueName\":\"search_term_string\"}}],\"inLanguage\":\"de-DE\"}]}<\/script>\n<!-- \/ Yoast SEO plugin. -->","yoast_head_json":{"title":"Validant | Berater f\u00fcr Regulierungs-, Compliance- und Qualit\u00e4tsfragen","description":"Validant ist ein im Life-Sciences-Sektor t\u00e4tiges Full-Service-Beratungsunternehmen, das Entwicklern von Pharmazeutika, Biologika, Medizinprodukten und Diagnostika Beratung zu Regulierungs-, Compliance- und Qualit\u00e4tsfragen bietet.","robots":{"index":"index","follow":"follow","max-snippet":"max-snippet:-1","max-image-preview":"max-image-preview:large","max-video-preview":"max-video-preview:-1"},"canonical":"https:\/\/www.validant.com\/de\/","og_locale":"de_DE","og_type":"article","og_title":"Validant | Berater f\u00fcr Regulierungs-, Compliance- und Qualit\u00e4tsfragen","og_description":"Validant ist ein im Life-Sciences-Sektor t\u00e4tiges Full-Service-Beratungsunternehmen, das Entwicklern von Pharmazeutika, Biologika, Medizinprodukten und Diagnostika Beratung zu Regulierungs-, Compliance- und Qualit\u00e4tsfragen bietet.","og_url":"https:\/\/www.validant.com\/de\/","og_site_name":"Validant","article_modified_time":"2021-04-22T17:35:30+00:00","og_image":[{"url":"http:\/\/www.validant.com\/wp-content\/uploads\/\/2020\/06\/icon-specialists.svg","type":"","width":"","height":""}],"twitter_card":"summary_large_image","twitter_misc":{"Gesch\u00e4tzte Lesezeit":"3 Minuten"},"schema":{"@context":"https:\/\/schema.org","@graph":[{"@type":"WebPage","@id":"https:\/\/www.validant.com\/de\/","url":"https:\/\/www.validant.com\/de\/","name":"Validant | Berater f\u00fcr Regulierungs-, Compliance- und Qualit\u00e4tsfragen","isPartOf":{"@id":"https:\/\/www.validant.com\/de\/#website"},"primaryImageOfPage":{"@id":"https:\/\/www.validant.com\/de\/#primaryimage"},"image":{"@id":"https:\/\/www.validant.com\/de\/#primaryimage"},"thumbnailUrl":"http:\/\/www.validant.com\/wp-content\/uploads\/\/2020\/06\/icon-specialists.svg","datePublished":"2021-03-12T17:42:54+00:00","dateModified":"2021-04-22T17:35:30+00:00","description":"Validant ist ein im Life-Sciences-Sektor t\u00e4tiges Full-Service-Beratungsunternehmen, das Entwicklern von Pharmazeutika, Biologika, Medizinprodukten und Diagnostika Beratung zu Regulierungs-, Compliance- und Qualit\u00e4tsfragen bietet.","breadcrumb":{"@id":"https:\/\/www.validant.com\/de\/#breadcrumb"},"inLanguage":"de-DE","potentialAction":[{"@type":"ReadAction","target":["https:\/\/www.validant.com\/de\/"]}]},{"@type":"ImageObject","inLanguage":"de-DE","@id":"https:\/\/www.validant.com\/de\/#primaryimage","url":"http:\/\/www.validant.com\/wp-content\/uploads\/\/2020\/06\/icon-specialists.svg","contentUrl":"http:\/\/www.validant.com\/wp-content\/uploads\/\/2020\/06\/icon-specialists.svg"},{"@type":"BreadcrumbList","@id":"https:\/\/www.validant.com\/de\/#breadcrumb","itemListElement":[{"@type":"ListItem","position":1,"name":"Home","item":"https:\/\/www.validant.com\/de\/"},{"@type":"ListItem","position":2,"name":"Home"}]},{"@type":"WebSite","@id":"https:\/\/www.validant.com\/de\/#website","url":"https:\/\/www.validant.com\/de\/","name":"Validant","description":"Your Full-Service Global Regulatory, Compliance &amp; Quality Consultancy","potentialAction":[{"@type":"SearchAction","target":{"@type":"EntryPoint","urlTemplate":"https:\/\/www.validant.com\/de\/?s={search_term_string}"},"query-input":{"@type":"PropertyValueSpecification","valueRequired":true,"valueName":"search_term_string"}}],"inLanguage":"de-DE"}]}},"_links":{"self":[{"href":"https:\/\/www.validant.com\/de\/wp-json\/wp\/v2\/pages\/1678","targetHints":{"allow":["GET"]}}],"collection":[{"href":"https:\/\/www.validant.com\/de\/wp-json\/wp\/v2\/pages"}],"about":[{"href":"https:\/\/www.validant.com\/de\/wp-json\/wp\/v2\/types\/page"}],"author":[{"embeddable":true,"href":"https:\/\/www.validant.com\/de\/wp-json\/wp\/v2\/users\/2"}],"replies":[{"embeddable":true,"href":"https:\/\/www.validant.com\/de\/wp-json\/wp\/v2\/comments?post=1678"}],"version-history":[{"count":0,"href":"https:\/\/www.validant.com\/de\/wp-json\/wp\/v2\/pages\/1678\/revisions"}],"wp:attachment":[{"href":"https:\/\/www.validant.com\/de\/wp-json\/wp\/v2\/media?parent=1678"}],"curies":[{"name":"wp","href":"https:\/\/api.w.org\/{rel}","templated":true}]}}