{"id":1677,"date":"2021-03-12T17:42:50","date_gmt":"2021-03-12T17:42:50","guid":{"rendered":"http:\/\/www.validant.com\/zusammenarbeit\/"},"modified":"2021-04-14T19:15:45","modified_gmt":"2021-04-14T19:15:45","slug":"zusammenarbeit","status":"publish","type":"page","link":"https:\/\/www.validant.com\/de\/zusammenarbeit\/","title":{"rendered":"Zusammenarbeit"},"content":{"rendered":"\n<section class=\"wp-block-mkl-section-block\"><div class=\"section-bg bg__stretched\" style=\"background-image:url(https:\/\/www.validant.com\/wp-content\/uploads\/2020\/07\/working-together-header.png);opacity:1\"><\/div>\n<div class=\"wp-block-mkl-section-block container pt-xl\">\n<p><\/p>\n<\/div>\n<\/section>\n\n<section class=\"wp-block-mkl-section-block transparent\">\n<div class=\"wp-block-mkl-section-block has-white-background-color container panel pb-s ot-l bb\">\n<div class=\"wp-block-columns is-layout-flex wp-container-core-columns-is-layout-9d6595d7 wp-block-columns-is-layout-flex\">\n<div class=\"wp-block-column is-layout-flow wp-block-column-is-layout-flow\" style=\"flex-basis:35%\">\n<h2 class=\"wp-block-heading\"><strong><span class=\"has-inline-color has-green-color\">Zusammenarbeit<\/span><\/strong> mit Validant<\/h2>\n<\/div>\n\n\n\n<div class=\"wp-block-column is-layout-flow wp-block-column-is-layout-flow\" style=\"flex-basis:65%\">\n<p class=\"large\">Jede Herausforderung bez\u00fcglich Regulierung, Compliance oder Qualit\u00e4t ist ohnegleichen. Obgleich wir einen vereinheitlichten Prozess entwickelt haben, um die Geschwindigkeit und den Erfolg der Umsetzung zu maximieren, wenden wir unsere Methoden auf flexible Weise und in Abstimmung auf Ihre einzigartigen Herausforderungen und M\u00f6glichkeiten an. Hierdurch stellen wir sicher, dass Ihr Aktionsplan nicht nur praxisbezogen ist, <em>sondern auch <\/em>die erforderlichen Ergebnissen produziert.<\/p>\n<\/div>\n<\/div>\n<\/div>\n<\/section>\n\n<section class=\"wp-block-mkl-section-block\">\n<div class=\"wp-block-mkl-section-block container pb-z\">\n<h2 class=\"has-green-color has-text-color has-text-align-center mb-xs wp-block-heading\"><strong>Wo fangen wir an?<\/strong><\/h2>\n\n\n\n<p class=\"has-text-align-center maxc1000 mb-s\">M\u00f6glicherweise sind Sie sich nicht ganz sicher, was Sie ben\u00f6tigen. Und genau an diesem Punkt kann Ihnen unser Team aus ehemaligen Beh\u00f6rdenvertretern und Branchenexperten am meisten helfen. Wir greifen auf unsere umfassenden und weitreichenden Kenntnisse zur\u00fcck, um Ihr spezifisches Problem anzugehen, indem wir einen ma\u00dfgeschneiderten Verfahrensablauf definieren und die angemessenen Ressourcen mobilisieren, um Ihren Aktionsplan schnellstm\u00f6glich umzusetzen. <strong>So gehen wir vor:<\/strong><\/p>\n\n\n\n<div class=\"wp-block-columns pb-xs is-layout-flex wp-container-core-columns-is-layout-9d6595d7 wp-block-columns-is-layout-flex\">\n<div class=\"wp-block-column is-layout-flow wp-block-column-is-layout-flow\">\n<div class=\"wp-block-group has-olive-background-color has-background start\"><div class=\"wp-block-group__inner-container is-layout-flow wp-block-group-is-layout-flow\">\n<h3 class=\"has-white-color has-text-color wp-block-heading\"><strong>Problembewertung<\/strong><\/h3>\n<\/div><\/div>\n<\/div>\n\n\n\n<div class=\"wp-block-column is-layout-flow wp-block-column-is-layout-flow\">\n<p class=\"pa-xxs\">Die Partner und Fachexperten von Validant <strong>pr\u00fcfen sorgf\u00e4ltig Ihre Anforderungen im Kontext <\/strong>Ihrer gesamten Position, in der Sie sich in Bezug auf Regulierung, Compliance und Qualit\u00e4t derzeit befinden.<\/p>\n<\/div>\n<\/div>\n\n\n\n<p><\/p>\n<\/div>\n<\/section>\n\n<section class=\"wp-block-mkl-section-block\">\n<div class=\"wp-block-mkl-section-block container ptb-z\">\n<div class=\"wp-block-columns pb-xs is-layout-flex wp-container-core-columns-is-layout-9d6595d7 wp-block-columns-is-layout-flex\">\n<div class=\"wp-block-column is-layout-flow wp-block-column-is-layout-flow\">\n<div class=\"wp-block-group has-lightblue-background-color has-background start s-2\"><div class=\"wp-block-group__inner-container is-layout-flow wp-block-group-is-layout-flow\">\n<h3 class=\"has-white-color has-text-color wp-block-heading\"><strong>Strategie-Entwicklung<\/strong><\/h3>\n<\/div><\/div>\n<\/div>\n\n\n\n<div class=\"wp-block-column is-layout-flow wp-block-column-is-layout-flow\">\n<p class=\"pa-xxs\">Nachdem wir alle\u00a0potenziellen Sachverhalte, die zu Ihrem Problem beitragen, sowie Ihre M\u00f6glichkeiten, sich die von Ihnen bereits implementierten leistungsstarken Verfahren zunutze zu machen, offengelegt haben, entwickeln wir <strong>in Abstimmung auf Ihre Situation\u00a0ein Programm und einen Plan f\u00fcr die Umsetzung.<\/strong><\/p>\n<\/div>\n<\/div>\n\n\n\n<p><\/p>\n<\/div>\n<\/section>\n\n<section class=\"wp-block-mkl-section-block\">\n<div class=\"wp-block-mkl-section-block container ptb-z\">\n<div class=\"wp-block-columns pb-xs is-layout-flex wp-container-core-columns-is-layout-9d6595d7 wp-block-columns-is-layout-flex\">\n<div class=\"wp-block-column is-layout-flow wp-block-column-is-layout-flow\">\n<div class=\"wp-block-group has-green-background-color has-background start s-3\"><div class=\"wp-block-group__inner-container is-layout-flow wp-block-group-is-layout-flow\">\n<h3 class=\"has-white-color has-text-color wp-block-heading\"><strong>Ausf\u00fchrung oder Abhilfe<\/strong><\/h3>\n<\/div><\/div>\n<\/div>\n\n\n\n<div class=\"wp-block-column is-layout-flow wp-block-column-is-layout-flow\">\n<p class=\"pa-xxs\">Ihre Strategie k\u00f6nnte die Korrektur von Problemen oder die Einf\u00fchrung einer neuen Initiative zur St\u00e4rkung der Compliance und Qualit\u00e4t beinhalten. Unabh\u00e4ngig vom gew\u00e4hlten Aktionsplan wird\u00a0Validant\u00a0das\u00a0<strong>f\u00fcr den Auftrag angemessene Team\u00a0sorgf\u00e4ltig zusammenstellen und dort einsetzen, wo es ben\u00f6tig wird<\/strong>, ob vor Ort oder remote.<\/p>\n<\/div>\n<\/div>\n\n\n\n<p><\/p>\n<\/div>\n<\/section>\n\n<section class=\"wp-block-mkl-section-block\">\n<div class=\"wp-block-mkl-section-block container pt-z\">\n<div class=\"wp-block-columns pb-xs is-layout-flex wp-container-core-columns-is-layout-9d6595d7 wp-block-columns-is-layout-flex\">\n<div class=\"wp-block-column is-layout-flow wp-block-column-is-layout-flow\">\n<div class=\"wp-block-group has-blue-background-color has-background start s-4\"><div class=\"wp-block-group__inner-container is-layout-flow wp-block-group-is-layout-flow\">\n<h3 class=\"has-white-color has-text-color wp-block-heading\"><strong>Kontinuierliche \u00dcberwachung und Unterst\u00fctzung<\/strong><\/h3>\n<\/div><\/div>\n<\/div>\n\n\n\n<div class=\"wp-block-column is-layout-flow wp-block-column-is-layout-flow\">\n<p class=\"pa-xxs\">Um Sie dabei zu unterst\u00fctzen, die\u00a0Integrit\u00e4t der umgesetzten\u00a0Verfahren im Laufe der Zeit aufrechtzuerhalten, kann\u00a0Validant\u00a0zudem <strong>fortlaufende Schulungen, Wartungsdienste, \u00dcberwachung und Pr\u00fcfungen\u00a0bereitstellen<\/strong>.<\/p>\n<\/div>\n<\/div>\n\n\n\n<p><\/p>\n<\/div>\n<\/section>\n\n<section class=\"wp-block-mkl-section-block has-grey-background-color\"><div class=\"section-bg bg__stretched\" style=\"background-image:url(https:\/\/www.validant.com\/wp-content\/uploads\/2020\/07\/bg-cta-wide.svg);opacity:1\"><\/div>\n<div class=\"wp-block-mkl-section-block container\">\n<h2 class=\"has-text-align-center wp-block-heading\">Wir sind bereit, <strong><span class=\"has-inline-color has-olive-color\">Ihnen zu helfen.<\/span><\/strong><\/h2>\n\n\n\n<p class=\"has-text-align-center maxc700\">Dank unserem flexiblem Modell k\u00f6nnen Sie <strong>in k\u00fcrzester Zeit dringende Compliance-Verst\u00f6\u00dfe angehen und w\u00e4hlen, auf welche Weise Sie sich von unseren kompetenten Fachleuten bei der proaktiven Qualit\u00e4tsverbesserung unterst\u00fctzen lassen<\/strong> und Ihre Kosten dabei im Zaum halten. Begn\u00fcgen Sie sich nicht mit einer allgemeinen L\u00f6sung f\u00fcr spezifische, komplexe Herausforderungen: Entscheiden Sie sich stattdessen f\u00fcr Validant.<\/p>\n\n\n\n<p class=\"has-text-align-center btn\"><a href=\"http:\/\/www.validant.com\/de\/beratung-anfragen\/\">Beratungstermin planen, um zu beginnen<\/a><\/p>\n<\/div>\n<\/section>\n","protected":false},"excerpt":{"rendered":"","protected":false},"author":3,"featured_media":0,"parent":0,"menu_order":0,"comment_status":"closed","ping_status":"closed","template":"","meta":{"_acf_changed":false,"footnotes":""},"class_list":["post-1677","page","type-page","status-publish","hentry"],"acf":[],"yoast_head":"<!-- This site is optimized with the Yoast SEO plugin v27.3 - https:\/\/yoast.com\/product\/yoast-seo-wordpress\/ -->\n<title>Zusammenarbeit mit Validant | Unser Auftragsprozess<\/title>\n<meta name=\"description\" content=\"Obgleich wir einen vereinheitlichten Prozess entwickelt haben, um die Geschwindigkeit und den Erfolg der Umsetzung zu maximieren, wenden wir an Ihre einzigartige Situation flexibel angepasste Methoden an.\" \/>\n<meta name=\"robots\" content=\"index, follow, max-snippet:-1, max-image-preview:large, max-video-preview:-1\" \/>\n<link rel=\"canonical\" href=\"https:\/\/www.validant.com\/de\/zusammenarbeit\/\" \/>\n<meta property=\"og:locale\" content=\"de_DE\" \/>\n<meta property=\"og:type\" content=\"article\" \/>\n<meta property=\"og:title\" content=\"Zusammenarbeit mit Validant | Unser Auftragsprozess\" \/>\n<meta property=\"og:description\" content=\"Obgleich wir einen vereinheitlichten Prozess entwickelt haben, um die Geschwindigkeit und den Erfolg der Umsetzung zu maximieren, wenden wir an Ihre einzigartige Situation flexibel angepasste Methoden an.\" \/>\n<meta property=\"og:url\" content=\"https:\/\/www.validant.com\/de\/zusammenarbeit\/\" \/>\n<meta property=\"og:site_name\" content=\"Validant\" \/>\n<meta property=\"article:modified_time\" content=\"2021-04-14T19:15:45+00:00\" \/>\n<meta name=\"twitter:card\" content=\"summary_large_image\" \/>\n<meta name=\"twitter:label1\" content=\"Gesch\u00e4tzte Lesezeit\" \/>\n\t<meta name=\"twitter:data1\" content=\"2 Minuten\" \/>\n<script type=\"application\/ld+json\" class=\"yoast-schema-graph\">{\"@context\":\"https:\\\/\\\/schema.org\",\"@graph\":[{\"@type\":\"WebPage\",\"@id\":\"https:\\\/\\\/www.validant.com\\\/de\\\/zusammenarbeit\\\/\",\"url\":\"https:\\\/\\\/www.validant.com\\\/de\\\/zusammenarbeit\\\/\",\"name\":\"Zusammenarbeit mit Validant | Unser Auftragsprozess\",\"isPartOf\":{\"@id\":\"https:\\\/\\\/www.validant.com\\\/de\\\/#website\"},\"datePublished\":\"2021-03-12T17:42:50+00:00\",\"dateModified\":\"2021-04-14T19:15:45+00:00\",\"description\":\"Obgleich wir einen vereinheitlichten Prozess entwickelt haben, um die Geschwindigkeit und den Erfolg der Umsetzung zu maximieren, wenden wir an Ihre einzigartige Situation flexibel angepasste Methoden an.\",\"breadcrumb\":{\"@id\":\"https:\\\/\\\/www.validant.com\\\/de\\\/zusammenarbeit\\\/#breadcrumb\"},\"inLanguage\":\"de-DE\",\"potentialAction\":[{\"@type\":\"ReadAction\",\"target\":[\"https:\\\/\\\/www.validant.com\\\/de\\\/zusammenarbeit\\\/\"]}]},{\"@type\":\"BreadcrumbList\",\"@id\":\"https:\\\/\\\/www.validant.com\\\/de\\\/zusammenarbeit\\\/#breadcrumb\",\"itemListElement\":[{\"@type\":\"ListItem\",\"position\":1,\"name\":\"Home\",\"item\":\"https:\\\/\\\/www.validant.com\\\/de\\\/\"},{\"@type\":\"ListItem\",\"position\":2,\"name\":\"Zusammenarbeit\"}]},{\"@type\":\"WebSite\",\"@id\":\"https:\\\/\\\/www.validant.com\\\/de\\\/#website\",\"url\":\"https:\\\/\\\/www.validant.com\\\/de\\\/\",\"name\":\"Validant\",\"description\":\"Your Full-Service Global Regulatory, Compliance &amp; Quality Consultancy\",\"potentialAction\":[{\"@type\":\"SearchAction\",\"target\":{\"@type\":\"EntryPoint\",\"urlTemplate\":\"https:\\\/\\\/www.validant.com\\\/de\\\/?s={search_term_string}\"},\"query-input\":{\"@type\":\"PropertyValueSpecification\",\"valueRequired\":true,\"valueName\":\"search_term_string\"}}],\"inLanguage\":\"de-DE\"}]}<\/script>\n<!-- \/ Yoast SEO plugin. -->","yoast_head_json":{"title":"Zusammenarbeit mit Validant | Unser Auftragsprozess","description":"Obgleich wir einen vereinheitlichten Prozess entwickelt haben, um die Geschwindigkeit und den Erfolg der Umsetzung zu maximieren, wenden wir an Ihre einzigartige Situation flexibel angepasste Methoden an.","robots":{"index":"index","follow":"follow","max-snippet":"max-snippet:-1","max-image-preview":"max-image-preview:large","max-video-preview":"max-video-preview:-1"},"canonical":"https:\/\/www.validant.com\/de\/zusammenarbeit\/","og_locale":"de_DE","og_type":"article","og_title":"Zusammenarbeit mit Validant | Unser Auftragsprozess","og_description":"Obgleich wir einen vereinheitlichten Prozess entwickelt haben, um die Geschwindigkeit und den Erfolg der Umsetzung zu maximieren, wenden wir an Ihre einzigartige Situation flexibel angepasste Methoden an.","og_url":"https:\/\/www.validant.com\/de\/zusammenarbeit\/","og_site_name":"Validant","article_modified_time":"2021-04-14T19:15:45+00:00","twitter_card":"summary_large_image","twitter_misc":{"Gesch\u00e4tzte Lesezeit":"2 Minuten"},"schema":{"@context":"https:\/\/schema.org","@graph":[{"@type":"WebPage","@id":"https:\/\/www.validant.com\/de\/zusammenarbeit\/","url":"https:\/\/www.validant.com\/de\/zusammenarbeit\/","name":"Zusammenarbeit mit Validant | Unser Auftragsprozess","isPartOf":{"@id":"https:\/\/www.validant.com\/de\/#website"},"datePublished":"2021-03-12T17:42:50+00:00","dateModified":"2021-04-14T19:15:45+00:00","description":"Obgleich wir einen vereinheitlichten Prozess entwickelt haben, um die Geschwindigkeit und den Erfolg der Umsetzung zu maximieren, wenden wir an Ihre einzigartige Situation flexibel angepasste Methoden an.","breadcrumb":{"@id":"https:\/\/www.validant.com\/de\/zusammenarbeit\/#breadcrumb"},"inLanguage":"de-DE","potentialAction":[{"@type":"ReadAction","target":["https:\/\/www.validant.com\/de\/zusammenarbeit\/"]}]},{"@type":"BreadcrumbList","@id":"https:\/\/www.validant.com\/de\/zusammenarbeit\/#breadcrumb","itemListElement":[{"@type":"ListItem","position":1,"name":"Home","item":"https:\/\/www.validant.com\/de\/"},{"@type":"ListItem","position":2,"name":"Zusammenarbeit"}]},{"@type":"WebSite","@id":"https:\/\/www.validant.com\/de\/#website","url":"https:\/\/www.validant.com\/de\/","name":"Validant","description":"Your Full-Service Global Regulatory, Compliance &amp; Quality Consultancy","potentialAction":[{"@type":"SearchAction","target":{"@type":"EntryPoint","urlTemplate":"https:\/\/www.validant.com\/de\/?s={search_term_string}"},"query-input":{"@type":"PropertyValueSpecification","valueRequired":true,"valueName":"search_term_string"}}],"inLanguage":"de-DE"}]}},"_links":{"self":[{"href":"https:\/\/www.validant.com\/de\/wp-json\/wp\/v2\/pages\/1677","targetHints":{"allow":["GET"]}}],"collection":[{"href":"https:\/\/www.validant.com\/de\/wp-json\/wp\/v2\/pages"}],"about":[{"href":"https:\/\/www.validant.com\/de\/wp-json\/wp\/v2\/types\/page"}],"author":[{"embeddable":true,"href":"https:\/\/www.validant.com\/de\/wp-json\/wp\/v2\/users\/3"}],"replies":[{"embeddable":true,"href":"https:\/\/www.validant.com\/de\/wp-json\/wp\/v2\/comments?post=1677"}],"version-history":[{"count":0,"href":"https:\/\/www.validant.com\/de\/wp-json\/wp\/v2\/pages\/1677\/revisions"}],"wp:attachment":[{"href":"https:\/\/www.validant.com\/de\/wp-json\/wp\/v2\/media?parent=1677"}],"curies":[{"name":"wp","href":"https:\/\/api.w.org\/{rel}","templated":true}]}}