{"id":1676,"date":"2021-03-12T17:42:45","date_gmt":"2021-03-12T17:42:45","guid":{"rendered":"http:\/\/www.validant.com\/strategisches-consulting\/"},"modified":"2021-04-14T19:15:44","modified_gmt":"2021-04-14T19:15:44","slug":"strategisches-consulting","status":"publish","type":"page","link":"https:\/\/www.validant.com\/de\/strategisches-consulting\/","title":{"rendered":"Strategische Beratung"},"content":{"rendered":"\n<section class=\"wp-block-mkl-section-block\"><div class=\"section-bg bg__stretched\" style=\"background-image:url(https:\/\/www.validant.com\/wp-content\/uploads\/2020\/07\/strategic-consulting.jpg);opacity:1\"><\/div>\n<div class=\"wp-block-mkl-section-block container pt-xl\">\n<p><\/p>\n<\/div>\n<\/section>\n\n<section class=\"wp-block-mkl-section-block transparent\">\n<div class=\"wp-block-mkl-section-block has-white-background-color container panel pb-s ot-l bb\">\n<div class=\"wp-block-columns is-layout-flex wp-container-core-columns-is-layout-9d6595d7 wp-block-columns-is-layout-flex\">\n<div class=\"wp-block-column pr-s is-layout-flow wp-block-column-is-layout-flow\" style=\"flex-basis:65%\">\n<p class=\"has-text-align-left large has-olive-color has-text-color\"><strong>Strategische Beratung<\/strong><\/p>\n\n\n\n<h1 class=\"wp-block-heading\"><strong><span class=\"has-inline-color has-green-color\">Strategische Beratung<\/span><\/strong> f\u00fcr Life-Sciences-Unternehmen<\/h1>\n\n\n\n<p class=\"large pt-xxs\"><strong>Eine Full-Service-Probleml\u00f6sung beginnt mit der richtigen Strategie.<\/strong> Die Partner von Validant sind Fachexperten, was die zahlreichen Facetten regulatorischer und qualit\u00e4tsspezifischer Anforderungen f\u00fcr die Entwicklung und weltweite Vermarktung von Arzneimitteln, medizinischen Ger\u00e4ten und Diagnostikprodukten angeht.<\/p>\n\n\n\n<p>Wir st\u00fctzen uns auf unsere durch Tausende von Auftr\u00e4gen gewonnene, fundierte Erfahrung, um unsere erprobten Methoden an die Nuancen der Produkte, Teams, geografischen Regionen und spezifischen Initiativen unserer Kunden anzupassen.<\/p>\n<\/div>\n\n\n\n<div class=\"wp-block-column is-layout-flow wp-block-column-is-layout-flow\" style=\"flex-basis:35%\">\n<div class=\"wp-block-mkl-section-block panel-small bg-greengrad\">\n<ul class=\"strategy-list wp-block-list\"><li>Regulierungsstrategie<\/li><li>Prozessentwicklungsstrategie<\/li><li>Strategie f\u00fcr Qualit\u00e4tsmanagementsysteme (QMS)<\/li><li>Wiederherstellung der Datenintegrit\u00e4t<\/li><li>Strategie f\u00fcr den Einsatz von internen Mitarbeitern oder Vertragsfachkr\u00e4ften<\/li><li>M&amp;A-Strategie<\/li><li>Designpr\u00fcfung<\/li><\/ul>\n\n\n<p><\/p>\n<\/div>\n<\/div>\n<\/div>\n<\/div>\n<\/section>\n\n<section class=\"wp-block-mkl-section-block\">\n<div class=\"wp-block-mkl-section-block container\">\n<div class=\"wp-block-columns is-layout-flex wp-container-core-columns-is-layout-9d6595d7 wp-block-columns-is-layout-flex\">\n<div class=\"wp-block-column page-content is-layout-flow wp-block-column-is-layout-flow\" style=\"flex-basis:65%\">\n<h2 class=\"wp-block-heading\"><strong><span class=\"has-inline-color has-olive-color\">Umsetzbare Strategien<\/span><\/strong> <br\/>f\u00fcr den gesamten Produktlebenszyklus<\/h2>\n\n\n\n<p class=\"large\">Unsere Strategien setzen an dem von Ihnen erreichten Punkt an und verhelfen Ihnen auf die n\u00e4chste Ebene.<\/p>\n\n\n    <div id=\"icon-list-block_5eea751c894a8\" class=\"accordian mt-xs \">\n        \t\t\t<div class=\"a-wrap\">\n\t\t\t\t<h3>Vorklinische Strategien<\/h3>\n\t\t\t\t<div><p>Die Auswahl des geeigneten Wegs zur Markteinf\u00fchrung ist der erste wichtige Schritt, um die Wahrscheinlichkeit und der Zeitpunkt der Zulassung Ihres Produkts zu optimieren. Wir unterst\u00fctzen Sie dabei, Ihre regulatorischen Optionen abzuw\u00e4gen und erste Studiendesigns einzurichten.<\/p>\n<p>Weitere Informationen zu unseren vorklinischen Beratungsleistungen erhalten Sie <a href=\"https:\/\/www.validant.com\/de\/vorklinisch\/\">hier<\/a>.<\/p>\n<\/div>\t\t\t\n\t\t\t<\/div>\n        \t\t\t<div class=\"a-wrap\">\n\t\t\t\t<h3>Klinische Strategien<\/h3>\n\t\t\t\t<div><p>Die angemessene klinische Strategie spielt f\u00fcr die beschleunigte Markteinf\u00fchrung Ihres vielversprechenden Produkts eine wichtige Rolle. Unser Team besteht aus ehemaligen Beh\u00f6rdenvertretern, die ihr fundiertes Insiderwissen \u00fcber die nuancierten Prozesse der Regulierungsbeh\u00f6rden und die globalen Anforderungen einsetzen, um Sie bei einer zeitnahen, erfolgreichen Zulassung zu unterst\u00fctzen.<\/p>\n<p>Weitere Informationen zu unseren klinischen Beratungsleistungen erhalten Sie <a href=\"https:\/\/www.validant.com\/de\/klinisch\/\">hier<\/a>.<\/p>\n<\/div>\t\t\t\n\t\t\t<\/div>\n        \t\t\t<div class=\"a-wrap\">\n\t\t\t\t<h3>Herstellungsstrategien<\/h3>\n\t\t\t\t<div><p>F\u00fcr den \u00dcbergang vom Labor zur Herstellung ist eine Best\u00e4tigung erforderlich, dass Ihre Methoden in einer GMP-Umgebung reproduzierbar sind, und dass Sie dokumentierte Nachweise f\u00fcr das Vorhandensein aller erforderlichen Kontrollen zur Qualit\u00e4tssicherung vorlegen k\u00f6nnen. Die auf GMP spezialisierten Fachexperten helfen Ihnen dabei, eine angemessene Strategien zur Erf\u00fcllung Ihrer Konformit\u00e4tsanforderungen zu entwickeln. Ferner bieten wir unverz\u00fcgliche Anleitung und Betreuung, um ggf. den Durchsetzungsma\u00dfnahmen von Gesundheitsbeh\u00f6rden durch Korrekturma\u00dfnahmen entgegenzuwirken.<\/p>\n<p>Weitere Informationen zu unseren GMP-Beratungsleistungen erhalten Sie <a href=\"https:\/\/www.validant.com\/de\/herstellung\/\">hier<\/a>.<\/p>\n<\/div>\t\t\t\n\t\t\t<\/div>\n        \t\t\t<div class=\"a-wrap\">\n\t\t\t\t<h3>Vertriebsstrategien<\/h3>\n\t\t\t\t<div><p>Validant hilft Ihnen, die regulatorischen Anforderungen in Bezug auf die \u00dcberwachung nach der Markteinf\u00fchrung fachkundig zu erf\u00fcllen und Strategien zu entwickeln, die sicherstellen, dass ein robustes Qualit\u00e4tsmanagementsystem vorhanden ist, das Ihre Lieferkette durchg\u00e4ngig abdeckt und das Vertrauen in die Qualit\u00e4t Ihrer Marke auf dem Markt st\u00e4rkt.<\/p>\n<p>Weitere Informationen zu unseren GDP-Beratungsleistungen erhalten Sie <a href=\"https:\/\/www.validant.com\/de\/vertrieb\/\">hier<\/a>.<\/p>\n<\/div>\t\t\t\n\t\t\t<\/div>\n            <\/div>\n\n\n\n<div class=\"wp-block-group relative pt-s mt-s\"><div class=\"wp-block-group__inner-container is-layout-flow wp-block-group-is-layout-flow\">\n<figure class=\"wp-block-image size-large pin-left\"><img loading=\"lazy\" decoding=\"async\" width=\"479\" height=\"482\" src=\"https:\/\/www.validant.com\/wp-content\/uploads\/2020\/06\/img-maximize-quality-479x482.jpg\" alt=\"Maximierung der Qualit&#xE4;t\" class=\"wp-image-189\"\/><\/figure>\n\n\n<div class=\"wp-block-mkl-section-block has-white-background-color panel square ml-l z1 w80\">\n<h2 class=\"wp-block-heading\"><strong><span class=\"has-inline-color has-green-color\">Praktische Strategien<\/span><\/strong> zur Maximierung der Qualit\u00e4t<\/h2>\n\n\n\n<p>Unser Team setzt sich aus fr\u00fcheren Akteuren der Branche sowie ehemaligen Vertretern von Regulierungsbeh\u00f6rden weltweit zusammen. Durch Kombinieren ihrer Perspektiven stellen wir sicher, dass Ihre entwickelten Strategien nicht nur pragmatisch sind, sondern auch den genauen Pr\u00fcfungen seitens s\u00e4mtlicher Gesundheitsbeh\u00f6rden standhalten.<\/p>\n<\/div>\n<\/div><\/div>\n<\/div>\n\n\n\n<div class=\"wp-block-column page-sidebar pl-xs is-layout-flow wp-block-column-is-layout-flow\" style=\"flex-basis:35%\">\t\n\n\n\n<div class=\"wp-block-mkl-section-block panel-small bg-greengrad mtb-xs\">\n<figure class=\"wp-block-image size-full is-resized banner\"><img loading=\"lazy\" decoding=\"async\" src=\"http:\/\/www.validant.com\/wp-content\/uploads\/2020\/06\/meet-your-team.jpg\" alt=\"Lernen Sie Ihr Team kennen\" class=\"wp-image-1213\" width=\"350\" height=\"170\" srcset=\"https:\/\/www.validant.com\/wp-content\/uploads\/2020\/06\/meet-your-team.jpg 350w, https:\/\/www.validant.com\/wp-content\/uploads\/2020\/06\/meet-your-team-300x146.jpg 300w\" sizes=\"auto, (max-width: 350px) 100vw, 350px\" \/><\/figure>\n\n\n<h4 class=\"wp-block-heading\"><strong><span class=\"has-inline-color has-olive-color\">Lernen Sie Ihr Team kennen<\/span><\/strong><\/h4>\n\n\n\n<p class=\"has-white-color has-text-color\">Lernen Sie das F\u00fchrungsteam von Validant kennen, mit dem Sie zusammenarbeiten werden.<\/p>\n\n\n\n<p><\/p>\n\n\n\n<p class=\"btn white\"><a href=\"http:\/\/www.validant.com\/de\/unsere-partner\/\">Unser F\u00fchrungsteam<\/a><\/p>\n<\/div>\n\n\n\n<div class=\"wp-block-mkl-section-block has-grey-background-color panel-small mb-xs\">\n<figure class=\"wp-block-image size-large banner\"><img loading=\"lazy\" decoding=\"async\" width=\"350\" height=\"177\" src=\"http:\/\/www.validant.com\/wp-content\/uploads\/2020\/06\/brochure-validant-at-a-glance.jpg\" alt=\"Validant-Brosch&#xFC;re im &#xDC;berblick\" class=\"wp-image-1215\" srcset=\"https:\/\/www.validant.com\/wp-content\/uploads\/2020\/06\/brochure-validant-at-a-glance.jpg 350w, https:\/\/www.validant.com\/wp-content\/uploads\/2020\/06\/brochure-validant-at-a-glance-300x152.jpg 300w\" sizes=\"auto, (max-width: 350px) 100vw, 350px\" \/><\/figure>\n\n\n<p class=\"mb-z\"><strong><span class=\"has-inline-color has-olive-color\">Brosch\u00fcre<\/span><\/strong><\/p>\n\n\n\n<h3 class=\"wp-block-heading\">Validant im \u00dcberblick<\/h3>\n\n\n\n<p class=\"more\"><a href=\"\/wp-content\/uploads\/2020\/10\/Validant-CorporateBrochure-100720.pdf\" target=\"_blank\" rel=\"noreferrer noopener\">Jetzt herunterladen<\/a><\/p>\n<\/div>\n<\/div>\n<\/div>\n<\/div>\n<\/section>\n\n<section class=\"wp-block-mkl-section-block cta-panel mb-m\">\n<div class=\"wp-block-mkl-section-block container panel bg-greengrad\">\n<div class=\"wp-block-mkl-section-block has-green-background-color bg-greengrad panel\">\n<p><\/p>\n<\/div>\n\n\n\n<div class=\"wp-block-columns relative is-layout-flex wp-container-core-columns-is-layout-9d6595d7 wp-block-columns-is-layout-flex\">\n<div class=\"wp-block-column is-layout-flow wp-block-column-is-layout-flow\" style=\"flex-basis:45%\">\n<h2 class=\"has-white-color has-text-color wp-block-heading\">Wie k\u00f6nnen <strong><span class=\"has-inline-color has-lightblue-color\">wir Ihnen behilflich sein?<\/span><\/strong><\/h2>\n<\/div>\n\n\n\n<div class=\"wp-block-column pl-xs is-layout-flow wp-block-column-is-layout-flow\" style=\"flex-basis:66.66%\">\n<p class=\"large has-white-color has-text-color\">Erz\u00e4hlen Sie uns, was Sie erreichen m\u00f6chten.<br\/><strong>Wir erarbeiten basierend auf unserer Erfahrung eine L\u00f6sung f\u00fcr Ihr spezifisches Problem.<\/strong><\/p>\n\n\n\n<p class=\"btn white\"><a href=\"http:\/\/www.validant.com\/de\/beratung-anfragen\/\">Hier beginnen<\/a><\/p>\n<\/div>\n<\/div>\n<\/div>\n<\/section>\n","protected":false},"excerpt":{"rendered":"","protected":false},"author":2,"featured_media":0,"parent":0,"menu_order":0,"comment_status":"closed","ping_status":"closed","template":"","meta":{"_acf_changed":false,"footnotes":""},"class_list":["post-1676","page","type-page","status-publish","hentry"],"acf":[],"yoast_head":"<!-- This site is optimized with the Yoast SEO plugin v27.1.1 - https:\/\/yoast.com\/product\/yoast-seo-wordpress\/ -->\n<title>Strategische Beratung f\u00fcr Life-Sciences-Unternehmen | Vorklinisch, klinisch, GMP<\/title>\n<meta name=\"description\" content=\"Wir kennen die zahlreichen Facetten regulatorischer und qualit\u00e4tsspezifischer Anforderungen f\u00fcr die Entwicklung und weltweite Vermarktung von Arzneimitteln, medizinischen Ger\u00e4ten und Diagnostikprodukten.\" \/>\n<meta name=\"robots\" content=\"index, follow, max-snippet:-1, max-image-preview:large, max-video-preview:-1\" \/>\n<link rel=\"canonical\" href=\"https:\/\/www.validant.com\/de\/strategisches-consulting\/\" \/>\n<meta property=\"og:locale\" content=\"de_DE\" \/>\n<meta property=\"og:type\" content=\"article\" \/>\n<meta property=\"og:title\" content=\"Strategische Beratung f\u00fcr Life-Sciences-Unternehmen | Vorklinisch, klinisch, GMP\" \/>\n<meta property=\"og:description\" content=\"Wir kennen die zahlreichen Facetten regulatorischer und qualit\u00e4tsspezifischer Anforderungen f\u00fcr die Entwicklung und weltweite Vermarktung von Arzneimitteln, medizinischen Ger\u00e4ten und Diagnostikprodukten.\" \/>\n<meta property=\"og:url\" content=\"https:\/\/www.validant.com\/de\/strategisches-consulting\/\" \/>\n<meta property=\"og:site_name\" content=\"Validant\" \/>\n<meta property=\"article:modified_time\" content=\"2021-04-14T19:15:44+00:00\" \/>\n<meta property=\"og:image\" content=\"https:\/\/www.validant.com\/wp-content\/uploads\/2020\/06\/img-maximize-quality-479x482.jpg\" \/>\n<meta name=\"twitter:card\" content=\"summary_large_image\" \/>\n<meta name=\"twitter:label1\" content=\"Gesch\u00e4tzte Lesezeit\" \/>\n\t<meta name=\"twitter:data1\" content=\"1 Minute\" \/>\n<script type=\"application\/ld+json\" class=\"yoast-schema-graph\">{\"@context\":\"https:\/\/schema.org\",\"@graph\":[{\"@type\":\"WebPage\",\"@id\":\"https:\/\/www.validant.com\/de\/strategisches-consulting\/\",\"url\":\"https:\/\/www.validant.com\/de\/strategisches-consulting\/\",\"name\":\"Strategische Beratung f\u00fcr Life-Sciences-Unternehmen | Vorklinisch, klinisch, GMP\",\"isPartOf\":{\"@id\":\"https:\/\/www.validant.com\/de\/#website\"},\"primaryImageOfPage\":{\"@id\":\"https:\/\/www.validant.com\/de\/strategisches-consulting\/#primaryimage\"},\"image\":{\"@id\":\"https:\/\/www.validant.com\/de\/strategisches-consulting\/#primaryimage\"},\"thumbnailUrl\":\"https:\/\/www.validant.com\/wp-content\/uploads\/2020\/06\/img-maximize-quality-479x482.jpg\",\"datePublished\":\"2021-03-12T17:42:45+00:00\",\"dateModified\":\"2021-04-14T19:15:44+00:00\",\"description\":\"Wir kennen die zahlreichen Facetten regulatorischer und qualit\u00e4tsspezifischer Anforderungen f\u00fcr die Entwicklung und weltweite Vermarktung von Arzneimitteln, medizinischen Ger\u00e4ten und Diagnostikprodukten.\",\"breadcrumb\":{\"@id\":\"https:\/\/www.validant.com\/de\/strategisches-consulting\/#breadcrumb\"},\"inLanguage\":\"de-DE\",\"potentialAction\":[{\"@type\":\"ReadAction\",\"target\":[\"https:\/\/www.validant.com\/de\/strategisches-consulting\/\"]}]},{\"@type\":\"ImageObject\",\"inLanguage\":\"de-DE\",\"@id\":\"https:\/\/www.validant.com\/de\/strategisches-consulting\/#primaryimage\",\"url\":\"https:\/\/www.validant.com\/wp-content\/uploads\/2020\/06\/img-maximize-quality-479x482.jpg\",\"contentUrl\":\"https:\/\/www.validant.com\/wp-content\/uploads\/2020\/06\/img-maximize-quality-479x482.jpg\"},{\"@type\":\"BreadcrumbList\",\"@id\":\"https:\/\/www.validant.com\/de\/strategisches-consulting\/#breadcrumb\",\"itemListElement\":[{\"@type\":\"ListItem\",\"position\":1,\"name\":\"Home\",\"item\":\"https:\/\/www.validant.com\/de\/\"},{\"@type\":\"ListItem\",\"position\":2,\"name\":\"Strategische Beratung\"}]},{\"@type\":\"WebSite\",\"@id\":\"https:\/\/www.validant.com\/de\/#website\",\"url\":\"https:\/\/www.validant.com\/de\/\",\"name\":\"Validant\",\"description\":\"Your Full-Service Global Regulatory, Compliance &amp; Quality Consultancy\",\"potentialAction\":[{\"@type\":\"SearchAction\",\"target\":{\"@type\":\"EntryPoint\",\"urlTemplate\":\"https:\/\/www.validant.com\/de\/?s={search_term_string}\"},\"query-input\":{\"@type\":\"PropertyValueSpecification\",\"valueRequired\":true,\"valueName\":\"search_term_string\"}}],\"inLanguage\":\"de-DE\"}]}<\/script>\n<!-- \/ Yoast SEO plugin. -->","yoast_head_json":{"title":"Strategische Beratung f\u00fcr Life-Sciences-Unternehmen | Vorklinisch, klinisch, GMP","description":"Wir kennen die zahlreichen Facetten regulatorischer und qualit\u00e4tsspezifischer Anforderungen f\u00fcr die Entwicklung und weltweite Vermarktung von Arzneimitteln, medizinischen Ger\u00e4ten und Diagnostikprodukten.","robots":{"index":"index","follow":"follow","max-snippet":"max-snippet:-1","max-image-preview":"max-image-preview:large","max-video-preview":"max-video-preview:-1"},"canonical":"https:\/\/www.validant.com\/de\/strategisches-consulting\/","og_locale":"de_DE","og_type":"article","og_title":"Strategische Beratung f\u00fcr Life-Sciences-Unternehmen | Vorklinisch, klinisch, GMP","og_description":"Wir kennen die zahlreichen Facetten regulatorischer und qualit\u00e4tsspezifischer Anforderungen f\u00fcr die Entwicklung und weltweite Vermarktung von Arzneimitteln, medizinischen Ger\u00e4ten und Diagnostikprodukten.","og_url":"https:\/\/www.validant.com\/de\/strategisches-consulting\/","og_site_name":"Validant","article_modified_time":"2021-04-14T19:15:44+00:00","og_image":[{"url":"https:\/\/www.validant.com\/wp-content\/uploads\/2020\/06\/img-maximize-quality-479x482.jpg","type":"","width":"","height":""}],"twitter_card":"summary_large_image","twitter_misc":{"Gesch\u00e4tzte Lesezeit":"1 Minute"},"schema":{"@context":"https:\/\/schema.org","@graph":[{"@type":"WebPage","@id":"https:\/\/www.validant.com\/de\/strategisches-consulting\/","url":"https:\/\/www.validant.com\/de\/strategisches-consulting\/","name":"Strategische Beratung f\u00fcr Life-Sciences-Unternehmen | Vorklinisch, klinisch, GMP","isPartOf":{"@id":"https:\/\/www.validant.com\/de\/#website"},"primaryImageOfPage":{"@id":"https:\/\/www.validant.com\/de\/strategisches-consulting\/#primaryimage"},"image":{"@id":"https:\/\/www.validant.com\/de\/strategisches-consulting\/#primaryimage"},"thumbnailUrl":"https:\/\/www.validant.com\/wp-content\/uploads\/2020\/06\/img-maximize-quality-479x482.jpg","datePublished":"2021-03-12T17:42:45+00:00","dateModified":"2021-04-14T19:15:44+00:00","description":"Wir kennen die zahlreichen Facetten regulatorischer und qualit\u00e4tsspezifischer Anforderungen f\u00fcr die Entwicklung und weltweite Vermarktung von Arzneimitteln, medizinischen Ger\u00e4ten und Diagnostikprodukten.","breadcrumb":{"@id":"https:\/\/www.validant.com\/de\/strategisches-consulting\/#breadcrumb"},"inLanguage":"de-DE","potentialAction":[{"@type":"ReadAction","target":["https:\/\/www.validant.com\/de\/strategisches-consulting\/"]}]},{"@type":"ImageObject","inLanguage":"de-DE","@id":"https:\/\/www.validant.com\/de\/strategisches-consulting\/#primaryimage","url":"https:\/\/www.validant.com\/wp-content\/uploads\/2020\/06\/img-maximize-quality-479x482.jpg","contentUrl":"https:\/\/www.validant.com\/wp-content\/uploads\/2020\/06\/img-maximize-quality-479x482.jpg"},{"@type":"BreadcrumbList","@id":"https:\/\/www.validant.com\/de\/strategisches-consulting\/#breadcrumb","itemListElement":[{"@type":"ListItem","position":1,"name":"Home","item":"https:\/\/www.validant.com\/de\/"},{"@type":"ListItem","position":2,"name":"Strategische Beratung"}]},{"@type":"WebSite","@id":"https:\/\/www.validant.com\/de\/#website","url":"https:\/\/www.validant.com\/de\/","name":"Validant","description":"Your Full-Service Global Regulatory, Compliance &amp; Quality Consultancy","potentialAction":[{"@type":"SearchAction","target":{"@type":"EntryPoint","urlTemplate":"https:\/\/www.validant.com\/de\/?s={search_term_string}"},"query-input":{"@type":"PropertyValueSpecification","valueRequired":true,"valueName":"search_term_string"}}],"inLanguage":"de-DE"}]}},"_links":{"self":[{"href":"https:\/\/www.validant.com\/de\/wp-json\/wp\/v2\/pages\/1676","targetHints":{"allow":["GET"]}}],"collection":[{"href":"https:\/\/www.validant.com\/de\/wp-json\/wp\/v2\/pages"}],"about":[{"href":"https:\/\/www.validant.com\/de\/wp-json\/wp\/v2\/types\/page"}],"author":[{"embeddable":true,"href":"https:\/\/www.validant.com\/de\/wp-json\/wp\/v2\/users\/2"}],"replies":[{"embeddable":true,"href":"https:\/\/www.validant.com\/de\/wp-json\/wp\/v2\/comments?post=1676"}],"version-history":[{"count":0,"href":"https:\/\/www.validant.com\/de\/wp-json\/wp\/v2\/pages\/1676\/revisions"}],"wp:attachment":[{"href":"https:\/\/www.validant.com\/de\/wp-json\/wp\/v2\/media?parent=1676"}],"curies":[{"name":"wp","href":"https:\/\/api.w.org\/{rel}","templated":true}]}}